{"id":5572,"date":"2025-11-15T08:34:01","date_gmt":"2025-11-15T08:07:58","guid":{"rendered":"https:\/\/www.chancescook.com\/?post_type=product&#038;p=5572"},"modified":"2025-12-22T09:33:59","modified_gmt":"2025-12-22T09:33:59","slug":"custom-food-storage-containers-bulk","status":"publish","type":"product","link":"https:\/\/www.chancescook.com\/es\/producto\/custom-food-storage-containers-bulk\/","title":{"rendered":"Fiambreras con Tapa de Cristal Personalizadas al por Mayor"},"content":{"rendered":"<div class=\"wp-block-columns is-layout-flex wp-container-core-columns-is-layout-9d6595d7 wp-block-columns-is-layout-flex\">\n<div class=\"wp-block-column is-layout-flow wp-block-column-is-layout-flow\">\n<h3 class=\"wp-block-heading\">Par\u00e1metros de los recipientes de almacenamiento de alimentos personalizados:<\/h3>\n\n\n\n<ul class=\"wp-block-list\">\n<li><strong>Materiales:<\/strong> ss304\/ss201<\/li>\n\n\n\n<li><strong>Grosor: <\/strong>0,6 mm\uff1b<\/li>\n\n\n\n<li><strong>Tapa: <\/strong>tapa de cristal de silicona\uff1b<\/li>\n\n\n\n<li><strong>Artesan\u00eda exterior:<\/strong> electr\u00f3lisis interior y exterior<\/li>\n\n\n\n<li><strong>SKU:<\/strong> 700\/1200\/1900\/1000\/1800\/3000ml<br>700ML:15.9x12x4.6cm<br>1200ML:19.5\u00d714.8\u00d75.1cm<br>1900ML:23.6\u00d718.2\u00d75.5cm<br>1000ML:15.9x12x7cm<br>1800ML:19,5\u00d714,8x8cm<br>3000ML:23.61\u00d78.4x90cm<\/li>\n<\/ul>\n<\/div>\n\n\n\n<div class=\"wp-block-column is-layout-flow wp-block-column-is-layout-flow\">\n<h3 class=\"wp-block-heading\">Opciones de contenedores de alimentos personalizados\uff1a<\/h3>\n\n\n\n<p>Eleve su negocio de catering con nuestras ilimitadas opciones de personalizaci\u00f3n y nuestros innovadores dise\u00f1os.<\/p>\n\n\n\n<p><strong>Materiales: <\/strong>ss304\/ss201<br><strong>Paquete:<\/strong> Cart\u00f3n\/caja de color<br><strong>Tama\u00f1o: <\/strong>700ML\/1200ML\/1900ML\/1000ML\/1800ML\/3000ML<br><strong><a href=\"https:\/\/www.chancescook.com\/es\/custom-cookware\/\" target=\"_blank\" rel=\"noreferrer noopener\">Soluciones personalizadas OEM y ODM<\/a><\/strong><\/p>\n<\/div>\n<\/div>\n\n\n\n<figure class=\"wp-block-image size-full\"><img decoding=\"async\" width=\"1135\" height=\"382\" src=\"https:\/\/www.chancescook.com\/wp-content\/uploads\/2025\/11\/Custom-Food-Storage-Containers-Size.webp\" alt=\"Contenedores de alimentos personalizados Tama\u00f1o\" class=\"wp-image-5573\" srcset=\"https:\/\/www.chancescook.com\/wp-content\/uploads\/2025\/11\/Custom-Food-Storage-Containers-Size.webp 1135w, https:\/\/www.chancescook.com\/wp-content\/uploads\/2025\/11\/Custom-Food-Storage-Containers-Size-300x101.webp 300w, https:\/\/www.chancescook.com\/wp-content\/uploads\/2025\/11\/Custom-Food-Storage-Containers-Size-768x258.webp 768w, https:\/\/www.chancescook.com\/wp-content\/uploads\/2025\/11\/Custom-Food-Storage-Containers-Size-18x6.webp 18w, https:\/\/www.chancescook.com\/wp-content\/uploads\/2025\/11\/Custom-Food-Storage-Containers-Size-285x96.webp 285w, https:\/\/www.chancescook.com\/wp-content\/uploads\/2025\/11\/Custom-Food-Storage-Containers-Size-660x222.webp 660w, https:\/\/www.chancescook.com\/wp-content\/uploads\/2025\/11\/Custom-Food-Storage-Containers-Size-150x50.webp 150w\" sizes=\"(max-width: 1135px) 100vw, 1135px\" \/><\/figure>\n\n\n\n<div class=\"wp-block-columns is-layout-flex wp-container-core-columns-is-layout-9d6595d7 wp-block-columns-is-layout-flex\">\n<div class=\"wp-block-column is-layout-flow wp-block-column-is-layout-flow\">\n<figure class=\"wp-block-image size-full\"><img decoding=\"async\" width=\"2364\" height=\"1665\" src=\"https:\/\/www.chancescook.com\/wp-content\/uploads\/2025\/11\/Custom-Food-Storage-Containers-Wholesaler-chancescook-1.webp\" alt=\"\" class=\"wp-image-5574\" srcset=\"https:\/\/www.chancescook.com\/wp-content\/uploads\/2025\/11\/Custom-Food-Storage-Containers-Wholesaler-chancescook-1.webp 2364w, https:\/\/www.chancescook.com\/wp-content\/uploads\/2025\/11\/Custom-Food-Storage-Containers-Wholesaler-chancescook-1-300x211.webp 300w, https:\/\/www.chancescook.com\/wp-content\/uploads\/2025\/11\/Custom-Food-Storage-Containers-Wholesaler-chancescook-1-768x541.webp 768w, https:\/\/www.chancescook.com\/wp-content\/uploads\/2025\/11\/Custom-Food-Storage-Containers-Wholesaler-chancescook-1-18x12.webp 18w, https:\/\/www.chancescook.com\/wp-content\/uploads\/2025\/11\/Custom-Food-Storage-Containers-Wholesaler-chancescook-1-285x201.webp 285w, https:\/\/www.chancescook.com\/wp-content\/uploads\/2025\/11\/Custom-Food-Storage-Containers-Wholesaler-chancescook-1-1600x1127.webp 1600w, https:\/\/www.chancescook.com\/wp-content\/uploads\/2025\/11\/Custom-Food-Storage-Containers-Wholesaler-chancescook-1-660x465.webp 660w, https:\/\/www.chancescook.com\/wp-content\/uploads\/2025\/11\/Custom-Food-Storage-Containers-Wholesaler-chancescook-1-150x106.webp 150w\" sizes=\"(max-width: 2364px) 100vw, 2364px\" \/><\/figure>\n<\/div>\n\n\n\n<div class=\"wp-block-column is-layout-flow wp-block-column-is-layout-flow\">\n<figure class=\"wp-block-image size-full\"><img decoding=\"async\" width=\"2048\" height=\"1463\" src=\"https:\/\/www.chancescook.com\/wp-content\/uploads\/2025\/11\/Custom-Food-Storage-Containers-Wholesaler-chancescook-2.webp\" alt=\"Mayorista de recipientes de almacenamiento de alimentos a medida - chancescook (2)\" class=\"wp-image-5575\" srcset=\"https:\/\/www.chancescook.com\/wp-content\/uploads\/2025\/11\/Custom-Food-Storage-Containers-Wholesaler-chancescook-2.webp 2048w, https:\/\/www.chancescook.com\/wp-content\/uploads\/2025\/11\/Custom-Food-Storage-Containers-Wholesaler-chancescook-2-300x214.webp 300w, https:\/\/www.chancescook.com\/wp-content\/uploads\/2025\/11\/Custom-Food-Storage-Containers-Wholesaler-chancescook-2-768x549.webp 768w, https:\/\/www.chancescook.com\/wp-content\/uploads\/2025\/11\/Custom-Food-Storage-Containers-Wholesaler-chancescook-2-18x12.webp 18w, https:\/\/www.chancescook.com\/wp-content\/uploads\/2025\/11\/Custom-Food-Storage-Containers-Wholesaler-chancescook-2-285x204.webp 285w, https:\/\/www.chancescook.com\/wp-content\/uploads\/2025\/11\/Custom-Food-Storage-Containers-Wholesaler-chancescook-2-1600x1143.webp 1600w, https:\/\/www.chancescook.com\/wp-content\/uploads\/2025\/11\/Custom-Food-Storage-Containers-Wholesaler-chancescook-2-660x471.webp 660w, https:\/\/www.chancescook.com\/wp-content\/uploads\/2025\/11\/Custom-Food-Storage-Containers-Wholesaler-chancescook-2-150x107.webp 150w\" sizes=\"(max-width: 2048px) 100vw, 2048px\" \/><\/figure>\n<\/div>\n<\/div>","protected":false},"excerpt":{"rendered":"<p>Los recipientes de almacenamiento de alimentos al por mayor personalizados de Chance ofrecen un almacenamiento vers\u00e1til de acero inoxidable con sellado avanzado y uso apto para microondas. Ideal para comidas y sobras, ofrecemos precios al por mayor de f\u00e1brica, muestras gratuitas y personalizaci\u00f3n completa para compradores globales.<\/p>\n<h3>Caracter\u00edsticas y ventajas de los recipientes para alimentos<\/h3>\n<ul>\n<li><strong>Tecnolog\u00eda de sellado avanzada:<\/strong> incluye un anillo de sellado de silicona personalizado que proporciona un cierre herm\u00e9tico para una perfecta conservaci\u00f3n de la frescura, el sabor y los nutrientes de los alimentos. Es muy demandado por los compradores de recipientes de almacenamiento de alimentos personalizados al por mayor.<\/li>\n<li><strong>Dise\u00f1o apto para microondas:<\/strong> Recaliente los alimentos de forma segura en el microondas (sin la tapa), lo que a\u00f1ade m\u00e1s flexibilidad a las tareas alimentarias diarias y hace que este producto sea ideal para la venta al por mayor de recipientes personalizados para almacenar alimentos.<\/li>\n<li><strong><b>Aplicaciones vers\u00e1tiles: <\/b><\/strong>Desde sobras y marinado hasta preparaci\u00f3n de comidas o incluso llevar sus comidas con las posibilidades con estos son infinitas.<\/li>\n<li><strong>Amplia resistencia a la temperatura:<\/strong> Dise\u00f1ado para soportar una amplia gama de temperaturas, apto para frigor\u00edficos, congeladores y hornos, con la tapa quitada.<\/li>\n<li><strong>F\u00e1cil de limpiar:<\/strong> Tanto la base de acero inoxidable como la tapa de cristal son aptas para el lavavajillas, lo que garantiza una limpieza sin esfuerzo y una higiene duradera.<\/li>\n<li><strong>Dise\u00f1o elegante y pr\u00e1ctico:<\/strong> Presenta un aspecto moderno y elegante con una tapa transparente, que permite ver f\u00e1cilmente el contenido y contribuye a la est\u00e9tica de su cocina.<\/li>\n<\/ul>\n<p><strong>\u00bfListo para hacer el pedido?<\/strong> Para estos excelentes recipientes de almacenamiento de alimentos, disponemos de opciones de venta al por mayor. P\u00f3ngase en contacto con nosotros hoy mismo para personalizar su pedido y llevar sus opciones de almacenamiento de alimentos al siguiente nivel.<\/p>","protected":false},"featured_media":5803,"comment_status":"closed","ping_status":"closed","template":"","meta":{"_acf_changed":false},"product_brand":[],"product_cat":[56],"product_tag":[],"class_list":{"0":"post-5572","1":"product","2":"type-product","3":"status-publish","4":"has-post-thumbnail","6":"product_cat-wholesale-kitchen-utensils","8":"first","9":"instock","10":"shipping-taxable","11":"product-type-simple"},"acf":[],"_links":{"self":[{"href":"https:\/\/www.chancescook.com\/es\/wp-json\/wp\/v2\/product\/5572","targetHints":{"allow":["GET"]}}],"collection":[{"href":"https:\/\/www.chancescook.com\/es\/wp-json\/wp\/v2\/product"}],"about":[{"href":"https:\/\/www.chancescook.com\/es\/wp-json\/wp\/v2\/types\/product"}],"replies":[{"embeddable":true,"href":"https:\/\/www.chancescook.com\/es\/wp-json\/wp\/v2\/comments?post=5572"}],"wp:featuredmedia":[{"embeddable":true,"href":"https:\/\/www.chancescook.com\/es\/wp-json\/wp\/v2\/media\/5803"}],"wp:attachment":[{"href":"https:\/\/www.chancescook.com\/es\/wp-json\/wp\/v2\/media?parent=5572"}],"wp:term":[{"taxonomy":"product_brand","embeddable":true,"href":"https:\/\/www.chancescook.com\/es\/wp-json\/wp\/v2\/product_brand?post=5572"},{"taxonomy":"product_cat","embeddable":true,"href":"https:\/\/www.chancescook.com\/es\/wp-json\/wp\/v2\/product_cat?post=5572"},{"taxonomy":"product_tag","embeddable":true,"href":"https:\/\/www.chancescook.com\/es\/wp-json\/wp\/v2\/product_tag?post=5572"}],"curies":[{"name":"wp","href":"https:\/\/api.w.org\/{rel}","templated":true}]}}