{"id":5580,"date":"2025-11-15T08:52:43","date_gmt":"2025-11-15T08:52:43","guid":{"rendered":"https:\/\/www.chancescook.com\/?post_type=product&#038;p=5580"},"modified":"2025-12-22T09:28:57","modified_gmt":"2025-12-22T09:28:57","slug":"bulk-food-storage-containers-supplier","status":"publish","type":"product","link":"https:\/\/www.chancescook.com\/es\/producto\/bulk-food-storage-containers-supplier\/","title":{"rendered":"China Recipientes de Almacenamiento de Alimentos a Granel, Caja de Almacenamiento para Frigor\u00edfico, Fabricante de Recipientes Meal Prep"},"content":{"rendered":"<div class=\"wp-block-columns is-layout-flex wp-container-core-columns-is-layout-9d6595d7 wp-block-columns-is-layout-flex\">\n<div class=\"wp-block-column is-layout-flow wp-block-column-is-layout-flow\">\n<h3 class=\"wp-block-heading\">Par\u00e1metros de los recipientes de almacenamiento de alimentos a granel:<\/h3>\n\n\n\n<ul class=\"wp-block-list\">\n<li><strong>N\u00famero de modelo:<\/strong> ch5<\/li>\n\n\n\n<li><strong>Nombre:<\/strong> Caja de fusibles<\/li>\n\n\n\n<li><strong>Estilo: <\/strong>oscuro\/claro<\/li>\n\n\n\n<li><strong>Material: <\/strong>Acero inoxidable 201\/304<\/li>\n\n\n\n<li><strong>Tapa: <\/strong>vidrio+silicona<\/li>\n\n\n\n<li><strong>Capacidad:<\/strong> 700ml-3000ml<\/li>\n\n\n\n<li><strong>Color:<\/strong> blanco lechoso\/plata<\/li>\n\n\n\n<li><strong>Superficie:<\/strong> pulido\/electrol\u00edtico<\/li>\n\n\n\n<li><strong>Logotipo: <\/strong>personalizable<\/li>\n\n\n\n<li><strong>MOQ<\/strong>\uff1a100 piezas<\/li>\n<\/ul>\n<\/div>\n\n\n\n<div class=\"wp-block-column is-layout-flow wp-block-column-is-layout-flow\">\n<h3 class=\"wp-block-heading\">Opciones de contenedores de alimentos personalizados\uff1a<\/h3>\n\n\n\n<p>Eleve su negocio de catering con nuestras ilimitadas opciones de personalizaci\u00f3n y nuestros innovadores dise\u00f1os.<\/p>\n\n\n\n<p><strong>Logotipo:<\/strong> Personalice el logotipo de su marca<br><strong>Embalaje:<\/strong> caja\/cart\u00f3n de color, etc.<br>Cantidad de pedido 1000 unidades<br><strong><a href=\"https:\/\/www.chancescook.com\/es\/custom-cookware\/\" target=\"_blank\" rel=\"noreferrer noopener\">Soluciones personalizadas OEM y ODM<\/a><\/strong><\/p>\n<\/div>\n<\/div>\n\n\n\n<div class=\"wp-block-columns is-layout-flex wp-container-core-columns-is-layout-9d6595d7 wp-block-columns-is-layout-flex\">\n<div class=\"wp-block-column is-layout-flow wp-block-column-is-layout-flow\">\n<figure class=\"wp-block-image size-full\"><img decoding=\"async\" width=\"800\" height=\"800\" src=\"https:\/\/www.chancescook.com\/wp-content\/uploads\/2025\/11\/kitchenware-factory-bulk-food-storage-container-supplies.\uff083\uff09.webp\" alt=\"menaje-f\u00e1brica-de-productos-alimenticios-a granel-contenedores-de-almacenamiento.\uff083\uff09\" class=\"wp-image-5582\" srcset=\"https:\/\/www.chancescook.com\/wp-content\/uploads\/2025\/11\/kitchenware-factory-bulk-food-storage-container-supplies.\uff083\uff09.webp 800w, https:\/\/www.chancescook.com\/wp-content\/uploads\/2025\/11\/kitchenware-factory-bulk-food-storage-container-supplies.\uff083\uff09-300x300.webp 300w, https:\/\/www.chancescook.com\/wp-content\/uploads\/2025\/11\/kitchenware-factory-bulk-food-storage-container-supplies.\uff083\uff09-150x150.webp 150w, https:\/\/www.chancescook.com\/wp-content\/uploads\/2025\/11\/kitchenware-factory-bulk-food-storage-container-supplies.\uff083\uff09-768x768.webp 768w, https:\/\/www.chancescook.com\/wp-content\/uploads\/2025\/11\/kitchenware-factory-bulk-food-storage-container-supplies.\uff083\uff09-12x12.webp 12w, https:\/\/www.chancescook.com\/wp-content\/uploads\/2025\/11\/kitchenware-factory-bulk-food-storage-container-supplies.\uff083\uff09-285x285.webp 285w, https:\/\/www.chancescook.com\/wp-content\/uploads\/2025\/11\/kitchenware-factory-bulk-food-storage-container-supplies.\uff083\uff09-270x270.webp 270w, https:\/\/www.chancescook.com\/wp-content\/uploads\/2025\/11\/kitchenware-factory-bulk-food-storage-container-supplies.\uff083\uff09-540x540.webp 540w, https:\/\/www.chancescook.com\/wp-content\/uploads\/2025\/11\/kitchenware-factory-bulk-food-storage-container-supplies.\uff083\uff09-660x660.webp 660w\" sizes=\"(max-width: 800px) 100vw, 800px\" \/><\/figure>\n<\/div>\n\n\n\n<div class=\"wp-block-column is-layout-flow wp-block-column-is-layout-flow\">\n<figure class=\"wp-block-image size-full\"><img decoding=\"async\" width=\"800\" height=\"800\" src=\"https:\/\/www.chancescook.com\/wp-content\/uploads\/2025\/11\/bulk-food-storage-containers-supplier\uff084\uff09.webp\" alt=\"granel-almacenamiento-contenedores-proveedor\uff084\uff09\" class=\"wp-image-5581\" srcset=\"https:\/\/www.chancescook.com\/wp-content\/uploads\/2025\/11\/bulk-food-storage-containers-supplier\uff084\uff09.webp 800w, https:\/\/www.chancescook.com\/wp-content\/uploads\/2025\/11\/bulk-food-storage-containers-supplier\uff084\uff09-300x300.webp 300w, https:\/\/www.chancescook.com\/wp-content\/uploads\/2025\/11\/bulk-food-storage-containers-supplier\uff084\uff09-150x150.webp 150w, https:\/\/www.chancescook.com\/wp-content\/uploads\/2025\/11\/bulk-food-storage-containers-supplier\uff084\uff09-768x768.webp 768w, https:\/\/www.chancescook.com\/wp-content\/uploads\/2025\/11\/bulk-food-storage-containers-supplier\uff084\uff09-12x12.webp 12w, https:\/\/www.chancescook.com\/wp-content\/uploads\/2025\/11\/bulk-food-storage-containers-supplier\uff084\uff09-285x285.webp 285w, https:\/\/www.chancescook.com\/wp-content\/uploads\/2025\/11\/bulk-food-storage-containers-supplier\uff084\uff09-270x270.webp 270w, https:\/\/www.chancescook.com\/wp-content\/uploads\/2025\/11\/bulk-food-storage-containers-supplier\uff084\uff09-540x540.webp 540w, https:\/\/www.chancescook.com\/wp-content\/uploads\/2025\/11\/bulk-food-storage-containers-supplier\uff084\uff09-660x660.webp 660w\" sizes=\"(max-width: 800px) 100vw, 800px\" \/><\/figure>\n<\/div>\n<\/div>\n\n\n\n<p><\/p>","protected":false},"excerpt":{"rendered":"<p>Como uno de los principales fabricantes de recipientes de almacenamiento de alimentos de China, ofrecemos una amplia gama de recipientes de almacenamiento de alimentos a granel de primera calidad que satisfacen perfectamente cualquier necesidad de almacenamiento comercial y de cocina. Fabricados con acero inoxidable 304 de calidad alimentaria y recubiertos con cer\u00e1mica de alta temperatura, estos recipientes son extremadamente duraderos y pueden garantizar la seguridad y un largo rendimiento. Dise\u00f1ados para su uso en el congelador, el frigor\u00edfico y el microondas, son lo suficientemente vers\u00e1tiles para preparar comidas, para el almacenamiento diario y para su comodidad sobre la marcha. Con precios al por mayor competitivos y una asistencia fiable para pedidos al por mayor, nuestros recipientes de almacenamiento de alimentos al por mayor son ideales para marcas que buscan una calidad fiable con opciones de personalizaci\u00f3n.<\/p>\n<h3>Caracter\u00edsticas y ventajas de los recipientes para alimentos<\/h3>\n<ul>\n<li><strong>Uso polivalente:<\/strong> Es muy apropiado para almacenar diferentes tipos de alimentos, como verduras, platos principales, alimentos cocinados, alimentos en escabeche y similares. F\u00e1cil de usar y limpiar, este recipiente est\u00e1 pensado para el almacenamiento de alimentos a granel en cocinas dom\u00e9sticas y locales comerciales de restauraci\u00f3n.<\/li>\n<li><strong>Almacenamiento a largo plazo y en exteriores<\/strong>: Su robusta construcci\u00f3n evita la deformaci\u00f3n, mientras que su extraordinario rendimiento de sellado preserva eficazmente la frescura de los ingredientes. Esto lo convierte en una soluci\u00f3n ideal para los consumidores que requieren almacenamiento a largo plazo o portabilidad al aire libre.<\/li>\n<li><strong>Tapa a prueba de olores:<\/strong> Incluye un dise\u00f1o de tapa antiolor integrado para evitar que se filtren los olores fuertes, dejando los frigor\u00edficos o despensas limpios y sin olores.<\/li>\n<li><strong>Tapa de cristal transparente inastillable:<\/strong> Fabricado en vidrio templado de calidad superior, el material es resistente al calor e inastillable. Permite observar claramente los alimentos mientras se calientan para mayor seguridad y comodidad.<\/li>\n<li><strong>Revestimiento exterior resistente al calor:<\/strong> La capa exterior est\u00e1 tratada con pintura resistente a altas temperaturas, que resiste la descamaci\u00f3n y el agrietamiento. Puede mantener la estabilidad del color y la longevidad incluso tras un calentamiento muy frecuente.<\/li>\n<li><strong>Rejilla separadora de aceite opcional:<\/strong> La rejilla separadora de aceite y agua opcional ayuda a eliminar eficazmente la grasa superficial y la humedad de los alimentos, haciendo que los platos sean m\u00e1s sanos a la vez que conservan el sabor.<\/li>\n<li><strong>Dise\u00f1o para fiambreras de tama\u00f1o adulto:<\/strong> Su gran capacidad es adecuada para comidas diarias, comidas de fitness, bento y porciones de diferentes alimentos. La tapa se cierra bien con un broche de presi\u00f3n, por lo que ofrece un excelente rendimiento de sellado como ventaja para mejorar la experiencia del usuario de los recipientes de almacenamiento de alimentos a granel.<\/li>\n<li><strong>Servicios de personalizaci\u00f3n:<\/strong> Ofrecemos precios al por mayor competitivos para soluciones personalizadas de contenedores de almacenamiento de alimentos. P\u00f3ngase en contacto con nosotros hoy mismo para realizar su pedido y mejorar su l\u00ednea de productos de almacenamiento.<\/li>\n<\/ul>","protected":false},"featured_media":5799,"comment_status":"closed","ping_status":"closed","template":"","meta":{"_acf_changed":false},"product_brand":[],"product_cat":[56],"product_tag":[],"class_list":{"0":"post-5580","1":"product","2":"type-product","3":"status-publish","4":"has-post-thumbnail","6":"product_cat-wholesale-kitchen-utensils","8":"first","9":"instock","10":"shipping-taxable","11":"product-type-simple"},"acf":[],"_links":{"self":[{"href":"https:\/\/www.chancescook.com\/es\/wp-json\/wp\/v2\/product\/5580","targetHints":{"allow":["GET"]}}],"collection":[{"href":"https:\/\/www.chancescook.com\/es\/wp-json\/wp\/v2\/product"}],"about":[{"href":"https:\/\/www.chancescook.com\/es\/wp-json\/wp\/v2\/types\/product"}],"replies":[{"embeddable":true,"href":"https:\/\/www.chancescook.com\/es\/wp-json\/wp\/v2\/comments?post=5580"}],"wp:featuredmedia":[{"embeddable":true,"href":"https:\/\/www.chancescook.com\/es\/wp-json\/wp\/v2\/media\/5799"}],"wp:attachment":[{"href":"https:\/\/www.chancescook.com\/es\/wp-json\/wp\/v2\/media?parent=5580"}],"wp:term":[{"taxonomy":"product_brand","embeddable":true,"href":"https:\/\/www.chancescook.com\/es\/wp-json\/wp\/v2\/product_brand?post=5580"},{"taxonomy":"product_cat","embeddable":true,"href":"https:\/\/www.chancescook.com\/es\/wp-json\/wp\/v2\/product_cat?post=5580"},{"taxonomy":"product_tag","embeddable":true,"href":"https:\/\/www.chancescook.com\/es\/wp-json\/wp\/v2\/product_tag?post=5580"}],"curies":[{"name":"wp","href":"https:\/\/api.w.org\/{rel}","templated":true}]}}