{"id":5636,"date":"2025-11-22T02:15:59","date_gmt":"2025-11-22T02:15:59","guid":{"rendered":"https:\/\/www.chancescook.com\/?post_type=product&#038;p=5636"},"modified":"2025-12-18T06:56:00","modified_gmt":"2025-12-18T06:56:00","slug":"wholesale-stainless-steel-stock-pots","status":"publish","type":"product","link":"https:\/\/www.chancescook.com\/es\/producto\/wholesale-stainless-steel-stock-pots\/","title":{"rendered":"Mayorista Olla de Acero Inoxidable - Gran Capacidad y Duradera"},"content":{"rendered":"<div class=\"wp-block-columns is-layout-flex wp-container-core-columns-is-layout-9d6595d7 wp-block-columns-is-layout-flex\">\n<div class=\"wp-block-column is-layout-flow wp-block-column-is-layout-flow\">\n<h2 class=\"wp-block-heading\">Par\u00e1metros de la olla de acero inoxidable<\/h2>\n\n\n\n<ul class=\"wp-block-list\">\n<li><strong>Material:<\/strong> SS201\/SS304<\/li>\n\n\n\n<li><strong>Color: <\/strong>Plata<\/li>\n\n\n\n<li><strong>Forma:<\/strong> Columna<\/li>\n\n\n\n<li><strong>Di\u00e1metro:<\/strong> 24cm\/26cm\/28cm\/30cm\/32cm<\/li>\n\n\n\n<li><strong>Altura: <\/strong>14,5 cm<\/li>\n<\/ul>\n<\/div>\n\n\n\n<div class=\"wp-block-column is-layout-flow wp-block-column-is-layout-flow\">\n<h2 class=\"wp-block-heading\">Opciones de macetas personalizadas<\/h2>\n\n\n\n<ul class=\"wp-block-list\">\n<li><strong>Logotipo:<\/strong> Personalizable con el logotipo de su marca<\/li>\n\n\n\n<li><strong>Color:<\/strong> Personalizable<\/li>\n\n\n\n<li><strong>Embalaje<\/strong>: Caja de color\/Cart\u00f3n, etc<\/li>\n<\/ul>\n<\/div>\n<\/div>\n\n\n\n<div class=\"wp-block-columns is-layout-flex wp-container-core-columns-is-layout-9d6595d7 wp-block-columns-is-layout-flex\">\n<div class=\"wp-block-column is-layout-flow wp-block-column-is-layout-flow\">\n<figure class=\"wp-block-image size-full\"><img decoding=\"async\" width=\"848\" height=\"800\" src=\"https:\/\/www.chancescook.com\/wp-content\/uploads\/2025\/11\/Wholesale-Stainless-Steel-Stock-Pot-Supplier-chancescook-3.webp\" alt=\"Proveedor al por mayor de ollas de acero inoxidable - chancescook (3)\" class=\"wp-image-5642\" srcset=\"https:\/\/www.chancescook.com\/wp-content\/uploads\/2025\/11\/Wholesale-Stainless-Steel-Stock-Pot-Supplier-chancescook-3.webp 848w, https:\/\/www.chancescook.com\/wp-content\/uploads\/2025\/11\/Wholesale-Stainless-Steel-Stock-Pot-Supplier-chancescook-3-300x283.webp 300w, https:\/\/www.chancescook.com\/wp-content\/uploads\/2025\/11\/Wholesale-Stainless-Steel-Stock-Pot-Supplier-chancescook-3-768x725.webp 768w, https:\/\/www.chancescook.com\/wp-content\/uploads\/2025\/11\/Wholesale-Stainless-Steel-Stock-Pot-Supplier-chancescook-3-13x12.webp 13w, https:\/\/www.chancescook.com\/wp-content\/uploads\/2025\/11\/Wholesale-Stainless-Steel-Stock-Pot-Supplier-chancescook-3-285x269.webp 285w, https:\/\/www.chancescook.com\/wp-content\/uploads\/2025\/11\/Wholesale-Stainless-Steel-Stock-Pot-Supplier-chancescook-3-660x623.webp 660w, https:\/\/www.chancescook.com\/wp-content\/uploads\/2025\/11\/Wholesale-Stainless-Steel-Stock-Pot-Supplier-chancescook-3-150x142.webp 150w\" sizes=\"(max-width: 848px) 100vw, 848px\" \/><\/figure>\n<\/div>\n\n\n\n<div class=\"wp-block-column is-layout-flow wp-block-column-is-layout-flow\">\n<figure class=\"wp-block-image size-full\"><img decoding=\"async\" width=\"849\" height=\"800\" src=\"https:\/\/www.chancescook.com\/wp-content\/uploads\/2025\/11\/Wholesale-Stainless-Steel-Stock-Pot-Supplier-chancescook-1.webp\" alt=\"Proveedor al por mayor de ollas de acero inoxidable - chancescook (1)\" class=\"wp-image-5640\" srcset=\"https:\/\/www.chancescook.com\/wp-content\/uploads\/2025\/11\/Wholesale-Stainless-Steel-Stock-Pot-Supplier-chancescook-1.webp 849w, https:\/\/www.chancescook.com\/wp-content\/uploads\/2025\/11\/Wholesale-Stainless-Steel-Stock-Pot-Supplier-chancescook-1-300x283.webp 300w, https:\/\/www.chancescook.com\/wp-content\/uploads\/2025\/11\/Wholesale-Stainless-Steel-Stock-Pot-Supplier-chancescook-1-768x724.webp 768w, https:\/\/www.chancescook.com\/wp-content\/uploads\/2025\/11\/Wholesale-Stainless-Steel-Stock-Pot-Supplier-chancescook-1-13x12.webp 13w, https:\/\/www.chancescook.com\/wp-content\/uploads\/2025\/11\/Wholesale-Stainless-Steel-Stock-Pot-Supplier-chancescook-1-285x269.webp 285w, https:\/\/www.chancescook.com\/wp-content\/uploads\/2025\/11\/Wholesale-Stainless-Steel-Stock-Pot-Supplier-chancescook-1-660x622.webp 660w, https:\/\/www.chancescook.com\/wp-content\/uploads\/2025\/11\/Wholesale-Stainless-Steel-Stock-Pot-Supplier-chancescook-1-150x141.webp 150w\" sizes=\"(max-width: 849px) 100vw, 849px\" \/><\/figure>\n<\/div>\n<\/div>\n\n\n\n<div class=\"wp-block-columns is-layout-flex wp-container-core-columns-is-layout-9d6595d7 wp-block-columns-is-layout-flex\">\n<div class=\"wp-block-column is-layout-flow wp-block-column-is-layout-flow\" style=\"flex-basis:40%\">\n<figure class=\"wp-block-image size-full\"><a href=\"https:\/\/www.chancescook.com\/es\/\"><img decoding=\"async\" width=\"4608\" height=\"3456\" src=\"https:\/\/www.chancescook.com\/wp-content\/uploads\/2025\/07\/wholesale-cookware-manufacturer-chances-0-edited.webp\" alt=\"China Fabricante de utensilios de cocina-Chancescook\" class=\"wp-image-5085\" srcset=\"https:\/\/www.chancescook.com\/wp-content\/uploads\/2025\/07\/wholesale-cookware-manufacturer-chances-0-edited.webp 4608w, https:\/\/www.chancescook.com\/wp-content\/uploads\/2025\/07\/wholesale-cookware-manufacturer-chances-0-edited-300x225.webp 300w, https:\/\/www.chancescook.com\/wp-content\/uploads\/2025\/07\/wholesale-cookware-manufacturer-chances-0-edited-768x576.webp 768w, https:\/\/www.chancescook.com\/wp-content\/uploads\/2025\/07\/wholesale-cookware-manufacturer-chances-0-edited-16x12.webp 16w, https:\/\/www.chancescook.com\/wp-content\/uploads\/2025\/07\/wholesale-cookware-manufacturer-chances-0-edited-285x214.webp 285w, https:\/\/www.chancescook.com\/wp-content\/uploads\/2025\/07\/wholesale-cookware-manufacturer-chances-0-edited-1600x1200.webp 1600w, https:\/\/www.chancescook.com\/wp-content\/uploads\/2025\/07\/wholesale-cookware-manufacturer-chances-0-edited-800x600.webp 800w, https:\/\/www.chancescook.com\/wp-content\/uploads\/2025\/07\/wholesale-cookware-manufacturer-chances-0-edited-660x495.webp 660w, https:\/\/www.chancescook.com\/wp-content\/uploads\/2025\/07\/wholesale-cookware-manufacturer-chances-0-edited-150x113.webp 150w\" sizes=\"(max-width: 4608px) 100vw, 4608px\" \/><\/a><figcaption class=\"wp-element-caption\">Chancescook Fabricante<\/figcaption><\/figure>\n<\/div>\n\n\n\n<div class=\"wp-block-column is-layout-flow wp-block-column-is-layout-flow\" style=\"flex-basis:60%\">\n<figure class=\"wp-block-embed is-type-video is-provider-youtube wp-block-embed-youtube wp-embed-aspect-16-9 wp-has-aspect-ratio\"><div class=\"wp-block-embed__wrapper\">\n<iframe title=\"C\u00f3mo se fabrican los utensilios de cocina || Fabricaci\u00f3n en serie de utensilios de cocina en China\" width=\"940\" height=\"529\" src=\"https:\/\/www.youtube.com\/embed\/isoIOWUCi5s?feature=oembed\" frameborder=\"0\" allow=\"accelerometer; autoplay; clipboard-write; encrypted-media; gyroscope; picture-in-picture; web-share\" referrerpolicy=\"strict-origin-when-cross-origin\" allowfullscreen><\/iframe>\n<\/div><\/figure>\n<\/div>\n<\/div>\n\n\n\n<p><\/p>","protected":false},"excerpt":{"rendered":"<p>Mayorista de ollas de acero inoxidable fabricadas con acero inoxidable de alta calidad para ofrecer estilo y durabilidad, garantizando un rendimiento duradero. La tapa de ajuste de precisi\u00f3n mantiene el sabor, por lo que es ideal para cocinar a fuego lento, sopas y guisos. Su gran capacidad es perfecta tanto para uso comercial como familiar. <a href=\"https:\/\/www.chancescook.com\/es\/\"><strong>Fabricante de utensilios de cocina Chancescook<\/strong> <\/a>ofrece precios directos de f\u00e1brica y servicios de personalizaci\u00f3n OEM. Para obtener el mejor presupuesto, no dude en ponerse en contacto con un proveedor de utensilios de cocina de confianza.<\/p>\n<h2><strong><b>Caracter\u00edsticas y ventajas de la venta al por mayor <\/b><\/strong><strong><b>Olla de acero inoxidable<\/b><\/strong><\/h2>\n<ul>\n<li><strong data-start=\"107\" data-end=\"128\">Material de primera calidad:<\/strong> El material de esta olla de acero inoxidable al por mayor es acero inoxidable de alta calidad. Este material permite que el producto sea liso y sin rebabas ni imperfecciones.<\/li>\n<li><strong data-start=\"303\" data-end=\"321\">Tapa de precisi\u00f3n:<\/strong> Cuando est\u00e1 cerrada, se ajusta con precisi\u00f3n a la olla, reteniendo la humedad y el sabor de sus comidas. Y la v\u00e1lvula que lleva puede liberar vapor de forma eficaz, haciendo que la cocci\u00f3n sea m\u00e1s segura y controlada.<\/li>\n<li><strong data-start=\"514\" data-end=\"540\">Asas de f\u00e1cil manejo:<\/strong> El mango met\u00e1lico curvado proporciona un agarre c\u00f3modo a la vez que garantiza la seguridad, con el fin de evitar quemaduras durante la manipulaci\u00f3n.<\/li>\n<li><strong data-start=\"671\" data-end=\"689\">F\u00e1cil de limpiar:<\/strong> La superficie de acero inoxidable evita que se peguen los restos de comida, por lo que es muy f\u00e1cil de limpiar; basta con un simple aclarado con agua y detergente.<\/li>\n<li><strong data-start=\"858\" data-end=\"890\">Servicio de macetas al por mayor:<\/strong> Como fabricante de utensilios de cocina de acero inoxidable, ofrecemos servicios de venta al por mayor de ollas de acero inoxidable a precios de f\u00e1brica, apoyamos los servicios OEM y ODM, y proporcionamos ricas opciones de personalizaci\u00f3n para adaptarnos a sus preferencias de marca y mercado.<\/li>\n<\/ul>","protected":false},"featured_media":5719,"comment_status":"closed","ping_status":"closed","template":"","meta":{"_acf_changed":false},"product_brand":[],"product_cat":[52,63],"product_tag":[],"class_list":{"0":"post-5636","1":"product","2":"type-product","3":"status-publish","4":"has-post-thumbnail","6":"product_cat-cookware-wholesale","7":"product_cat-stock-pot-wholesale","9":"first","10":"instock","11":"shipping-taxable","12":"product-type-simple"},"acf":[],"_links":{"self":[{"href":"https:\/\/www.chancescook.com\/es\/wp-json\/wp\/v2\/product\/5636","targetHints":{"allow":["GET"]}}],"collection":[{"href":"https:\/\/www.chancescook.com\/es\/wp-json\/wp\/v2\/product"}],"about":[{"href":"https:\/\/www.chancescook.com\/es\/wp-json\/wp\/v2\/types\/product"}],"replies":[{"embeddable":true,"href":"https:\/\/www.chancescook.com\/es\/wp-json\/wp\/v2\/comments?post=5636"}],"wp:featuredmedia":[{"embeddable":true,"href":"https:\/\/www.chancescook.com\/es\/wp-json\/wp\/v2\/media\/5719"}],"wp:attachment":[{"href":"https:\/\/www.chancescook.com\/es\/wp-json\/wp\/v2\/media?parent=5636"}],"wp:term":[{"taxonomy":"product_brand","embeddable":true,"href":"https:\/\/www.chancescook.com\/es\/wp-json\/wp\/v2\/product_brand?post=5636"},{"taxonomy":"product_cat","embeddable":true,"href":"https:\/\/www.chancescook.com\/es\/wp-json\/wp\/v2\/product_cat?post=5636"},{"taxonomy":"product_tag","embeddable":true,"href":"https:\/\/www.chancescook.com\/es\/wp-json\/wp\/v2\/product_tag?post=5636"}],"curies":[{"name":"wp","href":"https:\/\/api.w.org\/{rel}","templated":true}]}}