{"id":5676,"date":"2025-12-08T03:17:19","date_gmt":"2025-12-08T03:17:19","guid":{"rendered":"https:\/\/www.chancescook.com\/?post_type=product&#038;p=5676"},"modified":"2025-12-08T03:36:11","modified_gmt":"2025-12-08T03:36:11","slug":"custom-stock-pot-stainless-steel","status":"publish","type":"product","link":"https:\/\/www.chancescook.com\/es\/producto\/custom-stock-pot-stainless-steel\/","title":{"rendered":"Olla personalizada de acero inoxidable, fabricante OEM de ollas para sopa de lados rectos"},"content":{"rendered":"<div class=\"wp-block-columns is-layout-flex wp-container-core-columns-is-layout-9d6595d7 wp-block-columns-is-layout-flex\">\n<div class=\"wp-block-column is-layout-flow wp-block-column-is-layout-flow\">\n<h2 class=\"wp-block-heading\">Par\u00e1metros de la olla de acero inoxidable:<\/h2>\n\n\n\n<ul class=\"wp-block-list\">\n<li><strong>Material:<\/strong> Acero inoxidable 201\/304<\/li>\n\n\n\n<li><strong>Grosor normal:<\/strong> 0,5 mm<\/li>\n\n\n\n<li><strong>Tama\u00f1o:<\/strong> 20\/22\/24\/26 cm<\/li>\n\n\n\n<li><strong>Color:<\/strong> Plata<\/li>\n<\/ul>\n<\/div>\n\n\n\n<div class=\"wp-block-column is-layout-flow wp-block-column-is-layout-flow\">\n<h2 class=\"wp-block-heading\">Opciones personalizadas para ollas:<\/h2>\n\n\n\n<ul class=\"wp-block-list\">\n<li><strong>Logotipo:<\/strong> Personalizable con el logotipo de su marca<\/li>\n\n\n\n<li><strong>Color: <\/strong>Personalizable<\/li>\n\n\n\n<li><strong>Embalaje:<\/strong> Caja de color\/Cart\u00f3n, etc<\/li>\n\n\n\n<li><strong>Asa:<\/strong> Mango a su medida<\/li>\n<\/ul>\n<\/div>\n<\/div>\n\n\n\n<div class=\"wp-block-columns is-layout-flex wp-container-core-columns-is-layout-9d6595d7 wp-block-columns-is-layout-flex\">\n<div class=\"wp-block-column is-layout-flow wp-block-column-is-layout-flow\">\n<figure class=\"wp-block-image size-full\"><img decoding=\"async\" width=\"2048\" height=\"1932\" src=\"https:\/\/www.chancescook.com\/wp-content\/uploads\/2025\/12\/Custom-Stock-Pot-Stainless-Steel-Straight-sided-Soup-Pot-Manufacturer-2_1.webp\" alt=\"Fabricante de ollas para sopa de acero inoxidable con lados rectos personalizadas (2)_1\" class=\"wp-image-5680\" srcset=\"https:\/\/www.chancescook.com\/wp-content\/uploads\/2025\/12\/Custom-Stock-Pot-Stainless-Steel-Straight-sided-Soup-Pot-Manufacturer-2_1.webp 2048w, https:\/\/www.chancescook.com\/wp-content\/uploads\/2025\/12\/Custom-Stock-Pot-Stainless-Steel-Straight-sided-Soup-Pot-Manufacturer-2_1-300x283.webp 300w, https:\/\/www.chancescook.com\/wp-content\/uploads\/2025\/12\/Custom-Stock-Pot-Stainless-Steel-Straight-sided-Soup-Pot-Manufacturer-2_1-768x725.webp 768w, https:\/\/www.chancescook.com\/wp-content\/uploads\/2025\/12\/Custom-Stock-Pot-Stainless-Steel-Straight-sided-Soup-Pot-Manufacturer-2_1-13x12.webp 13w, https:\/\/www.chancescook.com\/wp-content\/uploads\/2025\/12\/Custom-Stock-Pot-Stainless-Steel-Straight-sided-Soup-Pot-Manufacturer-2_1-285x269.webp 285w, https:\/\/www.chancescook.com\/wp-content\/uploads\/2025\/12\/Custom-Stock-Pot-Stainless-Steel-Straight-sided-Soup-Pot-Manufacturer-2_1-1600x1509.webp 1600w, https:\/\/www.chancescook.com\/wp-content\/uploads\/2025\/12\/Custom-Stock-Pot-Stainless-Steel-Straight-sided-Soup-Pot-Manufacturer-2_1-660x623.webp 660w, https:\/\/www.chancescook.com\/wp-content\/uploads\/2025\/12\/Custom-Stock-Pot-Stainless-Steel-Straight-sided-Soup-Pot-Manufacturer-2_1-150x142.webp 150w\" sizes=\"(max-width: 2048px) 100vw, 2048px\" \/><\/figure>\n<\/div>\n\n\n\n<div class=\"wp-block-column is-layout-flow wp-block-column-is-layout-flow\">\n<figure class=\"wp-block-image size-full\"><img decoding=\"async\" width=\"2044\" height=\"1928\" src=\"https:\/\/www.chancescook.com\/wp-content\/uploads\/2025\/12\/Custom-Stock-Pot-Stainless-Steel-Straight-sided-Soup-Pot-Manufacturer-1_1.webp\" alt=\"Fabricante de ollas para sopa de acero inoxidable con lados rectos personalizadas (1)_1\" class=\"wp-image-5678\" srcset=\"https:\/\/www.chancescook.com\/wp-content\/uploads\/2025\/12\/Custom-Stock-Pot-Stainless-Steel-Straight-sided-Soup-Pot-Manufacturer-1_1.webp 2044w, https:\/\/www.chancescook.com\/wp-content\/uploads\/2025\/12\/Custom-Stock-Pot-Stainless-Steel-Straight-sided-Soup-Pot-Manufacturer-1_1-300x283.webp 300w, https:\/\/www.chancescook.com\/wp-content\/uploads\/2025\/12\/Custom-Stock-Pot-Stainless-Steel-Straight-sided-Soup-Pot-Manufacturer-1_1-768x724.webp 768w, https:\/\/www.chancescook.com\/wp-content\/uploads\/2025\/12\/Custom-Stock-Pot-Stainless-Steel-Straight-sided-Soup-Pot-Manufacturer-1_1-13x12.webp 13w, https:\/\/www.chancescook.com\/wp-content\/uploads\/2025\/12\/Custom-Stock-Pot-Stainless-Steel-Straight-sided-Soup-Pot-Manufacturer-1_1-285x269.webp 285w, https:\/\/www.chancescook.com\/wp-content\/uploads\/2025\/12\/Custom-Stock-Pot-Stainless-Steel-Straight-sided-Soup-Pot-Manufacturer-1_1-1600x1509.webp 1600w, https:\/\/www.chancescook.com\/wp-content\/uploads\/2025\/12\/Custom-Stock-Pot-Stainless-Steel-Straight-sided-Soup-Pot-Manufacturer-1_1-660x623.webp 660w, https:\/\/www.chancescook.com\/wp-content\/uploads\/2025\/12\/Custom-Stock-Pot-Stainless-Steel-Straight-sided-Soup-Pot-Manufacturer-1_1-150x141.webp 150w\" sizes=\"(max-width: 2044px) 100vw, 2044px\" \/><\/figure>\n<\/div>\n<\/div>","protected":false},"excerpt":{"rendered":"<p>Nuestra olla de acero inoxidable personalizada cuenta con una estructura duradera de lados rectos, fondo multicapa, asas remachadas y personalizaci\u00f3n OEM\/ODM, lo que la hace ideal para cocinas dom\u00e9sticas, restaurantes y pedidos mayoristas internacionales. Chancescook es una marca fiable. <a href=\"https:\/\/www.chancescook.com\/es\/about-chances\/\"><strong>fabricante de utensilios de cocina<\/strong><\/a> Ofrecemos precios directos de f\u00e1brica y personalizaci\u00f3n OEM completa. Cont\u00e1ctenos para obtener el mejor presupuesto de su fabricante de utensilios de cocina de confianza.<\/p>\n<h2><strong><b>Caracter\u00edsticas y ventajas de la olla de acero inoxidable:<\/b><\/strong><\/h2>\n<ul>\n<li><strong>Construcci\u00f3n de acero inoxidable de alta calidad:<\/strong> Toda la olla est\u00e1 fabricada en acero inoxidable apto para uso alimentario, resistente a la corrosi\u00f3n y a las altas temperaturas, y duradero para garantizar la seguridad y la estabilidad en la cocina diaria.<\/li>\n<li><strong>Dise\u00f1o de lados rectos:<\/strong> El dise\u00f1o vertical de las paredes de la olla aumenta su capacidad efectiva, lo que la hace ideal para cocinar grandes vol\u00famenes y para cocinas dom\u00e9sticas, catering, distribuci\u00f3n y venta al por mayor.<\/li>\n<li><strong>Fondo igualmente conductor:<\/strong> La estructura inferior compuesta por m\u00faltiples capas acelera la conducci\u00f3n y retenci\u00f3n del calor, lo que hace que guisar y cocer a fuego lento sea m\u00e1s eficiente desde el punto de vista energ\u00e9tico y reduce el tiempo de cocci\u00f3n.<\/li>\n<li><strong>Cumple con los requisitos de producci\u00f3n OEM\/ODM de f\u00e1brica:<\/strong> Se puede realizar una personalizaci\u00f3n completa de las dimensiones, el grosor, el acabado cepillado, el m\u00e9todo de pulido y el estilo del mango seg\u00fan los requisitos del cliente para ollas de acero inoxidable personalizadas.<\/li>\n<li><strong>Estructura robusta con asa remachada:<\/strong> Equipado con un mango remachado y reforzado, el cuerpo de la olla garantiza estabilidad durante la cocci\u00f3n de grandes cantidades y es resistente al calor para facilitar su manejo.<\/li>\n<li><strong>Tapa transparente opcional:<\/strong> Las tapas de acero o vidrio satisfacen las necesidades de diferentes mercados, mejoran el atractivo del producto y ampl\u00edan su aplicabilidad.<\/li>\n<li><strong>Olla multifunci\u00f3n para cocinas de gas, inducci\u00f3n y vitrocer\u00e1micas:<\/strong> Gracias a su compatibilidad con la mayor\u00eda de m\u00e9todos de calentamiento de placas de cocina, este menaje es ampliamente aplicable en muchas cocinas dom\u00e9sticas y comerciales.<\/li>\n<li><strong>Es adecuado para el comercio mayorista internacional:<\/strong> Como f\u00e1brica OEM profesional, podemos ofrecer a los clientes un embalaje completo de la marca, personalizaci\u00f3n de par\u00e1metros y producci\u00f3n en masa para satisfacer la demanda de abastecimiento global y mejorar a\u00fan m\u00e1s la competitividad de los productos de acero inoxidable personalizados para ollas.<\/li>\n<\/ul>","protected":false},"featured_media":5677,"comment_status":"closed","ping_status":"closed","template":"","meta":{"_acf_changed":false},"product_brand":[],"product_cat":[52,63],"product_tag":[],"class_list":{"0":"post-5676","1":"product","2":"type-product","3":"status-publish","4":"has-post-thumbnail","6":"product_cat-cookware-wholesale","7":"product_cat-stock-pot-wholesale","9":"first","10":"instock","11":"shipping-taxable","12":"product-type-simple"},"acf":[],"_links":{"self":[{"href":"https:\/\/www.chancescook.com\/es\/wp-json\/wp\/v2\/product\/5676","targetHints":{"allow":["GET"]}}],"collection":[{"href":"https:\/\/www.chancescook.com\/es\/wp-json\/wp\/v2\/product"}],"about":[{"href":"https:\/\/www.chancescook.com\/es\/wp-json\/wp\/v2\/types\/product"}],"replies":[{"embeddable":true,"href":"https:\/\/www.chancescook.com\/es\/wp-json\/wp\/v2\/comments?post=5676"}],"wp:featuredmedia":[{"embeddable":true,"href":"https:\/\/www.chancescook.com\/es\/wp-json\/wp\/v2\/media\/5677"}],"wp:attachment":[{"href":"https:\/\/www.chancescook.com\/es\/wp-json\/wp\/v2\/media?parent=5676"}],"wp:term":[{"taxonomy":"product_brand","embeddable":true,"href":"https:\/\/www.chancescook.com\/es\/wp-json\/wp\/v2\/product_brand?post=5676"},{"taxonomy":"product_cat","embeddable":true,"href":"https:\/\/www.chancescook.com\/es\/wp-json\/wp\/v2\/product_cat?post=5676"},{"taxonomy":"product_tag","embeddable":true,"href":"https:\/\/www.chancescook.com\/es\/wp-json\/wp\/v2\/product_tag?post=5676"}],"curies":[{"name":"wp","href":"https:\/\/api.w.org\/{rel}","templated":true}]}}