{"id":5681,"date":"2025-12-08T03:43:20","date_gmt":"2025-12-08T03:43:20","guid":{"rendered":"https:\/\/www.chancescook.com\/?post_type=product&#038;p=5681"},"modified":"2026-03-24T08:47:37","modified_gmt":"2026-03-24T08:47:37","slug":"stainless-steel-stock-pot-set-wholesale","status":"publish","type":"product","link":"https:\/\/www.chancescook.com\/es\/producto\/stainless-steel-stock-pot-set-wholesale\/","title":{"rendered":"Juego de ollas de acero inoxidable al por mayor, fabricante de juegos de 6 ollas de cocina de lados rectos."},"content":{"rendered":"<div class=\"wp-block-columns is-layout-flex wp-container-core-columns-is-layout-9d6595d7 wp-block-columns-is-layout-flex\">\n<div class=\"wp-block-column is-layout-flow wp-block-column-is-layout-flow\">\n<h2 class=\"wp-block-heading\">Par\u00e1metros del juego de ollas de acero inoxidable:<\/h2>\n\n\n\n<ul class=\"wp-block-list\">\n<li><strong>Material: <\/strong>acero inoxidable<\/li>\n\n\n\n<li><strong>Grosor normal<\/strong>:0,5 mm<\/li>\n\n\n\n<li><strong>Tapa: <\/strong>Tapas de cristal<\/li>\n\n\n\n<li><strong>Abajo:<\/strong>Inducci\u00f3n Fondo s\u00e1ndwich (SUS+2mm Alu+SUS)<\/li>\n\n\n\n<li><strong>Logotipo: <\/strong>Serigraf\u00eda\/Grabado l\u00e1ser\/Sello en relieve<\/li>\n\n\n\n<li><strong>Asa y pomo de la tapa: <\/strong>Acero inoxidable<\/li>\n\n\n\n<li><strong>Incluir: <\/strong>Cacerola para leche, cacerola para sopa, sart\u00e9n<\/li>\n\n\n\n<li><strong>Tama\u00f1o del tarro de leche:<\/strong>16 cm<\/li>\n\n\n\n<li><strong>Olla de sopa:<\/strong>20\/24 cm<\/li>\n\n\n\n<li><strong>MOQ:<\/strong>1000 conjuntos<\/li>\n<\/ul>\n<\/div>\n\n\n\n<div class=\"wp-block-column is-layout-flow wp-block-column-is-layout-flow\">\n<h2 class=\"wp-block-heading\">Opciones personalizadas para el juego de ollas de acero inoxidable:<\/h2>\n\n\n\n<p>Eleve su negocio de catering con nuestras ilimitadas opciones de personalizaci\u00f3n y nuestros innovadores dise\u00f1os.<\/p>\n\n\n\n<ul class=\"wp-block-list\">\n<li><strong>Color<\/strong>: Beige\/Verde\/Rosa<\/li>\n\n\n\n<li><strong>Material: <\/strong>Acero inoxidable SUS#201\/304\/410\/430<\/li>\n\n\n\n<li>Mango a su medida<\/li>\n\n\n\n<li><strong>Logotipo: <\/strong>Personalice el logotipo de su marca<\/li>\n\n\n\n<li><strong>Paquete: <\/strong>caja de colores\/buz\u00f3n, etc.<\/li>\n\n\n\n<li><strong><em><a href=\"https:\/\/www.chancescook.com\/es\/custom-cookware\/\" data-type=\"page\" data-id=\"2987\">Soluciones personalizadas OEM y ODM<\/a><\/em><\/strong><\/li>\n<\/ul>\n<\/div>\n<\/div>\n\n\n\n<div class=\"wp-block-columns is-layout-flex wp-container-core-columns-is-layout-9d6595d7 wp-block-columns-is-layout-flex\">\n<div class=\"wp-block-column is-layout-flow wp-block-column-is-layout-flow\">\n<figure class=\"wp-block-image size-full\"><img decoding=\"async\" width=\"800\" height=\"800\" src=\"https:\/\/www.chancescook.com\/wp-content\/uploads\/2025\/12\/Stainless-Steel-Stock-Pot-Set-Wholesale-Manufacturer-4.webp\" alt=\"Fabricante mayorista de juegos de ollas de acero inoxidable (4)\" class=\"wp-image-5687\" srcset=\"https:\/\/www.chancescook.com\/wp-content\/uploads\/2025\/12\/Stainless-Steel-Stock-Pot-Set-Wholesale-Manufacturer-4.webp 800w, https:\/\/www.chancescook.com\/wp-content\/uploads\/2025\/12\/Stainless-Steel-Stock-Pot-Set-Wholesale-Manufacturer-4-300x300.webp 300w, https:\/\/www.chancescook.com\/wp-content\/uploads\/2025\/12\/Stainless-Steel-Stock-Pot-Set-Wholesale-Manufacturer-4-150x150.webp 150w, https:\/\/www.chancescook.com\/wp-content\/uploads\/2025\/12\/Stainless-Steel-Stock-Pot-Set-Wholesale-Manufacturer-4-768x768.webp 768w, https:\/\/www.chancescook.com\/wp-content\/uploads\/2025\/12\/Stainless-Steel-Stock-Pot-Set-Wholesale-Manufacturer-4-12x12.webp 12w, https:\/\/www.chancescook.com\/wp-content\/uploads\/2025\/12\/Stainless-Steel-Stock-Pot-Set-Wholesale-Manufacturer-4-285x285.webp 285w, https:\/\/www.chancescook.com\/wp-content\/uploads\/2025\/12\/Stainless-Steel-Stock-Pot-Set-Wholesale-Manufacturer-4-270x270.webp 270w, https:\/\/www.chancescook.com\/wp-content\/uploads\/2025\/12\/Stainless-Steel-Stock-Pot-Set-Wholesale-Manufacturer-4-540x540.webp 540w, https:\/\/www.chancescook.com\/wp-content\/uploads\/2025\/12\/Stainless-Steel-Stock-Pot-Set-Wholesale-Manufacturer-4-660x660.webp 660w\" sizes=\"(max-width: 800px) 100vw, 800px\" \/><\/figure>\n<\/div>\n\n\n\n<div class=\"wp-block-column is-layout-flow wp-block-column-is-layout-flow\">\n<figure class=\"wp-block-image size-full\"><img decoding=\"async\" width=\"800\" height=\"800\" src=\"https:\/\/www.chancescook.com\/wp-content\/uploads\/2025\/12\/Stainless-Steel-Stock-Pot-Set-Wholesale-Manufacturer-1.webp\" alt=\"Fabricante mayorista de juegos de ollas de acero inoxidable (1)\" class=\"wp-image-5685\" srcset=\"https:\/\/www.chancescook.com\/wp-content\/uploads\/2025\/12\/Stainless-Steel-Stock-Pot-Set-Wholesale-Manufacturer-1.webp 800w, https:\/\/www.chancescook.com\/wp-content\/uploads\/2025\/12\/Stainless-Steel-Stock-Pot-Set-Wholesale-Manufacturer-1-300x300.webp 300w, https:\/\/www.chancescook.com\/wp-content\/uploads\/2025\/12\/Stainless-Steel-Stock-Pot-Set-Wholesale-Manufacturer-1-150x150.webp 150w, https:\/\/www.chancescook.com\/wp-content\/uploads\/2025\/12\/Stainless-Steel-Stock-Pot-Set-Wholesale-Manufacturer-1-768x768.webp 768w, https:\/\/www.chancescook.com\/wp-content\/uploads\/2025\/12\/Stainless-Steel-Stock-Pot-Set-Wholesale-Manufacturer-1-12x12.webp 12w, https:\/\/www.chancescook.com\/wp-content\/uploads\/2025\/12\/Stainless-Steel-Stock-Pot-Set-Wholesale-Manufacturer-1-285x285.webp 285w, https:\/\/www.chancescook.com\/wp-content\/uploads\/2025\/12\/Stainless-Steel-Stock-Pot-Set-Wholesale-Manufacturer-1-270x270.webp 270w, https:\/\/www.chancescook.com\/wp-content\/uploads\/2025\/12\/Stainless-Steel-Stock-Pot-Set-Wholesale-Manufacturer-1-540x540.webp 540w, https:\/\/www.chancescook.com\/wp-content\/uploads\/2025\/12\/Stainless-Steel-Stock-Pot-Set-Wholesale-Manufacturer-1-660x660.webp 660w\" sizes=\"(max-width: 800px) 100vw, 800px\" \/><\/figure>\n<\/div>\n\n\n\n<div class=\"wp-block-column is-layout-flow wp-block-column-is-layout-flow\">\n<figure class=\"wp-block-image size-full\"><img decoding=\"async\" width=\"800\" height=\"800\" src=\"https:\/\/www.chancescook.com\/wp-content\/uploads\/2025\/12\/Stainless-Steel-Stock-Pot-Set-Wholesale-Manufacturer-2.webp\" alt=\"Fabricante mayorista de juegos de ollas de acero inoxidable (2)\" class=\"wp-image-5683\" srcset=\"https:\/\/www.chancescook.com\/wp-content\/uploads\/2025\/12\/Stainless-Steel-Stock-Pot-Set-Wholesale-Manufacturer-2.webp 800w, https:\/\/www.chancescook.com\/wp-content\/uploads\/2025\/12\/Stainless-Steel-Stock-Pot-Set-Wholesale-Manufacturer-2-300x300.webp 300w, https:\/\/www.chancescook.com\/wp-content\/uploads\/2025\/12\/Stainless-Steel-Stock-Pot-Set-Wholesale-Manufacturer-2-150x150.webp 150w, https:\/\/www.chancescook.com\/wp-content\/uploads\/2025\/12\/Stainless-Steel-Stock-Pot-Set-Wholesale-Manufacturer-2-768x768.webp 768w, https:\/\/www.chancescook.com\/wp-content\/uploads\/2025\/12\/Stainless-Steel-Stock-Pot-Set-Wholesale-Manufacturer-2-12x12.webp 12w, https:\/\/www.chancescook.com\/wp-content\/uploads\/2025\/12\/Stainless-Steel-Stock-Pot-Set-Wholesale-Manufacturer-2-285x285.webp 285w, https:\/\/www.chancescook.com\/wp-content\/uploads\/2025\/12\/Stainless-Steel-Stock-Pot-Set-Wholesale-Manufacturer-2-270x270.webp 270w, https:\/\/www.chancescook.com\/wp-content\/uploads\/2025\/12\/Stainless-Steel-Stock-Pot-Set-Wholesale-Manufacturer-2-540x540.webp 540w, https:\/\/www.chancescook.com\/wp-content\/uploads\/2025\/12\/Stainless-Steel-Stock-Pot-Set-Wholesale-Manufacturer-2-660x660.webp 660w\" sizes=\"(max-width: 800px) 100vw, 800px\" \/><\/figure>\n<\/div>\n<\/div>\n\n\n\n<p><\/p>","protected":false},"excerpt":{"rendered":"<p>Nuestro juego de utensilios de cocina de 6 piezas con lados rectos ofrece una durabilidad superior, versatilidad en varios tama\u00f1os y personalizaci\u00f3n OEM\/ODM, lo que lo hace perfecto para la venta al por mayor de ollas de acero inoxidable y para satisfacer las necesidades de suministro de restaurantes o minoristas internacionales. Chancescook es una marca fiable. <a href=\"https:\/\/www.chancescook.com\/es\/about-chances\/\"><strong>fabricante de utensilios de cocina<\/strong><\/a> Ofrecemos precios directos de f\u00e1brica y personalizaci\u00f3n OEM completa. Cont\u00e1ctenos para obtener el mejor presupuesto de su fabricante de utensilios de cocina de confianza.<\/p>\n<h2><strong><b>Caracter\u00edsticas y ventajas del juego de ollas de acero inoxidable:<\/b><\/strong><\/h2>\n<ul>\n<li><strong>Juego de seis piezas de utensilios de cocina de cuerpo recto<\/strong>: Est\u00e1 disponible en diferentes capacidades, satisfaciendo las necesidades a granel desde la cocina dom\u00e9stica hasta las cocinas profesionales, lo que mejora la gama de productos y la cobertura de ventas para los compradores.<\/li>\n<li><strong>Construcci\u00f3n de acero inoxidable de primera calidad:<\/strong> Las ollas est\u00e1n fabricadas en acero inoxidable apto para uso alimentario, resistente a la corrosi\u00f3n y a las altas temperaturas, y no se deforma f\u00e1cilmente, lo que garantiza su seguridad y estabilidad a largo plazo.<\/li>\n<li><strong>El dise\u00f1o de lados rectos para una mayor capacidad: <\/strong>significa que el dise\u00f1o vertical de la pared de la olla ofrece una mayor capacidad efectiva con el mismo di\u00e1metro, lo que resulta adecuado para guisar sopas, estofar ingredientes o cocinar con alta frecuencia en cocinas profesionales.<\/li>\n<li><strong>Fondo compuesto conductor:<\/strong> La nueva estructura inferior compuesta por m\u00faltiples capas aumenta la eficiencia de la conducci\u00f3n del calor, lo que hace que el guisado sea m\u00e1s econ\u00f3mico sin que se queme. Este dise\u00f1o de rendimiento estable es muy apreciado por los clientes del sector de la restauraci\u00f3n y la venta al por mayor.<\/li>\n<li><strong>Estructura resistente con asa remachada<\/strong>: Las asas est\u00e1n fijadas con remaches reforzados para resistir las sacudidas y las altas temperaturas, lo que prolonga la vida \u00fatil de los utensilios de cocina y los hace m\u00e1s seguros y fiables a la hora de mover ollas de gran capacidad.<\/li>\n<li><strong>Compatible con diversos dispositivos de calefacci\u00f3n<\/strong>: El conjunto completo es compatible con diversas placas de cocci\u00f3n, como cocinas de gas, placas de inducci\u00f3n y placas vitrocer\u00e1micas. Esto aumenta la versatilidad y adaptabilidad del producto para su venta a nivel mundial.<\/li>\n<li><strong>Adecuado para la cooperaci\u00f3n transfronteriza entre mayoristas y marcas:<\/strong> Se admite la personalizaci\u00f3n OEM\/ODM, incluyendo el ajuste de tama\u00f1o, la combinaci\u00f3n de kits, el tratamiento de superficies y la soluci\u00f3n de embalaje, para mejorar a\u00fan m\u00e1s la flexibilidad de compra de los mayoristas de ollas de acero inoxidable.<\/li>\n<li><strong>Kits al por mayor de alto valor:<\/strong> Los kits de 6 piezas ayudan a los distribuidores a mejorar la estructura de beneficios por pedido, al tiempo que optimizan la eficiencia del almacenamiento y el transporte. Esto los convierte en la soluci\u00f3n ideal para los mayoristas de ollas de acero inoxidable.<\/li>\n<\/ul>","protected":false},"featured_media":5688,"comment_status":"closed","ping_status":"closed","template":"","meta":{"_acf_changed":false},"product_brand":[],"product_cat":[53],"product_tag":[],"class_list":{"0":"post-5681","1":"product","2":"type-product","3":"status-publish","4":"has-post-thumbnail","6":"product_cat-wholesale-cookware-sets","8":"first","9":"instock","10":"shipping-taxable","11":"product-type-simple"},"acf":[],"_links":{"self":[{"href":"https:\/\/www.chancescook.com\/es\/wp-json\/wp\/v2\/product\/5681","targetHints":{"allow":["GET"]}}],"collection":[{"href":"https:\/\/www.chancescook.com\/es\/wp-json\/wp\/v2\/product"}],"about":[{"href":"https:\/\/www.chancescook.com\/es\/wp-json\/wp\/v2\/types\/product"}],"replies":[{"embeddable":true,"href":"https:\/\/www.chancescook.com\/es\/wp-json\/wp\/v2\/comments?post=5681"}],"wp:featuredmedia":[{"embeddable":true,"href":"https:\/\/www.chancescook.com\/es\/wp-json\/wp\/v2\/media\/5688"}],"wp:attachment":[{"href":"https:\/\/www.chancescook.com\/es\/wp-json\/wp\/v2\/media?parent=5681"}],"wp:term":[{"taxonomy":"product_brand","embeddable":true,"href":"https:\/\/www.chancescook.com\/es\/wp-json\/wp\/v2\/product_brand?post=5681"},{"taxonomy":"product_cat","embeddable":true,"href":"https:\/\/www.chancescook.com\/es\/wp-json\/wp\/v2\/product_cat?post=5681"},{"taxonomy":"product_tag","embeddable":true,"href":"https:\/\/www.chancescook.com\/es\/wp-json\/wp\/v2\/product_tag?post=5681"}],"curies":[{"name":"wp","href":"https:\/\/api.w.org\/{rel}","templated":true}]}}