{"id":5962,"date":"2026-01-19T08:19:14","date_gmt":"2026-01-19T08:19:14","guid":{"rendered":"https:\/\/www.chancescook.com\/?post_type=product&#038;p=5962"},"modified":"2026-01-19T08:19:16","modified_gmt":"2026-01-19T08:19:16","slug":"custom-stainless-steel-measuring-cup","status":"publish","type":"product","link":"https:\/\/www.chancescook.com\/es\/producto\/custom-stainless-steel-measuring-cup\/","title":{"rendered":"Taza Medidora de Acero Inoxidable al por Mayor, Jarra de Leche Venta Directa de F\u00e1brica"},"content":{"rendered":"<div class=\"wp-block-columns is-layout-flex wp-container-core-columns-is-layout-9d6595d7 wp-block-columns-is-layout-flex\">\n<div class=\"wp-block-column is-layout-flow wp-block-column-is-layout-flow\">\n<h2 class=\"wp-block-heading\">Par\u00e1metros del vaso medidor de acero inoxidable<\/h2>\n\n\n\n<ul class=\"wp-block-list\">\n<li><strong>Material<\/strong>: SS430+Al+SS304<\/li>\n\n\n\n<li><strong>Color<\/strong>: Plata<\/li>\n\n\n\n<li><strong>Di\u00e1metro: <\/strong>15,5 cm\/17,5 m<\/li>\n\n\n\n<li><strong>Altura: <\/strong>12,4 cm\/13,7 cm<\/li>\n<\/ul>\n<\/div>\n\n\n\n<div class=\"wp-block-column is-layout-flow wp-block-column-is-layout-flow\">\n<h2 class=\"wp-block-heading\">Opciones de vasos medidores personalizados<\/h2>\n\n\n\n<ul class=\"wp-block-list\">\n<li><strong>Logotipo: <\/strong>Personalizable con el logotipo de su marca<\/li>\n\n\n\n<li><strong>Color: <\/strong>Personalizable<\/li>\n\n\n\n<li><strong>Embalaje: <\/strong>Caja de color\/Cart\u00f3n, etc<\/li>\n<\/ul>\n<\/div>\n<\/div>\n\n\n\n<div class=\"wp-block-columns is-layout-flex wp-container-core-columns-is-layout-9d6595d7 wp-block-columns-is-layout-flex\">\n<div class=\"wp-block-column is-layout-flow wp-block-column-is-layout-flow\">\n<figure class=\"wp-block-image size-full\"><img decoding=\"async\" width=\"2048\" height=\"2048\" src=\"https:\/\/www.chancescook.com\/wp-content\/uploads\/2026\/01\/Custom-Stainless-Steel-Measuring-Cup-Wholesale-4.webp\" alt=\"Taza medidora de acero inoxidable al por mayor (4)\" class=\"wp-image-5966\" srcset=\"https:\/\/www.chancescook.com\/wp-content\/uploads\/2026\/01\/Custom-Stainless-Steel-Measuring-Cup-Wholesale-4.webp 2048w, https:\/\/www.chancescook.com\/wp-content\/uploads\/2026\/01\/Custom-Stainless-Steel-Measuring-Cup-Wholesale-4-300x300.webp 300w, https:\/\/www.chancescook.com\/wp-content\/uploads\/2026\/01\/Custom-Stainless-Steel-Measuring-Cup-Wholesale-4-150x150.webp 150w, https:\/\/www.chancescook.com\/wp-content\/uploads\/2026\/01\/Custom-Stainless-Steel-Measuring-Cup-Wholesale-4-768x768.webp 768w, https:\/\/www.chancescook.com\/wp-content\/uploads\/2026\/01\/Custom-Stainless-Steel-Measuring-Cup-Wholesale-4-12x12.webp 12w, https:\/\/www.chancescook.com\/wp-content\/uploads\/2026\/01\/Custom-Stainless-Steel-Measuring-Cup-Wholesale-4-285x285.webp 285w, https:\/\/www.chancescook.com\/wp-content\/uploads\/2026\/01\/Custom-Stainless-Steel-Measuring-Cup-Wholesale-4-1600x1600.webp 1600w, https:\/\/www.chancescook.com\/wp-content\/uploads\/2026\/01\/Custom-Stainless-Steel-Measuring-Cup-Wholesale-4-270x270.webp 270w, https:\/\/www.chancescook.com\/wp-content\/uploads\/2026\/01\/Custom-Stainless-Steel-Measuring-Cup-Wholesale-4-540x540.webp 540w, https:\/\/www.chancescook.com\/wp-content\/uploads\/2026\/01\/Custom-Stainless-Steel-Measuring-Cup-Wholesale-4-660x660.webp 660w\" sizes=\"(max-width: 2048px) 100vw, 2048px\" \/><\/figure>\n<\/div>\n\n\n\n<div class=\"wp-block-column is-layout-flow wp-block-column-is-layout-flow\">\n<figure class=\"wp-block-image size-full\"><img decoding=\"async\" width=\"723\" height=\"723\" src=\"https:\/\/www.chancescook.com\/wp-content\/uploads\/2026\/01\/Custom-Stainless-Steel-Measuring-Cup-Wholesale-3.webp\" alt=\"Taza medidora de acero inoxidable al por mayor (3)\" class=\"wp-image-5965\" srcset=\"https:\/\/www.chancescook.com\/wp-content\/uploads\/2026\/01\/Custom-Stainless-Steel-Measuring-Cup-Wholesale-3.webp 723w, https:\/\/www.chancescook.com\/wp-content\/uploads\/2026\/01\/Custom-Stainless-Steel-Measuring-Cup-Wholesale-3-300x300.webp 300w, https:\/\/www.chancescook.com\/wp-content\/uploads\/2026\/01\/Custom-Stainless-Steel-Measuring-Cup-Wholesale-3-150x150.webp 150w, https:\/\/www.chancescook.com\/wp-content\/uploads\/2026\/01\/Custom-Stainless-Steel-Measuring-Cup-Wholesale-3-12x12.webp 12w, https:\/\/www.chancescook.com\/wp-content\/uploads\/2026\/01\/Custom-Stainless-Steel-Measuring-Cup-Wholesale-3-285x285.webp 285w, https:\/\/www.chancescook.com\/wp-content\/uploads\/2026\/01\/Custom-Stainless-Steel-Measuring-Cup-Wholesale-3-270x270.webp 270w, https:\/\/www.chancescook.com\/wp-content\/uploads\/2026\/01\/Custom-Stainless-Steel-Measuring-Cup-Wholesale-3-540x540.webp 540w, https:\/\/www.chancescook.com\/wp-content\/uploads\/2026\/01\/Custom-Stainless-Steel-Measuring-Cup-Wholesale-3-660x660.webp 660w\" sizes=\"(max-width: 723px) 100vw, 723px\" \/><\/figure>\n<\/div>\n<\/div>","protected":false},"excerpt":{"rendered":"<p>F\u00e1brica directa personalizada de acero inoxidable taza de medir al por mayor con OEM y ODM servicio. MOQ flexible, control de calidad estable y plazo de entrega r\u00e1pido. Exportado a m\u00e1s de 200 pa\u00edses con rica experiencia en exportaci\u00f3n, capacidad de producci\u00f3n confiable y entrega r\u00e1pida global para distribuidores y marcas.<\/p>\n<h2>Caracter\u00edsticas y ventajas del vaso medidor de acero inoxidable personalizado<\/h2>\n<ol>\n<li><strong>Acero inoxidable de alta calidad<\/strong>: Fabricado con material de acero inoxidable de alta calidad, este vaso medidor personalizado de acero inoxidable es duradero y resistente a la corrosi\u00f3n, lo que garantiza que no se deforme ni se oxide para un uso prolongado y proporciona una experiencia fiable y duradera.<\/li>\n<li><strong>Elecci\u00f3n de tama\u00f1o m\u00faltiple:<\/strong> Proporcionan m\u00faltiples opciones de tama\u00f1o para satisfacer diferentes necesidades, ya sea para uso dom\u00e9stico o profesional en una cafeter\u00eda, puede encontrar la capacidad adecuada.<\/li>\n<li><strong>Dise\u00f1o a escala:<\/strong> Marcas de escala incorporadas para un control preciso de la cantidad de leche o caf\u00e9 utilizada, f\u00e1cil de producir, y garantizar la espuma de caf\u00e9 o leche perfecta en todo momento.<\/li>\n<li><strong>Herramienta profesional para el arte del caf\u00e9:<\/strong> Dise\u00f1ado para artistas del caf\u00e9 y baristas, el dise\u00f1o aerodin\u00e1mico de la boquilla permite crear creaciones de tirada f\u00e1cil y mejorar el arte del caf\u00e9.<\/li>\n<li><strong>Uso multifuncional:<\/strong> No s\u00f3lo es adecuada para espumar leche y espumar leche, sino que tambi\u00e9n se puede utilizar para calentar leche, hacer caf\u00e9, preparar chocolate caliente, etc., una m\u00e1quina para m\u00faltiples usos.<\/li>\n<li><strong>Asa c\u00f3moda<\/strong>: Mango de dise\u00f1o ergon\u00f3mico, agarre c\u00f3modo, f\u00e1cil de manejar, reduce la fatiga del uso prolongado.<\/li>\n<li><strong>Aspecto moderno<\/strong>: Plata\/negro\/oro y otros colores cl\u00e1sicos est\u00e1n disponibles, simple y generoso, adecuado para una variedad de cocinas y caf\u00e9s\u2019 estilo decorativo.<\/li>\n<li><strong>F\u00e1cil de limpiar:<\/strong> El material de acero inoxidable tiene una superficie lisa, evitando residuos, f\u00e1cil de limpiar, se puede lavar a mano o en el lavavajillas, ahorrando tiempo y trabajo.<\/li>\n<li><strong>Herramienta esencial para el caf\u00e9:<\/strong> Tanto si es un barista profesional como un entusiasta del caf\u00e9, este vaso medidor personalizado de acero inoxidable de varios tama\u00f1os es una herramienta esencial para preparar caf\u00e9 y bebidas a base de leche de alta calidad.<\/li>\n<\/ol>\n<p data-start=\"2026\" data-end=\"2052\"><strong data-start=\"2026\" data-end=\"2052\">Personalizaci\u00f3n y suministro<\/strong><\/p>\n<ul>\n<li data-start=\"2055\" data-end=\"2097\">Ofrezca soluciones personalizadas de vasos medidores<\/li>\n<li data-start=\"2055\" data-end=\"2097\">Producci\u00f3n de vasos medidores de acero inoxidable personalizados OEM y ODM<\/li>\n<\/ul>","protected":false},"featured_media":5967,"comment_status":"closed","ping_status":"closed","template":"","meta":{"_acf_changed":false},"product_brand":[],"product_cat":[56],"product_tag":[],"class_list":{"0":"post-5962","1":"product","2":"type-product","3":"status-publish","4":"has-post-thumbnail","6":"product_cat-wholesale-kitchen-utensils","8":"first","9":"instock","10":"shipping-taxable","11":"product-type-simple"},"acf":[],"_links":{"self":[{"href":"https:\/\/www.chancescook.com\/es\/wp-json\/wp\/v2\/product\/5962","targetHints":{"allow":["GET"]}}],"collection":[{"href":"https:\/\/www.chancescook.com\/es\/wp-json\/wp\/v2\/product"}],"about":[{"href":"https:\/\/www.chancescook.com\/es\/wp-json\/wp\/v2\/types\/product"}],"replies":[{"embeddable":true,"href":"https:\/\/www.chancescook.com\/es\/wp-json\/wp\/v2\/comments?post=5962"}],"wp:featuredmedia":[{"embeddable":true,"href":"https:\/\/www.chancescook.com\/es\/wp-json\/wp\/v2\/media\/5967"}],"wp:attachment":[{"href":"https:\/\/www.chancescook.com\/es\/wp-json\/wp\/v2\/media?parent=5962"}],"wp:term":[{"taxonomy":"product_brand","embeddable":true,"href":"https:\/\/www.chancescook.com\/es\/wp-json\/wp\/v2\/product_brand?post=5962"},{"taxonomy":"product_cat","embeddable":true,"href":"https:\/\/www.chancescook.com\/es\/wp-json\/wp\/v2\/product_cat?post=5962"},{"taxonomy":"product_tag","embeddable":true,"href":"https:\/\/www.chancescook.com\/es\/wp-json\/wp\/v2\/product_tag?post=5962"}],"curies":[{"name":"wp","href":"https:\/\/api.w.org\/{rel}","templated":true}]}}