{"id":5972,"date":"2026-01-31T09:05:29","date_gmt":"2026-01-31T09:05:29","guid":{"rendered":"https:\/\/www.chancescook.com\/?post_type=product&#038;p=5972"},"modified":"2026-01-31T10:22:36","modified_gmt":"2026-01-31T10:22:36","slug":"wholesale-25-piece-kitchenware-set","status":"publish","type":"product","link":"https:\/\/www.chancescook.com\/es\/producto\/wholesale-25-piece-kitchenware-set\/","title":{"rendered":"Mayorista Juego de 25 Utensilios de Cocina: Ollas con Tapa, Sart\u00e9n y Utensilios para Suministro al Por Mayor"},"content":{"rendered":"<div class=\"wp-block-columns is-layout-flex wp-container-core-columns-is-layout-9d6595d7 wp-block-columns-is-layout-flex\">\n<div class=\"wp-block-column is-layout-flow wp-block-column-is-layout-flow\">\n<h2 class=\"wp-block-heading\">Juego de utensilios de cocina premium de 25 piezas Par\u00e1metros\uff1a<\/h2>\n\n\n\n<ul class=\"wp-block-list\">\n<li><strong>Material<\/strong>: SS304<\/li>\n\n\n\n<li><strong>Color<\/strong>: Plata<\/li>\n\n\n\n<li><strong>Abajo:<\/strong> Base encapsulada (SUS+Alu+SUS)<\/li>\n\n\n\n<li><strong>Tapa:<\/strong> Tapas de cristal<\/li>\n<\/ul>\n<\/div>\n\n\n\n<div class=\"wp-block-column is-layout-flow wp-block-column-is-layout-flow\">\n<h2 class=\"wp-block-heading\">Opciones de juegos de cocina personalizados\uff1a<\/h2>\n\n\n\n<ul class=\"wp-block-list\">\n<li><strong>Logotipo:<\/strong> Personalizable con el logotipo de su marca<\/li>\n\n\n\n<li><strong>Mango<\/strong>: Mango a su medida<\/li>\n\n\n\n<li><strong>Embalaje:<\/strong> Caja de color\/Cart\u00f3n, etc<\/li>\n\n\n\n<li><strong><a href=\"https:\/\/www.chancescook.com\/es\/custom-cookware\/\">Soluciones personalizadas OEM y ODM<\/a><\/strong><\/li>\n<\/ul>\n<\/div>\n<\/div>\n\n\n\n<h2 class=\"wp-block-heading\">Desglose detallado del juego de 25 piezas:<\/h2>\n\n\n\n<h3 class=\"wp-block-heading\">Juego de 15 ollas multitama\u00f1o con tapas:<\/h3>\n\n\n\n<p>Nuestra gama principal de utensilios de cocina presenta tama\u00f1os graduados para una preparaci\u00f3n vers\u00e1til de los alimentos, desde cocer salsas a fuego lento hasta cocinar grandes lotes.<\/p>\n\n\n\n<ul class=\"wp-block-list\">\n<li>Olla de 18 cm con tapa<\/li>\n\n\n\n<li>Olla de 20 cm con tapa<\/li>\n\n\n\n<li>Olla de 22 cm con tapa<\/li>\n\n\n\n<li>Olla de 26 cm con tapa<\/li>\n\n\n\n<li>Olla de 28 cm con tapa<\/li>\n\n\n\n<li>Olla de 30 cm con tapa<\/li>\n\n\n\n<li>Olla de 32 cm con tapa<\/li>\n<\/ul>\n\n\n\n<h3 class=\"wp-block-heading\">Sart\u00e9n resistente de 1 pieza:<\/h3>\n\n\n\n<ul class=\"wp-block-list\">\n<li>Sart\u00e9n de 24 cm. Una sart\u00e9n vers\u00e1til perfecta para saltear y fre\u00edr a diario.<\/li>\n<\/ul>\n\n\n\n<h3 class=\"wp-block-heading\">Juego de utensilios Essential de 10 piezas (acero inoxidable):<\/h3>\n\n\n\n<p>Este amplio kit de utensilios cubre todas las necesidades b\u00e1sicas de manipulaci\u00f3n de alimentos.<\/p>\n\n\n\n<ul class=\"wp-block-list\">\n<li>3 cucharas grandes<\/li>\n\n\n\n<li>4 x Horquillas<\/li>\n\n\n\n<li>2 cuchillos<\/li>\n\n\n\n<li>1 x Desnatador\/Colador<\/li>\n<\/ul>\n\n\n\n<h2 class=\"wp-block-heading\">Lo \u00faltimo en menaje de cocina de 25 piezas para compradores y distribuidores a granel<\/h2>\n\n\n\n<p>Agilice su cadena de suministro con nuestro juego de utensilios de cocina todo en uno de 25 piezas para mayoristas, dise\u00f1ado espec\u00edficamente para distribuidores de equipos de cocina comercial, empresas de suministros para restaurantes y redes de aprovisionamiento para hoteles. Este completo paquete ofrece un valor excepcional y satisface las necesidades b\u00e1sicas de cualquier cocina profesional con una \u00fanica referencia de alta calidad.<\/p>\n\n\n\n<p><em><a href=\"https:\/\/www.chancescook.com\/es\/contact\/\" data-type=\"page\" data-id=\"2990\">El fabricante de utensilios de cocina Chancescook ofrece precios de f\u00e1brica y servicios de personalizaci\u00f3n OEM. P\u00f3ngase en contacto con nosotros para obtener el mejor presupuesto de un fabricante de utensilios de cocina fiable.<\/a><\/em><\/p>\n\n\n\n<div class=\"wp-block-columns is-layout-flex wp-container-core-columns-is-layout-9d6595d7 wp-block-columns-is-layout-flex\">\n<div class=\"wp-block-column is-layout-flow wp-block-column-is-layout-flow\" style=\"flex-basis:40%\">\n<figure class=\"wp-block-image size-full\"><img decoding=\"async\" width=\"4608\" height=\"3456\" src=\"https:\/\/www.chancescook.com\/wp-content\/uploads\/2025\/07\/wholesale-cookware-manufacturer-chances-0-edited.webp\" alt=\"China Fabricante de utensilios de cocina-Chancescook\" class=\"wp-image-5085\" srcset=\"https:\/\/www.chancescook.com\/wp-content\/uploads\/2025\/07\/wholesale-cookware-manufacturer-chances-0-edited.webp 4608w, https:\/\/www.chancescook.com\/wp-content\/uploads\/2025\/07\/wholesale-cookware-manufacturer-chances-0-edited-300x225.webp 300w, https:\/\/www.chancescook.com\/wp-content\/uploads\/2025\/07\/wholesale-cookware-manufacturer-chances-0-edited-768x576.webp 768w, https:\/\/www.chancescook.com\/wp-content\/uploads\/2025\/07\/wholesale-cookware-manufacturer-chances-0-edited-16x12.webp 16w, https:\/\/www.chancescook.com\/wp-content\/uploads\/2025\/07\/wholesale-cookware-manufacturer-chances-0-edited-285x214.webp 285w, https:\/\/www.chancescook.com\/wp-content\/uploads\/2025\/07\/wholesale-cookware-manufacturer-chances-0-edited-1600x1200.webp 1600w, https:\/\/www.chancescook.com\/wp-content\/uploads\/2025\/07\/wholesale-cookware-manufacturer-chances-0-edited-800x600.webp 800w, https:\/\/www.chancescook.com\/wp-content\/uploads\/2025\/07\/wholesale-cookware-manufacturer-chances-0-edited-660x495.webp 660w, https:\/\/www.chancescook.com\/wp-content\/uploads\/2025\/07\/wholesale-cookware-manufacturer-chances-0-edited-150x113.webp 150w\" sizes=\"(max-width: 4608px) 100vw, 4608px\" \/><\/figure>\n<\/div>\n\n\n\n<div class=\"wp-block-column is-layout-flow wp-block-column-is-layout-flow\">\n<figure class=\"wp-block-embed is-type-video is-provider-youtube wp-block-embed-youtube wp-embed-aspect-16-9 wp-has-aspect-ratio\"><div class=\"wp-block-embed__wrapper\">\n<iframe title=\"C\u00f3mo se fabrican los utensilios de cocina || Fabricaci\u00f3n en serie de utensilios de cocina en China\" width=\"940\" height=\"529\" src=\"https:\/\/www.youtube.com\/embed\/isoIOWUCi5s?feature=oembed\" frameborder=\"0\" allow=\"accelerometer; autoplay; clipboard-write; encrypted-media; gyroscope; picture-in-picture; web-share\" referrerpolicy=\"strict-origin-when-cross-origin\" allowfullscreen><\/iframe>\n<\/div><\/figure>\n<\/div>\n<\/div>\n\n\n\n<p><\/p>","protected":false},"excerpt":{"rendered":"<p>Obtenga al por mayor juegos completos de utensilios de cocina comerciales de 25 piezas. Nuestro paquete B2B incluye 7 ollas con tapa, una sart\u00e9n y 17 utensilios esenciales. Ideal para proveedores de restaurantes y cadenas hoteleras. Obtenga precios al por mayor para juegos de cocina.<\/p>\n<h3>Juego de utensilios de cocina de 25 piezas Caracter\u00edsticas:<\/h3>\n<ul>\n<li><strong>Soluci\u00f3n de inventario todo en uno:<\/strong> Simplifique los pedidos y el almacenamiento con un \u00fanico y completo art\u00edculo al por mayor de juego de cocina de 25 piezas. Perfecto para exportadores de utensilios de cocina y proveedores al por mayor.<\/li>\n<li><strong>Disponibilidad operativa inmediata<\/strong>: Proporciona todo lo necesario para equipar una nueva estaci\u00f3n de cocina, por lo que es ideal para kits de puesta en marcha de restaurantes, empresas de catering y suites de apartamentos de hotel.<\/li>\n<li><strong>Rentabilidad y mayores m\u00e1rgenes<\/strong>: Benef\u00edciese de ahorros significativos gracias a los precios mayoristas combinados. Atractivos precios por pal\u00e9 y descuentos en las cantidades m\u00ednimas para pedidos de gran volumen.<\/li>\n<li><strong>Durabilidad garantizada:<\/strong> Fabricados para soportar las exigencias del uso comercial, lo que garantiza su longevidad y reduce la frecuencia de sustituci\u00f3n para los usuarios finales.<\/li>\n<\/ul>\n<h3>Mercados a los que va dirigido este set de 25 piezas:<\/h3>\n<ul>\n<li>Distribuidores y mayoristas de servicios alimentarios<\/li>\n<li>Grupos hoteleros y cadenas hoteleras<\/li>\n<li>Franquicias de restaurantes y cafeter\u00edas<\/li>\n<li>Oficina corporativa y catering institucional<\/li>\n<li>Cocinas para instituciones p\u00fablicas y educativas<\/li>\n<li>Exportadores a mercados mundiales de equipos de cocina<\/li>\n<li>Su socio para paquetes rentables de menaje de cocina<\/li>\n<\/ul>\n<p>Somos un fabricante y proveedor de confianza de conjuntos de cocina comerciales de gran volumen. Nos centramos en ofrecer productos fiables, una log\u00edstica sin fisuras y precios B2B competitivos para que los conjuntos de cocina le ayuden a hacer crecer su negocio.<\/p>\n<p>&nbsp;<\/p>\n<p>&nbsp;<\/p>","protected":false},"featured_media":5973,"comment_status":"closed","ping_status":"closed","template":"","meta":{"_acf_changed":false},"product_brand":[],"product_cat":[53],"product_tag":[],"class_list":{"0":"post-5972","1":"product","2":"type-product","3":"status-publish","4":"has-post-thumbnail","6":"product_cat-wholesale-cookware-sets","8":"first","9":"instock","10":"shipping-taxable","11":"product-type-simple"},"acf":[],"_links":{"self":[{"href":"https:\/\/www.chancescook.com\/es\/wp-json\/wp\/v2\/product\/5972","targetHints":{"allow":["GET"]}}],"collection":[{"href":"https:\/\/www.chancescook.com\/es\/wp-json\/wp\/v2\/product"}],"about":[{"href":"https:\/\/www.chancescook.com\/es\/wp-json\/wp\/v2\/types\/product"}],"replies":[{"embeddable":true,"href":"https:\/\/www.chancescook.com\/es\/wp-json\/wp\/v2\/comments?post=5972"}],"wp:featuredmedia":[{"embeddable":true,"href":"https:\/\/www.chancescook.com\/es\/wp-json\/wp\/v2\/media\/5973"}],"wp:attachment":[{"href":"https:\/\/www.chancescook.com\/es\/wp-json\/wp\/v2\/media?parent=5972"}],"wp:term":[{"taxonomy":"product_brand","embeddable":true,"href":"https:\/\/www.chancescook.com\/es\/wp-json\/wp\/v2\/product_brand?post=5972"},{"taxonomy":"product_cat","embeddable":true,"href":"https:\/\/www.chancescook.com\/es\/wp-json\/wp\/v2\/product_cat?post=5972"},{"taxonomy":"product_tag","embeddable":true,"href":"https:\/\/www.chancescook.com\/es\/wp-json\/wp\/v2\/product_tag?post=5972"}],"curies":[{"name":"wp","href":"https:\/\/api.w.org\/{rel}","templated":true}]}}