{"id":6006,"date":"2026-02-24T07:09:01","date_gmt":"2026-02-24T07:09:01","guid":{"rendered":"https:\/\/www.chancescook.com\/?post_type=product&#038;p=6006"},"modified":"2026-03-11T09:03:52","modified_gmt":"2026-03-11T09:03:52","slug":"stainless-steel-cutlery-set-wholesale","status":"publish","type":"product","link":"https:\/\/www.chancescook.com\/es\/producto\/stainless-steel-cutlery-set-wholesale\/","title":{"rendered":"Juego de cubiertos de acero inoxidable al por mayor 6 piezas ( 2 cuchillos, 4 tenedores)"},"content":{"rendered":"<div class=\"wp-block-columns is-layout-flex wp-container-core-columns-is-layout-9d6595d7 wp-block-columns-is-layout-flex\">\n<div class=\"wp-block-column is-layout-flow wp-block-column-is-layout-flow\">\n<h2 class=\"wp-block-heading\">Par\u00e1metros del juego de cubiertos de acero inoxidable Premium<\/h2>\n\n\n\n<ul class=\"wp-block-list\">\n<li><strong>Material<\/strong>: Cuchillos:420,Tenedor:304<\/li>\n\n\n\n<li><strong>Grosor normal<\/strong>: 3,0 mm<\/li>\n\n\n\n<li><strong>Tama\u00f1o:<\/strong>Cuchillos:23cm,Tenedor:22cm<\/li>\n\n\n\n<li><strong>Color:<\/strong> Plata<\/li>\n\n\n\n<li><strong>Logotipo<\/strong>: Grabado por l\u00e1ser<\/li>\n\n\n\n<li><strong>Nota: <\/strong>Apoyo a la inspecci\u00f3n de calidad de pedidos de lotes peque\u00f1os<\/li>\n<\/ul>\n<\/div>\n\n\n\n<div class=\"wp-block-column is-layout-flow wp-block-column-is-layout-flow\">\n<h2 class=\"wp-block-heading\">Opciones de juego de cubiertos personalizados<\/h2>\n\n\n\n<ul class=\"wp-block-list\">\n<li><strong>Acero inoxidable:<\/strong>\u00a0Acero inoxidable 18\/10, 304, 316, 410, 430, 420<\/li>\n\n\n\n<li><strong>Logotipo:<\/strong>\u00a0Grabado por l\u00e1ser, serigraf\u00eda, impresi\u00f3n UV, impresi\u00f3n por transferencia t\u00e9rmica, gofrado, etc.<\/li>\n\n\n\n<li><strong>Embalaje:<\/strong>\u00a04\/8\/12\/16\/20\/24\/45\/48\/72pcs set<\/li>\n\n\n\n<li><strong>Acabados superficiales:<\/strong>\u00a0Pulido espejo, mate, pulido al agua, capa de titanio<\/li>\n\n\n\n<li><strong>Embalaje:<\/strong>\u00a0A granel, bolsa opp, caja de color, caja de regalo, personalizado<\/li>\n<\/ul>\n<\/div>\n<\/div>\n\n\n\n<div class=\"wp-block-columns is-layout-flex wp-container-core-columns-is-layout-9d6595d7 wp-block-columns-is-layout-flex\">\n<div class=\"wp-block-column is-layout-flow wp-block-column-is-layout-flow\">\n<h2 class=\"wp-block-heading\"><strong>Ideal para compradores B2B<\/strong><\/h2>\n\n\n\n<p><strong>Restaurantes y caf\u00e9s<\/strong>: Eleve la presentaci\u00f3n de la mesa al tiempo que garantiza la durabilidad para un servicio de gran volumen.<\/p>\n\n\n\n<p><strong>Hosteler\u00eda<\/strong>: Impresione a sus hu\u00e9spedes con una cuberter\u00eda funcional y de primera calidad, acorde con los est\u00e1ndares de la hosteler\u00eda de lujo.<\/p>\n\n\n\n<p><strong>Comedor institucional<\/strong>: Cumplen los requisitos de higiene y durabilidad de escuelas, hospitales y cafeter\u00edas de empresa.<\/p>\n\n\n\n<p>Este juego de cubiertos es m\u00e1s que una simple vajilla: es una inversi\u00f3n estrat\u00e9gica en eficacia operativa, satisfacci\u00f3n del cliente y reputaci\u00f3n de marca para su negocio de restauraci\u00f3n.<\/p>\n<\/div>\n\n\n\n<div class=\"wp-block-column is-layout-flow wp-block-column-is-layout-flow\"><\/div>\n<\/div>","protected":false},"excerpt":{"rendered":"<p>Bienvenido a comprar nuestro juego de cubiertos de acero inoxidable al por mayor. Este juego de 6 piezas (2 cuchillos, 4 tenedores) est\u00e1 fabricado en acero inoxidable duradero y resistente a la oxidaci\u00f3n con un elegante acabado, ideal para restaurantes, catering y uso dom\u00e9stico. Admite OEM\/ODM con descuentos por volumen. P\u00f3ngase en contacto con nosotros para solicitar un presupuesto.<\/p>\n<h2 class=\"wp-block-heading\">Juego de cubiertos de acero inoxidable Caracter\u00edsticas:<\/h2>\n<p>&nbsp;<\/p>\n<ol>\n<li><strong>Construcci\u00f3n de acero inoxidable 304 de primera calidad<\/strong>: Fabricado en acero inoxidable 304 de alta calidad para uso alimentario, este juego de cubiertos de acero inoxidable al por mayor ofrece una excelente resistencia a la corrosi\u00f3n, durabilidad y larga vida \u00fatil. Dise\u00f1ado para resistir el uso diario intensivo y el lavado frecuente de vajilla comercial, ayuda a reducir los costes de sustituci\u00f3n para restaurantes y negocios de catering.<\/li>\n<li><strong>Mango de dise\u00f1o texturizado \u00fanico:<\/strong> El elegante mango con textura de escama de pescado mejora la comodidad de agarre a la vez que a\u00f1ade un atractivo visual distintivo y de primera calidad. El dise\u00f1o ergon\u00f3mico y antideslizante mejora la experiencia gastron\u00f3mica y complementa la decoraci\u00f3n moderna de las mesas.<\/li>\n<li><strong>Pulido y f\u00e1cil de mantener:<\/strong> Con una superficie lisa y pulida a espejo, esta cuberter\u00eda de acero inoxidable resiste la acumulaci\u00f3n de residuos de alimentos y se puede limpiar en lavavajillas comerciales. Garantiza un saneamiento eficaz y cumple las estrictas normas de higiene en entornos de restauraci\u00f3n.<\/li>\n<li><strong>M\u00faltiples opciones de color y personalizaci\u00f3n:<\/strong> Disponibles en plata cl\u00e1sica, oro rosa elegante, negro moderno, arco iris y otros acabados personalizables. Ofrecemos servicios OEM\/ODM, como grabado de logotipos, marcado por l\u00e1ser y embalaje personalizado, para satisfacer las necesidades de marca de los compradores mayoristas.<\/li>\n<li><strong>Aplicaciones comerciales vers\u00e1tiles:<\/strong> Este juego de 6 piezas (2 cuchillos para carne + 4 tenedores para cena) es ideal para hoteles, restaurantes, cafeter\u00edas, salones de banquetes y servicios de catering. Perfecto para la adquisici\u00f3n a granel y la estandarizaci\u00f3n en m\u00faltiples ubicaciones.<\/li>\n<li><strong>Compras rentables a granel:<\/strong> Como proveedor profesional de juegos de cubiertos de acero inoxidable al por mayor, ofrecemos precios competitivos directos de f\u00e1brica, calidad estable y capacidad de producci\u00f3n fiable a gran escala. P\u00f3ngase en contacto con nosotros hoy mismo para obtener descuentos por volumen y soluciones de personalizaci\u00f3n.<\/li>\n<\/ol>","protected":false},"featured_media":6007,"comment_status":"closed","ping_status":"closed","template":"","meta":{"_acf_changed":false},"product_brand":[],"product_cat":[55],"product_tag":[],"class_list":{"0":"post-6006","1":"product","2":"type-product","3":"status-publish","4":"has-post-thumbnail","6":"product_cat-tableware-wholesale","8":"first","9":"instock","10":"shipping-taxable","11":"product-type-simple"},"acf":[],"_links":{"self":[{"href":"https:\/\/www.chancescook.com\/es\/wp-json\/wp\/v2\/product\/6006","targetHints":{"allow":["GET"]}}],"collection":[{"href":"https:\/\/www.chancescook.com\/es\/wp-json\/wp\/v2\/product"}],"about":[{"href":"https:\/\/www.chancescook.com\/es\/wp-json\/wp\/v2\/types\/product"}],"replies":[{"embeddable":true,"href":"https:\/\/www.chancescook.com\/es\/wp-json\/wp\/v2\/comments?post=6006"}],"wp:featuredmedia":[{"embeddable":true,"href":"https:\/\/www.chancescook.com\/es\/wp-json\/wp\/v2\/media\/6007"}],"wp:attachment":[{"href":"https:\/\/www.chancescook.com\/es\/wp-json\/wp\/v2\/media?parent=6006"}],"wp:term":[{"taxonomy":"product_brand","embeddable":true,"href":"https:\/\/www.chancescook.com\/es\/wp-json\/wp\/v2\/product_brand?post=6006"},{"taxonomy":"product_cat","embeddable":true,"href":"https:\/\/www.chancescook.com\/es\/wp-json\/wp\/v2\/product_cat?post=6006"},{"taxonomy":"product_tag","embeddable":true,"href":"https:\/\/www.chancescook.com\/es\/wp-json\/wp\/v2\/product_tag?post=6006"}],"curies":[{"name":"wp","href":"https:\/\/api.w.org\/{rel}","templated":true}]}}