{"id":6008,"date":"2026-02-24T07:13:08","date_gmt":"2026-02-24T07:13:08","guid":{"rendered":"https:\/\/www.chancescook.com\/?post_type=product&#038;p=6008"},"modified":"2026-03-11T09:02:26","modified_gmt":"2026-03-11T09:02:26","slug":"wholesale-kitchen-serving-utensils","status":"publish","type":"product","link":"https:\/\/www.chancescook.com\/es\/producto\/wholesale-kitchen-serving-utensils\/","title":{"rendered":"Mayorista Utensilios de Cocina para Fiestas, Set de 3 Cucharas de Acero Inoxidable"},"content":{"rendered":"<div class=\"wp-block-columns is-layout-flex wp-container-core-columns-is-layout-9d6595d7 wp-block-columns-is-layout-flex\">\n<div class=\"wp-block-column is-layout-flow wp-block-column-is-layout-flow\">\n<h2 class=\"wp-block-heading\">Mayorista Utensilios de Cocina Par\u00e1metros <\/h2>\n\n\n\n<ul class=\"wp-block-list\">\n<li><strong>Material:<\/strong> 304\/201<\/li>\n\n\n\n<li><strong>Grosor normal<\/strong>: 2,0 mm<\/li>\n\n\n\n<li><strong>Tama\u00f1o:<\/strong>23 cm<\/li>\n\n\n\n<li><strong>Color:<\/strong> Plata<\/li>\n\n\n\n<li><strong>Logotipo:<\/strong> Grabado por l\u00e1ser<\/li>\n\n\n\n<li><strong>Nota: <\/strong>Apoyo a la inspecci\u00f3n de calidad de pedidos de lotes peque\u00f1os<\/li>\n<\/ul>\n<\/div>\n\n\n\n<div class=\"wp-block-column is-layout-flow wp-block-column-is-layout-flow\">\n<h2 class=\"wp-block-heading\">Opciones de utensilios de cocina personalizados<\/h2>\n\n\n\n<ul class=\"wp-block-list\">\n<li><strong>Acero inoxidable:<\/strong>&nbsp;Acero inoxidable 18\/10, 304, 316, 410, 430, 420<\/li>\n\n\n\n<li><strong>Logotipo:<\/strong>&nbsp;Grabado por l\u00e1ser, serigraf\u00eda, impresi\u00f3n UV, impresi\u00f3n por transferencia t\u00e9rmica, gofrado, etc.<\/li>\n\n\n\n<li><strong>Embalaje:<\/strong>&nbsp;4\/8\/12\/16\/20\/24\/45\/48\/72pcs set<\/li>\n\n\n\n<li><strong>Acabados superficiales:<\/strong>&nbsp;Pulido espejo, mate, pulido al agua, capa de titanio<\/li>\n\n\n\n<li><strong>Embalaje:<\/strong>&nbsp;A granel, bolsa opp, caja de color, caja de regalo, personalizado<\/li>\n<\/ul>\n<\/div>\n<\/div>\n\n\n\n<div class=\"wp-block-columns is-layout-flex wp-container-core-columns-is-layout-9d6595d7 wp-block-columns-is-layout-flex\">\n<div class=\"wp-block-column is-layout-flow wp-block-column-is-layout-flow\">\n<h2 class=\"wp-block-heading\"><strong>Ideal para compradores B2B<\/strong><\/h2>\n\n\n\n<p><strong>Restaurantes y caf\u00e9s<\/strong>: Agilice los procesos de cocci\u00f3n y servicio con herramientas duraderas y vers\u00e1tiles que resisten un servicio de gran volumen.<\/p>\n\n\n\n<p><strong>Hosteler\u00eda<\/strong>: Impresione a sus clientes con utensilios de calidad profesional que mejoran la presentaci\u00f3n de los alimentos y la eficiencia operativa.<\/p>\n\n\n\n<p><strong>Cocinas institucionales<\/strong>: Cumplen los requisitos de durabilidad e higiene de escuelas, hospitales y cafeter\u00edas de empresa.<\/p>\n\n\n\n<p>Este juego de utensilios de cocina es una inversi\u00f3n estrat\u00e9gica en eficiencia operativa, seguridad alimentaria y reputaci\u00f3n de marca para su negocio de restauraci\u00f3n.<\/p>\n<\/div>\n\n\n\n<div class=\"wp-block-column is-layout-flow wp-block-column-is-layout-flow\">\n<figure class=\"wp-block-image size-full\"><img decoding=\"async\" width=\"800\" height=\"800\" src=\"https:\/\/www.chancescook.com\/wp-content\/uploads\/2026\/02\/Wholesale-Kitchen-Serving-Utensils-for-Parties.webp\" alt=\"Mayorista Utensilios de Cocina para Fiestas\" class=\"wp-image-6009\" srcset=\"https:\/\/www.chancescook.com\/wp-content\/uploads\/2026\/02\/Wholesale-Kitchen-Serving-Utensils-for-Parties.webp 800w, https:\/\/www.chancescook.com\/wp-content\/uploads\/2026\/02\/Wholesale-Kitchen-Serving-Utensils-for-Parties-300x300.webp 300w, https:\/\/www.chancescook.com\/wp-content\/uploads\/2026\/02\/Wholesale-Kitchen-Serving-Utensils-for-Parties-150x150.webp 150w, https:\/\/www.chancescook.com\/wp-content\/uploads\/2026\/02\/Wholesale-Kitchen-Serving-Utensils-for-Parties-768x768.webp 768w, https:\/\/www.chancescook.com\/wp-content\/uploads\/2026\/02\/Wholesale-Kitchen-Serving-Utensils-for-Parties-12x12.webp 12w, https:\/\/www.chancescook.com\/wp-content\/uploads\/2026\/02\/Wholesale-Kitchen-Serving-Utensils-for-Parties-285x285.webp 285w, https:\/\/www.chancescook.com\/wp-content\/uploads\/2026\/02\/Wholesale-Kitchen-Serving-Utensils-for-Parties-270x270.webp 270w, https:\/\/www.chancescook.com\/wp-content\/uploads\/2026\/02\/Wholesale-Kitchen-Serving-Utensils-for-Parties-540x540.webp 540w, https:\/\/www.chancescook.com\/wp-content\/uploads\/2026\/02\/Wholesale-Kitchen-Serving-Utensils-for-Parties-660x660.webp 660w\" sizes=\"(max-width: 800px) 100vw, 800px\" \/><\/figure>\n<\/div>\n<\/div>","protected":false},"excerpt":{"rendered":"<p>Bienvenido a comprar nuestros utensilios de cocina al por mayor para fiestas, este juego de cucharas de acero inoxidable de 3 piezas incluye una cuchara ranurada, una cuchara s\u00f3lida y una espumadera. Fabricado en acero inoxidable de calidad alimentaria con un acabado pulido, es resistente al \u00f3xido, f\u00e1cil de limpiar y adecuado para buffets, catering, restaurantes y fiestas. Personalizaci\u00f3n OEM\/ODM y descuentos por volumen disponibles. P\u00f3ngase en contacto con nosotros para solicitar un presupuesto.<\/p>\n<h2 class=\"wp-block-heading\">Mayorista Utensilios de Cocina Caracter\u00edsticas:<\/h2>\n<p>&nbsp;<\/p>\n<ol>\n<li>\n<p data-start=\"98\" data-end=\"495\"><strong data-start=\"98\" data-end=\"132\">Durabilidad comercial<\/strong><br data-start=\"132\" data-end=\"135\" \/>Fabricadas en acero inoxidable de calidad alimentaria y resistente a la corrosi\u00f3n, estas <strong data-start=\"203\" data-end=\"253\">venta al por mayor utensilios de cocina para fiestas<\/strong> est\u00e1n dise\u00f1adas para un uso diario intensivo, cocci\u00f3n a alta temperatura y ciclos repetidos de lavavajillas comercial. Su construcci\u00f3n resistente y engrosada garantiza un rendimiento duradero y reduce los costes de sustituci\u00f3n para empresas de catering y hosteler\u00eda.<\/p>\n<\/li>\n<li>\n<p data-start=\"98\" data-end=\"495\"><strong data-start=\"497\" data-end=\"535\">Funcionalidad vers\u00e1til de 3 piezas<\/strong><br data-start=\"535\" data-end=\"538\" \/>Este set incluye:<\/p>\n<ul data-start=\"559\" data-end=\"821\">\n<li data-start=\"559\" data-end=\"637\">\n<p data-start=\"561\" data-end=\"637\"><strong data-start=\"561\" data-end=\"578\">Cuchara ranurada<\/strong> - Ideal para escurrir pasta, verduras y alimentos fritos.<\/p>\n<\/li>\n<li data-start=\"638\" data-end=\"718\">\n<p data-start=\"640\" data-end=\"718\"><strong data-start=\"640\" data-end=\"663\">Cuchara de servir maciza<\/strong> - Perfecto para sopas, arroces, guisos y platos salseados.<\/p>\n<\/li>\n<li data-start=\"719\" data-end=\"821\">\n<p data-start=\"721\" data-end=\"821\"><strong data-start=\"721\" data-end=\"732\">Desnatador<\/strong> - Dise\u00f1ado para eliminar espuma, aceite o peque\u00f1as part\u00edculas de alimentos de caldos y aceite de fritura.<\/p>\n<\/li>\n<\/ul>\n<p data-start=\"823\" data-end=\"988\">Como profesional <strong data-start=\"839\" data-end=\"889\">venta al por mayor utensilios de cocina para fiestas<\/strong>, Este completo juego agiliza las operaciones de cocina al tiempo que reduce la necesidad de utilizar varias herramientas.<\/p>\n<\/li>\n<li>\n<p data-start=\"823\" data-end=\"988\"><strong data-start=\"990\" data-end=\"1024\">Dise\u00f1o ergon\u00f3mico e higi\u00e9nico<\/strong><br data-start=\"1024\" data-end=\"1027\" \/>Los mangos largos y contorneados proporcionan un agarre seguro y c\u00f3modo, incluso durante un servicio prolongado. La superficie pulida a espejo sin juntas resiste la acumulaci\u00f3n de residuos de alimentos y cumple estrictas normas de higiene. Cada asa dispone de un orificio para colgarla, lo que facilita el almacenamiento y el acceso.<\/p>\n<\/li>\n<li>\n<p data-start=\"823\" data-end=\"988\"><strong data-start=\"1294\" data-end=\"1324\">Aspecto profesional<\/strong><br data-start=\"1324\" data-end=\"1327\" \/>El acabado liso y pulido realza las l\u00edneas de buffet, el servicio de banquetes y las presentaciones de cocina abierta. Su dise\u00f1o uniforme y moderno complementa la decoraci\u00f3n de hoteles, restaurantes, caterings y servicios de fiesta.<\/p>\n<\/li>\n<li>\n<p data-start=\"823\" data-end=\"988\"><strong data-start=\"1534\" data-end=\"1567\">Suministro rentable a granel<\/strong><br data-start=\"1567\" data-end=\"1570\" \/>Disponible para pedidos al por mayor con precios directos de f\u00e1brica, este juego de utensilios es ideal para estandarizar los utensilios de cocina en operaciones a gran escala. Ofrecemos servicios de personalizaci\u00f3n OEM\/ODM, grabado de logotipos y embalaje para satisfacer sus necesidades de venta al por mayor.<\/p>\n<\/li>\n<\/ol>","protected":false},"featured_media":6009,"comment_status":"closed","ping_status":"closed","template":"","meta":{"_acf_changed":false},"product_brand":[],"product_cat":[55],"product_tag":[],"class_list":{"0":"post-6008","1":"product","2":"type-product","3":"status-publish","4":"has-post-thumbnail","6":"product_cat-tableware-wholesale","8":"first","9":"instock","10":"shipping-taxable","11":"product-type-simple"},"acf":[],"_links":{"self":[{"href":"https:\/\/www.chancescook.com\/es\/wp-json\/wp\/v2\/product\/6008","targetHints":{"allow":["GET"]}}],"collection":[{"href":"https:\/\/www.chancescook.com\/es\/wp-json\/wp\/v2\/product"}],"about":[{"href":"https:\/\/www.chancescook.com\/es\/wp-json\/wp\/v2\/types\/product"}],"replies":[{"embeddable":true,"href":"https:\/\/www.chancescook.com\/es\/wp-json\/wp\/v2\/comments?post=6008"}],"wp:featuredmedia":[{"embeddable":true,"href":"https:\/\/www.chancescook.com\/es\/wp-json\/wp\/v2\/media\/6009"}],"wp:attachment":[{"href":"https:\/\/www.chancescook.com\/es\/wp-json\/wp\/v2\/media?parent=6008"}],"wp:term":[{"taxonomy":"product_brand","embeddable":true,"href":"https:\/\/www.chancescook.com\/es\/wp-json\/wp\/v2\/product_brand?post=6008"},{"taxonomy":"product_cat","embeddable":true,"href":"https:\/\/www.chancescook.com\/es\/wp-json\/wp\/v2\/product_cat?post=6008"},{"taxonomy":"product_tag","embeddable":true,"href":"https:\/\/www.chancescook.com\/es\/wp-json\/wp\/v2\/product_tag?post=6008"}],"curies":[{"name":"wp","href":"https:\/\/api.w.org\/{rel}","templated":true}]}}