{"id":6065,"date":"2026-03-14T03:35:13","date_gmt":"2026-03-14T02:45:35","guid":{"rendered":"https:\/\/www.chancescook.com\/?post_type=product&#038;p=6065"},"modified":"2026-03-26T02:11:26","modified_gmt":"2026-03-26T02:11:26","slug":"oem-stock-pot-restaurant-supply","status":"publish","type":"product","link":"https:\/\/www.chancescook.com\/es\/producto\/oem-stock-pot-restaurant-supply\/","title":{"rendered":"OEM Stock Pot Restaurant Supply, utensilios de cocina de acero inoxidable con tapa"},"content":{"rendered":"<div class=\"wp-block-columns is-layout-flex wp-container-core-columns-is-layout-9d6595d7 wp-block-columns-is-layout-flex\">\n<div class=\"wp-block-column is-layout-flow wp-block-column-is-layout-flow\">\n<h2 class=\"wp-block-heading\">Par\u00e1metros de la olla de acero inoxidable con tapa (calidad comercial):<\/h2>\n\n\n\n<ul class=\"wp-block-list\">\n<li><strong>Material:<\/strong> 304\/201<\/li>\n\n\n\n<li><strong>Grosor normal<\/strong>: 0,5 mm<\/li>\n\n\n\n<li><strong>Tama\u00f1o:<\/strong>26\/28\/30\/32 cm<\/li>\n\n\n\n<li><strong>Color:<\/strong> Plata<\/li>\n\n\n\n<li><strong>Logotipo:<\/strong> Grabado por l\u00e1ser<\/li>\n\n\n\n<li><strong>Nota: <\/strong>Apoyo a la inspecci\u00f3n de calidad de pedidos de lotes peque\u00f1os<\/li>\n<\/ul>\n<\/div>\n\n\n\n<div class=\"wp-block-column is-layout-flow wp-block-column-is-layout-flow\">\n<h2 class=\"wp-block-heading\">Opciones personalizadas para ollas:<\/h2>\n\n\n\n<ul class=\"wp-block-list\">\n<li><strong>Logotipo:<\/strong> Personalizable con el logotipo de su marca<\/li>\n\n\n\n<li><strong>Color: <\/strong>Personalizable<\/li>\n\n\n\n<li><strong>Embalaje:<\/strong> Caja de color\/Cart\u00f3n, etc<\/li>\n\n\n\n<li><strong>Asa:<\/strong> Mango a su medida<\/li>\n<\/ul>\n<\/div>\n<\/div>\n\n\n\n<div class=\"wp-block-columns is-layout-flex wp-container-core-columns-is-layout-9d6595d7 wp-block-columns-is-layout-flex\">\n<div class=\"wp-block-column is-layout-flow wp-block-column-is-layout-flow\">\n<figure class=\"wp-block-image size-full\"><img decoding=\"async\" width=\"2508\" height=\"1552\" src=\"https:\/\/www.chancescook.com\/wp-content\/uploads\/2026\/03\/OEM-Stock-Pot-Restaurant-Supply-1.webp\" alt=\"OEM Stock Pot Restaurant Supply -2\" class=\"wp-image-6090\" srcset=\"https:\/\/www.chancescook.com\/wp-content\/uploads\/2026\/03\/OEM-Stock-Pot-Restaurant-Supply-1.webp 2508w, https:\/\/www.chancescook.com\/wp-content\/uploads\/2026\/03\/OEM-Stock-Pot-Restaurant-Supply-1-300x186.webp 300w, https:\/\/www.chancescook.com\/wp-content\/uploads\/2026\/03\/OEM-Stock-Pot-Restaurant-Supply-1-768x475.webp 768w, https:\/\/www.chancescook.com\/wp-content\/uploads\/2026\/03\/OEM-Stock-Pot-Restaurant-Supply-1-18x12.webp 18w, https:\/\/www.chancescook.com\/wp-content\/uploads\/2026\/03\/OEM-Stock-Pot-Restaurant-Supply-1-285x176.webp 285w, https:\/\/www.chancescook.com\/wp-content\/uploads\/2026\/03\/OEM-Stock-Pot-Restaurant-Supply-1-1600x990.webp 1600w, https:\/\/www.chancescook.com\/wp-content\/uploads\/2026\/03\/OEM-Stock-Pot-Restaurant-Supply-1-660x408.webp 660w, https:\/\/www.chancescook.com\/wp-content\/uploads\/2026\/03\/OEM-Stock-Pot-Restaurant-Supply-1-150x93.webp 150w\" sizes=\"(max-width: 2508px) 100vw, 2508px\" \/><\/figure>\n<\/div>\n\n\n\n<div class=\"wp-block-column is-layout-flow wp-block-column-is-layout-flow\">\n<figure class=\"wp-block-image size-full\"><img decoding=\"async\" width=\"2508\" height=\"1554\" src=\"https:\/\/www.chancescook.com\/wp-content\/uploads\/2026\/03\/OEM-Stock-Pot-Restaurant-Supply_1.webp\" alt=\"OEM Stock Pot Restaurant Supply_1\" class=\"wp-image-6091\" srcset=\"https:\/\/www.chancescook.com\/wp-content\/uploads\/2026\/03\/OEM-Stock-Pot-Restaurant-Supply_1.webp 2508w, https:\/\/www.chancescook.com\/wp-content\/uploads\/2026\/03\/OEM-Stock-Pot-Restaurant-Supply_1-300x186.webp 300w, https:\/\/www.chancescook.com\/wp-content\/uploads\/2026\/03\/OEM-Stock-Pot-Restaurant-Supply_1-768x476.webp 768w, https:\/\/www.chancescook.com\/wp-content\/uploads\/2026\/03\/OEM-Stock-Pot-Restaurant-Supply_1-18x12.webp 18w, https:\/\/www.chancescook.com\/wp-content\/uploads\/2026\/03\/OEM-Stock-Pot-Restaurant-Supply_1-285x177.webp 285w, https:\/\/www.chancescook.com\/wp-content\/uploads\/2026\/03\/OEM-Stock-Pot-Restaurant-Supply_1-1600x991.webp 1600w, https:\/\/www.chancescook.com\/wp-content\/uploads\/2026\/03\/OEM-Stock-Pot-Restaurant-Supply_1-660x409.webp 660w, https:\/\/www.chancescook.com\/wp-content\/uploads\/2026\/03\/OEM-Stock-Pot-Restaurant-Supply_1-150x93.webp 150w\" sizes=\"(max-width: 2508px) 100vw, 2508px\" \/><\/figure>\n<\/div>\n<\/div>\n\n\n\n<p><\/p>","protected":false},"excerpt":{"rendered":"<p>Esta olla de acero inoxidable de alta resistencia est\u00e1 dise\u00f1ada para cocinas comerciales exigentes. Como parte de nuestras soluciones de suministro de ollas OEM para restaurantes, cuenta con un cuerpo pulido a espejo, tapa segura y asas ergon\u00f3micas para cocinar grandes vol\u00famenes. Ideal para restaurantes, hoteles y catering, ofrece un rendimiento duradero y eficiente para sopas, caldos, pasta y comidas en grandes cantidades.<\/p>\n<h2><strong><b>Caracter\u00edsticas y ventajas de <\/b><\/strong><strong><b>OEM <\/b><\/strong><strong><b>Olla de acero inoxidable:<\/b><\/strong><\/h2>\n<h3 data-section-id=\"1mqog13\" data-start=\"874\" data-end=\"923\">1. Durabilidad y construcci\u00f3n de calidad comercial<\/h3>\n<p data-start=\"924\" data-end=\"1330\">Fabricada en acero inoxidable apto para uso alimentario y resistente a la corrosi\u00f3n, esta olla soporta la cocci\u00f3n a altas temperaturas, el uso repetido y los frecuentes ciclos del lavavajillas comercial. Su base reforzada evita que se deforme y garantiza una distribuci\u00f3n uniforme del calor, reduciendo los puntos calientes y manteniendo la calidad de los alimentos. Como <strong data-start=\"1222\" data-end=\"1257\">OEM olla restaurante suministro<\/strong>, ofrece una durabilidad que reduce los costes de sustituci\u00f3n de los equipos a largo plazo.<\/p>\n<h3 data-section-id=\"9dy02w\" data-start=\"1332\" data-end=\"1364\">2. Gesti\u00f3n eficiente del calor<\/h3>\n<p data-start=\"1365\" data-end=\"1661\">La base optimizada favorece una conductividad uniforme del calor y es compatible con cocinas de gas, el\u00e9ctricas, de inducci\u00f3n y vitrocer\u00e1micas. La tapa de acero inoxidable herm\u00e9tica ayuda a retener el calor, la humedad y el sabor, mejorando la eficiencia de la cocci\u00f3n y manteniendo la consistencia en las operaciones de cocina de gran volumen.<\/p>\n<h3 data-section-id=\"1uyheyi\" data-start=\"1663\" data-end=\"1695\">3. Manipulaci\u00f3n ergon\u00f3mica y segura<\/h3>\n<p data-start=\"1696\" data-end=\"1917\">Dos asas laterales remachadas y una robusta asa en la tapa proporcionan un agarre seguro y c\u00f3modo incluso cuando la olla est\u00e1 completamente cargada. Las asas de acero inoxidable resistente al calor se mantienen fr\u00edas durante m\u00e1s tiempo, lo que ayuda a reducir el riesgo de quemaduras en las cocinas m\u00e1s ajetreadas.<\/p>\n<h3 data-section-id=\"1mlgf0o\" data-start=\"1919\" data-end=\"1953\">4. Higi\u00e9nico y f\u00e1cil de mantener<\/h3>\n<p data-start=\"1954\" data-end=\"2197\">El interior y el exterior pulidos a espejo resisten los restos de comida y son f\u00e1ciles de limpiar. Las superficies de acero inoxidable no son porosas, lo que evita la retenci\u00f3n de sabores y la contaminaci\u00f3n cruzada. Totalmente apto para lavavajillas, ayuda a agilizar los procesos de saneamiento.<\/p>\n<h3 data-section-id=\"rmdzks\" data-start=\"2199\" data-end=\"2238\">5. Aplicaci\u00f3n comercial vers\u00e1til<\/h3>\n<p data-start=\"2239\" data-end=\"2377\">Disponible en varias capacidades (tama\u00f1os personalizados disponibles para pedidos al por mayor), este <strong data-start=\"2319\" data-end=\"2354\">OEM olla restaurante suministro<\/strong> es ideal para:<\/p>\n<ul data-start=\"2379\" data-end=\"2542\">\n<li data-section-id=\"1h1b3g0\" data-start=\"2379\" data-end=\"2435\">\n<p data-start=\"2381\" data-end=\"2435\">Preparaci\u00f3n de grandes lotes de sopas, caldos y potajes<\/p>\n<\/li>\n<li data-section-id=\"1ys24ak\" data-start=\"2436\" data-end=\"2474\">\n<p data-start=\"2438\" data-end=\"2474\">Cocinar pasta, cereales y legumbres<\/p>\n<\/li>\n<li data-section-id=\"kt2c91\" data-start=\"2475\" data-end=\"2509\">\n<p data-start=\"2477\" data-end=\"2509\">Guisos a fuego lento y chili<\/p>\n<\/li>\n<li data-section-id=\"yordhj\" data-start=\"2510\" data-end=\"2542\">\n<p data-start=\"2512\" data-end=\"2542\">Servicio de catering y banquetes<\/p>\n<\/li>\n<\/ul>\n<p data-start=\"2544\" data-end=\"2638\">Es un utensilio de cocina vers\u00e1til que reduce la necesidad de utilizar varios recipientes para cocinar.<\/p>\n<h3 data-section-id=\"l2qrzw\" data-start=\"2640\" data-end=\"2675\">6. Soluci\u00f3n rentable a granel<\/h3>\n<p data-start=\"2676\" data-end=\"2936\">Dise\u00f1ada para restaurantes, cadenas hoteleras y distribuidores de servicios alimentarios, esta olla est\u00e1 disponible para su compra al por mayor con unos est\u00e1ndares de calidad y dise\u00f1o uniformes. La estandarizaci\u00f3n de los utensilios de cocina en todas las operaciones ayuda a mejorar la eficiencia de la cocina y la fiabilidad de la marca.<\/p>","protected":false},"featured_media":6066,"comment_status":"closed","ping_status":"closed","template":"","meta":{"_acf_changed":false},"product_brand":[],"product_cat":[52,63],"product_tag":[],"class_list":{"0":"post-6065","1":"product","2":"type-product","3":"status-publish","4":"has-post-thumbnail","6":"product_cat-cookware-wholesale","7":"product_cat-stock-pot-wholesale","9":"first","10":"instock","11":"shipping-taxable","12":"product-type-simple"},"acf":[],"_links":{"self":[{"href":"https:\/\/www.chancescook.com\/es\/wp-json\/wp\/v2\/product\/6065","targetHints":{"allow":["GET"]}}],"collection":[{"href":"https:\/\/www.chancescook.com\/es\/wp-json\/wp\/v2\/product"}],"about":[{"href":"https:\/\/www.chancescook.com\/es\/wp-json\/wp\/v2\/types\/product"}],"replies":[{"embeddable":true,"href":"https:\/\/www.chancescook.com\/es\/wp-json\/wp\/v2\/comments?post=6065"}],"wp:featuredmedia":[{"embeddable":true,"href":"https:\/\/www.chancescook.com\/es\/wp-json\/wp\/v2\/media\/6066"}],"wp:attachment":[{"href":"https:\/\/www.chancescook.com\/es\/wp-json\/wp\/v2\/media?parent=6065"}],"wp:term":[{"taxonomy":"product_brand","embeddable":true,"href":"https:\/\/www.chancescook.com\/es\/wp-json\/wp\/v2\/product_brand?post=6065"},{"taxonomy":"product_cat","embeddable":true,"href":"https:\/\/www.chancescook.com\/es\/wp-json\/wp\/v2\/product_cat?post=6065"},{"taxonomy":"product_tag","embeddable":true,"href":"https:\/\/www.chancescook.com\/es\/wp-json\/wp\/v2\/product_tag?post=6065"}],"curies":[{"name":"wp","href":"https:\/\/api.w.org\/{rel}","templated":true}]}}