{"id":6069,"date":"2026-03-14T04:06:54","date_gmt":"2026-03-14T04:06:54","guid":{"rendered":"https:\/\/www.chancescook.com\/?post_type=product&#038;p=6069"},"modified":"2026-03-14T06:15:38","modified_gmt":"2026-03-14T06:15:38","slug":"pasta-food-strainer-basket-wholesale","status":"publish","type":"product","link":"https:\/\/www.chancescook.com\/es\/producto\/pasta-food-strainer-basket-wholesale\/","title":{"rendered":"Pasta \/ Cesta de colador de alimentos al por mayor, cesta de freidora de acero inoxidable"},"content":{"rendered":"<div class=\"wp-block-columns is-layout-flex wp-container-core-columns-is-layout-9d6595d7 wp-block-columns-is-layout-flex\">\n<div class=\"wp-block-column is-layout-flow wp-block-column-is-layout-flow\">\n<h2 class=\"wp-block-heading\">Par\u00e1metros de la cesta Premium para colar pasta \/ alimentos:<\/h2>\n\n\n\n<ul class=\"wp-block-list\">\n<li><strong>Material: <\/strong>Acero inoxidable 304<\/li>\n\n\n\n<li><strong>Grosor:<\/strong> 0,5 mm<\/li>\n\n\n\n<li><strong>Tama\u00f1o:<\/strong>19,5 cm<\/li>\n\n\n\n<li><strong>Color<\/strong>: Plata<\/li>\n\n\n\n<li><strong>Nota<\/strong>: Apoyo a la inspecci\u00f3n de calidad para pedidos de lotes peque\u00f1os<\/li>\n<\/ul>\n<\/div>\n\n\n\n<div class=\"wp-block-column is-layout-flow wp-block-column-is-layout-flow\">\n<h2 class=\"wp-block-heading\">Opciones personalizadas:<\/h2>\n\n\n\n<ul class=\"wp-block-list\">\n<li><strong>Logotipo:<\/strong> Personalizable con el logotipo de su marca<\/li>\n\n\n\n<li><strong>Color: <\/strong>Personalizable<\/li>\n\n\n\n<li><strong>Embalaje:<\/strong> Caja de color\/Cart\u00f3n, etc<\/li>\n\n\n\n<li><strong>Asa:<\/strong> Mango a su medida<\/li>\n<\/ul>\n<\/div>\n<\/div>\n\n\n\n<h3 class=\"wp-block-heading\">Ideal para compradores B2B<\/h3>\n\n\n\n<ul class=\"wp-block-list\">\n<li><strong>Restaurantes y caf\u00e9s<\/strong>: Agilice la preparaci\u00f3n de pasta y verduras con una herramienta duradera y eficiente que resiste un servicio de gran volumen.<\/li>\n\n\n\n<li><strong>Hosteler\u00eda<\/strong>: Impresionar a los clientes con una preparaci\u00f3n de alimentos constante y de alta calidad, manteniendo al mismo tiempo la eficiencia operativa.<\/li>\n\n\n\n<li><strong>Cocinas institucionales<\/strong>: Cumplen los requisitos de durabilidad e higiene de escuelas, hospitales y cafeter\u00edas de empresa.<\/li>\n<\/ul>\n\n\n\n<p>Esta cesta coladora perforada es una inversi\u00f3n estrat\u00e9gica en eficiencia operativa, seguridad alimentaria y productividad en la cocina para su negocio de restauraci\u00f3n.<\/p>","protected":false},"excerpt":{"rendered":"<p data-start=\"192\" data-end=\"584\">Esta cesta coladora perforada de calidad comercial est\u00e1 fabricada en acero inoxidable resistente para cocinas profesionales. Forma parte de nuestra gama de cestas para pasta\/alimentos al por mayor y cuenta con un asa larga y resistente y microperforaciones uniformes para escurrir, cocer al vapor y escaldar con rapidez. Ideal para pasta, verduras, marisco y otros ingredientes en servicios de restauraci\u00f3n de gran volumen.<\/p>\n<h2><strong><b>Caracter\u00edsticas y ventajas de la cesta coladora de pasta \/ alimentos <\/b><\/strong><strong><b>:<\/b><\/strong><\/h2>\n<h3 data-section-id=\"1m4go2k\" data-start=\"818\" data-end=\"854\">1. Durabilidad comercial<\/h3>\n<p data-start=\"855\" data-end=\"1192\">Fabricado en acero inoxidable apto para uso alimentario y resistente a la corrosi\u00f3n, este cesto colador soporta la exposici\u00f3n repetida a l\u00edquidos hirviendo, altas temperaturas y ciclos de lavavajillas comerciales. Como <strong data-start=\"1050\" data-end=\"1092\">cesta para colar pasta\/alimentos al por mayor<\/strong> su robusta construcci\u00f3n resiste la flexi\u00f3n, las abolladuras y el \u00f3xido, garantizando un rendimiento a largo plazo.<\/p>\n<h3 data-section-id=\"1kq8c1d\" data-start=\"1194\" data-end=\"1246\">2. Drenaje eficaz y perforaciones de precisi\u00f3n<\/h3>\n<p data-start=\"1247\" data-end=\"1502\">El dise\u00f1o microperforado uniforme permite un escurrido r\u00e1pido y completo del l\u00edquido, al tiempo que evita que se escapen peque\u00f1as part\u00edculas de alimentos. Es perfecto para escurrir pasta, escaldar verduras y colar caldos, mejorando la eficiencia y la presentaci\u00f3n de los alimentos.<\/p>\n<h3 data-section-id=\"13f9662\" data-start=\"1504\" data-end=\"1538\">3. Manipulaci\u00f3n ergon\u00f3mica y segura<\/h3>\n<p data-start=\"1539\" data-end=\"1745\">El mango alargado de acero inoxidable proporciona un agarre c\u00f3modo y seguro, manteniendo las manos alejadas de l\u00edquidos calientes y vapor. La sujeci\u00f3n reforzada del mango garantiza la estabilidad durante el uso intensivo en la cocina.<\/p>\n<h3 data-section-id=\"pah24o\" data-start=\"1747\" data-end=\"1783\">4. Higi\u00e9nico y f\u00e1cil de mantener<\/h3>\n<p data-start=\"1784\" data-end=\"2001\">La superficie de acero inoxidable pulido resiste la acumulaci\u00f3n de residuos y es f\u00e1cil de limpiar. La estructura perforada evita que los residuos queden atrapados, favoreciendo una limpieza e higienizaci\u00f3n eficientes en los lavavajillas comerciales.<\/p>\n<h3 data-section-id=\"y6i0rg\" data-start=\"2003\" data-end=\"2044\">5. Aplicaci\u00f3n comercial vers\u00e1til<\/h3>\n<p data-start=\"2045\" data-end=\"2164\">Compatible con la mayor\u00eda de ollas y bater\u00edas de cocina est\u00e1ndar, este <strong data-start=\"2099\" data-end=\"2141\">pasta \/ alimentos cesta colador al por mayor<\/strong> es ideal para:<\/p>\n<ul data-start=\"2166\" data-end=\"2287\">\n<li data-section-id=\"1fkgl1o\" data-start=\"2166\" data-end=\"2196\">\n<p data-start=\"2168\" data-end=\"2196\">Cocci\u00f3n y escurrido de la pasta<\/p>\n<\/li>\n<li data-section-id=\"1gjxle0\" data-start=\"2197\" data-end=\"2233\">\n<p data-start=\"2199\" data-end=\"2233\">Escaldado y cocci\u00f3n al vapor de verduras<\/p>\n<\/li>\n<li data-section-id=\"1tllxc4\" data-start=\"2234\" data-end=\"2257\">\n<p data-start=\"2236\" data-end=\"2257\">Preparaci\u00f3n del marisco<\/p>\n<\/li>\n<li data-section-id=\"1q5nrsj\" data-start=\"2258\" data-end=\"2287\">\n<p data-start=\"2260\" data-end=\"2287\">Colar caldo y caldo<\/p>\n<\/li>\n<\/ul>\n<p data-start=\"2289\" data-end=\"2358\">Proporciona una pr\u00e1ctica herramienta polivalente para cocinas profesionales.<\/p>\n<h3 data-section-id=\"90n5to\" data-start=\"2360\" data-end=\"2397\">6. Soluci\u00f3n rentable a granel<\/h3>\n<p data-start=\"2398\" data-end=\"2587\">Disponible para su compra al por mayor, esta cesta coladora ayuda a estandarizar los utensilios de cocina de restaurantes, hoteles y empresas de catering, manteniendo una calidad y fiabilidad constantes.<\/p>","protected":false},"featured_media":6070,"comment_status":"closed","ping_status":"closed","template":"","meta":{"_acf_changed":false},"product_brand":[],"product_cat":[56],"product_tag":[],"class_list":{"0":"post-6069","1":"product","2":"type-product","3":"status-publish","4":"has-post-thumbnail","6":"product_cat-wholesale-kitchen-utensils","8":"first","9":"instock","10":"shipping-taxable","11":"product-type-simple"},"acf":[],"_links":{"self":[{"href":"https:\/\/www.chancescook.com\/es\/wp-json\/wp\/v2\/product\/6069","targetHints":{"allow":["GET"]}}],"collection":[{"href":"https:\/\/www.chancescook.com\/es\/wp-json\/wp\/v2\/product"}],"about":[{"href":"https:\/\/www.chancescook.com\/es\/wp-json\/wp\/v2\/types\/product"}],"replies":[{"embeddable":true,"href":"https:\/\/www.chancescook.com\/es\/wp-json\/wp\/v2\/comments?post=6069"}],"wp:featuredmedia":[{"embeddable":true,"href":"https:\/\/www.chancescook.com\/es\/wp-json\/wp\/v2\/media\/6070"}],"wp:attachment":[{"href":"https:\/\/www.chancescook.com\/es\/wp-json\/wp\/v2\/media?parent=6069"}],"wp:term":[{"taxonomy":"product_brand","embeddable":true,"href":"https:\/\/www.chancescook.com\/es\/wp-json\/wp\/v2\/product_brand?post=6069"},{"taxonomy":"product_cat","embeddable":true,"href":"https:\/\/www.chancescook.com\/es\/wp-json\/wp\/v2\/product_cat?post=6069"},{"taxonomy":"product_tag","embeddable":true,"href":"https:\/\/www.chancescook.com\/es\/wp-json\/wp\/v2\/product_tag?post=6069"}],"curies":[{"name":"wp","href":"https:\/\/api.w.org\/{rel}","templated":true}]}}