{"id":3568,"date":"2024-08-28T09:03:33","date_gmt":"2024-08-28T09:03:33","guid":{"rendered":"https:\/\/www.chancescook.com\/?post_type=product&#038;p=3568"},"modified":"2024-09-23T06:25:30","modified_gmt":"2024-09-23T06:25:30","slug":"stainless-steel-pots-and-pans-set","status":"publish","type":"product","link":"https:\/\/www.chancescook.com\/fr\/produit\/stainless-steel-pots-and-pans-set\/","title":{"rendered":"Ensemble de casseroles et po\u00eales en acier inoxydable 27 pi\u00e8ces Poign\u00e9e \u00e0 douille Po\u00eales \u00e0 bord large"},"content":{"rendered":"<div class=\"wp-block-columns is-layout-flex wp-container-core-columns-is-layout-9d6595d7 wp-block-columns-is-layout-flex\">\n<div class=\"wp-block-column is-layout-flow wp-block-column-is-layout-flow\">\n<h3 class=\"wp-block-heading\">Caract\u00e9ristiques et avantages de l'ensemble de casseroles en acier inoxydable<\/h3>\n\n\n\n<ul class=\"wp-block-list\">\n<li><strong>Construction en acier inoxydable de premi\u00e8re qualit\u00e9<\/strong>: Cet ensemble de 27 casseroles et po\u00eales est fabriqu\u00e9 en acier inoxydable de haute qualit\u00e9 pour la durabilit\u00e9, la r\u00e9sistance \u00e0 la corrosion et un look \u00e9l\u00e9gant et moderne qui s'adapte \u00e0 toutes les cuisines.<\/li>\n\n\n\n<li><strong>Poign\u00e9es \u00e0 douille pour une bonne prise en main<\/strong>: Chaque ensemble de casseroles et po\u00eales est \u00e9quip\u00e9 de poign\u00e9es \u00e0 douille pour une prise en main s\u00fbre et confortable, garantissant une manipulation s\u00fbre m\u00eame lorsque les casseroles et po\u00eales sont br\u00fblantes.<\/li>\n\n\n\n<li><strong>Design \u00e0 larges bords<\/strong>: Les casseroles \u00e0 bords larges sont non seulement \u00e9l\u00e9gantes, mais aussi pratiques, car elles permettent de verser et de transf\u00e9rer facilement les aliments sans faire de d\u00e9g\u00e2ts.<\/li>\n\n\n\n<li><strong>Distribution uniforme de la chaleur<\/strong>: Le fond multicouche assure une r\u00e9partition uniforme de la chaleur sur toute la surface de cuisson, \u00e9vitant les points chauds et garantissant des aliments parfaits \u00e0 chaque fois.<\/li>\n\n\n\n<li><strong>Compatibilit\u00e9<\/strong>: Convient \u00e0 toutes les sources de chaleur, y compris l'induction, le gaz, l'\u00e9lectricit\u00e9 et les plaques de cuisson en c\u00e9ramique, vous offrant ainsi un large \u00e9ventail d'options de cuisson.<\/li>\n\n\n\n<li><strong>Ensemble complet<\/strong>: Cet ensemble de casseroles et po\u00eales en acier inoxydable comprend 27 pi\u00e8ces, dont une vari\u00e9t\u00e9 de casseroles, po\u00eales et couvercles, offrant tout ce dont vous avez besoin pour cuisiner un large \u00e9ventail de plats, ce qui le rend id\u00e9al pour les cuisiniers amateurs comme pour les chefs professionnels.<\/li>\n<\/ul>\n<\/div>\n\n\n\n<div class=\"wp-block-column is-layout-flow wp-block-column-is-layout-flow\">\n<h3 class=\"wp-block-heading\">Sp\u00e9cifications de l'ensemble de casseroles en acier inoxydable<\/h3>\n\n\n\n<ul class=\"wp-block-list\">\n<li>Fabricant : CHANCES<\/li>\n\n\n\n<li>Num\u00e9ro de mod\u00e8le:CY-KB2705C<\/li>\n\n\n\n<li>Mat\u00e9riau : SS410<\/li>\n\n\n\n<li>Nombre de pi\u00e8ces : 27 pi\u00e8ces<\/li>\n\n\n\n<li>\u00c9paisseur : 0,5 mm<\/li>\n\n\n\n<li>Fond : 3,0 mm<\/li>\n\n\n\n<li>OEM&amp;ODM : Sur mesure, Bienvenue OEM&amp;ODM<\/li>\n\n\n\n<li>MOQ:1 x 40'HQ<\/li>\n\n\n\n<li>Emballage : Bo\u00eete couleur\/bo\u00eete en carton<\/li>\n\n\n\n<li>\u00c9chantillon : Gratuit<\/li>\n<\/ul>\n<\/div>\n<\/div>\n\n\n\n<figure class=\"wp-block-image size-full\"><img decoding=\"async\" width=\"4134\" height=\"2362\" src=\"https:\/\/www.chancescook.com\/wp-content\/uploads\/2024\/08\/Wholesale-Stainless-Steel-Cookware-Set-2.webp\" alt=\"Set de casseroles et po\u00eales en acier inoxydable personnalis\u00e9es - 27 pi\u00e8ces(1)\" class=\"wp-image-3066\" srcset=\"https:\/\/www.chancescook.com\/wp-content\/uploads\/2024\/08\/Wholesale-Stainless-Steel-Cookware-Set-2.webp 4134w, https:\/\/www.chancescook.com\/wp-content\/uploads\/2024\/08\/Wholesale-Stainless-Steel-Cookware-Set-2-300x171.webp 300w, https:\/\/www.chancescook.com\/wp-content\/uploads\/2024\/08\/Wholesale-Stainless-Steel-Cookware-Set-2-768x439.webp 768w, https:\/\/www.chancescook.com\/wp-content\/uploads\/2024\/08\/Wholesale-Stainless-Steel-Cookware-Set-2-18x10.webp 18w, https:\/\/www.chancescook.com\/wp-content\/uploads\/2024\/08\/Wholesale-Stainless-Steel-Cookware-Set-2-285x163.webp 285w, https:\/\/www.chancescook.com\/wp-content\/uploads\/2024\/08\/Wholesale-Stainless-Steel-Cookware-Set-2-1600x914.webp 1600w, https:\/\/www.chancescook.com\/wp-content\/uploads\/2024\/08\/Wholesale-Stainless-Steel-Cookware-Set-2-660x377.webp 660w, https:\/\/www.chancescook.com\/wp-content\/uploads\/2024\/08\/Wholesale-Stainless-Steel-Cookware-Set-2-150x86.webp 150w\" sizes=\"(max-width: 4134px) 100vw, 4134px\" \/><\/figure>","protected":false},"excerpt":{"rendered":"<p>Cet ensemble polyvalent de 27 casseroles et po\u00eales en acier inoxydable fonctionne avec toutes les sources de chaleur pour garantir une cuisson homog\u00e8ne et r\u00e9guli\u00e8re \u00e0 chaque fois. Id\u00e9al pour les cuisiniers amateurs comme pour les professionnels, des options personnalis\u00e9es sont disponibles pour r\u00e9pondre \u00e0 vos besoins en mati\u00e8re d'image de marque. N'h\u00e9sitez pas \u00e0 demander un devis gratuit !<\/p>\n<h3>Ensemble de casseroles en acier inoxydable comprenant\uff1a<\/h3>\n<ul>\n<li>Casserole de 16 cm x 8,5 cm avec couvercle<\/li>\n<li>16cm x 8.5cm Casserole avec couvercle<\/li>\n<li>20cm x 11cm Casserole avec couvercle<\/li>\n<li>24cm x 13.9cm Casserole avec couvercle<\/li>\n<li>24cm x 7.2cm Po\u00eale \u00e0 frire avec couvercle<\/li>\n<li>20cm x 9.4cm Cuit-vapeur<\/li>\n<li>Bol \u00e0 m\u00e9langer de 20 cm x 2Pcs<\/li>\n<li>Couvercle en PVC x 2Pcs<\/li>\n<li>R\u00e2pe et anneau d'adaptation<\/li>\n<li>Batteur \u00e0 oeufs, outil en acier<\/li>\n<li>Outil de cuisine en nylon X 3 pi\u00e8ces<\/li>\n<li>Porte-matelas x 2Pcs<\/li>\n<li>Panier \u00e0 friture de 18 cm avec poign\u00e9e<\/li>\n<li>Bouton d'aspiration<\/li>\n<li>Outil \u00e0 l'\u00e9chelle du poisson<\/li>\n<\/ul>","protected":false},"featured_media":4101,"comment_status":"closed","ping_status":"closed","template":"","meta":{"_acf_changed":false},"product_brand":[],"product_cat":[53],"product_tag":[],"class_list":{"0":"post-3568","1":"product","2":"type-product","3":"status-publish","4":"has-post-thumbnail","6":"product_cat-wholesale-cookware-sets","8":"first","9":"instock","10":"shipping-taxable","11":"product-type-simple"},"acf":[],"_links":{"self":[{"href":"https:\/\/www.chancescook.com\/fr\/wp-json\/wp\/v2\/product\/3568","targetHints":{"allow":["GET"]}}],"collection":[{"href":"https:\/\/www.chancescook.com\/fr\/wp-json\/wp\/v2\/product"}],"about":[{"href":"https:\/\/www.chancescook.com\/fr\/wp-json\/wp\/v2\/types\/product"}],"replies":[{"embeddable":true,"href":"https:\/\/www.chancescook.com\/fr\/wp-json\/wp\/v2\/comments?post=3568"}],"wp:featuredmedia":[{"embeddable":true,"href":"https:\/\/www.chancescook.com\/fr\/wp-json\/wp\/v2\/media\/4101"}],"wp:attachment":[{"href":"https:\/\/www.chancescook.com\/fr\/wp-json\/wp\/v2\/media?parent=3568"}],"wp:term":[{"taxonomy":"product_brand","embeddable":true,"href":"https:\/\/www.chancescook.com\/fr\/wp-json\/wp\/v2\/product_brand?post=3568"},{"taxonomy":"product_cat","embeddable":true,"href":"https:\/\/www.chancescook.com\/fr\/wp-json\/wp\/v2\/product_cat?post=3568"},{"taxonomy":"product_tag","embeddable":true,"href":"https:\/\/www.chancescook.com\/fr\/wp-json\/wp\/v2\/product_tag?post=3568"}],"curies":[{"name":"wp","href":"https:\/\/api.w.org\/{rel}","templated":true}]}}