{"id":3661,"date":"2024-08-28T18:33:54","date_gmt":"2024-08-28T18:33:54","guid":{"rendered":"https:\/\/www.chancescook.com\/?post_type=product&#038;p=3661"},"modified":"2024-09-23T06:54:43","modified_gmt":"2024-09-23T06:54:43","slug":"china-supply-cookware-set","status":"publish","type":"product","link":"https:\/\/www.chancescook.com\/fr\/produit\/china-supply-cookware-set\/","title":{"rendered":"Service de batterie de cuisine 27 pi\u00e8ces Poign\u00e9e en queue de poisson Couvercle en acier"},"content":{"rendered":"<div class=\"wp-block-columns is-layout-flex wp-container-core-columns-is-layout-9d6595d7 wp-block-columns-is-layout-flex\">\n<div class=\"wp-block-column is-layout-flow wp-block-column-is-layout-flow\">\n<h3 class=\"wp-block-heading\">Caract\u00e9ristiques et avantages de la batterie de cuisine chinoise<\/h3>\n\n\n\n<p><strong>Ensemble complet de 27 pi\u00e8ces<\/strong>: Comprend un assortiment d'ustensiles de cuisine et d'accessoires pour r\u00e9pondre \u00e0 une vari\u00e9t\u00e9 de besoins culinaires.<\/p>\n\n\n\n<p><\/p>\n\n\n\n<p><strong>Conception de jantes larges<\/strong>: Cette batterie de cuisine est con\u00e7ue pour \u00eatre facile \u00e0 verser et minimiser les d\u00e9versements.<\/p>\n\n\n\n<p><\/p>\n\n\n\n<p><strong>Poign\u00e9e en queue de poisson<\/strong>: Conception ergonomique pour une prise en main confortable et s\u00fbre.<\/p>\n\n\n\n<p><\/p>\n\n\n\n<p><strong>Couvercle en acier durable<\/strong>: Fabriqu\u00e9 dans un mat\u00e9riau de haute qualit\u00e9, il est durable et se ferme bien pour retenir l'humidit\u00e9 et les ar\u00f4mes.<\/p>\n\n\n\n<p><\/p>\n\n\n\n<p><strong>Construction de qualit\u00e9<\/strong>: Garantit des performances durables et un entretien facile.<\/p>\n\n\n\n<p><\/p>\n\n\n\n<p><strong>Compatible avec diverses sources de chaleur<\/strong>: Convient aux tables de cuisson \u00e0 gaz, \u00e9lectriques et \u00e0 induction.<\/p>\n<\/div>\n\n\n\n<div class=\"wp-block-column is-layout-flow wp-block-column-is-layout-flow\">\n<h3 class=\"wp-block-heading\">Sp\u00e9cifications de la batterie de cuisine chinoise<\/h3>\n\n\n\n<p>Fabricant : CHANCES<\/p>\n\n\n\n<p>Num\u00e9ro de mod\u00e8le:CY-KB2705C<\/p>\n\n\n\n<p>Mat\u00e9riau : SS410<\/p>\n\n\n\n<p>Nombre de pi\u00e8ces : 27 pi\u00e8ces<\/p>\n\n\n\n<p>\u00c9paisseur : 0,5 mm<\/p>\n\n\n\n<p>Fond : 3,0 mm<\/p>\n\n\n\n<p>OEM&amp;ODM : Sur mesure, Bienvenue OEM&amp;ODM<\/p>\n\n\n\n<p>MOQ:1 x 40'HQ<\/p>\n\n\n\n<p>Emballage : Bo\u00eete couleur\/bo\u00eete en carton<\/p>\n\n\n\n<p>\u00c9chantillon : Gratuit<\/p>\n<\/div>\n<\/div>\n\n\n\n<figure class=\"wp-block-image size-full\"><img decoding=\"async\" width=\"4134\" height=\"2362\" src=\"https:\/\/www.chancescook.com\/wp-content\/uploads\/2024\/08\/Wholesale-Stainless-Steel-Cookware-Set-2.webp\" alt=\"Supply China Cookware Set 27 Pieces-\" class=\"wp-image-3066\" srcset=\"https:\/\/www.chancescook.com\/wp-content\/uploads\/2024\/08\/Wholesale-Stainless-Steel-Cookware-Set-2.webp 4134w, https:\/\/www.chancescook.com\/wp-content\/uploads\/2024\/08\/Wholesale-Stainless-Steel-Cookware-Set-2-300x171.webp 300w, https:\/\/www.chancescook.com\/wp-content\/uploads\/2024\/08\/Wholesale-Stainless-Steel-Cookware-Set-2-768x439.webp 768w, https:\/\/www.chancescook.com\/wp-content\/uploads\/2024\/08\/Wholesale-Stainless-Steel-Cookware-Set-2-18x10.webp 18w, https:\/\/www.chancescook.com\/wp-content\/uploads\/2024\/08\/Wholesale-Stainless-Steel-Cookware-Set-2-285x163.webp 285w, https:\/\/www.chancescook.com\/wp-content\/uploads\/2024\/08\/Wholesale-Stainless-Steel-Cookware-Set-2-1600x914.webp 1600w, https:\/\/www.chancescook.com\/wp-content\/uploads\/2024\/08\/Wholesale-Stainless-Steel-Cookware-Set-2-660x377.webp 660w, https:\/\/www.chancescook.com\/wp-content\/uploads\/2024\/08\/Wholesale-Stainless-Steel-Cookware-Set-2-150x86.webp 150w\" sizes=\"(max-width: 4134px) 100vw, 4134px\" \/><\/figure>","protected":false},"excerpt":{"rendered":"<p>Explorer Notre batterie de cuisine chinoise 27 pi\u00e8ces est dot\u00e9e de larges rebords pour \u00e9viter les d\u00e9versements lors du versement, de poign\u00e9es ergonomiques en queue de poisson et de couvercles en acier durable, ce qui en fait un excellent choix pour l'efficacit\u00e9 et le style dans n'importe quelle cuisine.<\/p>\n<h3>Batterie de cuisine en acier inoxydable comprenant\uff1a<\/h3>\n<ul>\n<li>Casserole de 16 cm x 8,5 cm avec couvercle<\/li>\n<li>16cm x 8.5cm Casserole avec couvercle<\/li>\n<li>20cm x 11cm Casserole avec couvercle<\/li>\n<li>24cm x 13.9cm Casserole avec couvercle<\/li>\n<li>24cm x 7.2cm Po\u00eale \u00e0 frire avec couvercle<\/li>\n<li>20cm x 9.4cm Cuit-vapeur<\/li>\n<li>Bol \u00e0 m\u00e9langer de 20 cm x 2Pcs<\/li>\n<li>Couvercle en PVC x 2Pcs<\/li>\n<li>R\u00e2pe et anneau d'adaptation<\/li>\n<li>Batteur \u00e0 oeufs, outil en acier<\/li>\n<li>Outil de cuisine en nylon X 3 pi\u00e8ces<\/li>\n<li>Porte-matelas x 2Pcs<\/li>\n<li>Panier \u00e0 friture de 18 cm avec poign\u00e9e<\/li>\n<li>Bouton d'aspiration<\/li>\n<li>Outil \u00e0 l'\u00e9chelle du poisson<\/li>\n<\/ul>","protected":false},"featured_media":4104,"comment_status":"closed","ping_status":"closed","template":"","meta":{"_acf_changed":false},"product_brand":[],"product_cat":[53],"product_tag":[],"class_list":{"0":"post-3661","1":"product","2":"type-product","3":"status-publish","4":"has-post-thumbnail","6":"product_cat-wholesale-cookware-sets","8":"first","9":"instock","10":"shipping-taxable","11":"product-type-simple"},"acf":[],"_links":{"self":[{"href":"https:\/\/www.chancescook.com\/fr\/wp-json\/wp\/v2\/product\/3661","targetHints":{"allow":["GET"]}}],"collection":[{"href":"https:\/\/www.chancescook.com\/fr\/wp-json\/wp\/v2\/product"}],"about":[{"href":"https:\/\/www.chancescook.com\/fr\/wp-json\/wp\/v2\/types\/product"}],"replies":[{"embeddable":true,"href":"https:\/\/www.chancescook.com\/fr\/wp-json\/wp\/v2\/comments?post=3661"}],"wp:featuredmedia":[{"embeddable":true,"href":"https:\/\/www.chancescook.com\/fr\/wp-json\/wp\/v2\/media\/4104"}],"wp:attachment":[{"href":"https:\/\/www.chancescook.com\/fr\/wp-json\/wp\/v2\/media?parent=3661"}],"wp:term":[{"taxonomy":"product_brand","embeddable":true,"href":"https:\/\/www.chancescook.com\/fr\/wp-json\/wp\/v2\/product_brand?post=3661"},{"taxonomy":"product_cat","embeddable":true,"href":"https:\/\/www.chancescook.com\/fr\/wp-json\/wp\/v2\/product_cat?post=3661"},{"taxonomy":"product_tag","embeddable":true,"href":"https:\/\/www.chancescook.com\/fr\/wp-json\/wp\/v2\/product_tag?post=3661"}],"curies":[{"name":"wp","href":"https:\/\/api.w.org\/{rel}","templated":true}]}}