{"id":3689,"date":"2024-08-29T06:32:33","date_gmt":"2024-08-29T06:32:33","guid":{"rendered":"https:\/\/www.chancescook.com\/?post_type=product&#038;p=3689"},"modified":"2025-12-22T14:13:42","modified_gmt":"2025-12-22T14:13:42","slug":"best-wok-pan-wholesale","status":"publish","type":"product","link":"https:\/\/www.chancescook.com\/fr\/produit\/best-wok-pan-wholesale\/","title":{"rendered":"Supply Wok Pan Wholesale Stainless Steel Compound Bottom Frying Pan Double Handle With Lid (Po\u00eale Wok \u00e0 double poign\u00e9e avec couvercle)"},"content":{"rendered":"<div class=\"wp-block-columns is-layout-flex wp-container-core-columns-is-layout-9d6595d7 wp-block-columns-is-layout-flex\">\n<div class=\"wp-block-column is-layout-flow wp-block-column-is-layout-flow\">\n<h3 class=\"wp-block-heading\">Caract\u00e9ristiques et avantages des meilleures po\u00eales \u00e0 wok<\/h3>\n\n\n\n<ul class=\"wp-block-list\">\n<li><strong>Acier inoxydable de premi\u00e8re qualit\u00e9<\/strong>Ce wok est fabriqu\u00e9 en acier inoxydable de haute qualit\u00e9 pour garantir sa durabilit\u00e9 et sa r\u00e9sistance \u00e0 la corrosion, ce qui permet une utilisation \u00e0 long terme.<\/li>\n\n\n\n<li><strong>Conception d'un fond composite<\/strong>: La structure composite du fond assure une r\u00e9partition uniforme de la chaleur, un chauffage rapide et une bonne efficacit\u00e9 \u00e9nerg\u00e9tique, ce qui permet de r\u00e9pondre \u00e0 diff\u00e9rents besoins en mati\u00e8re de cuisson.<\/li>\n\n\n\n<li><strong>Compatible avec tous les r\u00e9chauds<\/strong>: Convient \u00e0 toutes les cuisini\u00e8res, y compris les cuisini\u00e8res \u00e0 induction, ce qui garantit une large compatibilit\u00e9.<\/li>\n\n\n\n<li><strong>Deux poign\u00e9es d'oreille<\/strong>: \u00c9quip\u00e9 de poign\u00e9es robustes \u00e0 double oreille qui sont confortables \u00e0 tenir et faciles \u00e0 saisir, garantissant la s\u00e9curit\u00e9 pendant la cuisson.<\/li>\n\n\n\n<li><strong>Couvercle assorti<\/strong>: Le wok est \u00e9quip\u00e9 d'un couvercle en acier inoxydable qui pr\u00e9serve la saveur des ingr\u00e9dients et emprisonne davantage de nutriments.<\/li>\n\n\n\n<li><strong>Facile \u00e0 nettoyer<\/strong>: Con\u00e7us pour \u00eatre faciles \u00e0 nettoyer, ils passent au lave-vaisselle pour que vos ustensiles de cuisine gardent leur aspect neuf.<\/li>\n\n\n\n<li><strong>Disponibilit\u00e9 en gros<\/strong>: Con\u00e7u pour le march\u00e9 de gros, il est id\u00e9al pour les traiteurs et les d\u00e9taillants qui ach\u00e8tent en grandes quantit\u00e9s.<\/li>\n<\/ul>\n<\/div>\n\n\n\n<div class=\"wp-block-column is-layout-flow wp-block-column-is-layout-flow\" style=\"flex-basis:30px\"><\/div>\n<\/div>","protected":false},"excerpt":{"rendered":"<p>Les meilleures po\u00eales wok pour le commerce de gros sont dot\u00e9es d'un fond composite en acier inoxydable durable, de doubles poign\u00e9es et de couvercles assortis, parfaits pour les cuisines professionnelles et les achats en gros. N'h\u00e9sitez pas \u00e0 nous demander un devis.<\/p>\n<h3 class=\"wp-block-heading\">Sp\u00e9cifications des meilleures po\u00eales \u00e0 wok<\/h3>\n<ul>\n<li>Fabricant : CHANCES<\/li>\n<li>Model No.:CY-FDCD0634S\/CY-FDCD0636S<\/li>\n<li>Mat\u00e9riau : SS201<\/li>\n<li>Couvercle : Couvercle en acier inoxydable<\/li>\n<li>Taille : 34cm\/36cm<\/li>\n<li>\u00c9paisseur : 0,5 mm<\/li>\n<li>Fond : 2,5 mm<\/li>\n<li>OEM&amp;ODM : Sur mesure, Bienvenue OEM&amp;ODM<\/li>\n<li>MOQ:1 x 40'HQ<\/li>\n<li>Emballage : Bo\u00eete couleur\/bo\u00eete en carton<\/li>\n<li>\u00c9chantillon : Gratuit<\/li>\n<\/ul>\n<p>Chances s'engage \u00e0 fournir \u00e0 ses clients des services efficaces et professionnels. <a href=\"https:\/\/www.chancescook.com\/fr\/custom-cookware\/\"><strong>services personnalis\u00e9s<\/strong><\/a>En s'appuyant sur sa forte capacit\u00e9 de production et sur un contr\u00f4le de qualit\u00e9 rigoureux, l'entreprise s'assure que chaque lot de <strong>po\u00eales wok en acier inoxydable<\/strong> r\u00e9pond \u00e0 vos besoins en mati\u00e8re de normes \u00e9lev\u00e9es.<\/p>","protected":false},"featured_media":5846,"comment_status":"closed","ping_status":"closed","template":"","meta":{"_acf_changed":false},"product_brand":[],"product_cat":[52,65],"product_tag":[],"class_list":{"0":"post-3689","1":"product","2":"type-product","3":"status-publish","4":"has-post-thumbnail","6":"product_cat-cookware-wholesale","7":"product_cat-chinese-wok","9":"first","10":"instock","11":"shipping-taxable","12":"product-type-simple"},"acf":[],"_links":{"self":[{"href":"https:\/\/www.chancescook.com\/fr\/wp-json\/wp\/v2\/product\/3689","targetHints":{"allow":["GET"]}}],"collection":[{"href":"https:\/\/www.chancescook.com\/fr\/wp-json\/wp\/v2\/product"}],"about":[{"href":"https:\/\/www.chancescook.com\/fr\/wp-json\/wp\/v2\/types\/product"}],"replies":[{"embeddable":true,"href":"https:\/\/www.chancescook.com\/fr\/wp-json\/wp\/v2\/comments?post=3689"}],"wp:featuredmedia":[{"embeddable":true,"href":"https:\/\/www.chancescook.com\/fr\/wp-json\/wp\/v2\/media\/5846"}],"wp:attachment":[{"href":"https:\/\/www.chancescook.com\/fr\/wp-json\/wp\/v2\/media?parent=3689"}],"wp:term":[{"taxonomy":"product_brand","embeddable":true,"href":"https:\/\/www.chancescook.com\/fr\/wp-json\/wp\/v2\/product_brand?post=3689"},{"taxonomy":"product_cat","embeddable":true,"href":"https:\/\/www.chancescook.com\/fr\/wp-json\/wp\/v2\/product_cat?post=3689"},{"taxonomy":"product_tag","embeddable":true,"href":"https:\/\/www.chancescook.com\/fr\/wp-json\/wp\/v2\/product_tag?post=3689"}],"curies":[{"name":"wp","href":"https:\/\/api.w.org\/{rel}","templated":true}]}}