{"id":3701,"date":"2024-08-29T10:45:52","date_gmt":"2024-08-29T10:45:52","guid":{"rendered":"https:\/\/www.chancescook.com\/?post_type=product&#038;p=3701"},"modified":"2025-12-21T13:03:42","modified_gmt":"2025-12-21T13:03:42","slug":"wholesale-chinese-frying-pan","status":"publish","type":"product","link":"https:\/\/www.chancescook.com\/fr\/produit\/wholesale-chinese-frying-pan\/","title":{"rendered":"Po\u00eale \u00e0 frire chinoise avec fond en composite et couvercle en acier inoxydable"},"content":{"rendered":"<div class=\"wp-block-columns is-layout-flex wp-container-core-columns-is-layout-9d6595d7 wp-block-columns-is-layout-flex\">\n<div class=\"wp-block-column is-layout-flow wp-block-column-is-layout-flow\" style=\"flex-basis:50%\">\n<h3 class=\"wp-block-heading\">Caract\u00e9ristiques et avantages de la po\u00eale \u00e0 frire chinoise<\/h3>\n\n\n\n<ul class=\"wp-block-list\">\n<li><strong>Conduction efficace de la chaleur<\/strong>Le fond en composite permet une conduction rapide et r\u00e9guli\u00e8re de la chaleur. Il convient pour les saut\u00e9s, les fritures, la cuisson \u00e0 la vapeur et d'autres m\u00e9thodes de cuisson afin d'am\u00e9liorer l'efficacit\u00e9 de la cuisson.<\/li>\n\n\n\n<li><strong>Acier inoxydable de qualit\u00e9<\/strong>: Cette po\u00eale \u00e0 frire chinoise est fabriqu\u00e9e en acier inoxydable de haute qualit\u00e9, r\u00e9sistant \u00e0 la corrosion, durable et facile \u00e0 nettoyer.<\/li>\n\n\n\n<li><strong>Poign\u00e9e ergonomique<\/strong>: Cette poign\u00e9e unique est confortable \u00e0 tenir, facile \u00e0 utiliser et convient \u00e0 diverses m\u00e9thodes de cuisson.<\/li>\n\n\n\n<li><strong>Couvercle vertical<\/strong>: Livr\u00e9 avec un couvercle vertical pour minimiser l'espace sur le comptoir et maintenir le processus de cuisson propre.<\/li>\n\n\n\n<li><strong>Achat en gros pr\u00e9f\u00e9r\u00e9<\/strong>La po\u00eale \u00e0 frire chinoise : notre po\u00eale \u00e0 frire chinoise est con\u00e7ue pour le march\u00e9 de gros et convient aux grands restaurants et aux d\u00e9taillants qui ont des besoins d'achat en gros.<\/li>\n\n\n\n<li><strong><a href=\"https:\/\/www.chancescook.com\/fr\/custom-cookware\/\" data-type=\"page\" data-id=\"2987\">Service sur mesure<\/a><\/strong>: Nous pouvons personnaliser la taille, le design et le logo de la marque pour r\u00e9pondre aux diff\u00e9rentes demandes du march\u00e9.<\/li>\n<\/ul>\n<\/div>\n\n\n\n<div class=\"wp-block-column is-layout-flow wp-block-column-is-layout-flow\">\n<figure class=\"wp-block-image size-full\"><img decoding=\"async\" width=\"720\" height=\"720\" src=\"https:\/\/www.chancescook.com\/wp-content\/uploads\/2024\/08\/Wholesale-Chinese-Frying-Pan-stainless-steel-4.webp\" alt=\"Po\u00eale \u00e0 frire chinoise en gros en acier inoxydable (4)\" class=\"wp-image-4307\" srcset=\"https:\/\/www.chancescook.com\/wp-content\/uploads\/2024\/08\/Wholesale-Chinese-Frying-Pan-stainless-steel-4.webp 720w, https:\/\/www.chancescook.com\/wp-content\/uploads\/2024\/08\/Wholesale-Chinese-Frying-Pan-stainless-steel-4-300x300.webp 300w, https:\/\/www.chancescook.com\/wp-content\/uploads\/2024\/08\/Wholesale-Chinese-Frying-Pan-stainless-steel-4-150x150.webp 150w, https:\/\/www.chancescook.com\/wp-content\/uploads\/2024\/08\/Wholesale-Chinese-Frying-Pan-stainless-steel-4-12x12.webp 12w, https:\/\/www.chancescook.com\/wp-content\/uploads\/2024\/08\/Wholesale-Chinese-Frying-Pan-stainless-steel-4-285x285.webp 285w, https:\/\/www.chancescook.com\/wp-content\/uploads\/2024\/08\/Wholesale-Chinese-Frying-Pan-stainless-steel-4-270x270.webp 270w, https:\/\/www.chancescook.com\/wp-content\/uploads\/2024\/08\/Wholesale-Chinese-Frying-Pan-stainless-steel-4-540x540.webp 540w, https:\/\/www.chancescook.com\/wp-content\/uploads\/2024\/08\/Wholesale-Chinese-Frying-Pan-stainless-steel-4-660x660.webp 660w\" sizes=\"(max-width: 720px) 100vw, 720px\" \/><\/figure>\n<\/div>\n<\/div>","protected":false},"excerpt":{"rendered":"<p>Notre po\u00eale \u00e0 frire chinoise en gros pr\u00e9sente un fond composite et est fabriqu\u00e9e en acier inoxydable triple \u00e9paisseur avec une poign\u00e9e unique robuste et un couvercle vertical, parfait pour les achats en vrac et une large gamme d'utilisations culinaires. N'h\u00e9sitez pas \u00e0 nous demander un devis !<\/p>\n<h3 class=\"wp-block-heading\">Sp\u00e9cifications de la po\u00eale \u00e0 frire chinoise<\/h3>\n<ul>\n<li>Fabricant : CHANCES<\/li>\n<li>Mat\u00e9riau : Acier inoxydable triple \u00e9paisseur<\/li>\n<li>Taille : 8 pouces, 9 pouces, 10 pouces, 11 pouces et 12 pouces<\/li>\n<li>\u00c9paisseur : 2,0 mm<\/li>\n<li>OEM&amp;ODM : Sur mesure, Bienvenue OEM&amp;ODM<\/li>\n<li>MOQ:1000PCS<\/li>\n<li>Emballage : Bo\u00eete couleur\/bo\u00eete en carton<\/li>\n<li>\u00c9chantillon : Gratuit<\/li>\n<\/ul>\n<p><a href=\"https:\/\/www.chancescook.com\/fr\"><strong>Chancescook<\/strong><\/a> se fait un plaisir de fournir des services professionnels sur mesure afin de rendre la po\u00eale \u00e0 frire en acier inoxydable suffisamment efficace pour vous aider dans tout ce que vous voulez. Tout cela avec l'aide de notre d\u00e9veloppement exclusif de moules, de notre forte capacit\u00e9 de production et de notre processus de contr\u00f4le de qualit\u00e9 extr\u00eame.<\/p>\n<p>&nbsp;<\/p>","protected":false},"featured_media":5760,"comment_status":"closed","ping_status":"closed","template":"","meta":{"_acf_changed":false},"product_brand":[],"product_cat":[52,66],"product_tag":[],"class_list":{"0":"post-3701","1":"product","2":"type-product","3":"status-publish","4":"has-post-thumbnail","6":"product_cat-cookware-wholesale","7":"product_cat-frying-pan-wholesale","9":"first","10":"instock","11":"shipping-taxable","12":"product-type-simple"},"acf":[],"_links":{"self":[{"href":"https:\/\/www.chancescook.com\/fr\/wp-json\/wp\/v2\/product\/3701","targetHints":{"allow":["GET"]}}],"collection":[{"href":"https:\/\/www.chancescook.com\/fr\/wp-json\/wp\/v2\/product"}],"about":[{"href":"https:\/\/www.chancescook.com\/fr\/wp-json\/wp\/v2\/types\/product"}],"replies":[{"embeddable":true,"href":"https:\/\/www.chancescook.com\/fr\/wp-json\/wp\/v2\/comments?post=3701"}],"wp:featuredmedia":[{"embeddable":true,"href":"https:\/\/www.chancescook.com\/fr\/wp-json\/wp\/v2\/media\/5760"}],"wp:attachment":[{"href":"https:\/\/www.chancescook.com\/fr\/wp-json\/wp\/v2\/media?parent=3701"}],"wp:term":[{"taxonomy":"product_brand","embeddable":true,"href":"https:\/\/www.chancescook.com\/fr\/wp-json\/wp\/v2\/product_brand?post=3701"},{"taxonomy":"product_cat","embeddable":true,"href":"https:\/\/www.chancescook.com\/fr\/wp-json\/wp\/v2\/product_cat?post=3701"},{"taxonomy":"product_tag","embeddable":true,"href":"https:\/\/www.chancescook.com\/fr\/wp-json\/wp\/v2\/product_tag?post=3701"}],"curies":[{"name":"wp","href":"https:\/\/api.w.org\/{rel}","templated":true}]}}