{"id":3755,"date":"2024-09-04T17:33:28","date_gmt":"2024-09-04T17:33:28","guid":{"rendered":"https:\/\/www.chancescook.com\/?post_type=product&#038;p=3755"},"modified":"2024-09-04T17:33:29","modified_gmt":"2024-09-04T17:33:29","slug":"wholesale-cookware-set","status":"publish","type":"product","link":"https:\/\/www.chancescook.com\/fr\/produit\/wholesale-cookware-set\/","title":{"rendered":"Wholesale Cookware Set 21 Pcs Stainless Steel Wide Rim Butterfly Handle Glass Lid Set of Pans"},"content":{"rendered":"<div class=\"wp-block-columns is-layout-flex wp-container-core-columns-is-layout-9d6595d7 wp-block-columns-is-layout-flex\">\n<div class=\"wp-block-column is-layout-flow wp-block-column-is-layout-flow\">\n<h3 class=\"wp-block-heading\">Caract\u00e9ristiques et avantages de la batterie de cuisine en gros<\/h3>\n\n\n\n<ul class=\"wp-block-list\">\n<li><strong>Ensemble complet<\/strong>21 ustensiles de cuisine pour r\u00e9pondre \u00e0 tous les besoins, un ensemble pour r\u00e9soudre tous les probl\u00e8mes de la cuisine.<\/li>\n\n\n\n<li><strong>Acier inoxydable de haute qualit\u00e9<\/strong>: Cette batterie de cuisine est fabriqu\u00e9e en acier inoxydable de haute qualit\u00e9, durable et r\u00e9sistant \u00e0 la corrosion, garantissant une utilisation \u00e0 long terme.<\/li>\n\n\n\n<li><strong>Convient \u00e0 plusieurs types de cuisini\u00e8res<\/strong>Les casseroles et po\u00eales sont parfaites pour la table de cuisson \u00e0 induction, la cuisini\u00e8re \u00e0 gaz ou la table de cuisson \u00e0 induction.<\/li>\n\n\n\n<li><strong>Mod\u00e8le \u00e0 larges bords<\/strong>: casseroles et po\u00eales \u00e0 bord large avec un design anti-d\u00e9bordement pour faciliter le versement et le nettoyage.<\/li>\n\n\n\n<li><strong>Poign\u00e9e papillon<\/strong>La poign\u00e9e papillon ergonomique de cette batterie de cuisine en gros est confortable \u00e0 tenir et plus s\u00fbre \u00e0 utiliser.<\/li>\n\n\n\n<li><strong>Couvercle en verre<\/strong>: \u00c9quip\u00e9 d'un couvercle en verre transparent, il est facile d'observer la cuisson des ingr\u00e9dients tout en maintenant la temp\u00e9rature et l'humidit\u00e9.<\/li>\n<\/ul>\n<\/div>\n\n\n\n<div class=\"wp-block-column is-layout-flow wp-block-column-is-layout-flow\">\n<h3 class=\"wp-block-heading\">Sp\u00e9cifications de la batterie de cuisine<\/h3>\n\n\n\n<ul class=\"wp-block-list\">\n<li>Fabricant : CHANCES<\/li>\n\n\n\n<li>Num\u00e9ro de mod\u00e8le:CY-KB2705C<\/li>\n\n\n\n<li>Mat\u00e9riau : SS410<\/li>\n\n\n\n<li>Nombre de pi\u00e8ces : 21 pi\u00e8ces<\/li>\n\n\n\n<li>\u00c9paisseur : 0,5 mm<\/li>\n\n\n\n<li>Fond : 3,0 mm1<\/li>\n\n\n\n<li>OEM&amp;ODM : Sur mesure, Bienvenue OEM&amp;ODM<\/li>\n\n\n\n<li>MOQ:1 x 40'HQ<\/li>\n\n\n\n<li>Emballage : Bo\u00eete couleur\/bo\u00eete en carton<\/li>\n\n\n\n<li>\u00c9chantillon : Gratuit<\/li>\n<\/ul>\n<\/div>\n<\/div>\n\n\n\n<p><\/p>","protected":false},"excerpt":{"rendered":"<p>D\u00e9couvrez notre batterie de cuisine en acier inoxydable de 21 pi\u00e8ces avec des bords larges, des poign\u00e9es papillon et des couvercles en verre, id\u00e9ale pour les achats en vrac et l'efficacit\u00e9 dans la cuisine. N'h\u00e9sitez pas \u00e0 nous contacter pour un devis gratuit !<\/p>\n<h3>La batterie de cuisine comprend\uff1a<\/h3>\n<ul>\n<li>Casserole de 16 cm x 8,5 cm avec couvercle<\/li>\n<li>16cm x 8.5cm Casserole avec couvercle<\/li>\n<li>20cm x 11cm Casserole avec couvercle<\/li>\n<li>24cm x 13.9cm Casserole avec couvercle<\/li>\n<li>24cm x 7.2cm Po\u00eale \u00e0 frire avec couvercle<\/li>\n<li>20cm x 9.4cm Cuit-vapeur<\/li>\n<li>Bol \u00e0 m\u00e9langer de 20 cm avec couvercle en PVC<\/li>\n<li>30cm Outil de cuisine x 3Pcs<\/li>\n<li>R\u00e2pe et anneau d'adaptation<\/li>\n<li>Porte-matelas x 2Pcs<\/li>\n<li>Panier \u00e0 friture<\/li>\n<\/ul>","protected":false},"featured_media":3804,"comment_status":"closed","ping_status":"closed","template":"","meta":{"_acf_changed":false},"product_brand":[],"product_cat":[53],"product_tag":[],"class_list":{"0":"post-3755","1":"product","2":"type-product","3":"status-publish","4":"has-post-thumbnail","6":"product_cat-wholesale-cookware-sets","8":"first","9":"instock","10":"shipping-taxable","11":"product-type-simple"},"acf":[],"_links":{"self":[{"href":"https:\/\/www.chancescook.com\/fr\/wp-json\/wp\/v2\/product\/3755","targetHints":{"allow":["GET"]}}],"collection":[{"href":"https:\/\/www.chancescook.com\/fr\/wp-json\/wp\/v2\/product"}],"about":[{"href":"https:\/\/www.chancescook.com\/fr\/wp-json\/wp\/v2\/types\/product"}],"replies":[{"embeddable":true,"href":"https:\/\/www.chancescook.com\/fr\/wp-json\/wp\/v2\/comments?post=3755"}],"wp:featuredmedia":[{"embeddable":true,"href":"https:\/\/www.chancescook.com\/fr\/wp-json\/wp\/v2\/media\/3804"}],"wp:attachment":[{"href":"https:\/\/www.chancescook.com\/fr\/wp-json\/wp\/v2\/media?parent=3755"}],"wp:term":[{"taxonomy":"product_brand","embeddable":true,"href":"https:\/\/www.chancescook.com\/fr\/wp-json\/wp\/v2\/product_brand?post=3755"},{"taxonomy":"product_cat","embeddable":true,"href":"https:\/\/www.chancescook.com\/fr\/wp-json\/wp\/v2\/product_cat?post=3755"},{"taxonomy":"product_tag","embeddable":true,"href":"https:\/\/www.chancescook.com\/fr\/wp-json\/wp\/v2\/product_tag?post=3755"}],"curies":[{"name":"wp","href":"https:\/\/api.w.org\/{rel}","templated":true}]}}