{"id":3758,"date":"2024-09-05T09:23:40","date_gmt":"2024-09-05T09:23:40","guid":{"rendered":"https:\/\/www.chancescook.com\/?post_type=product&#038;p=3758"},"modified":"2024-09-23T08:16:23","modified_gmt":"2024-09-23T08:16:23","slug":"chinese-cookware-set","status":"publish","type":"product","link":"https:\/\/www.chancescook.com\/fr\/produit\/chinese-cookware-set\/","title":{"rendered":"Batterie de cuisine chinoise Fabrication de batterie de cuisine en acier inoxydable 7 pi\u00e8ces avec couvercle en verre"},"content":{"rendered":"<div class=\"wp-block-columns is-layout-flex wp-container-core-columns-is-layout-9d6595d7 wp-block-columns-is-layout-flex\">\n<div class=\"wp-block-column is-layout-flow wp-block-column-is-layout-flow\">\n<h3 class=\"wp-block-heading\">Caract\u00e9ristiques et avantages de la batterie de cuisine chinoise<\/h3>\n\n\n\n<ul class=\"wp-block-list\">\n<li><strong>Mat\u00e9riau de qualit\u00e9 sup\u00e9rieure<\/strong>: La batterie de cuisine 7 pi\u00e8ces est fabriqu\u00e9e en acier inoxydable de haute qualit\u00e9, durable et saine.<\/li>\n\n\n\n<li><strong>Compatibilit\u00e9<\/strong>La batterie de cuisine chinoise convient \u00e0 toutes les cuisini\u00e8res, y compris les cuisini\u00e8res \u00e0 induction et les cuisini\u00e8res \u00e0 gaz. L'ensemble est r\u00e9sistant \u00e0 la chaleur, s\u00fbr et fiable.<\/li>\n\n\n\n<li><strong>Poign\u00e9e ergonomique<\/strong>: Une batterie de cuisine chinoise avec diff\u00e9rentes formes de poign\u00e9es est con\u00e7ue de mani\u00e8re ergonomique pour une prise en main confortable et s\u00fbre pendant la cuisson.<\/li>\n\n\n\n<li><strong>Chauffage homog\u00e8ne<\/strong>: La conception du tambour et les mat\u00e9riaux utilis\u00e9s favorisent un chauffage uniforme, et le couvercle en verre r\u00e9duit les pertes de chaleur et am\u00e9liore l'efficacit\u00e9 de la cuisson.<\/li>\n\n\n\n<li><strong>Couvercle en verre<\/strong>: Moderne et minimaliste, il permet de voir facilement les aliments \u00e0 l'int\u00e9rieur de la casserole et rehausse l'esth\u00e9tique des ustensiles de cuisine.<\/li>\n\n\n\n<li><strong>Polyvalence<\/strong>: La batterie de cuisine 7 pi\u00e8ces comprend une vari\u00e9t\u00e9 de casseroles et de po\u00eales qui peuvent \u00eatre utilis\u00e9es pour une vari\u00e9t\u00e9 de m\u00e9thodes de cuisson, du braisage \u00e0 la sauteuse.<\/li>\n<\/ul>\n<\/div>\n\n\n\n<div class=\"wp-block-column is-layout-flow wp-block-column-is-layout-flow\">\n<h3 class=\"wp-block-heading\">Sp\u00e9cifications de la batterie de cuisine<\/h3>\n\n\n\n<ul class=\"wp-block-list\">\n<li>Fabricant : CHANCES<\/li>\n\n\n\n<li>Model No.:CY-GXBG0705\/CY-GXBG0705A\/CY-GXBG0705B<\/li>\n\n\n\n<li>Mat\u00e9riau : SS201<\/li>\n\n\n\n<li>Nombre de pi\u00e8ces : 7 pi\u00e8ces<\/li>\n\n\n\n<li>\u00c9paisseur : 0,5 mm<\/li>\n\n\n\n<li>Fond : 3,0 mm<\/li>\n\n\n\n<li><strong><a href=\"https:\/\/www.chancescook.com\/fr\/custom-cookware\/\" data-type=\"page\" data-id=\"2987\">OEM&amp;ODM<\/a><\/strong>: Sur mesure, Bienvenue OEM&amp;ODM<\/li>\n\n\n\n<li>MOQ:1 x 40'HQ<\/li>\n\n\n\n<li>Emballage : Bo\u00eete couleur\/bo\u00eete en carton<\/li>\n\n\n\n<li>\u00c9chantillon : Gratuit<\/li>\n<\/ul>\n<\/div>\n<\/div>","protected":false},"excerpt":{"rendered":"<p>La batterie de cuisine chinoise est compos\u00e9e de 7 casseroles et po\u00eales diff\u00e9rentes. Fabriqu\u00e9e en acier inoxydable de haute qualit\u00e9, elle est \u00e9galement dot\u00e9e de couvercles en verre durables, combinant une structure de casseroles en forme de tambour avec un design moderne pour am\u00e9liorer la fonctionnalit\u00e9 de votre cuisine. Cette batterie de cuisine est l'une des plus appr\u00e9ci\u00e9es, car elle r\u00e9pond \u00e0 diff\u00e9rents besoins et am\u00e9liore les performances de cuisson !<\/p>\n<h3>Ensemble d'ustensiles de cuisine chinois comprenant<\/h3>\n<table width=\"781\">\n<tbody>\n<tr>\n<td width=\"136\">Num\u00e9ro de mod\u00e8le<\/td>\n<td width=\"230\">Variantes de produits<\/td>\n<td width=\"413\">Configuration<\/td>\n<\/tr>\n<tr>\n<td>CY-GXBG0705<\/td>\n<td width=\"230\">Poign\u00e9e papillon pour marmite couverte \u00e0 couvercle tambour<\/td>\n<td rowspan=\"3\" width=\"413\">Casserole de 16 cm x 10,5 cm avec couvercle<br \/>18cm x 11.5cm Casserole avec couvercle<br \/>24cm x 14.5cm Casserole avec couvercle<br \/>24cm x 7.5cm Po\u00eale \u00e0 frire<\/td>\n<\/tr>\n<tr>\n<td>CY-GXBG0705A<\/td>\n<td width=\"230\">Poign\u00e9e creuse pour pots \u00e0 couvercle de tambour<\/td>\n<\/tr>\n<tr>\n<td>CY-GXBG0705B<\/td>\n<td width=\"230\">Pot en forme de tambour avec couvercle en verre<\/td>\n<\/tr>\n<\/tbody>\n<\/table>","protected":false},"featured_media":4112,"comment_status":"closed","ping_status":"closed","template":"","meta":{"_acf_changed":false},"product_brand":[],"product_cat":[53],"product_tag":[],"class_list":{"0":"post-3758","1":"product","2":"type-product","3":"status-publish","4":"has-post-thumbnail","6":"product_cat-wholesale-cookware-sets","8":"first","9":"instock","10":"shipping-taxable","11":"product-type-simple"},"acf":[],"_links":{"self":[{"href":"https:\/\/www.chancescook.com\/fr\/wp-json\/wp\/v2\/product\/3758","targetHints":{"allow":["GET"]}}],"collection":[{"href":"https:\/\/www.chancescook.com\/fr\/wp-json\/wp\/v2\/product"}],"about":[{"href":"https:\/\/www.chancescook.com\/fr\/wp-json\/wp\/v2\/types\/product"}],"replies":[{"embeddable":true,"href":"https:\/\/www.chancescook.com\/fr\/wp-json\/wp\/v2\/comments?post=3758"}],"wp:featuredmedia":[{"embeddable":true,"href":"https:\/\/www.chancescook.com\/fr\/wp-json\/wp\/v2\/media\/4112"}],"wp:attachment":[{"href":"https:\/\/www.chancescook.com\/fr\/wp-json\/wp\/v2\/media?parent=3758"}],"wp:term":[{"taxonomy":"product_brand","embeddable":true,"href":"https:\/\/www.chancescook.com\/fr\/wp-json\/wp\/v2\/product_brand?post=3758"},{"taxonomy":"product_cat","embeddable":true,"href":"https:\/\/www.chancescook.com\/fr\/wp-json\/wp\/v2\/product_cat?post=3758"},{"taxonomy":"product_tag","embeddable":true,"href":"https:\/\/www.chancescook.com\/fr\/wp-json\/wp\/v2\/product_tag?post=3758"}],"curies":[{"name":"wp","href":"https:\/\/api.w.org\/{rel}","templated":true}]}}