{"id":3763,"date":"2024-08-31T03:58:32","date_gmt":"2024-08-31T03:58:32","guid":{"rendered":"https:\/\/www.chancescook.com\/?post_type=product&#038;p=3763"},"modified":"2024-09-23T08:43:28","modified_gmt":"2024-09-23T08:43:28","slug":"korean-cookware-set-wholesale","status":"publish","type":"product","link":"https:\/\/www.chancescook.com\/fr\/produit\/korean-cookware-set-wholesale\/","title":{"rendered":"Wholesale Korean Cookware Set with Drum Design Made of Stainless Steel\uff0c8-Piece Set"},"content":{"rendered":"<div class=\"wp-block-columns is-layout-flex wp-container-core-columns-is-layout-9d6595d7 wp-block-columns-is-layout-flex\">\n<div class=\"wp-block-column is-layout-flow wp-block-column-is-layout-flow\">\n<h3 class=\"wp-block-heading\">Caract\u00e9ristiques et avantages de la batterie de cuisine cor\u00e9enne<\/h3>\n\n\n\n<ul class=\"wp-block-list\">\n<li><strong>Peut aller au four jusqu'\u00e0 800\u00b0F (environ 427\u00b0C)<\/strong>Les ustensiles de cuisine cor\u00e9ens sont compatibles avec le four et le gril et offrent un large \u00e9ventail d'options de cuisson.<\/li>\n\n\n\n<li><strong>Compatible avec tous les types de po\u00eales<\/strong>: Convient \u00e0 toutes les surfaces de cuisson, y compris l'induction, ce qui garantit une large compatibilit\u00e9.<\/li>\n\n\n\n<li><strong>Rev\u00eatement non toxique et sans produits chimiques<\/strong>: Fabriqu\u00e9 en acier composite de haute qualit\u00e9, exempt de substances nocives telles que PFAS, PTFE, Teflon, PFOA, PFOS, etc.<\/li>\n\n\n\n<li><strong>Conception durable et s\u00fbre<\/strong>: Il est dot\u00e9 d'un large bord pour faciliter le versement, d'une poign\u00e9e de maintien au frais et d'un couvercle en acier robuste qui retient l'humidit\u00e9.<\/li>\n\n\n\n<li><strong>Polyvalent et pratique<\/strong>: Comprend plusieurs tailles de casseroles, po\u00eales, mijoteuses, po\u00eales \u00e0 frire et autres outils pour r\u00e9pondre \u00e0 tous les besoins de la cuisine.<\/li>\n\n\n\n<li><strong>Facile \u00e0 nettoyer<\/strong>: Con\u00e7u pour \u00eatre facile \u00e0 nettoyer et passer au lave-vaisselle pour que les ustensiles de cuisine gardent l'aspect du neuf.<\/li>\n<\/ul>\n<\/div>\n\n\n\n<div class=\"wp-block-column is-layout-flow wp-block-column-is-layout-flow\">\n<h3 class=\"wp-block-heading\">Sp\u00e9cifications de la batterie de cuisine cor\u00e9enne<\/h3>\n\n\n\n<ul class=\"wp-block-list\">\n<li>Fabricant : CHANCES<\/li>\n\n\n\n<li>Num\u00e9ro de mod\u00e8le:CY-HSGX0508<\/li>\n\n\n\n<li>Mat\u00e9riau : SS201<\/li>\n\n\n\n<li>Nombre de pi\u00e8ces : 8 pi\u00e8ces<\/li>\n\n\n\n<li>Couvercle : Couvercle en acier inoxydable<\/li>\n\n\n\n<li>\u00c9paisseur : 0,4 mm<\/li>\n\n\n\n<li>Fond : 2,0 mm<\/li>\n\n\n\n<li>GW\/NW : 17,8 kg\/16,6 kg<\/li>\n\n\n\n<li><strong><a href=\"https:\/\/www.chancescook.com\/fr\/custom-cookware\/\" data-type=\"page\" data-id=\"2987\">OEM&amp;ODM<\/a><\/strong>: Sur mesure, Bienvenue OEM&amp;ODM<\/li>\n\n\n\n<li>Emballage : Bo\u00eete couleur\/bo\u00eete en carton<\/li>\n\n\n\n<li>\u00c9chantillon : Gratuit<\/li>\n<\/ul>\n<\/div>\n<\/div>\n\n\n\n<p><\/p>","protected":false},"excerpt":{"rendered":"<p>D\u00e9couvrez notre batterie de cuisine cor\u00e9enne durable et fabriqu\u00e9e \u00e0 partir de mat\u00e9riaux de qualit\u00e9. Le design unique du tambour de cette batterie de cuisine cor\u00e9enne permet non seulement d'augmenter l'espace de cuisson, mais aussi d'am\u00e9liorer l'exp\u00e9rience de la cuisine et d'appr\u00e9cier la cuisine \u00e0 chaque fois.<\/p>\n<h3>La batterie de cuisine cor\u00e9enne comprend<\/h3>\n<ul>\n<li>18cm x 10.1cm Casserole avec couvercle<\/li>\n<li>20cm x 10.8cm Casserole avec couvercle<\/li>\n<li>22cm x 11.8cm Casserole avec couvercle<\/li>\n<li>24cm x 12.5cm Casserole avec couvercle<\/li>\n<\/ul>\n<h3>\u00a0<\/h3>\n<h3>\u00a0<\/h3>\n<p>&nbsp;<\/p>","protected":false},"featured_media":4124,"comment_status":"closed","ping_status":"closed","template":"","meta":{"_acf_changed":false},"product_brand":[],"product_cat":[53],"product_tag":[],"class_list":{"0":"post-3763","1":"product","2":"type-product","3":"status-publish","4":"has-post-thumbnail","6":"product_cat-wholesale-cookware-sets","8":"first","9":"instock","10":"shipping-taxable","11":"product-type-simple"},"acf":[],"_links":{"self":[{"href":"https:\/\/www.chancescook.com\/fr\/wp-json\/wp\/v2\/product\/3763","targetHints":{"allow":["GET"]}}],"collection":[{"href":"https:\/\/www.chancescook.com\/fr\/wp-json\/wp\/v2\/product"}],"about":[{"href":"https:\/\/www.chancescook.com\/fr\/wp-json\/wp\/v2\/types\/product"}],"replies":[{"embeddable":true,"href":"https:\/\/www.chancescook.com\/fr\/wp-json\/wp\/v2\/comments?post=3763"}],"wp:featuredmedia":[{"embeddable":true,"href":"https:\/\/www.chancescook.com\/fr\/wp-json\/wp\/v2\/media\/4124"}],"wp:attachment":[{"href":"https:\/\/www.chancescook.com\/fr\/wp-json\/wp\/v2\/media?parent=3763"}],"wp:term":[{"taxonomy":"product_brand","embeddable":true,"href":"https:\/\/www.chancescook.com\/fr\/wp-json\/wp\/v2\/product_brand?post=3763"},{"taxonomy":"product_cat","embeddable":true,"href":"https:\/\/www.chancescook.com\/fr\/wp-json\/wp\/v2\/product_cat?post=3763"},{"taxonomy":"product_tag","embeddable":true,"href":"https:\/\/www.chancescook.com\/fr\/wp-json\/wp\/v2\/product_tag?post=3763"}],"curies":[{"name":"wp","href":"https:\/\/api.w.org\/{rel}","templated":true}]}}