{"id":3765,"date":"2024-09-04T06:47:06","date_gmt":"2024-09-04T06:47:06","guid":{"rendered":"https:\/\/www.chancescook.com\/?post_type=product&#038;p=3765"},"modified":"2024-09-04T17:22:57","modified_gmt":"2024-09-04T17:22:57","slug":"custom-stainless-steel-cookware-sets","status":"publish","type":"product","link":"https:\/\/www.chancescook.com\/fr\/produit\/custom-stainless-steel-cookware-sets\/","title":{"rendered":"Batterie de cuisine en acier inoxydable avec poign\u00e9es creuses, 6 pi\u00e8ces"},"content":{"rendered":"<div class=\"wp-block-columns is-layout-flex wp-container-core-columns-is-layout-9d6595d7 wp-block-columns-is-layout-flex\">\n<div class=\"wp-block-column is-layout-flow wp-block-column-is-layout-flow\">\n<h3 class=\"wp-block-heading\">Caract\u00e9ristiques et avantages des batteries de cuisine en acier inoxydable<\/h3>\n\n\n\n<ul class=\"wp-block-list\">\n<li><strong>Poign\u00e9e de confort<\/strong>: La poign\u00e9e creuse en forme de tambour am\u00e9liore le confort de la prise en main et r\u00e9duit la surchauffe de la poign\u00e9e.<\/li>\n\n\n\n<li><strong>Compatible avec tous les types de po\u00eales<\/strong>: Les batteries de cuisine en acier inoxydable sont adapt\u00e9es \u00e0 toutes les surfaces de cuisson, y compris l'induction, ce qui garantit une large compatibilit\u00e9.<\/li>\n\n\n\n<li><strong>Rev\u00eatement non toxique et sans produits chimiques<\/strong>: Fabriqu\u00e9 en acier composite de haute qualit\u00e9, exempt de substances nocives telles que PFAS, PTFE, Teflon, PFOA, PFOS, etc.<\/li>\n\n\n\n<li><strong>Id\u00e9al pour la personnalisation<\/strong>Les produits de la cat\u00e9gorie \"produits de base\" peuvent \u00eatre personnalis\u00e9s selon les besoins des fabricants afin de r\u00e9pondre \u00e0 des exigences sp\u00e9cifiques en mati\u00e8re de conception et de fonctionnement.<\/li>\n\n\n\n<li><strong>Polyvalence<\/strong>: Comprend une vari\u00e9t\u00e9 d'ustensiles de cuisine, adapt\u00e9s \u00e0 diff\u00e9rents styles de cuisson et r\u00e9pondant \u00e0 diff\u00e9rents besoins.<\/li>\n\n\n\n<li><strong>Facile \u00e0 nettoyer<\/strong>: L'acier inoxydable et les mat\u00e9riaux antiadh\u00e9sifs permettent un nettoyage rapide et facile.<\/li>\n<\/ul>\n<\/div>\n\n\n\n<div class=\"wp-block-column is-layout-flow wp-block-column-is-layout-flow\">\n<h3 class=\"wp-block-heading\">Sp\u00e9cifications des batteries de cuisine en acier inoxydable<\/h3>\n\n\n\n<ul class=\"wp-block-list\">\n<li>Fabricant : CHANCES<\/li>\n\n\n\n<li>Num\u00e9ro de mod\u00e8le:CY-GXBG0605<\/li>\n\n\n\n<li>Mat\u00e9riau : SS201<\/li>\n\n\n\n<li>Nombre de pi\u00e8ces : 6 pi\u00e8ces<\/li>\n\n\n\n<li>Couvercle : Couvercle en acier inoxydable<\/li>\n\n\n\n<li>\u00c9paisseur : 0,4 mm<\/li>\n\n\n\n<li>Fond : 2,0 mm<\/li>\n\n\n\n<li><strong><a href=\"https:\/\/www.chancescook.com\/fr\/custom-cookware\/\" data-type=\"page\" data-id=\"2987\">OEM&amp;ODM<\/a><\/strong>: Sur mesure, Bienvenue OEM&amp;ODM<\/li>\n\n\n\n<li>MOQ:1 x 40'HQ<\/li>\n\n\n\n<li>Emballage : Bo\u00eete couleur\/bo\u00eete en carton<\/li>\n\n\n\n<li>\u00c9chantillon : Gratuit<\/li>\n<\/ul>\n<\/div>\n<\/div>\n\n\n\n<p><\/p>","protected":false},"excerpt":{"rendered":"<p>La batterie de cuisine en acier inoxydable de 6 pi\u00e8ces comprend une collection de casseroles et de po\u00eales essentielles, chacune dot\u00e9e de poign\u00e9es creuses ergonomiques en forme de tambour pour une excellente prise en main, une r\u00e9sistance \u00e0 la chaleur et une r\u00e9partition \u00e9quilibr\u00e9e du poids. La construction en acier inoxydable de haute qualit\u00e9 garantit la durabilit\u00e9 et est id\u00e9ale pour les cuisiniers amateurs comme pour les cuisines professionnelles.<\/p>\n<h3>Les batteries de cuisine en acier inoxydable sur mesure comprennent\uff1a<\/h3>\n<ul>\n<li>16cm x 10.5cm Casserole avec couvercle<\/li>\n<li>20cm x 12.5cm Casserole avec couvercle<\/li>\n<li>24cm x 14.5cm Casserole avec couvercle<\/li>\n<\/ul>","protected":false},"featured_media":3799,"comment_status":"closed","ping_status":"closed","template":"","meta":{"_acf_changed":false},"product_brand":[],"product_cat":[53],"product_tag":[],"class_list":{"0":"post-3765","1":"product","2":"type-product","3":"status-publish","4":"has-post-thumbnail","6":"product_cat-wholesale-cookware-sets","8":"first","9":"instock","10":"shipping-taxable","11":"product-type-simple"},"acf":[],"_links":{"self":[{"href":"https:\/\/www.chancescook.com\/fr\/wp-json\/wp\/v2\/product\/3765","targetHints":{"allow":["GET"]}}],"collection":[{"href":"https:\/\/www.chancescook.com\/fr\/wp-json\/wp\/v2\/product"}],"about":[{"href":"https:\/\/www.chancescook.com\/fr\/wp-json\/wp\/v2\/types\/product"}],"replies":[{"embeddable":true,"href":"https:\/\/www.chancescook.com\/fr\/wp-json\/wp\/v2\/comments?post=3765"}],"wp:featuredmedia":[{"embeddable":true,"href":"https:\/\/www.chancescook.com\/fr\/wp-json\/wp\/v2\/media\/3799"}],"wp:attachment":[{"href":"https:\/\/www.chancescook.com\/fr\/wp-json\/wp\/v2\/media?parent=3765"}],"wp:term":[{"taxonomy":"product_brand","embeddable":true,"href":"https:\/\/www.chancescook.com\/fr\/wp-json\/wp\/v2\/product_brand?post=3765"},{"taxonomy":"product_cat","embeddable":true,"href":"https:\/\/www.chancescook.com\/fr\/wp-json\/wp\/v2\/product_cat?post=3765"},{"taxonomy":"product_tag","embeddable":true,"href":"https:\/\/www.chancescook.com\/fr\/wp-json\/wp\/v2\/product_tag?post=3765"}],"curies":[{"name":"wp","href":"https:\/\/api.w.org\/{rel}","templated":true}]}}