{"id":3769,"date":"2024-09-04T16:57:20","date_gmt":"2024-09-04T16:57:20","guid":{"rendered":"https:\/\/www.chancescook.com\/?post_type=product&#038;p=3769"},"modified":"2024-09-23T04:02:05","modified_gmt":"2024-09-23T04:02:05","slug":"wholesale-8-piece-cookware-set","status":"publish","type":"product","link":"https:\/\/www.chancescook.com\/fr\/produit\/wholesale-8-piece-cookware-set\/","title":{"rendered":"Wholesale 8 Piece Cookware Set with Glass Lids Stainless Steel Drum Pot Set"},"content":{"rendered":"<div class=\"wp-block-columns is-layout-flex wp-container-core-columns-is-layout-9d6595d7 wp-block-columns-is-layout-flex\">\n<div class=\"wp-block-column is-layout-flow wp-block-column-is-layout-flow\">\n<h3 class=\"wp-block-heading\">Caract\u00e9ristiques et avantages du set de 8 pi\u00e8ces de batterie de cuisine<\/h3>\n\n\n\n<ul class=\"wp-block-list\">\n<li><strong>Surveillance visuelle :<\/strong> Le couvercle en verre transparent est con\u00e7u pour faciliter le contr\u00f4le de l'\u00e9tat des aliments pendant la cuisson, \u00e9liminant ainsi le besoin de retirer fr\u00e9quemment le couvercle et minimisant les pertes de chaleur.<\/li>\n\n\n\n<li><strong>Emballage en gros :<\/strong> Les options d'ensembles de 8 pi\u00e8ces d'ustensiles de cuisine en gros conviennent aux d\u00e9taillants et aux cuisines commerciales.<\/li>\n\n\n\n<li><strong>Ensemble de plusieurs pi\u00e8ces :<\/strong> Le set de 8 pi\u00e8ces comprend divers ustensiles de cuisine, g\u00e9n\u00e9ralement des casseroles et po\u00eales de diff\u00e9rentes tailles, afin de r\u00e9pondre \u00e0 tous les besoins culinaires.<\/li>\n\n\n\n<li><strong>Conception d'ustensiles de cuisine en forme de tambour :<\/strong> Les casseroles et po\u00eales de forme cylindrique offrent un look unique et une excellente conductivit\u00e9 thermique. Elles embellissent la cuisine et s'adaptent \u00e0 tous les styles.<\/li>\n\n\n\n<li><strong>Chauffage Evens : <\/strong>excellente conductivit\u00e9 thermique garantit un chauffage uniforme des ingr\u00e9dients, am\u00e9liorant ainsi le r\u00e9sultat de cuisson.<\/li>\n\n\n\n<li><strong>Nettoyage sans tracas : <\/strong>Le mat\u00e9riau en acier inoxydable garantit qu'il ne s'ab\u00eeme pas facilement \u00e0 long terme, ce qui le rend adapt\u00e9 \u00e0 une utilisation fr\u00e9quente. La surface antiadh\u00e9sive et le couvercle en verre amovible facilitent le nettoyage.<\/li>\n<\/ul>\n<\/div>\n\n\n\n<div class=\"wp-block-column is-layout-flow wp-block-column-is-layout-flow\">\n<h3 class=\"wp-block-heading\">Caract\u00e9ristiques techniques du set de 8 ustensiles de cuisine<\/h3>\n\n\n\n<ul class=\"wp-block-list\">\n<li>Fabricant : CHANCES<\/li>\n\n\n\n<li>Num\u00e9ro de mod\u00e8le : CY-GXBG0805<\/li>\n\n\n\n<li>Mat\u00e9riau : SS201<\/li>\n\n\n\n<li>Nombre de pi\u00e8ces : 8 pi\u00e8ces<\/li>\n\n\n\n<li>\u00c9paisseur : 0,5 mm<\/li>\n\n\n\n<li>Fond : 2,0 mm<\/li>\n\n\n\n<li><strong><a href=\"http:\/\/custom solution\">OEM&amp;ODM<\/a><\/strong>: Sur mesure, Bienvenue OEM&amp;ODM<\/li>\n\n\n\n<li>MOQ:1 x 40'HQ<\/li>\n\n\n\n<li>Emballage : Bo\u00eete couleur\/bo\u00eete en carton<\/li>\n\n\n\n<li>\u00c9chantillon : Gratuit<\/li>\n<\/ul>\n<\/div>\n<\/div>\n\n\n\n<p><\/p>","protected":false},"excerpt":{"rendered":"<p>La conception robuste de cet ensemble de 8 pi\u00e8ces de batterie de cuisine est fabriqu\u00e9e en acier inoxydable de premi\u00e8re qualit\u00e9 pour une excellente conductivit\u00e9 thermique et une grande durabilit\u00e9. Le couvercle en verre int\u00e9gr\u00e9 permet d'observer et de surveiller facilement le processus de caram\u00e9lisation pendant la cuisson. Cet ensemble est id\u00e9al pour les d\u00e9taillants ou les cuisines professionnelles. N'h\u00e9sitez pas \u00e0 nous contacter pour obtenir des \u00e9chantillons.<\/p>\n<h3>L'ensemble de 8 pi\u00e8ces comprend :<\/h3>\n<ul>\n<li>16cm x 10.5cm Casserole avec couvercle<\/li>\n<li>Casserole de 18 cm x 11,5 cm avec couvercle<\/li>\n<li>20cm x 12.5cm Casserole avec couvercle<\/li>\n<li>Casserole avec couvercle 22 cm x 13,5 cm<\/li>\n<\/ul>\n<p>&nbsp;<\/p>\n<p>&nbsp;<\/p>","protected":false},"featured_media":3800,"comment_status":"closed","ping_status":"closed","template":"","meta":{"_acf_changed":false},"product_brand":[],"product_cat":[53],"product_tag":[],"class_list":{"0":"post-3769","1":"product","2":"type-product","3":"status-publish","4":"has-post-thumbnail","6":"product_cat-wholesale-cookware-sets","8":"first","9":"instock","10":"shipping-taxable","11":"product-type-simple"},"acf":[],"_links":{"self":[{"href":"https:\/\/www.chancescook.com\/fr\/wp-json\/wp\/v2\/product\/3769","targetHints":{"allow":["GET"]}}],"collection":[{"href":"https:\/\/www.chancescook.com\/fr\/wp-json\/wp\/v2\/product"}],"about":[{"href":"https:\/\/www.chancescook.com\/fr\/wp-json\/wp\/v2\/types\/product"}],"replies":[{"embeddable":true,"href":"https:\/\/www.chancescook.com\/fr\/wp-json\/wp\/v2\/comments?post=3769"}],"wp:featuredmedia":[{"embeddable":true,"href":"https:\/\/www.chancescook.com\/fr\/wp-json\/wp\/v2\/media\/3800"}],"wp:attachment":[{"href":"https:\/\/www.chancescook.com\/fr\/wp-json\/wp\/v2\/media?parent=3769"}],"wp:term":[{"taxonomy":"product_brand","embeddable":true,"href":"https:\/\/www.chancescook.com\/fr\/wp-json\/wp\/v2\/product_brand?post=3769"},{"taxonomy":"product_cat","embeddable":true,"href":"https:\/\/www.chancescook.com\/fr\/wp-json\/wp\/v2\/product_cat?post=3769"},{"taxonomy":"product_tag","embeddable":true,"href":"https:\/\/www.chancescook.com\/fr\/wp-json\/wp\/v2\/product_tag?post=3769"}],"curies":[{"name":"wp","href":"https:\/\/api.w.org\/{rel}","templated":true}]}}