{"id":3775,"date":"2024-09-02T07:16:29","date_gmt":"2024-09-02T07:16:29","guid":{"rendered":"https:\/\/www.chancescook.com\/?post_type=product&#038;p=3775"},"modified":"2024-09-02T07:16:33","modified_gmt":"2024-09-02T07:16:33","slug":"custom-21-piece-cookware-set","status":"publish","type":"product","link":"https:\/\/www.chancescook.com\/fr\/produit\/custom-21-piece-cookware-set\/","title":{"rendered":"Batterie de cuisine 21 pi\u00e8ces en acier inoxydable multifonctionnelle pour tous les types de cuisine"},"content":{"rendered":"<div class=\"wp-block-columns is-layout-flex wp-container-core-columns-is-layout-9d6595d7 wp-block-columns-is-layout-flex\">\n<div class=\"wp-block-column is-layout-flow wp-block-column-is-layout-flow\">\n<h3 class=\"wp-block-heading\">Caract\u00e9ristiques et avantages de la batterie de cuisine 21 pi\u00e8ces<\/h3>\n\n\n\n<ul class=\"wp-block-list\">\n<li><strong>Ensemble complet de 21 pi\u00e8ces<\/strong>La gamme de produits de l'UE comprend une vari\u00e9t\u00e9 de casseroles, de po\u00eales, de couvercles et d'accessoires pour tous vos besoins de cuisson, de la friture \u00e0 l'\u00e9bullition en passant par la cuisson \u00e0 la vapeur.<\/li>\n\n\n\n<li><strong>Acier inoxydable de haute qualit\u00e9<\/strong>: Cette batterie de cuisine de 21 pi\u00e8ces est fabriqu\u00e9e en acier inoxydable de haute qualit\u00e9, durable et r\u00e9sistant \u00e0 la rouille.<\/li>\n\n\n\n<li><strong>Conception multifonctionnelle<\/strong>La batterie de cuisine : elle convient \u00e0 toutes les m\u00e9thodes de cuisson, y compris au gaz, \u00e0 l'\u00e9lectricit\u00e9, \u00e0 l'induction et au four. L'ensemble est r\u00e9sistant \u00e0 la chaleur et peut \u00eatre nettoy\u00e9 au four et au lave-vaisselle.<\/li>\n\n\n\n<li><strong>Technologie de distribution de la chaleur<\/strong>: La r\u00e9partition uniforme de la chaleur dans le fond garantit des r\u00e9sultats de cuisson constants sans points chauds.<\/li>\n\n\n\n<li><strong>Poign\u00e9e ergonomique<\/strong>: Frais au toucher et ergonomique pour une prise en main confortable et s\u00fbre.<\/li>\n\n\n\n<li><strong>Options personnalisables<\/strong>: Cette batterie de cuisine de 21 pi\u00e8ces peut \u00eatre personnalis\u00e9e avec diff\u00e9rentes finitions, styles de poign\u00e9es et gravures de logos.<\/li>\n<\/ul>\n<\/div>\n\n\n\n<div class=\"wp-block-column is-layout-flow wp-block-column-is-layout-flow\">\n<h3 class=\"wp-block-heading\">Sp\u00e9cifications de la batterie de cuisine 21 pi\u00e8ces<\/h3>\n\n\n\n<ul class=\"wp-block-list\">\n<li>Fabricant : CHANCES<\/li>\n\n\n\n<li>Model No.:CY-KB2105\/CY-KB2105C\/CY-KB2105D<\/li>\n\n\n\n<li>Mat\u00e9riau : SS410<\/li>\n\n\n\n<li>Nombre de pi\u00e8ces : 21 pi\u00e8ces<\/li>\n\n\n\n<li>\u00c9paisseur : 0,5 mm<\/li>\n\n\n\n<li>Fond : 3,0 mm<\/li>\n\n\n\n<li>G.W.:16.6 KGS<\/li>\n\n\n\n<li>N.-O. : 15,4 KGS<\/li>\n\n\n\n<li>OEM&amp;ODM : Sur mesure, Bienvenue OEM&amp;ODM<\/li>\n\n\n\n<li>MOQ:1 x 40'HQ<\/li>\n\n\n\n<li>Emballage : Bo\u00eete de couleur, bo\u00eete en carton ou sur mesure<\/li>\n\n\n\n<li>\u00c9chantillon : Gratuit<\/li>\n<\/ul>\n<\/div>\n<\/div>","protected":false},"excerpt":{"rendered":"<p>Am\u00e9liorez votre cuisine avec nos batteries de cuisine 21 pi\u00e8ces, des batteries en acier inoxydable pour les tables de cuisson \u00e0 gaz, \u00e9lectriques et \u00e0 induction, avec une r\u00e9partition uniforme de la chaleur, des poign\u00e9es ergonomiques et des options de personnalisation. Que vous soyez un chef ou un cuisinier amateur, nos batteries de cuisine sont la solution ultime pour une cuisine efficace et polyvalente.<\/p>\n<h3>Batterie de cuisine 21 pi\u00e8ces comprenant\uff1a<\/h3>\n<table width=\"1307\">\n<tbody>\n<tr>\n<td width=\"229\">Num\u00e9ro de mod\u00e8le<\/td>\n<td width=\"385\">Variantes de produits<\/td>\n<td width=\"692\">Configuration<\/td>\n<\/tr>\n<tr>\n<td>CY-KB2105<\/td>\n<td width=\"385\">Capuchon en acier \u00e0 tige papillon avec c\u00f4t\u00e9 large<\/td>\n<td rowspan=\"3\" width=\"692\">16cm x 8.5cm Saucepan with lid\u00a0 (1.71L)<br \/>\n16cm x 8.5cm Casserole with lid (1.71L)<br \/>\n20cm x 11cm Casserole with lid\u00a0 (3.45L)<br \/>\n24cm x 13.5cm Casserole with lid(6.10L)<br \/>\n24cm x 7.0 cm Fry pan with lid\u00a0 (3.17L)<br \/>\n20cm x 9.0 cm Steamer\u00a0\u00a0\u00a0\u00a0\u00a0\u00a0\u00a0\u00a0\u00a0\u00a0\u00a0 (2.83L)<br \/>\n20cm mixing bowl with PVC lid,<br \/>\n20cm grater,24cm ring,<br \/>\nSteel handle, suction knob,<br \/>\nMat holder x 2pcs,<br \/>\nPanier \u00e0 friture de 18 cm avec poign\u00e9e<\/td>\n<\/tr>\n<tr>\n<td width=\"229\">CY-KB2105C<\/td>\n<td width=\"385\">Capuchon de manche \u00e0 douille avec bord large<\/td>\n<\/tr>\n<tr>\n<td>CY-KB2105D<\/td>\n<td width=\"385\">Capuchon \u00e0 queue de poisson avec bord large<\/td>\n<\/tr>\n<\/tbody>\n<\/table>","protected":false},"featured_media":3782,"comment_status":"closed","ping_status":"closed","template":"","meta":{"_acf_changed":false},"product_brand":[],"product_cat":[53],"product_tag":[],"class_list":{"0":"post-3775","1":"product","2":"type-product","3":"status-publish","4":"has-post-thumbnail","6":"product_cat-wholesale-cookware-sets","8":"first","9":"instock","10":"shipping-taxable","11":"product-type-simple"},"acf":[],"_links":{"self":[{"href":"https:\/\/www.chancescook.com\/fr\/wp-json\/wp\/v2\/product\/3775","targetHints":{"allow":["GET"]}}],"collection":[{"href":"https:\/\/www.chancescook.com\/fr\/wp-json\/wp\/v2\/product"}],"about":[{"href":"https:\/\/www.chancescook.com\/fr\/wp-json\/wp\/v2\/types\/product"}],"replies":[{"embeddable":true,"href":"https:\/\/www.chancescook.com\/fr\/wp-json\/wp\/v2\/comments?post=3775"}],"wp:featuredmedia":[{"embeddable":true,"href":"https:\/\/www.chancescook.com\/fr\/wp-json\/wp\/v2\/media\/3782"}],"wp:attachment":[{"href":"https:\/\/www.chancescook.com\/fr\/wp-json\/wp\/v2\/media?parent=3775"}],"wp:term":[{"taxonomy":"product_brand","embeddable":true,"href":"https:\/\/www.chancescook.com\/fr\/wp-json\/wp\/v2\/product_brand?post=3775"},{"taxonomy":"product_cat","embeddable":true,"href":"https:\/\/www.chancescook.com\/fr\/wp-json\/wp\/v2\/product_cat?post=3775"},{"taxonomy":"product_tag","embeddable":true,"href":"https:\/\/www.chancescook.com\/fr\/wp-json\/wp\/v2\/product_tag?post=3775"}],"curies":[{"name":"wp","href":"https:\/\/api.w.org\/{rel}","templated":true}]}}