{"id":3789,"date":"2024-09-05T07:58:06","date_gmt":"2024-09-05T07:58:06","guid":{"rendered":"https:\/\/www.chancescook.com\/?post_type=product&#038;p=3789"},"modified":"2024-09-23T08:08:37","modified_gmt":"2024-09-23T08:08:37","slug":"12-piece-cookware-set-wholesale","status":"publish","type":"product","link":"https:\/\/www.chancescook.com\/fr\/produit\/12-piece-cookware-set-wholesale\/","title":{"rendered":"12 Piece Cookware Set Wholesale Stainless Steel Drum Clear Glass Lids (Ensemble d'ustensiles de cuisine en gros en acier inoxydable avec couvercle en verre transparent)"},"content":{"rendered":"<div class=\"wp-block-columns is-layout-flex wp-container-core-columns-is-layout-9d6595d7 wp-block-columns-is-layout-flex\">\n<div class=\"wp-block-column is-layout-flow wp-block-column-is-layout-flow\">\n<h3 class=\"wp-block-heading\">Caract\u00e9ristiques et avantages de la batterie de cuisine 12 pi\u00e8ces<\/h3>\n\n\n\n<ul class=\"wp-block-list\">\n<li><strong>Acier inoxydable de premi\u00e8re qualit\u00e9<\/strong>: Cette batterie de cuisine de 12 pi\u00e8ces est fabriqu\u00e9e en acier inoxydable de premi\u00e8re qualit\u00e9, durable et r\u00e9sistant \u00e0 la corrosion.<\/li>\n\n\n\n<li><strong>Sans danger pour le four<\/strong>: Cet ensemble d'ustensiles de cuisine de la soci\u00e9t\u00e9 cookware peut aller au four de 350\u00b0F \u00e0 450\u00b0F environ pour une large gamme de m\u00e9thodes de cuisson.<\/li>\n\n\n\n<li><strong>Technologie de distribution de la chaleur<\/strong>: La r\u00e9partition uniforme de la chaleur sur le fond garantit des r\u00e9sultats de cuisson constants sans points chauds.<\/li>\n\n\n\n<li><strong>Poign\u00e9es ergonomiques<\/strong>: Une batterie de cuisine robuste de 12 pi\u00e8ces, froide au toucher et ergonomique, pour une prise en main confortable et s\u00fbre pendant la cuisson.<\/li>\n\n\n\n<li><strong>Polyvalent et facile \u00e0 utiliser<\/strong>: Le commerce de gros d'ustensiles de cuisine comprend de nombreuses tailles de casseroles, de po\u00eales, de mijoteuses, de po\u00eales \u00e0 frire et d'autres outils pour tous les besoins de la cuisine.<\/li>\n\n\n\n<li><strong>Facile \u00e0 nettoyer<\/strong>: Passe au lave-vaisselle pour que les ustensiles de cuisine gardent leur aspect neuf.<\/li>\n<\/ul>\n<\/div>\n\n\n\n<div class=\"wp-block-column is-layout-flow wp-block-column-is-layout-flow\">\n<h3 class=\"wp-block-heading\">Sp\u00e9cifications de la batterie de cuisine 12 pi\u00e8ces<\/h3>\n\n\n\n<ul class=\"wp-block-list\">\n<li>Fabricant : CHANCES<\/li>\n\n\n\n<li>Model No.:CY-GXBG1205B\/CY-TGGX1205A<\/li>\n\n\n\n<li>Mat\u00e9riau : SS201<\/li>\n\n\n\n<li>Nombre de pi\u00e8ces : 12 pi\u00e8ces<\/li>\n\n\n\n<li>\u00c9paisseur : 0,5 mm<\/li>\n\n\n\n<li>OEM&amp;ODM : Sur mesure, Bienvenue OEM&amp;ODM<\/li>\n\n\n\n<li>MOQ:1 x 40'HQ<\/li>\n\n\n\n<li>Emballage : Bo\u00eete de couleur, bo\u00eete en carton ou sur mesure<\/li>\n\n\n\n<li>\u00c9chantillon : Gratuit<\/li>\n<\/ul>\n<\/div>\n<\/div>\n\n\n\n<p><\/p>","protected":false},"excerpt":{"rendered":"<p>D\u00e9couvrez la batterie de cuisine 12 pi\u00e8ces de Chances, une batterie de cuisine polyvalente et rentable qui est \u00e0 la fois fonctionnelle et esth\u00e9tique, qu'elle soit utilis\u00e9e en gros \u00e0 des fins commerciales ou dans la cuisine domestique.<\/p>\n<h3>Batterie de cuisine 12 pi\u00e8ces comprenant<\/h3>\n<table style=\"border-collapse: collapse; width: 511.52pt;\" border=\"0\" width=\"1364\" cellspacing=\"0\" cellpadding=\"0\">\n<tbody>\n<tr style=\"height: 16.10pt;\">\n<td class=\"et3\" style=\"height: 16.10pt; width: 107.20pt;\" width=\"285\" height=\"42\">Num\u00e9ro de mod\u00e8le<\/td>\n<td class=\"et3\" style=\"width: 144.55pt;\" width=\"385\">Variantes de produits<\/td>\n<td class=\"et3\" style=\"width: 259.85pt;\" width=\"692\">Configuration<\/td>\n<\/tr>\n<tr style=\"height: 72.00pt;\">\n<td class=\"et4\" style=\"height: 72.00pt;\" height=\"192\">CY-GXBG1205B<\/td>\n<td class=\"et5\" style=\"width: 144.55pt;\" width=\"385\">Ensemble de couvercles en verre pour tambour \u00e0 poign\u00e9e creuse<\/td>\n<td class=\"et5\" style=\"width: 259.85pt;\" width=\"692\">Casserole de 16 cm x 9,2 cm avec couvercle<br \/>16cm x 9.2cm Casserole avec couvercle<br \/>18cm x 9.9cm Casserole avec couvercle<br \/>20cm x 10.2cm Casserole avec couvercle<br \/>24cm x 11.9cm Casserole avec couvercle<br \/>24cm x 6.8cm Po\u00eale \u00e0 frire avec couvercle<\/td>\n<\/tr>\n<tr style=\"height: 72.00pt;\">\n<td class=\"et4\" style=\"height: 72.00pt;\" height=\"192\">CY-TGGX1205A<\/td>\n<td class=\"et5\" style=\"width: 144.55pt;\" width=\"385\">Couvercle en verre avec poign\u00e9e en fonte en forme de tambour<\/td>\n<td class=\"et5\" style=\"width: 259.85pt;\" width=\"692\">Casserole de 16 cm x 10,5 cm avec couvercle <br \/>16cm x 10.5cm Casserole avec couvercle <br \/>18cm x 11.5cm Casserole avec couvercle <br \/>20cm x 12.5cm Casserole avec couvercle <br \/>24cm x 14.5cm Casserole avec couvercle <br \/>24cm x 7.5cm Po\u00eale \u00e0 frire avec couvercle<\/td>\n<\/tr>\n<\/tbody>\n<\/table>","protected":false},"featured_media":4107,"comment_status":"closed","ping_status":"closed","template":"","meta":{"_acf_changed":false},"product_brand":[],"product_cat":[53],"product_tag":[],"class_list":{"0":"post-3789","1":"product","2":"type-product","3":"status-publish","4":"has-post-thumbnail","6":"product_cat-wholesale-cookware-sets","8":"first","9":"instock","10":"shipping-taxable","11":"product-type-simple"},"acf":[],"_links":{"self":[{"href":"https:\/\/www.chancescook.com\/fr\/wp-json\/wp\/v2\/product\/3789","targetHints":{"allow":["GET"]}}],"collection":[{"href":"https:\/\/www.chancescook.com\/fr\/wp-json\/wp\/v2\/product"}],"about":[{"href":"https:\/\/www.chancescook.com\/fr\/wp-json\/wp\/v2\/types\/product"}],"replies":[{"embeddable":true,"href":"https:\/\/www.chancescook.com\/fr\/wp-json\/wp\/v2\/comments?post=3789"}],"wp:featuredmedia":[{"embeddable":true,"href":"https:\/\/www.chancescook.com\/fr\/wp-json\/wp\/v2\/media\/4107"}],"wp:attachment":[{"href":"https:\/\/www.chancescook.com\/fr\/wp-json\/wp\/v2\/media?parent=3789"}],"wp:term":[{"taxonomy":"product_brand","embeddable":true,"href":"https:\/\/www.chancescook.com\/fr\/wp-json\/wp\/v2\/product_brand?post=3789"},{"taxonomy":"product_cat","embeddable":true,"href":"https:\/\/www.chancescook.com\/fr\/wp-json\/wp\/v2\/product_cat?post=3789"},{"taxonomy":"product_tag","embeddable":true,"href":"https:\/\/www.chancescook.com\/fr\/wp-json\/wp\/v2\/product_tag?post=3789"}],"curies":[{"name":"wp","href":"https:\/\/api.w.org\/{rel}","templated":true}]}}