{"id":3794,"date":"2024-09-21T09:18:37","date_gmt":"2024-09-21T09:18:37","guid":{"rendered":"https:\/\/www.chancescook.com\/?post_type=product&#038;p=3794"},"modified":"2025-11-10T19:09:23","modified_gmt":"2025-11-10T19:09:23","slug":"wholesale-pots-and-pans-set","status":"publish","type":"product","link":"https:\/\/www.chancescook.com\/fr\/produit\/wholesale-pots-and-pans-set\/","title":{"rendered":"Wholesale Pots and Pans Set of Drum Glass Lid Steel Bar Handle Set of Cookware 10 Pieces (Ensemble de casseroles et po\u00eales)"},"content":{"rendered":"<div class=\"wp-block-columns is-layout-flex wp-container-core-columns-is-layout-9d6595d7 wp-block-columns-is-layout-flex\">\n<div class=\"wp-block-column is-layout-flow wp-block-column-is-layout-flow\">\n<h3 class=\"wp-block-heading\">Caract\u00e9ristiques et avantages de l'ensemble de casseroles et po\u00eales en gros<\/h3>\n\n\n\n<ul class=\"wp-block-list\">\n<li><strong>Construction en acier inoxydable de premi\u00e8re qualit\u00e9<\/strong>: Cet ensemble de 10 casseroles et po\u00eales est fabriqu\u00e9 en acier inoxydable de haute qualit\u00e9 pour la durabilit\u00e9, la r\u00e9sistance \u00e0 la corrosion et un look \u00e9l\u00e9gant et moderne qui s'adapte \u00e0 toutes les cuisines.<\/li>\n\n\n\n<li><strong>Poign\u00e9e en acier :<\/strong> Conception ergonomique pour une prise en main solide et confortable, adapt\u00e9e \u00e0 une utilisation \u00e0 long terme sans fatigue, garantissant une manipulation s\u00fbre m\u00eame lorsque les casseroles et po\u00eales sont br\u00fblantes\uff0c<\/li>\n\n\n\n<li><strong>Efficacit\u00e9 de cuisson \u00e9lev\u00e9e :<\/strong> La r\u00e9partition uniforme de la chaleur r\u00e9duit le temps de cuisson et am\u00e9liore l'efficacit\u00e9 de la cuisson pour garantir la saveur des aliments.<\/li>\n\n\n\n<li><strong>Compatibilit\u00e9<\/strong>: Convient \u00e0 toutes les sources de chaleur, y compris l'induction, le gaz, l'\u00e9lectricit\u00e9 et les plaques de cuisson en c\u00e9ramique, vous offrant ainsi un large \u00e9ventail d'options de cuisson.<\/li>\n\n\n\n<li><strong>Convient pour les achats en gros :<\/strong> Con\u00e7u pour le march\u00e9 de gros, il convient aux cuisines des restaurants et des h\u00f4tels ainsi qu'aux grandes maisons, offrant une option d'achat en gros rentable.<\/li>\n\n\n\n<li><strong>La s\u00e9curit\u00e9 :<\/strong> la conception du couvercle en verre et de la poign\u00e9e en acier am\u00e9liore consid\u00e9rablement la s\u00e9curit\u00e9 pendant la cuisson et r\u00e9duit le risque de br\u00fblures accidentelles.<\/li>\n<\/ul>\n<\/div>\n\n\n\n<div class=\"wp-block-column is-layout-flow wp-block-column-is-layout-flow\">\n<h3 class=\"wp-block-heading\">Sp\u00e9cifications de l'ensemble de casseroles et po\u00eales en gros<\/h3>\n\n\n\n<ul class=\"wp-block-list\">\n<li>Fabricant : CHANCES<\/li>\n\n\n\n<li>Num\u00e9ro de mod\u00e8le : CY-GXBG1005\/CY-GXBG10A<\/li>\n\n\n\n<li>Mat\u00e9riau : SS201<\/li>\n\n\n\n<li>Nombre de pi\u00e8ces : 10 pi\u00e8ces<\/li>\n\n\n\n<li>\u00c9paisseur : 0,5 mm<\/li>\n\n\n\n<li>Fond : 2,0 mm<\/li>\n\n\n\n<li>OEM&amp;ODM : Sur mesure, Bienvenue OEM&amp;ODM<\/li>\n\n\n\n<li>MOQ:1 x 40'HQ<\/li>\n\n\n\n<li>Emballage : Bo\u00eete couleur\/bo\u00eete en carton<\/li>\n\n\n\n<li>\u00c9chantillon : Gratuit<\/li>\n<\/ul>\n<\/div>\n<\/div>\n\n\n\n<div class=\"wp-block-columns is-layout-flex wp-container-core-columns-is-layout-9d6595d7 wp-block-columns-is-layout-flex\">\n<div class=\"wp-block-column is-layout-flow wp-block-column-is-layout-flow\" style=\"flex-basis:25%\"><\/div>\n\n\n\n<div class=\"wp-block-column is-layout-flow wp-block-column-is-layout-flow\" style=\"flex-basis:80%\">\n<figure class=\"wp-block-embed is-type-video is-provider-youtube wp-block-embed-youtube wp-embed-aspect-16-9 wp-has-aspect-ratio\"><div class=\"wp-block-embed__wrapper\">\n<iframe title=\"Batterie de cuisine en forme de tambour avec manche en acier#cookwaressets\" width=\"940\" height=\"529\" src=\"https:\/\/www.youtube.com\/embed\/XI5LrCABJyM?feature=oembed\" frameborder=\"0\" allow=\"accelerometer; autoplay; clipboard-write; encrypted-media; gyroscope; picture-in-picture; web-share\" referrerpolicy=\"strict-origin-when-cross-origin\" allowfullscreen><\/iframe>\n<\/div><figcaption class=\"wp-element-caption\">Set de casseroles et de po\u00eales \u00e0 tambour Fabricant de casseroles et de po\u00eales \u00e0 tambour<\/figcaption><\/figure>\n<\/div>\n\n\n\n<div class=\"wp-block-column is-layout-flow wp-block-column-is-layout-flow\" style=\"flex-basis:25%\"><\/div>\n<\/div>","protected":false},"excerpt":{"rendered":"<p>Cette batterie de cuisine de 10 pi\u00e8ces avec couvercle en verre est con\u00e7ue pour le march\u00e9 de gros des batteries de cuisine, et chaque pi\u00e8ce est fabriqu\u00e9e en acier inoxydable de haute qualit\u00e9 pour garantir une durabilit\u00e9 \u00e0 long terme et une distribution uniforme de la chaleur afin d'am\u00e9liorer les r\u00e9sultats de la cuisson. Cette batterie de cuisine est non seulement polyvalente, puisqu'elle comprend une vari\u00e9t\u00e9 de casseroles et de po\u00eales couramment utilis\u00e9es pour r\u00e9pondre \u00e0 divers besoins de cuisson, de l'\u00e9bullition au braisage en passant par les saut\u00e9s et les saut\u00e9s \u00e0 la po\u00eale, mais elle pr\u00e9sente \u00e9galement un aspect moderne et \u00e9l\u00e9gant qui la rend id\u00e9ale pour les cuisines des restaurants et des h\u00f4tels, ainsi que pour les cuisines des familles nombreuses.<\/p>\n<h3>L'ensemble de casseroles et po\u00eales en gros comprend\uff1a<\/h3>\n<table width=\"781\">\n<tbody>\n<tr>\n<td width=\"136\">Num\u00e9ro de mod\u00e8le<\/td>\n<td width=\"230\">Variantes de produits<\/td>\n<td width=\"413\">Configuration<\/td>\n<\/tr>\n<tr>\n<td>CY-GXBG1005<\/td>\n<td width=\"230\">Ensemble de casseroles et po\u00eales en acier inoxydable avec couvercles en verre et poign\u00e9es en acier<\/td>\n<td rowspan=\"2\" width=\"413\">16cm x 10.5cm Casserole avec couvercle 18cm x 11.5cm Casserole avec couvercle 20cm x 12.5cm Casserole avec couvercle 22cm x 13.5cm Casserole avec couvercle 24cm x 5.0cm Po\u00eale \u00e0 frire avec couvercle<\/td>\n<\/tr>\n<tr>\n<td>CY-GXBG10A<\/td>\n<td width=\"230\">Ensemble de casseroles et po\u00eales en acier inoxydable avec couvercles en verre et poign\u00e9es en acier<\/td>\n<\/tr>\n<\/tbody>\n<\/table>","protected":false},"featured_media":4126,"comment_status":"closed","ping_status":"closed","template":"","meta":{"_acf_changed":false},"product_brand":[],"product_cat":[53],"product_tag":[],"class_list":{"0":"post-3794","1":"product","2":"type-product","3":"status-publish","4":"has-post-thumbnail","6":"product_cat-wholesale-cookware-sets","8":"first","9":"instock","10":"shipping-taxable","11":"product-type-simple"},"acf":[],"_links":{"self":[{"href":"https:\/\/www.chancescook.com\/fr\/wp-json\/wp\/v2\/product\/3794","targetHints":{"allow":["GET"]}}],"collection":[{"href":"https:\/\/www.chancescook.com\/fr\/wp-json\/wp\/v2\/product"}],"about":[{"href":"https:\/\/www.chancescook.com\/fr\/wp-json\/wp\/v2\/types\/product"}],"replies":[{"embeddable":true,"href":"https:\/\/www.chancescook.com\/fr\/wp-json\/wp\/v2\/comments?post=3794"}],"wp:featuredmedia":[{"embeddable":true,"href":"https:\/\/www.chancescook.com\/fr\/wp-json\/wp\/v2\/media\/4126"}],"wp:attachment":[{"href":"https:\/\/www.chancescook.com\/fr\/wp-json\/wp\/v2\/media?parent=3794"}],"wp:term":[{"taxonomy":"product_brand","embeddable":true,"href":"https:\/\/www.chancescook.com\/fr\/wp-json\/wp\/v2\/product_brand?post=3794"},{"taxonomy":"product_cat","embeddable":true,"href":"https:\/\/www.chancescook.com\/fr\/wp-json\/wp\/v2\/product_cat?post=3794"},{"taxonomy":"product_tag","embeddable":true,"href":"https:\/\/www.chancescook.com\/fr\/wp-json\/wp\/v2\/product_tag?post=3794"}],"curies":[{"name":"wp","href":"https:\/\/api.w.org\/{rel}","templated":true}]}}