{"id":3813,"date":"2024-09-21T09:05:16","date_gmt":"2024-09-21T09:05:16","guid":{"rendered":"https:\/\/www.chancescook.com\/?post_type=product&#038;p=3813"},"modified":"2024-09-28T16:27:20","modified_gmt":"2024-09-28T16:27:20","slug":"wholesale-set-of-stainless-steel-pots","status":"publish","type":"product","link":"https:\/\/www.chancescook.com\/fr\/produit\/wholesale-set-of-stainless-steel-pots\/","title":{"rendered":"Wholesale 8 Piece Set of Stainless Steel Pots with Glass Lids in Korean Style 8 Pieces (Jeu de 8 pi\u00e8ces en acier inoxydable avec couvercles en verre)"},"content":{"rendered":"<div class=\"wp-block-columns is-layout-flex wp-container-core-columns-is-layout-9d6595d7 wp-block-columns-is-layout-flex\">\n<div class=\"wp-block-column is-layout-flow wp-block-column-is-layout-flow\">\n<h3 class=\"wp-block-heading\">Caract\u00e9ristiques et avantages de l'ensemble de 8 casseroles en acier inoxydable<\/h3>\n\n\n\n<ul class=\"wp-block-list\">\n<li><strong>Peut \u00eatre mis au four :<\/strong> Ces casseroles en acier inoxydable peuvent r\u00e9sister \u00e0 des temp\u00e9ratures allant jusqu'\u00e0 800\u00b0F et sont compatibles avec le four ou le gril, ce qui vous offre de nombreuses possibilit\u00e9s de cuisson.<\/li>\n\n\n\n<li><strong>Compatible avec une large gamme de plaques de cuisson :<\/strong> a une grande capacit\u00e9 d'adaptation pour une utilisation sur une vari\u00e9t\u00e9 de tables de cuisson, y compris celles utilisant la technologie de l'induction.<\/li>\n\n\n\n<li><strong>Non toxique et exempt de produits chimiques nocifs :<\/strong> Le rev\u00eatement est fabriqu\u00e9 en acier composite de haute qualit\u00e9 et ne contient pas de substances nocives telles que le t\u00e9flon, le PFOA, le PFOS, le PTFE ou les PFAS.<\/li>\n\n\n\n<li><strong>Construction robuste et s\u00fbre :<\/strong> Elle est dot\u00e9e d'un couvercle en acier durable con\u00e7u pour emp\u00eacher l'humidit\u00e9 de p\u00e9n\u00e9trer dans la casserole, de poign\u00e9es pour la maintenir au frais et de larges rebords pour faciliter le versement de l'eau.<\/li>\n\n\n\n<li><strong>Le nettoyage est facile :<\/strong> les ustensiles de cuisine sont con\u00e7us de mani\u00e8re \u00e0 pouvoir \u00eatre facilement nettoy\u00e9s au lave-vaisselle, ce qui leur donne l'aspect du neuf.<\/li>\n\n\n\n<li><strong>Options personnalisables :<\/strong> cette batterie de cuisine de 8 pi\u00e8ces peut \u00eatre personnalis\u00e9e avec diff\u00e9rentes finitions et la gravure d'un logo.<\/li>\n<\/ul>\n<\/div>\n\n\n\n<div class=\"wp-block-column is-layout-flow wp-block-column-is-layout-flow\">\n<h3 class=\"wp-block-heading\">Sp\u00e9cifications de l'ensemble de 8 pots en acier inoxydable<\/h3>\n\n\n\n<ul class=\"wp-block-list\">\n<li>Fabricant : CHANCES<\/li>\n\n\n\n<li>Model No.:CY-HSGX0508\/CY-HSZS0508<\/li>\n\n\n\n<li>Mat\u00e9riau : SS201<\/li>\n\n\n\n<li>Nombre de pi\u00e8ces : 8 pi\u00e8ces<\/li>\n\n\n\n<li>Couvercle : Couvercle en acier inoxydable<\/li>\n\n\n\n<li>\u00c9paisseur : 0,4 mm<\/li>\n\n\n\n<li>Fond : 2,0 mm<\/li>\n\n\n\n<li>OEM&amp;ODM : Sur mesure, Bienvenue OEM&amp;ODM<\/li>\n\n\n\n<li>Emballage : Bo\u00eete couleur\/bo\u00eete en carton<\/li>\n\n\n\n<li>\u00c9chantillon : Gratuit<\/li>\n<\/ul>\n<\/div>\n<\/div>","protected":false},"excerpt":{"rendered":"<p>Cet ensemble de 8 casseroles en acier inoxydable adopte un design cor\u00e9en. Chaque casserole est fabriqu\u00e9e en acier inoxydable, robuste et durable, et poss\u00e8de un couvercle en verre transparent pour plus de commodit\u00e9 et de s\u00e9curit\u00e9, ce qui convient parfaitement \u00e0 tous les types de cuisine. Cet ensemble de 8 pi\u00e8ces comprend des casseroles de diff\u00e9rentes tailles, qui conviennent parfaitement \u00e0 divers besoins tels que les soupes, les rago\u00fbts et les repas quotidiens. Cet ensemble simple et pratique r\u00e9pond aux divers besoins des consommateurs et convient aux achats en gros.<\/p>\n<h3>Ensemble de 8 pi\u00e8ces en acier inoxydable comprenant\uff1a<\/h3>\n<table width=\"781\">\n<tbody>\n<tr>\n<td width=\"136\">Num\u00e9ro de mod\u00e8le<\/td>\n<td width=\"230\">Variantes de produits<\/td>\n<td width=\"413\">Configuration<\/td>\n<\/tr>\n<tr>\n<td width=\"136\">CY-HSGX0508<\/td>\n<td width=\"230\">Batterie de cuisine cor\u00e9enne en forme de tambour<\/td>\n<td width=\"413\">18cm x 10.1cm Casserole avec couvercle<br \/>20cm x 10.8cm Casserole avec couvercle<br \/>22cm x 11.8cm Casserole avec couvercle<br \/>24cm x 12.5cm Casserole avec couvercle<\/td>\n<\/tr>\n<tr>\n<td width=\"136\">CY-HSZS0508<\/td>\n<td width=\"230\">Batterie de cuisine droite cor\u00e9enne<\/td>\n<td width=\"413\">18cm x 10.3cm Casserole avec couvercle<br \/>20cm x 11.2cm Casserole avec couvercle<br \/>22cm x 12.1cm Casserole avec couvercle<br \/>24cm x 12.8cm Casserole avec couvercle<\/td>\n<\/tr>\n<\/tbody>\n<\/table>\n<p>&nbsp;<\/p>","protected":false},"featured_media":4132,"comment_status":"closed","ping_status":"closed","template":"","meta":{"_acf_changed":false},"product_brand":[],"product_cat":[53],"product_tag":[],"class_list":{"0":"post-3813","1":"product","2":"type-product","3":"status-publish","4":"has-post-thumbnail","6":"product_cat-wholesale-cookware-sets","8":"first","9":"instock","10":"shipping-taxable","11":"product-type-simple"},"acf":[],"_links":{"self":[{"href":"https:\/\/www.chancescook.com\/fr\/wp-json\/wp\/v2\/product\/3813","targetHints":{"allow":["GET"]}}],"collection":[{"href":"https:\/\/www.chancescook.com\/fr\/wp-json\/wp\/v2\/product"}],"about":[{"href":"https:\/\/www.chancescook.com\/fr\/wp-json\/wp\/v2\/types\/product"}],"replies":[{"embeddable":true,"href":"https:\/\/www.chancescook.com\/fr\/wp-json\/wp\/v2\/comments?post=3813"}],"wp:featuredmedia":[{"embeddable":true,"href":"https:\/\/www.chancescook.com\/fr\/wp-json\/wp\/v2\/media\/4132"}],"wp:attachment":[{"href":"https:\/\/www.chancescook.com\/fr\/wp-json\/wp\/v2\/media?parent=3813"}],"wp:term":[{"taxonomy":"product_brand","embeddable":true,"href":"https:\/\/www.chancescook.com\/fr\/wp-json\/wp\/v2\/product_brand?post=3813"},{"taxonomy":"product_cat","embeddable":true,"href":"https:\/\/www.chancescook.com\/fr\/wp-json\/wp\/v2\/product_cat?post=3813"},{"taxonomy":"product_tag","embeddable":true,"href":"https:\/\/www.chancescook.com\/fr\/wp-json\/wp\/v2\/product_tag?post=3813"}],"curies":[{"name":"wp","href":"https:\/\/api.w.org\/{rel}","templated":true}]}}