{"id":3823,"date":"2024-09-28T10:30:51","date_gmt":"2024-09-28T10:30:51","guid":{"rendered":"https:\/\/www.chancescook.com\/?post_type=product&#038;p=3823"},"modified":"2024-09-28T10:30:52","modified_gmt":"2024-09-28T10:30:52","slug":"12-piece-set-of-pots-and-pans","status":"publish","type":"product","link":"https:\/\/www.chancescook.com\/fr\/produit\/12-piece-set-of-pots-and-pans\/","title":{"rendered":"12 Piece Set of Pots and Pans with Pointed Feet Wholesaler - Quality Cookware for Every Kitchen"},"content":{"rendered":"<div class=\"wp-block-columns is-layout-flex wp-container-core-columns-is-layout-9d6595d7 wp-block-columns-is-layout-flex\">\n<div class=\"wp-block-column is-layout-flow wp-block-column-is-layout-flow\">\n<h3 class=\"wp-block-heading\">Caract\u00e9ristiques et avantages de l'ensemble de 12 casseroles et po\u00eales<\/h3>\n\n\n\n<ul class=\"wp-block-list\">\n<li><strong>Design des pieds pointus<\/strong>: Le design d\u00e9licat et unique des pieds pointus refl\u00e8te l'esth\u00e9tique de cet ensemble de 12 casseroles et po\u00eales.<\/li>\n\n\n\n<li><strong>Batterie de cuisine 12 pi\u00e8ces<\/strong>: Avec 12 ustensiles de cuisine de tailles et de types diff\u00e9rents, comprenant des marmites, des po\u00eales \u00e0 frire, des cuiseurs \u00e0 vapeur, etc., il est possible de r\u00e9pondre aux besoins de cuisson de diff\u00e9rents ingr\u00e9dients ainsi qu'aux exigences des professionnels de la cuisine.<\/li>\n\n\n\n<li><strong>Durabilit\u00e9<\/strong>: Fabriqu\u00e9 en acier inoxydable 410 de haute qualit\u00e9, cet ustensile de cuisine peut \u00eatre utilis\u00e9 pendant longtemps sans s'user.<\/li>\n\n\n\n<li><strong>Conduction isotherme<\/strong>: Peut \u00eatre utilis\u00e9 sur les tables de cuisson \u00e0 induction, etc. Le fond multicouche assure une r\u00e9partition uniforme de la chaleur et minimise le temps de cuisson.<\/li>\n\n\n\n<li><strong>Couvercle en verre transparent<\/strong>: La batterie de cuisine est livr\u00e9e avec un couvercle en verre tremp\u00e9, ce qui vous permet de v\u00e9rifier facilement l'\u00e9tat de cuisson de vos aliments tout en conservant la chaleur et l'humidit\u00e9.<\/li>\n\n\n\n<li><strong>Bonne stabilit\u00e9 et antid\u00e9rapant<\/strong>: Les casseroles et po\u00eales 12 pi\u00e8ces avec pieds pointus augmentent la stabilit\u00e9 de l'ustensile de cuisine et r\u00e9duisent le risque de basculement pendant l'utilisation.<\/li>\n<\/ul>\n<\/div>\n\n\n\n<div class=\"wp-block-column is-layout-flow wp-block-column-is-layout-flow\">\n<h3 class=\"wp-block-heading\">Sp\u00e9cifications de l'ensemble de 12 casseroles et po\u00eales<\/h3>\n\n\n\n<ul class=\"wp-block-list\">\n<li>Fabricant : CHANCES<\/li>\n\n\n\n<li>Model No.:CY-JJBG1205A\/CY-TG1203\/CY-JJBG12035\/CY-JJBG12035A<\/li>\n\n\n\n<li>Mat\u00e9riau : SS410<\/li>\n\n\n\n<li>Nombre de pi\u00e8ces : 12 pi\u00e8ces<\/li>\n\n\n\n<li>\u00c9paisseur : 0,5 mm\/0,3 mm\/0,35 mm<\/li>\n\n\n\n<li>Fond : 3,0 mm\/1,2 mm\/1,5 mm<\/li>\n\n\n\n<li>OEM&amp;ODM : Sur mesure, Bienvenue OEM&amp;ODM<\/li>\n\n\n\n<li>MOQ:1 x 40'HQ<\/li>\n\n\n\n<li>Emballage : Bo\u00eete couleur\/bo\u00eete en carton<\/li>\n\n\n\n<li>\u00c9chantillon : Gratuit<\/li>\n<\/ul>\n<\/div>\n<\/div>","protected":false},"excerpt":{"rendered":"<p>D\u00e9couvrez cet ensemble de 12 casseroles et po\u00eales avec une batterie de cuisine unique et luxueuse pour une stabilit\u00e9 accrue et une esth\u00e9tique moderne. Cet ensemble est id\u00e9al pour la maison ou la cuisine professionnelle. Il comprend des casseroles et des po\u00eales pour des performances constantes et des besoins de cuisson polyvalents.<\/p>\n<h3>Ensemble de 12 casseroles et po\u00eales comprenant\uff1a<\/h3>\n<table style=\"border-collapse: collapse; width: 468.62pt;\" border=\"0\" width=\"781\" cellspacing=\"0\" cellpadding=\"0\">\n<tbody>\n<tr style=\"height: 17.40pt;\">\n<td class=\"et3\" style=\"height: 17.40pt; width: 82.10pt;\" width=\"136\" height=\"29\">Num\u00e9ro de mod\u00e8le<\/td>\n<td class=\"et3\" style=\"width: 138.15pt;\" width=\"230\">Variantes de produits<\/td>\n<td class=\"et3\" style=\"width: 248.35pt;\" width=\"413\">Configuration<\/td>\n<\/tr>\n<tr style=\"height: 72.00pt;\">\n<td class=\"et4\" style=\"height: 72.00pt; width: 82.10pt;\" width=\"136\" height=\"120\">CY-JJBG1205A<\/td>\n<td class=\"et5\" style=\"width: 138.15pt;\" width=\"230\">Batterie de cuisine \u00e0 pieds pointus avec couvercle en verre<\/td>\n<td class=\"et6\" style=\"width: 248.35pt;\" rowspan=\"2\" width=\"413\">Casserole de 16 cm x 9 cm avec couvercle<br \/>16cm x 9cm Casserole avec couvercle<br \/>18cm x 10.5cm Casserole avec couvercle<br \/>20cm x 11cm Casserole avec couvercle<br \/>24cm x 12.9cm Casserole avec couvercle<br \/>24cm x 7cm Po\u00eale \u00e0 frire avec couvercle<\/td>\n<\/tr>\n<tr style=\"height: 72.00pt;\">\n<td class=\"et4\" style=\"height: 72.00pt; width: 82.10pt;\" width=\"136\" height=\"120\">CY-TG1203<\/td>\n<td class=\"et5\" style=\"width: 138.15pt;\" width=\"230\">Batterie de cuisine \u00e0 pieds pointus<\/td>\n<\/tr>\n<tr style=\"height: 72.00pt;\">\n<td class=\"et8\" style=\"height: 72.00pt;\" height=\"120\">CY-JJBG12035<\/td>\n<td class=\"et5\" style=\"width: 138.15pt;\" width=\"230\">Batterie de cuisine \u00e0 pieds pointus<\/td>\n<td class=\"et7\" style=\"width: 248.35pt; border-bottom: .5pt solid #000000;\" rowspan=\"2\" width=\"413\">Casserole de 16 cm x 9 cm avec couvercle<br \/>16cm x 9cm Casserole avec couvercle<br \/>18cm x 10.5cm Casserole avec couvercle<br \/>20cm x 11cm Casserole avec couvercle<br \/>24cm x 12.9cm Casserole avec couvercle<br \/>24cm x 7cm Po\u00eale \u00e0 frire avec couvercle<\/td>\n<\/tr>\n<tr style=\"height: 72.00pt;\">\n<td class=\"et8\" style=\"height: 72.00pt;\" height=\"120\">CY-JJBG12035A<\/td>\n<td class=\"et5\" style=\"width: 138.15pt;\" width=\"230\">Batterie de cuisine \u00e0 pieds pointus<\/td>\n<\/tr>\n<\/tbody>\n<\/table>","protected":false},"featured_media":4135,"comment_status":"closed","ping_status":"closed","template":"","meta":{"_acf_changed":false},"product_brand":[],"product_cat":[53],"product_tag":[],"class_list":{"0":"post-3823","1":"product","2":"type-product","3":"status-publish","4":"has-post-thumbnail","6":"product_cat-wholesale-cookware-sets","8":"first","9":"instock","10":"shipping-taxable","11":"product-type-simple"},"acf":[],"_links":{"self":[{"href":"https:\/\/www.chancescook.com\/fr\/wp-json\/wp\/v2\/product\/3823","targetHints":{"allow":["GET"]}}],"collection":[{"href":"https:\/\/www.chancescook.com\/fr\/wp-json\/wp\/v2\/product"}],"about":[{"href":"https:\/\/www.chancescook.com\/fr\/wp-json\/wp\/v2\/types\/product"}],"replies":[{"embeddable":true,"href":"https:\/\/www.chancescook.com\/fr\/wp-json\/wp\/v2\/comments?post=3823"}],"wp:featuredmedia":[{"embeddable":true,"href":"https:\/\/www.chancescook.com\/fr\/wp-json\/wp\/v2\/media\/4135"}],"wp:attachment":[{"href":"https:\/\/www.chancescook.com\/fr\/wp-json\/wp\/v2\/media?parent=3823"}],"wp:term":[{"taxonomy":"product_brand","embeddable":true,"href":"https:\/\/www.chancescook.com\/fr\/wp-json\/wp\/v2\/product_brand?post=3823"},{"taxonomy":"product_cat","embeddable":true,"href":"https:\/\/www.chancescook.com\/fr\/wp-json\/wp\/v2\/product_cat?post=3823"},{"taxonomy":"product_tag","embeddable":true,"href":"https:\/\/www.chancescook.com\/fr\/wp-json\/wp\/v2\/product_tag?post=3823"}],"curies":[{"name":"wp","href":"https:\/\/api.w.org\/{rel}","templated":true}]}}