{"id":3835,"date":"2025-07-01T17:40:57","date_gmt":"2025-07-01T17:40:57","guid":{"rendered":"https:\/\/www.chancescook.com\/?post_type=product&#038;p=3835"},"modified":"2025-07-01T17:40:59","modified_gmt":"2025-07-01T17:40:59","slug":"wholesale-kitchen-pots-and-pans-set","status":"publish","type":"product","link":"https:\/\/www.chancescook.com\/fr\/produit\/wholesale-kitchen-pots-and-pans-set\/","title":{"rendered":"Wholesale Kitchen Pots and Pans Set, Chinese Style Set with Steel Lids 6 Pcs"},"content":{"rendered":"<div class=\"wp-block-columns is-layout-flex wp-container-core-columns-is-layout-9d6595d7 wp-block-columns-is-layout-flex\">\n<div class=\"wp-block-column is-layout-flow wp-block-column-is-layout-flow\">\n<h3 class=\"wp-block-heading\">Caract\u00e9ristiques et avantages de l'ensemble de casseroles et po\u00eales de cuisine<\/h3>\n\n\n\n<ul class=\"wp-block-list\">\n<li><strong>Durable :<\/strong> Fabriqu\u00e9es avec des mat\u00e9riaux de grande qualit\u00e9, les casseroles et po\u00eales ont une excellente durabilit\u00e9 et une bonne r\u00e9sistance \u00e0 la corrosion, m\u00eame en cas d'utilisation fr\u00e9quente.<\/li>\n\n\n\n<li><strong>Compatible avec tous les types de po\u00eales :<\/strong> Les batteries de cuisine en acier inoxydable sur mesure conviennent \u00e0 toutes les surfaces de cuisson, y compris l'induction, ce qui garantit une large compatibilit\u00e9.<\/li>\n\n\n\n<li><strong>Ustensiles de cuisine non toxiques :<\/strong> Nos batteries de cuisine sont exemptes de substances nocives telles que le PFOA, le PTFE, les PFA, le plomb, le cadmium et les m\u00e9taux toxiques, ce qui vous permet de cuisiner en toute s\u00e9curit\u00e9.<\/li>\n\n\n\n<li><strong>Id\u00e9al pour la personnalisation :<\/strong> peuvent \u00eatre personnalis\u00e9es et produites sur mesure selon les besoins des fabricants afin de r\u00e9pondre \u00e0 des exigences sp\u00e9cifiques en mati\u00e8re de conception et de fonctionnement.<\/li>\n\n\n\n<li><strong>Polyvalence : <\/strong>Comprend une grande vari\u00e9t\u00e9 d'ustensiles de cuisine, adapt\u00e9s \u00e0 tous les styles de cuisson et r\u00e9pondant \u00e0 diff\u00e9rents besoins.<\/li>\n\n\n\n<li><strong>Facile \u00e0 nettoyer :<\/strong> L'acier inoxydable et les mat\u00e9riaux antiadh\u00e9sifs permettent un nettoyage rapide et facile.<\/li>\n<\/ul>\n<\/div>\n\n\n\n<div class=\"wp-block-column is-layout-flow wp-block-column-is-layout-flow\">\n<h3 class=\"wp-block-heading\">Sp\u00e9cifications de l'ensemble de casseroles et po\u00eales de cuisine<\/h3>\n\n\n\n<ul class=\"wp-block-list\">\n<li>Fabricant : CHANCES<\/li>\n\n\n\n<li>Num\u00e9ro de mod\u00e8le:CY-ZSGG0605<\/li>\n\n\n\n<li>Mat\u00e9riau : SS201<\/li>\n\n\n\n<li>Nombre de pi\u00e8ces : 6 pi\u00e8ces<\/li>\n\n\n\n<li>Couvercle : Couvercle en acier inoxydable<\/li>\n\n\n\n<li>\u00c9paisseur : 0,5 mm<\/li>\n\n\n\n<li>Fond : 3,0 mm<\/li>\n\n\n\n<li>GW\/NW : 20,8 kg\/19,8 kg<\/li>\n\n\n\n<li>OEM&amp;ODM : Sur mesure, Bienvenue OEM&amp;ODM<\/li>\n\n\n\n<li>MOQ:1 x 40'HQ<\/li>\n\n\n\n<li>Emballage : Bo\u00eete couleur\/bo\u00eete en carton<\/li>\n\n\n\n<li>\u00c9chantillon : Gratuit<\/li>\n<\/ul>\n<\/div>\n<\/div>","protected":false},"excerpt":{"rendered":"<p>Set de 6 casseroles et po\u00eales de cuisine en gros avec un design chinois et des couvercles en acier assortis. Comprend une vari\u00e9t\u00e9 de casseroles et de po\u00eales pour de multiples besoins de cuisson. Le couvercle en acier inoxydable retient l'humidit\u00e9 et pr\u00e9serve la saveur de vos aliments. Il allie un design traditionnel \u00e0 une praticit\u00e9 moderne pour les achats en gros et l'utilisation professionnelle en cuisine.<\/p>\n<h3>Ensemble de casseroles et po\u00eales de cuisine comprenant\uff1a<\/h3>\n<ul>\n<li>22cm x 12.5cm Casserole avec couvercle<\/li>\n<li>24cm x 13.5cm Casserole avec couvercle<\/li>\n<li>26cm x 14.5cm Casserole avec couvercle<\/li>\n<\/ul>","protected":false},"featured_media":4165,"comment_status":"closed","ping_status":"closed","template":"","meta":{"_acf_changed":false},"product_brand":[],"product_cat":[53],"product_tag":[],"class_list":{"0":"post-3835","1":"product","2":"type-product","3":"status-publish","4":"has-post-thumbnail","6":"product_cat-wholesale-cookware-sets","8":"first","9":"instock","10":"shipping-taxable","11":"product-type-simple"},"acf":[],"_links":{"self":[{"href":"https:\/\/www.chancescook.com\/fr\/wp-json\/wp\/v2\/product\/3835","targetHints":{"allow":["GET"]}}],"collection":[{"href":"https:\/\/www.chancescook.com\/fr\/wp-json\/wp\/v2\/product"}],"about":[{"href":"https:\/\/www.chancescook.com\/fr\/wp-json\/wp\/v2\/types\/product"}],"replies":[{"embeddable":true,"href":"https:\/\/www.chancescook.com\/fr\/wp-json\/wp\/v2\/comments?post=3835"}],"wp:featuredmedia":[{"embeddable":true,"href":"https:\/\/www.chancescook.com\/fr\/wp-json\/wp\/v2\/media\/4165"}],"wp:attachment":[{"href":"https:\/\/www.chancescook.com\/fr\/wp-json\/wp\/v2\/media?parent=3835"}],"wp:term":[{"taxonomy":"product_brand","embeddable":true,"href":"https:\/\/www.chancescook.com\/fr\/wp-json\/wp\/v2\/product_brand?post=3835"},{"taxonomy":"product_cat","embeddable":true,"href":"https:\/\/www.chancescook.com\/fr\/wp-json\/wp\/v2\/product_cat?post=3835"},{"taxonomy":"product_tag","embeddable":true,"href":"https:\/\/www.chancescook.com\/fr\/wp-json\/wp\/v2\/product_tag?post=3835"}],"curies":[{"name":"wp","href":"https:\/\/api.w.org\/{rel}","templated":true}]}}