{"id":3864,"date":"2024-09-28T18:20:26","date_gmt":"2024-09-28T18:20:26","guid":{"rendered":"https:\/\/www.chancescook.com\/?post_type=product&#038;p=3864"},"modified":"2024-09-28T18:20:27","modified_gmt":"2024-09-28T18:20:27","slug":"custom-set-of-nonstick-cookware","status":"publish","type":"product","link":"https:\/\/www.chancescook.com\/fr\/produit\/custom-set-of-nonstick-cookware\/","title":{"rendered":"Batterie de cuisine antiadh\u00e9sive 9 pi\u00e8ces de style europ\u00e9en avec couvercles en acier ou en verre"},"content":{"rendered":"<div class=\"wp-block-columns is-layout-flex wp-container-core-columns-is-layout-9d6595d7 wp-block-columns-is-layout-flex\">\n<div class=\"wp-block-column is-layout-flow wp-block-column-is-layout-flow\">\n<h3 class=\"wp-block-heading\">Caract\u00e9ristiques et avantages de la batterie de cuisine antiadh\u00e9sive 9 pi\u00e8ces<\/h3>\n\n\n\n<ul class=\"wp-block-list\">\n<li><strong>Mat\u00e9riau de premi\u00e8re qualit\u00e9 :<\/strong> La batterie de cuisine antiadh\u00e9sive de 9 pi\u00e8ces est fabriqu\u00e9e en acier inoxydable de haute qualit\u00e9, durable et saine.<\/li>\n\n\n\n<li><strong>Conception de la poign\u00e9e :<\/strong> Une batterie de cuisine europ\u00e9enne avec diff\u00e9rentes formes de poign\u00e9es est con\u00e7ue de mani\u00e8re ergonomique pour une prise en main confortable et pratique pendant la cuisson.<\/li>\n\n\n\n<li><strong>Polyvalence :<\/strong> La batterie de cuisine antiadh\u00e9sive 9 pi\u00e8ces comprend toutes sortes de casseroles et de po\u00eales qui conviennent \u00e0 de nombreuses m\u00e9thodes de cuisson et \u00e0 diff\u00e9rentes cuisines.<\/li>\n\n\n\n<li><strong>Conception du couvercle :<\/strong> Le couvercle permet de conserver la chaleur et l'humidit\u00e9 \u00e0 l'int\u00e9rieur de la casserole tout en \u00e9vitant les d\u00e9versements ou la cuisson \u00e0 sec, il permet \u00e9galement d'\u00e9conomiser de l'\u00e9nergie et de pr\u00e9server la saveur des aliments. Les couvercles en verre permettent de voir facilement l'\u00e9tat des aliments.<\/li>\n\n\n\n<li><strong>Design de style europ\u00e9en :<\/strong> Cette batterie de cuisine de 9 pi\u00e8ces est fabriqu\u00e9e en acier inoxydable de haute qualit\u00e9 et pr\u00e9sente un design raffin\u00e9 d'inspiration europ\u00e9enne qui rehausse l'apparence de la cuisine.<\/li>\n\n\n\n<li><strong>Peut \u00eatre mis au four :<\/strong> Cette batterie de cuisine peut aller au four de 350\u00b0F \u00e0 450\u00b0F environ et peut \u00eatre lav\u00e9e au lave-vaisselle.<\/li>\n<\/ul>\n<\/div>\n\n\n\n<div class=\"wp-block-column is-layout-flow wp-block-column-is-layout-flow\">\n<h3 class=\"wp-block-heading\">Sp\u00e9cifications de l'ensemble de 9 pi\u00e8ces de la batterie de cuisine Nonstic<\/h3>\n\n\n\n<ul class=\"wp-block-list\">\n<li>Fabricant : CHANCES<\/li>\n\n\n\n<li>Model No.:CY-OSGG0906\/CY-OSZB0709\/CY-OSBG0905<\/li>\n\n\n\n<li>Mat\u00e9riau : SS201\/SS410<\/li>\n\n\n\n<li>Nombre de pi\u00e8ces : 9 pi\u00e8ces<\/li>\n\n\n\n<li>\u00c9paisseur : 0,7 mm\/0,6 mm\/0,5 mm<\/li>\n\n\n\n<li>Fond : 3,0 mm\/4,0 mm<\/li>\n\n\n\n<li>OEM&amp;ODM : Sur mesure, Bienvenue OEM&amp;ODM<\/li>\n\n\n\n<li>MOQ:1 x 40'HQ<\/li>\n\n\n\n<li>Emballage : Bo\u00eete couleur\/bo\u00eete en carton<\/li>\n\n\n\n<li>\u00c9chantillon : Gratuit<\/li>\n<\/ul>\n<\/div>\n<\/div>","protected":false},"excerpt":{"rendered":"<p>La batterie de cuisine en gros est un ensemble de 9 pi\u00e8ces de style europ\u00e9en qui comprend une vari\u00e9t\u00e9 de casseroles et de po\u00eales avec des poign\u00e9es ergonomiques confortables. La batterie de cuisine est \u00e9galement livr\u00e9e avec des couvercles en acier et en verre pour une vari\u00e9t\u00e9 de styles de cuisson, aidant \u00e0 retenir la chaleur et l'humidit\u00e9 dans les casseroles et les po\u00eales afin que les aliments cuisent plus rapidement. Id\u00e9ale pour les cuisines domestiques, elle vous permet d'obtenir facilement des r\u00e9sultats de cuisson de qualit\u00e9 professionnelle.<\/p>\n<h3>L'ensemble d'ustensiles de cuisine antiadh\u00e9sifs comprend :<\/h3>\n<table width=\"798\">\n<tbody>\n<tr>\n<td width=\"154\">Num\u00e9ro de mod\u00e8le<\/td>\n<td width=\"230\">Variantes de produits<\/td>\n<td width=\"413\">Configuration<\/td>\n<\/tr>\n<tr>\n<td width=\"154\">CY-OSGG0906<\/td>\n<td width=\"230\">Batterie de cuisine \u00e0 couvercle en acier et poign\u00e9e carr\u00e9e de style europ\u00e9en<\/td>\n<td rowspan=\"2\" width=\"413\">Casserole de 16 cm x 7,8 cm avec couvercle<br \/>Casserole 18cm x 8.5cm<br \/>18cm x 8.5cm Casserole avec couvercle<br \/>24cm x 11.1cm Casserole avec couvercle<br \/>24cm x 5.4cm Po\u00eale \u00e0 frire avec couvercle<\/td>\n<\/tr>\n<tr>\n<td width=\"154\">CY-OSZB0709<\/td>\n<td width=\"230\">Batterie de cuisine de style europ\u00e9en \u00e0 corps droit, couvercle en acier, poign\u00e9e en fonte<\/td>\n<\/tr>\n<tr>\n<td>CY-OSBG0905<\/td>\n<td width=\"230\">Batterie de cuisine europ\u00e9enne avec couvercle en verre<\/td>\n<td width=\"413\">Casserole de 16 cm avec couvercle<br \/>Casserole de 18 cm avec couvercle<br \/>Casserole de 20 cm avec couvercle<br \/>Casserole de 24 cm avec couvercle<br \/>Po\u00eale \u00e0 frire de 24 cm<\/td>\n<\/tr>\n<\/tbody>\n<\/table>\n<p>&nbsp;<\/p>","protected":false},"featured_media":4144,"comment_status":"closed","ping_status":"closed","template":"","meta":{"_acf_changed":false},"product_brand":[],"product_cat":[53],"product_tag":[],"class_list":{"0":"post-3864","1":"product","2":"type-product","3":"status-publish","4":"has-post-thumbnail","6":"product_cat-wholesale-cookware-sets","8":"first","9":"instock","10":"shipping-taxable","11":"product-type-simple"},"acf":[],"_links":{"self":[{"href":"https:\/\/www.chancescook.com\/fr\/wp-json\/wp\/v2\/product\/3864","targetHints":{"allow":["GET"]}}],"collection":[{"href":"https:\/\/www.chancescook.com\/fr\/wp-json\/wp\/v2\/product"}],"about":[{"href":"https:\/\/www.chancescook.com\/fr\/wp-json\/wp\/v2\/types\/product"}],"replies":[{"embeddable":true,"href":"https:\/\/www.chancescook.com\/fr\/wp-json\/wp\/v2\/comments?post=3864"}],"wp:featuredmedia":[{"embeddable":true,"href":"https:\/\/www.chancescook.com\/fr\/wp-json\/wp\/v2\/media\/4144"}],"wp:attachment":[{"href":"https:\/\/www.chancescook.com\/fr\/wp-json\/wp\/v2\/media?parent=3864"}],"wp:term":[{"taxonomy":"product_brand","embeddable":true,"href":"https:\/\/www.chancescook.com\/fr\/wp-json\/wp\/v2\/product_brand?post=3864"},{"taxonomy":"product_cat","embeddable":true,"href":"https:\/\/www.chancescook.com\/fr\/wp-json\/wp\/v2\/product_cat?post=3864"},{"taxonomy":"product_tag","embeddable":true,"href":"https:\/\/www.chancescook.com\/fr\/wp-json\/wp\/v2\/product_tag?post=3864"}],"curies":[{"name":"wp","href":"https:\/\/api.w.org\/{rel}","templated":true}]}}