{"id":3869,"date":"2025-06-24T17:57:18","date_gmt":"2025-06-24T17:57:18","guid":{"rendered":"https:\/\/www.chancescook.com\/?post_type=product&#038;p=3869"},"modified":"2025-06-24T17:57:21","modified_gmt":"2025-06-24T17:57:21","slug":"kitchenware-wholesale-pots-and-pans","status":"publish","type":"product","link":"https:\/\/www.chancescook.com\/fr\/produit\/kitchenware-wholesale-pots-and-pans\/","title":{"rendered":"Kitchenware Wholesale pour Batterie de cuisine europ\u00e9enne 12 pi\u00e8ces avec couvercle en acier Factory"},"content":{"rendered":"<div class=\"wp-block-columns is-layout-flex wp-container-core-columns-is-layout-9d6595d7 wp-block-columns-is-layout-flex\">\n<div class=\"wp-block-column is-layout-flow wp-block-column-is-layout-flow\">\n<h3 class=\"wp-block-heading\">Caract\u00e9ristiques et avantages du commerce de gros d'ustensiles de cuisine<\/h3>\n\n\n\n<ul class=\"wp-block-list\">\n<li><strong>Ensemble complet<\/strong>21 ustensiles de cuisine pour r\u00e9pondre \u00e0 tous les besoins, un ensemble pour r\u00e9soudre tous les probl\u00e8mes de la cuisine.<\/li>\n\n\n\n<li><strong>Acier inoxydable de haute qualit\u00e9<\/strong>: Cette batterie de cuisine est fabriqu\u00e9e en acier inoxydable de haute qualit\u00e9, durable et r\u00e9sistant \u00e0 la corrosion, garantissant une utilisation \u00e0 long terme.<\/li>\n\n\n\n<li><strong>Convient \u00e0 plusieurs types de cuisini\u00e8res<\/strong>Les casseroles et po\u00eales sont parfaites pour la table de cuisson \u00e0 induction, la cuisini\u00e8re \u00e0 gaz ou la table de cuisson \u00e0 induction.<\/li>\n\n\n\n<li><strong>Acier Couvercle :<\/strong> Le couvercle permet de conserver la chaleur et l'humidit\u00e9 \u00e0 l'int\u00e9rieur de la casserole, ce qui acc\u00e9l\u00e8re la cuisson des aliments tout en \u00e9vitant les \u00e9claboussures et le dess\u00e8chement des aliments.<\/li>\n\n\n\n<li><strong>Id\u00e9al pour la personnalisation<\/strong>Les produits de la cat\u00e9gorie \"produits de la mer\" peuvent \u00eatre personnalis\u00e9s selon les besoins des fabricants afin de r\u00e9pondre \u00e0 des exigences sp\u00e9cifiques en mati\u00e8re de conception et de fonctionnement.<\/li>\n\n\n\n<li><strong>Facile \u00e0 nettoyer<\/strong>: L'acier inoxydable et les mat\u00e9riaux antiadh\u00e9sifs permettent un nettoyage rapide et facile.<\/li>\n<\/ul>\n<\/div>\n\n\n\n<div class=\"wp-block-column is-layout-flow wp-block-column-is-layout-flow\">\n<h3 class=\"wp-block-heading\">Sp\u00e9cifications des articles de cuisine en gros<\/h3>\n\n\n\n<ul class=\"wp-block-list\">\n<li>Fabricant : CHANCES<\/li>\n\n\n\n<li>Num\u00e9ro de mod\u00e8le:CY-OS1205A<\/li>\n\n\n\n<li>Mat\u00e9riau : SS201<\/li>\n\n\n\n<li>Nombre de pi\u00e8ces : 12 pi\u00e8ces<\/li>\n\n\n\n<li>\u00c9paisseur : 0,5 mm<\/li>\n\n\n\n<li>Fond : 3,0 mm1<\/li>\n\n\n\n<li>OEM&amp;ODM : Sur mesure, Bienvenue OEM&amp;ODM<\/li>\n\n\n\n<li>MOQ:1 x 40'HQ<\/li>\n\n\n\n<li>Emballage : Bo\u00eete couleur\/bo\u00eete en carton<\/li>\n\n\n\n<li>\u00c9chantillon : Gratuit<\/li>\n<\/ul>\n<\/div>\n<\/div>","protected":false},"excerpt":{"rendered":"<p>Con\u00e7ue sp\u00e9cialement pour les grossistes en cuisine, la batterie de cuisine europ\u00e9enne 12 pi\u00e8ces est fabriqu\u00e9e en acier. Tous les articles ont une construction robuste et des poign\u00e9es qui permettent une utilisation confortable, bien que le confort puisse varier. L'ensemble offre diff\u00e9rents choix pour la cuisson, la chaleur se propageant uniform\u00e9ment, mais pas tout le temps, et l'entretien pouvant \u00eatre effectu\u00e9 avec une certaine facilit\u00e9. Cet ensemble peut convenir aussi bien aux cuisines professionnelles qu'aux cuisines domestiques, mais cela d\u00e9pend de l'environnement et des besoins de l'utilisateur.<\/p>\n<h3>Ensemble d'ustensiles de cuisine comprend\uff1a<\/h3>\n<ul>\n<li>Casserole de 16 cm x 8 cm avec couvercle<\/li>\n<li>16cm x 8cm Casserole avec couvercle<\/li>\n<li>18cm x 9cm Casserole avec couvercle<\/li>\n<li>20cm x 10cm Casserole avec couvercle<\/li>\n<li>24cm x 12cm Casserole avec couvercle<\/li>\n<li>24cm x 5cm Po\u00eale \u00e0 frire avec couvercle<\/li>\n<\/ul>","protected":false},"featured_media":4180,"comment_status":"closed","ping_status":"closed","template":"","meta":{"_acf_changed":false},"product_brand":[],"product_cat":[53],"product_tag":[],"class_list":{"0":"post-3869","1":"product","2":"type-product","3":"status-publish","4":"has-post-thumbnail","6":"product_cat-wholesale-cookware-sets","8":"first","9":"instock","10":"shipping-taxable","11":"product-type-simple"},"acf":[],"_links":{"self":[{"href":"https:\/\/www.chancescook.com\/fr\/wp-json\/wp\/v2\/product\/3869","targetHints":{"allow":["GET"]}}],"collection":[{"href":"https:\/\/www.chancescook.com\/fr\/wp-json\/wp\/v2\/product"}],"about":[{"href":"https:\/\/www.chancescook.com\/fr\/wp-json\/wp\/v2\/types\/product"}],"replies":[{"embeddable":true,"href":"https:\/\/www.chancescook.com\/fr\/wp-json\/wp\/v2\/comments?post=3869"}],"wp:featuredmedia":[{"embeddable":true,"href":"https:\/\/www.chancescook.com\/fr\/wp-json\/wp\/v2\/media\/4180"}],"wp:attachment":[{"href":"https:\/\/www.chancescook.com\/fr\/wp-json\/wp\/v2\/media?parent=3869"}],"wp:term":[{"taxonomy":"product_brand","embeddable":true,"href":"https:\/\/www.chancescook.com\/fr\/wp-json\/wp\/v2\/product_brand?post=3869"},{"taxonomy":"product_cat","embeddable":true,"href":"https:\/\/www.chancescook.com\/fr\/wp-json\/wp\/v2\/product_cat?post=3869"},{"taxonomy":"product_tag","embeddable":true,"href":"https:\/\/www.chancescook.com\/fr\/wp-json\/wp\/v2\/product_tag?post=3869"}],"curies":[{"name":"wp","href":"https:\/\/api.w.org\/{rel}","templated":true}]}}