{"id":3871,"date":"2024-09-21T06:57:22","date_gmt":"2024-09-21T06:57:22","guid":{"rendered":"https:\/\/www.chancescook.com\/?post_type=product&#038;p=3871"},"modified":"2024-09-23T08:10:35","modified_gmt":"2024-09-23T08:10:35","slug":"10-piece-pots-and-pans-set-supplier","status":"publish","type":"product","link":"https:\/\/www.chancescook.com\/fr\/produit\/10-piece-pots-and-pans-set-supplier\/","title":{"rendered":"Best 10 Piece Pots and Pans Set Manufactured By the Supplier European Style Steel Lid Cookware Set"},"content":{"rendered":"<div class=\"wp-block-columns is-layout-flex wp-container-core-columns-is-layout-9d6595d7 wp-block-columns-is-layout-flex\">\n<div class=\"wp-block-column is-layout-flow wp-block-column-is-layout-flow\">\n<h3 class=\"wp-block-heading\">Caract\u00e9ristiques et avantages de l'ensemble de casseroles 10 pi\u00e8ces<\/h3>\n\n\n\n<ul class=\"wp-block-list\">\n<li>S<strong>teel Design du couvercle :<\/strong> Le couvercle en acier est non seulement r\u00e9sistant aux temp\u00e9ratures \u00e9lev\u00e9es, \u00e0 la corrosion et \u00e0 une longue dur\u00e9e de vie, mais il retient aussi efficacement la chaleur et la vapeur pour am\u00e9liorer l'efficacit\u00e9 de la cuisson.<\/li>\n\n\n\n<li><strong>Ensemble complet :<\/strong> Cet ensemble de 10 casseroles et po\u00eales contient une large gamme d'ustensiles de cuisine pour les besoins quotidiens, convenant \u00e0 tout, des repas simples pr\u00e9par\u00e9s \u00e0 la maison aux plats de f\u00eate complexes.<\/li>\n\n\n\n<li><strong>Rev\u00eatement non toxique et sans produits chimiques<\/strong>: Fabriqu\u00e9 en acier composite de haute qualit\u00e9, exempt de substances nocives telles que PFAS, PTFE, Teflon, PFOA, PFOS, etc.<\/li>\n\n\n\n<li><strong>Id\u00e9al pour la personnalisation<\/strong>Les produits de la cat\u00e9gorie \"produits de la mer\" peuvent \u00eatre personnalis\u00e9s selon les besoins des fabricants afin de r\u00e9pondre \u00e0 des exigences sp\u00e9cifiques en mati\u00e8re de conception et de fonctionnement.<\/li>\n\n\n\n<li><strong>S'adapter \u00e0 de multiples styles de cuisson :<\/strong> Qu'il s'agisse de frire \u00e0 haute temp\u00e9rature, de mijoter lentement ou de faire bouillir, cet ensemble offre d'excellentes performances et s'adapte \u00e0 un large \u00e9ventail de besoins culinaires.<\/li>\n\n\n\n<li><strong>Facile \u00e0 nettoyer<\/strong>: L'acier inoxydable et les mat\u00e9riaux antiadh\u00e9sifs permettent un nettoyage rapide et facile.<\/li>\n<\/ul>\n<\/div>\n\n\n\n<div class=\"wp-block-column is-layout-flow wp-block-column-is-layout-flow\">\n<h3 class=\"wp-block-heading\">Sp\u00e9cifications de l'ensemble de casseroles et po\u00eales 10 pi\u00e8ces<\/h3>\n\n\n\n<ul class=\"wp-block-list\">\n<li>Fabricant : CHANCES<\/li>\n\n\n\n<li>Num\u00e9ro de mod\u00e8le:CY-OSGG1005<\/li>\n\n\n\n<li>Mat\u00e9riau : SS201<\/li>\n\n\n\n<li>Nombre de pi\u00e8ces : 10 pi\u00e8ces<\/li>\n\n\n\n<li>Couvercle : Couvercle en acier inoxydable<\/li>\n\n\n\n<li>\u00c9paisseur : 0,5 mm<\/li>\n\n\n\n<li>Fond : 3,0 mm<\/li>\n\n\n\n<li><strong><a href=\"https:\/\/www.chancescook.com\/fr\/custom-cookware\/\">OEM&amp;ODM<\/a><\/strong>: Sur mesure, Bienvenue OEM&amp;ODM<\/li>\n\n\n\n<li>MOQ:1 x 40'HQ<\/li>\n\n\n\n<li>Emballage : Bo\u00eete couleur\/bo\u00eete en carton<\/li>\n\n\n\n<li>\u00c9chantillon : Gratuit<\/li>\n<\/ul>\n<\/div>\n<\/div>\n\n\n\n<p><\/p>","protected":false},"excerpt":{"rendered":"<p>Ce fabricant propose un ensemble de 10 casseroles et po\u00eales de style europ\u00e9en avec des couvercles en acier lisse. L'ensemble contient de nombreuses casseroles et po\u00eales importantes pour r\u00e9pondre \u00e0 diverses exigences de cuisson. Les couvercles en acier sont utiles pour am\u00e9liorer la r\u00e9tention de la chaleur et les r\u00e9sultats de cuisson, tandis que les poign\u00e9es sont con\u00e7ues pour le confort. Convenant aussi bien aux cuisines professionnelles qu'aux cuisines domestiques, cet ensemble allie un design attrayant et une utilisation fonctionnelle.<\/p>\n<h3>Ensemble de casseroles 10 pi\u00e8ces comprenant\uff1a<\/h3>\n<ul>\n<li>Casserole de 16 cm x 8 cm avec couvercle<\/li>\n<li>16cm x 8cm Casserole avec couvercle<\/li>\n<li>20cm x 10cm Casserole avec couvercle<\/li>\n<li>24cm x 12cm Casserole avec couvercle<\/li>\n<li>24cm x 5cm Po\u00eale \u00e0 frire avec couvercle<\/li>\n<\/ul>","protected":false},"featured_media":4110,"comment_status":"closed","ping_status":"closed","template":"","meta":{"_acf_changed":false},"product_brand":[],"product_cat":[53],"product_tag":[],"class_list":{"0":"post-3871","1":"product","2":"type-product","3":"status-publish","4":"has-post-thumbnail","6":"product_cat-wholesale-cookware-sets","8":"first","9":"instock","10":"shipping-taxable","11":"product-type-simple"},"acf":[],"_links":{"self":[{"href":"https:\/\/www.chancescook.com\/fr\/wp-json\/wp\/v2\/product\/3871","targetHints":{"allow":["GET"]}}],"collection":[{"href":"https:\/\/www.chancescook.com\/fr\/wp-json\/wp\/v2\/product"}],"about":[{"href":"https:\/\/www.chancescook.com\/fr\/wp-json\/wp\/v2\/types\/product"}],"replies":[{"embeddable":true,"href":"https:\/\/www.chancescook.com\/fr\/wp-json\/wp\/v2\/comments?post=3871"}],"wp:featuredmedia":[{"embeddable":true,"href":"https:\/\/www.chancescook.com\/fr\/wp-json\/wp\/v2\/media\/4110"}],"wp:attachment":[{"href":"https:\/\/www.chancescook.com\/fr\/wp-json\/wp\/v2\/media?parent=3871"}],"wp:term":[{"taxonomy":"product_brand","embeddable":true,"href":"https:\/\/www.chancescook.com\/fr\/wp-json\/wp\/v2\/product_brand?post=3871"},{"taxonomy":"product_cat","embeddable":true,"href":"https:\/\/www.chancescook.com\/fr\/wp-json\/wp\/v2\/product_cat?post=3871"},{"taxonomy":"product_tag","embeddable":true,"href":"https:\/\/www.chancescook.com\/fr\/wp-json\/wp\/v2\/product_tag?post=3871"}],"curies":[{"name":"wp","href":"https:\/\/api.w.org\/{rel}","templated":true}]}}