{"id":3883,"date":"2024-09-21T06:25:56","date_gmt":"2024-09-21T06:25:56","guid":{"rendered":"https:\/\/www.chancescook.com\/?post_type=product&#038;p=3883"},"modified":"2025-12-31T04:23:26","modified_gmt":"2025-12-31T04:23:26","slug":"wholesale-steamer-pots","status":"publish","type":"product","link":"https:\/\/www.chancescook.com\/fr\/produit\/wholesale-steamer-pots\/","title":{"rendered":"Marmites \u00e0 vapeur en acier inoxydable 304 pratiques et multifonctionnelles avec couvercle en acier"},"content":{"rendered":"<div class=\"wp-block-columns is-layout-flex wp-container-core-columns-is-layout-9d6595d7 wp-block-columns-is-layout-flex\">\n<div class=\"wp-block-column is-layout-flow wp-block-column-is-layout-flow\">\n<h3 class=\"wp-block-heading\">Caract\u00e9ristiques et avantages des marmites \u00e0 vapeur<\/h3>\n\n\n\n<ul class=\"wp-block-list\">\n<li><strong>Un pot polyvalent :<\/strong> En fusionnant les fonctions du cuiseur vapeur et de la po\u00eale \u00e0 frire, cet \u00e9quipement de cuisine peut \u00eatre utilis\u00e9 au quotidien pour faire sauter et cuire \u00e0 la vapeur les aliments. Il permet de gagner de la place dans la cuisine.<\/li>\n\n\n\n<li><strong>Couvercle en acier : <\/strong>Couvercle en acier robuste, tr\u00e8s r\u00e9sistant et durable, offrant une forte r\u00e9tention de la chaleur. Il aide \u00e0 retenir l'humidit\u00e9 et les nutriments des aliments, ce qui est utile pour cuisiner de mani\u00e8re \u00e0 promouvoir des habitudes alimentaires saines.<\/li>\n\n\n\n<li><strong>Couche antiadh\u00e9sive :<\/strong> Les surfaces des po\u00eales \u00e0 frire sont souvent dot\u00e9es d'une couche antiadh\u00e9sive qui emp\u00eache les aliments d'adh\u00e9rer \u00e0 la surface de la po\u00eale. Cette couche facilite \u00e9galement le nettoyage et l'entretien de la po\u00eale.<\/li>\n\n\n\n<li><strong>Poign\u00e9e ergonomique :<\/strong> La poign\u00e9e, con\u00e7ue pour le confort, est isol\u00e9e et ne glisse pas facilement, ce qui permet une utilisation en toute s\u00e9curit\u00e9.<\/li>\n\n\n\n<li><strong>Durabilit\u00e9 :<\/strong> Le mat\u00e9riau utilis\u00e9 est de l'acier inoxydable de bonne qualit\u00e9, ce qui conf\u00e8re aux marmites \u00e0 vapeur une grande durabilit\u00e9 et garantit une r\u00e9partition uniforme de la chaleur. Cela garantit une cuisson homog\u00e8ne et r\u00e9duit la n\u00e9cessit\u00e9 de remplacer fr\u00e9quemment les r\u00e9cipients.<\/li>\n\n\n\n<li><strong>Accessoire pour tiroir \u00e0 vapeur :<\/strong> Un tiroir \u00e0 vapeur a \u00e9t\u00e9 ajout\u00e9, il permet de cuire \u00e0 la vapeur et de faire bouillir en m\u00eame temps dans une seule casserole, ce qui am\u00e9liore l'efficacit\u00e9 de la cuisson.<\/li>\n<\/ul>\n<\/div>\n\n\n\n<div class=\"wp-block-column is-layout-flow wp-block-column-is-layout-flow\">\n<h3 class=\"wp-block-heading\">Sp\u00e9cifications des marmites \u00e0 vapeur<\/h3>\n\n\n\n<ul class=\"wp-block-list\">\n<li>Fabricant : CHANCES<\/li>\n\n\n\n<li>Num\u00e9ro de mod\u00e8le:CY-ZD0536A<\/li>\n\n\n\n<li>Mat\u00e9riau : SS201<\/li>\n\n\n\n<li>Couvercle : Couvercle en acier inoxydable<\/li>\n\n\n\n<li>\u00c9paisseur : 0,5 mm<\/li>\n\n\n\n<li>Fond : 2,5 mm<\/li>\n\n\n\n<li>OEM&amp;ODM : Sur mesure, Bienvenue OEM&amp;ODM<\/li>\n\n\n\n<li>MOQ:1 x 40'HQ<\/li>\n\n\n\n<li>Emballage : Bo\u00eete couleur\/bo\u00eete en carton<\/li>\n\n\n\n<li>\u00c9chantillon : Gratuit<\/li>\n<\/ul>\n<\/div>\n<\/div>\n\n\n\n<p><\/p>","protected":false},"excerpt":{"rendered":"<p>La marmite \u00e0 vapeur en gros est un ustensile de cuisine courant qui sert \u00e0 la fois de marmite \u00e0 vapeur et de sauteuse. Son couvercle durable en acier permet de cuire \u00e0 la vapeur et de sauter des aliments, mais aussi de les faire sauter ou d'utiliser d'autres techniques de cuisson. Cette po\u00eale est une option pratique pour de nombreuses cuisines.<\/p>\n<h3 class=\"wp-block-heading\">Les marmites \u00e0 vapeur en gros comprennent\uff1a<\/h3>\n<ul>\n<li>Po\u00eale \u00e0 frire de 36 cm avec deux poign\u00e9es<\/li>\n<li>Cuit-vapeur de 36 cm avec deux poign\u00e9es<\/li>\n<li>1 pc couvercle en acier<\/li>\n<li>1 pc de tranche de vapeur<\/li>\n<\/ul>\n<p>Chances s'engage \u00e0 fournir \u00e0 ses clients des services personnalis\u00e9s efficaces et professionnels, en s'appuyant sur sa forte capacit\u00e9 de production et sur un contr\u00f4le de qualit\u00e9 strict pour garantir que chaque lot de marmites \u00e0 vapeur en acier inoxydable r\u00e9ponde \u00e0 vos besoins de haut niveau.<\/p>","protected":false},"featured_media":5819,"comment_status":"closed","ping_status":"closed","template":"","meta":{"_acf_changed":false},"product_brand":[],"product_cat":[52,64,65],"product_tag":[],"class_list":{"0":"post-3883","1":"product","2":"type-product","3":"status-publish","4":"has-post-thumbnail","6":"product_cat-cookware-wholesale","7":"product_cat-chinese-steamer-pot-factory","8":"product_cat-chinese-wok","10":"first","11":"instock","12":"shipping-taxable","13":"product-type-simple"},"acf":[],"_links":{"self":[{"href":"https:\/\/www.chancescook.com\/fr\/wp-json\/wp\/v2\/product\/3883","targetHints":{"allow":["GET"]}}],"collection":[{"href":"https:\/\/www.chancescook.com\/fr\/wp-json\/wp\/v2\/product"}],"about":[{"href":"https:\/\/www.chancescook.com\/fr\/wp-json\/wp\/v2\/types\/product"}],"replies":[{"embeddable":true,"href":"https:\/\/www.chancescook.com\/fr\/wp-json\/wp\/v2\/comments?post=3883"}],"wp:featuredmedia":[{"embeddable":true,"href":"https:\/\/www.chancescook.com\/fr\/wp-json\/wp\/v2\/media\/5819"}],"wp:attachment":[{"href":"https:\/\/www.chancescook.com\/fr\/wp-json\/wp\/v2\/media?parent=3883"}],"wp:term":[{"taxonomy":"product_brand","embeddable":true,"href":"https:\/\/www.chancescook.com\/fr\/wp-json\/wp\/v2\/product_brand?post=3883"},{"taxonomy":"product_cat","embeddable":true,"href":"https:\/\/www.chancescook.com\/fr\/wp-json\/wp\/v2\/product_cat?post=3883"},{"taxonomy":"product_tag","embeddable":true,"href":"https:\/\/www.chancescook.com\/fr\/wp-json\/wp\/v2\/product_tag?post=3883"}],"curies":[{"name":"wp","href":"https:\/\/api.w.org\/{rel}","templated":true}]}}