{"id":3897,"date":"2024-09-10T08:11:17","date_gmt":"2024-09-10T08:11:17","guid":{"rendered":"https:\/\/www.chancescook.com\/?post_type=product&#038;p=3897"},"modified":"2025-12-21T13:45:10","modified_gmt":"2025-12-21T13:45:10","slug":"custom-japanese-snow-pan","status":"publish","type":"product","link":"https:\/\/www.chancescook.com\/fr\/produit\/custom-japanese-snow-pan\/","title":{"rendered":"Po\u00eale \u00e0 neige japonaise personnalis\u00e9e Pot \u00e0 lait en acier inoxydable 430 antiadh\u00e9sif avec poign\u00e9e en bois"},"content":{"rendered":"<div class=\"wp-block-columns is-layout-flex wp-container-core-columns-is-layout-9d6595d7 wp-block-columns-is-layout-flex\">\n<div class=\"wp-block-column is-layout-flow wp-block-column-is-layout-flow\">\n<h3 class=\"wp-block-heading\">Caract\u00e9ristiques et avantages de la po\u00eale \u00e0 neige japonaise<\/h3>\n\n\n\n<ul class=\"wp-block-list\">\n<li><strong>Acier inoxydable 430 de haute qualit\u00e9<\/strong>Le four : en acier inoxydable 430 avec une excellente r\u00e9sistance \u00e0 la corrosion et \u00e0 la rouille, il assure une distribution uniforme de la chaleur et permet d'obtenir des r\u00e9sultats de cuisson id\u00e9aux.<\/li>\n<\/ul>\n\n\n\n<p><\/p>\n\n\n\n<ul class=\"wp-block-list\">\n<li><strong>Rev\u00eatement antiadh\u00e9sif<\/strong>La surface de la po\u00eale \u00e0 neige japonaise est recouverte d'un rev\u00eatement antiadh\u00e9sif de qualit\u00e9 sup\u00e9rieure pour emp\u00eacher les aliments de coller. Elle est facile \u00e0 nettoyer et convient particuli\u00e8rement \u00e0 la cuisson du lait, des sauces et d'autres plats d\u00e9licats.<\/li>\n<\/ul>\n\n\n\n<p><\/p>\n\n\n\n<ul class=\"wp-block-list\">\n<li><strong>Design Yukiyaki de style japonais<\/strong>: Le design traditionnel japonais Yukiyaki est simple et \u00e9l\u00e9gant en apparence et pratique en fonction, et convient aux cuisines modernes.<\/li>\n<\/ul>\n\n\n\n<p><\/p>\n\n\n\n<ul class=\"wp-block-list\">\n<li><strong>Poign\u00e9e ergonomique<\/strong>: La po\u00eale \u00e0 neige en acier inoxydable est \u00e9quip\u00e9e d'une poign\u00e9e confortable r\u00e9sistante \u00e0 la chaleur pour garantir la s\u00e9curit\u00e9 et la commodit\u00e9 lors de la cuisson.<\/li>\n<\/ul>\n\n\n\n<p><\/p>\n\n\n\n<ul class=\"wp-block-list\">\n<li><strong>Convient \u00e0 une utilisation quotidienne<\/strong>: La po\u00eale \u00e0 neige japonaise est l\u00e9g\u00e8re et durable pour les t\u00e2ches culinaires quotidiennes telles que l'\u00e9bullition, le mijotage et la pr\u00e9paration de soupes ou de sauces.<\/li>\n<\/ul>\n\n\n\n<p><\/p>\n\n\n\n<ul class=\"wp-block-list\">\n<li><strong>Convient \u00e0 plusieurs po\u00eales<\/strong>: Compatible avec le gaz, l'induction, les cuisini\u00e8res \u00e0 induction et d'autres cuisini\u00e8res, flexible et applicable.<\/li>\n<\/ul>\n\n\n\n<p><\/p>\n\n\n\n<ul class=\"wp-block-list\">\n<li><strong>Mat\u00e9riau \u00e9cologique<\/strong>: L'acier inoxydable est fabriqu\u00e9 \u00e0 partir de mat\u00e9riaux de qualit\u00e9 alimentaire respectueux de l'environnement, conform\u00e9ment au concept de protection de la sant\u00e9 et de l'environnement.<\/li>\n<\/ul>\n<\/div>\n\n\n\n<div class=\"wp-block-column is-layout-flow wp-block-column-is-layout-flow\">\n<figure class=\"wp-block-image size-full\"><img decoding=\"async\" src=\"https:\/\/www.chancescook.com\/wp-content\/uploads\/2024\/09\/Custom-Japanese-Snow-Pan-3.webp\" alt=\"Po\u00eale \u00e0 neige japonaise sur mesure (3)\" class=\"wp-image-3901\"\/><\/figure>\n<\/div>\n<\/div>","protected":false},"excerpt":{"rendered":"<p>D\u00e9couvrez notre po\u00eale \u00e0 neige japonaise antiadh\u00e9sive personnalis\u00e9e pour am\u00e9liorer votre collection d'ustensiles de cuisine, fabriqu\u00e9e en acier inoxydable 430 de qualit\u00e9 alimentaire pour les acheteurs \u00e0 la recherche d'ustensiles de cuisine durables et haut de gamme. N'h\u00e9sitez pas \u00e0 nous contacter.<\/p>\n<h3 class=\"wp-block-heading\">Sp\u00e9cifications de la po\u00eale \u00e0 neige japonaise<\/h3>\n<table style=\"border-collapse: collapse; width: 481.52pt;\" border=\"0\" width=\"1284\" cellspacing=\"0\" cellpadding=\"0\">\n<tbody>\n<tr style=\"height: 16.10pt;\">\n<td class=\"et3\" style=\"height: 16.10pt; width: 71.30pt;\" width=\"190\" height=\"42\">Num\u00e9ro de mod\u00e8le<\/td>\n<td class=\"et3\" style=\"width: 150.05pt;\" width=\"400\">Diam\u00e8tre<\/td>\n<td class=\"et3\" style=\"width: 150.05pt;\" width=\"400\">Poids<\/td>\n<td class=\"et3\" style=\"width: 110.35pt;\" width=\"294\">\u00e9paisseurs<\/td>\n<\/tr>\n<tr style=\"height: 48.40pt;\">\n<td class=\"et3\" style=\"height: 48.40pt;\" height=\"129\">CY-XPG10<\/td>\n<td class=\"et3\">18cm\/20cm\/22cm<\/td>\n<td class=\"et3\">510g\/600g\/650g<\/td>\n<td class=\"et3\">1mm<\/td>\n<\/tr>\n<tr style=\"height: 48.40pt;\">\n<td class=\"et3\" style=\"height: 48.40pt;\" height=\"129\">CY-XPG04<\/td>\n<td class=\"et3\">16cm\/18cm\/20cm\/22cm<\/td>\n<td class=\"et3\">250g\/290g\/340g\/450g<\/td>\n<td class=\"et3\">0,4 mm<\/td>\n<\/tr>\n<\/tbody>\n<\/table>\n<ul>\n<li>Fabricant : CHANCES<\/li>\n<li>Mat\u00e9riau : SS430<\/li>\n<li>Couleur : Original\/Noir<\/li>\n<li>Couvercle : Couvercle en verre<\/li>\n<li>OEM&amp;ODM : Sur mesure, Bienvenue OEM&amp;ODM<\/li>\n<li>MOQ:1 x 40'HQ<\/li>\n<li>Emballage : Bo\u00eete couleur\/bo\u00eete en carton<\/li>\n<li>\u00c9chantillon : Gratuit<\/li>\n<\/ul>\n<p><strong>Chancescook<\/strong> s'engage \u00e0 fournir des services personnalis\u00e9s efficaces et professionnels en s'appuyant sur le d\u00e9veloppement exclusif de moules, une forte capacit\u00e9 de production et un contr\u00f4le de qualit\u00e9 strict afin de garantir que chaque lot de casseroles \u00e0 neige japonaises r\u00e9ponde \u00e0 vos besoins.<\/p>","protected":false},"featured_media":5772,"comment_status":"closed","ping_status":"closed","template":"","meta":{"_acf_changed":false},"product_brand":[],"product_cat":[52,69],"product_tag":[],"class_list":{"0":"post-3897","1":"product","2":"type-product","3":"status-publish","4":"has-post-thumbnail","6":"product_cat-cookware-wholesale","7":"product_cat-snow-pan-wholesaler","9":"first","10":"instock","11":"shipping-taxable","12":"product-type-simple"},"acf":[],"_links":{"self":[{"href":"https:\/\/www.chancescook.com\/fr\/wp-json\/wp\/v2\/product\/3897","targetHints":{"allow":["GET"]}}],"collection":[{"href":"https:\/\/www.chancescook.com\/fr\/wp-json\/wp\/v2\/product"}],"about":[{"href":"https:\/\/www.chancescook.com\/fr\/wp-json\/wp\/v2\/types\/product"}],"replies":[{"embeddable":true,"href":"https:\/\/www.chancescook.com\/fr\/wp-json\/wp\/v2\/comments?post=3897"}],"wp:featuredmedia":[{"embeddable":true,"href":"https:\/\/www.chancescook.com\/fr\/wp-json\/wp\/v2\/media\/5772"}],"wp:attachment":[{"href":"https:\/\/www.chancescook.com\/fr\/wp-json\/wp\/v2\/media?parent=3897"}],"wp:term":[{"taxonomy":"product_brand","embeddable":true,"href":"https:\/\/www.chancescook.com\/fr\/wp-json\/wp\/v2\/product_brand?post=3897"},{"taxonomy":"product_cat","embeddable":true,"href":"https:\/\/www.chancescook.com\/fr\/wp-json\/wp\/v2\/product_cat?post=3897"},{"taxonomy":"product_tag","embeddable":true,"href":"https:\/\/www.chancescook.com\/fr\/wp-json\/wp\/v2\/product_tag?post=3897"}],"curies":[{"name":"wp","href":"https:\/\/api.w.org\/{rel}","templated":true}]}}