{"id":3905,"date":"2024-09-25T08:22:59","date_gmt":"2024-09-25T08:22:59","guid":{"rendered":"https:\/\/www.chancescook.com\/?post_type=product&#038;p=3905"},"modified":"2025-12-22T12:47:08","modified_gmt":"2025-12-22T12:47:08","slug":"custom-stainless-steel-mixing-bowl-set","status":"publish","type":"product","link":"https:\/\/www.chancescook.com\/fr\/produit\/custom-stainless-steel-mixing-bowl-set\/","title":{"rendered":"Set de bols \u00e0 m\u00e9langer en acier inoxydable 5 pi\u00e8ces avec couvercles en PVC"},"content":{"rendered":"<div class=\"wp-block-columns is-layout-flex wp-container-core-columns-is-layout-9d6595d7 wp-block-columns-is-layout-flex\">\n<div class=\"wp-block-column is-layout-flow wp-block-column-is-layout-flow\">\n<h3 class=\"wp-block-heading\">Caract\u00e9ristiques et avantages de l'ensemble de bols \u00e0 m\u00e9langer en acier inoxydable 5 pi\u00e8ces<\/h3>\n\n\n\n<ul class=\"wp-block-list\">\n<li><strong>Empilable Multi-taille :<\/strong> Ce set de 5 bols est con\u00e7u en plusieurs tailles, ces bols s'embo\u00eetant les uns dans les autres pour faciliter le stockage et \u00e9conomiser de l'espace dans la cuisine tout en offrant plus d'options de stockage et de pr\u00e9paration des aliments.<\/li>\n\n\n\n<li><strong>Durabilit\u00e9 :<\/strong> Ensemble de bols \u00e0 m\u00e9langer en acier inoxydable 410 de haute qualit\u00e9 pour une utilisation durable.<\/li>\n\n\n\n<li><strong>Choix :<\/strong> Diff\u00e9rentes \u00e9paisseurs et couleurs sont disponibles pour s'adapter \u00e0 chaque solution de stockage personnalis\u00e9e.<\/li>\n\n\n\n<li><strong>Stockage s\u00e9curis\u00e9 :<\/strong> Les couvercles en PVC assurent une fermeture herm\u00e9tique, ce qui permet de conserver la fra\u00eecheur des aliments et de ne pas les renverser.<\/li>\n\n\n\n<li><strong>Facile \u00e0 nettoyer et \u00e0 entretenir :<\/strong> Facile \u00e0 nettoyer et \u00e0 entretenir, il convient donc \u00e0 un usage quotidien.<\/li>\n\n\n\n<li><strong>Design \u00e9l\u00e9gant :<\/strong> L'aspect moderne des ustensiles de cuisine s'int\u00e8gre parfaitement \u00e0 l'int\u00e9rieur de toute cuisine, en y ajoutant un \u00e9l\u00e9ment de style.<\/li>\n\n\n\n<li><strong>A fond unique :<\/strong> G\u00e9n\u00e9ralement plus l\u00e9gers et plus faciles \u00e0 transporter et \u00e0 manipuler que ceux \u00e0 double fond.<\/li>\n<\/ul>\n<\/div>\n\n\n\n<div class=\"wp-block-column is-layout-flow wp-block-column-is-layout-flow\">\n<h3 class=\"wp-block-heading\">Sp\u00e9cifications de l'ensemble de bols \u00e0 m\u00e9langer en acier inoxydable<\/h3>\n\n\n\n<ul class=\"wp-block-list\">\n<li>Fabricant : CHANCES<\/li>\n\n\n\n<li>Num\u00e9ro de mod\u00e8le:CY-BXW05A(\u00e9paissir)\/CY-BXW05B\/CY-BXW01\uff08bleu\uff09\/CY-BXW02\uff08green\uff09\/CY-BXW03\uff08orange\uff09<\/li>\n\n\n\n<li>Mat\u00e9riau : SS410<\/li>\n\n\n\n<li>Nombre de pi\u00e8ces : 5 pi\u00e8ces<\/li>\n\n\n\n<li>\u00c9paisseur : 0,3 mm\/0,25 mm<\/li>\n\n\n\n<li>Fond : \u00e0 fond unique<\/li>\n\n\n\n<li>GW\uff1a22,0 kg\/19,5 kg<\/li>\n\n\n\n<li>NW : 20,5 kg\/18,0 kg<\/li>\n\n\n\n<li>OEM&amp;ODM : Sur mesure, Bienvenue OEM&amp;ODM<\/li>\n\n\n\n<li>MOQ:1 x 40'HQ<\/li>\n\n\n\n<li>Emballage : Bo\u00eete couleur\/bo\u00eete en carton<\/li>\n\n\n\n<li>\u00c9chantillon : Gratuit<\/li>\n<\/ul>\n<\/div>\n<\/div>\n\n\n\n<div class=\"wp-block-columns is-layout-flex wp-container-core-columns-is-layout-9d6595d7 wp-block-columns-is-layout-flex\">\n<div class=\"wp-block-column is-layout-flow wp-block-column-is-layout-flow\" style=\"flex-basis:25%\"><\/div>\n\n\n\n<div class=\"wp-block-column is-layout-flow wp-block-column-is-layout-flow\" style=\"flex-basis:50%\">\n<figure class=\"wp-block-image size-full\"><img decoding=\"async\" width=\"1969\" height=\"1811\" src=\"https:\/\/www.chancescook.com\/wp-content\/uploads\/2024\/09\/customized-bowl-set-box.webp\" alt=\"coffret-set-bol personnalis\u00e9\" class=\"wp-image-4185\" srcset=\"https:\/\/www.chancescook.com\/wp-content\/uploads\/2024\/09\/customized-bowl-set-box.webp 1969w, https:\/\/www.chancescook.com\/wp-content\/uploads\/2024\/09\/customized-bowl-set-box-300x276.webp 300w, https:\/\/www.chancescook.com\/wp-content\/uploads\/2024\/09\/customized-bowl-set-box-768x706.webp 768w, https:\/\/www.chancescook.com\/wp-content\/uploads\/2024\/09\/customized-bowl-set-box-13x12.webp 13w, https:\/\/www.chancescook.com\/wp-content\/uploads\/2024\/09\/customized-bowl-set-box-285x262.webp 285w, https:\/\/www.chancescook.com\/wp-content\/uploads\/2024\/09\/customized-bowl-set-box-1600x1472.webp 1600w, https:\/\/www.chancescook.com\/wp-content\/uploads\/2024\/09\/customized-bowl-set-box-660x607.webp 660w, https:\/\/www.chancescook.com\/wp-content\/uploads\/2024\/09\/customized-bowl-set-box-150x138.webp 150w\" sizes=\"(max-width: 1969px) 100vw, 1969px\" \/><\/figure>\n<\/div>\n\n\n\n<div class=\"wp-block-column is-layout-flow wp-block-column-is-layout-flow\" style=\"flex-basis:25%\"><\/div>\n<\/div>\n\n\n\n<p><\/p>","protected":false},"excerpt":{"rendered":"<p>Fabriqu\u00e9 en acier inoxydable 410 de haute qualit\u00e9, cet ensemble de 5 bols est disponible en diff\u00e9rentes tailles, \u00e9paisseurs et couleurs, ce qui rend cet ensemble de bols parfait pour des solutions de stockage polyvalentes qui combinent durabilit\u00e9 et style pour un usage quotidien \u00e0 la maison ou pour des applications de restauration !<\/p>\n<h3>Ensemble de 5 bols \u00e0 m\u00e9langer en acier inoxydable comprenant :<\/h3>\n<table width=\"798\">\n<tbody>\n<tr>\n<td width=\"154\">Num\u00e9ro de mod\u00e8le<\/td>\n<td width=\"230\">Variantes de produits<\/td>\n<td width=\"413\">Configuration<\/td>\n<\/tr>\n<tr>\n<td width=\"154\">CY-BXW05A(\u00e9paissir)\u00a0<\/td>\n<td rowspan=\"5\" width=\"230\">Bol de conservation en acier inoxydable 5 pi\u00e8ces<\/td>\n<td rowspan=\"5\" width=\"413\">10cm x 4.4cm avec couvercle en PVC<br \/>12cm x 5.0cm avec couvercle en PVC<br \/>14cm x 5.7cm avec couvercle en PVC<br \/>16cm x 6.1cm avec couvercle en PVC<br \/>18cm x 6.9cm avec couvercle en PVC<\/td>\n<\/tr>\n<tr>\n<td width=\"154\">CY-BXW05B<\/td>\n<\/tr>\n<tr>\n<td>CY-BXW01\uff08bleu\uff09<\/td>\n<\/tr>\n<tr>\n<td>CY-BXW02\uff08green\uff09<\/td>\n<\/tr>\n<tr>\n<td>CY-BXW03\uff08orange\uff09<\/td>\n<\/tr>\n<\/tbody>\n<\/table>","protected":false},"featured_media":5827,"comment_status":"closed","ping_status":"closed","template":"","meta":{"_acf_changed":false},"product_brand":[],"product_cat":[56],"product_tag":[],"class_list":{"0":"post-3905","1":"product","2":"type-product","3":"status-publish","4":"has-post-thumbnail","6":"product_cat-wholesale-kitchen-utensils","8":"first","9":"instock","10":"shipping-taxable","11":"product-type-simple"},"acf":[],"_links":{"self":[{"href":"https:\/\/www.chancescook.com\/fr\/wp-json\/wp\/v2\/product\/3905","targetHints":{"allow":["GET"]}}],"collection":[{"href":"https:\/\/www.chancescook.com\/fr\/wp-json\/wp\/v2\/product"}],"about":[{"href":"https:\/\/www.chancescook.com\/fr\/wp-json\/wp\/v2\/types\/product"}],"replies":[{"embeddable":true,"href":"https:\/\/www.chancescook.com\/fr\/wp-json\/wp\/v2\/comments?post=3905"}],"wp:featuredmedia":[{"embeddable":true,"href":"https:\/\/www.chancescook.com\/fr\/wp-json\/wp\/v2\/media\/5827"}],"wp:attachment":[{"href":"https:\/\/www.chancescook.com\/fr\/wp-json\/wp\/v2\/media?parent=3905"}],"wp:term":[{"taxonomy":"product_brand","embeddable":true,"href":"https:\/\/www.chancescook.com\/fr\/wp-json\/wp\/v2\/product_brand?post=3905"},{"taxonomy":"product_cat","embeddable":true,"href":"https:\/\/www.chancescook.com\/fr\/wp-json\/wp\/v2\/product_cat?post=3905"},{"taxonomy":"product_tag","embeddable":true,"href":"https:\/\/www.chancescook.com\/fr\/wp-json\/wp\/v2\/product_tag?post=3905"}],"curies":[{"name":"wp","href":"https:\/\/api.w.org\/{rel}","templated":true}]}}