{"id":3911,"date":"2024-09-11T06:40:35","date_gmt":"2024-09-11T06:40:35","guid":{"rendered":"https:\/\/www.chancescook.com\/?post_type=product&#038;p=3911"},"modified":"2025-12-20T09:52:31","modified_gmt":"2025-12-20T09:52:31","slug":"wholesale-stainless-steel-saucepan","status":"publish","type":"product","link":"https:\/\/www.chancescook.com\/fr\/produit\/wholesale-stainless-steel-saucepan\/","title":{"rendered":"Supply Wholesale Stainless Steel Saucepan Drum Single Handle With Glass Lid 304 (Fourniture en gros de casseroles en acier inoxydable \u00e0 poign\u00e9e unique avec couvercle en verre)"},"content":{"rendered":"<div class=\"wp-block-columns is-layout-flex wp-container-core-columns-is-layout-9d6595d7 wp-block-columns-is-layout-flex\">\n<div class=\"wp-block-column is-layout-flow wp-block-column-is-layout-flow\" style=\"flex-basis:66.66%\">\n<h3 class=\"wp-block-heading\">Caract\u00e9ristiques et avantages de la casserole en acier inoxydable <\/h3>\n\n\n\n<ul class=\"wp-block-list\">\n<li><strong>Acier inoxydable 304 de haute qualit\u00e9<\/strong>: La casserole en forme de tambour est fabriqu\u00e9e en acier inoxydable 304 de qualit\u00e9 alimentaire, qui est r\u00e9sistant \u00e0 la corrosion, durable et durable. Les aliments cuits sont s\u00fbrs et sains, et surtout, elle ne rouille pas facilement.<\/li>\n\n\n\n<li><strong>Conception \u00e0 une seule poign\u00e9e<\/strong>: Conception ergonomique \u00e0 poign\u00e9e unique, confortable \u00e0 saisir, facilitant le travail et adapt\u00e9e \u00e0 une utilisation prolong\u00e9e.<\/li>\n\n\n\n<li><strong>Couvercle en verre tremp\u00e9<\/strong>: La casserole en acier inoxydable est \u00e9quip\u00e9e d'un couvercle en verre tremp\u00e9 haute r\u00e9sistance, d'un design transparent permettant d'observer facilement l'\u00e9tat de cuisson \u00e0 tout moment, d'une r\u00e9sistance aux temp\u00e9ratures \u00e9lev\u00e9es et d'une grande solidit\u00e9, afin de garantir la s\u00e9curit\u00e9 du processus de cuisson.<\/li>\n\n\n\n<li><strong>Fond \u00e9paissi et chauff\u00e9 uniform\u00e9ment<\/strong>: Le fond \u00e9paissi de la casserole conduit la chaleur de mani\u00e8re uniforme et rapide, r\u00e9duit les pertes de chaleur, am\u00e9liore l'efficacit\u00e9 de la cuisson, \u00e9conomise l'\u00e9nergie et convient \u00e0 tous les types de cuisini\u00e8res.<\/li>\n\n\n\n<li><strong>Conception facile \u00e0 nettoyer : <\/strong>La surface de la casserole en acier inoxydable est sp\u00e9cialement trait\u00e9e pour faciliter le nettoyage. Elle passe au lave-vaisselle et est s\u00fbre, pratique et simple \u00e0 utiliser.<\/li>\n<\/ul>\n<\/div>\n\n\n\n<div class=\"wp-block-column is-layout-flow wp-block-column-is-layout-flow\" style=\"flex-basis:33.33%\"><\/div>\n<\/div>","protected":false},"excerpt":{"rendered":"<p>D\u00e9couvrez notre casserole durable en acier inoxydable 304, \u00e0 la fois \u00e9l\u00e9gante et pratique, id\u00e9ale pour pr\u00e9parer des soupes, des rago\u00fbts, cuire des p\u00e2tes et r\u00e9pondre \u00e0 tous vos besoins culinaires. Durable, elle vous permettra d'am\u00e9liorer facilement l'efficacit\u00e9 de votre cuisine. N'h\u00e9sitez pas \u00e0 nous contacter \u00e0 tout moment !<\/p>\n<h3 class=\"wp-block-heading\">Sp\u00e9cifications de la casserole en acier inoxydable<\/h3>\n<ul>\n<li>Fabricant : CHANCES<\/li>\n<li>Num\u00e9ro de mod\u00e8le:CY-GXG05<\/li>\n<li>Mat\u00e9riau : SS304<\/li>\n<li>Couvercle : Couvercle en verre<\/li>\n<li>\u00c9paisseur : 0,5 mm<\/li>\n<li>Poids : 770 g<\/li>\n<li>Diam\u00e8tre\uff1a16cm<\/li>\n<li>OEM&amp;ODM : Sur mesure, Bienvenue OEM&amp;ODM<\/li>\n<li>MOQ:1 x 40'HQ<\/li>\n<li>Emballage : Bo\u00eete couleur\/bo\u00eete en carton<\/li>\n<li>\u00c9chantillon : Gratuit<\/li>\n<\/ul>\n<p>Chancescook s'engage \u00e0 fournir des services personnalis\u00e9s efficaces et professionnels, soutenus par notre d\u00e9veloppement exclusif de moules, notre forte capacit\u00e9 de production et notre contr\u00f4le qualit\u00e9 rigoureux, afin de garantir que chaque lot de casseroles en acier inoxydable 304 r\u00e9ponde \u00e0 vos besoins.<\/p>","protected":false},"featured_media":5747,"comment_status":"closed","ping_status":"closed","template":"","meta":{"_acf_changed":false},"product_brand":[],"product_cat":[52,67],"product_tag":[],"class_list":{"0":"post-3911","1":"product","2":"type-product","3":"status-publish","4":"has-post-thumbnail","6":"product_cat-cookware-wholesale","7":"product_cat-saucepan-manufacturer","9":"first","10":"instock","11":"shipping-taxable","12":"product-type-simple"},"acf":[],"_links":{"self":[{"href":"https:\/\/www.chancescook.com\/fr\/wp-json\/wp\/v2\/product\/3911","targetHints":{"allow":["GET"]}}],"collection":[{"href":"https:\/\/www.chancescook.com\/fr\/wp-json\/wp\/v2\/product"}],"about":[{"href":"https:\/\/www.chancescook.com\/fr\/wp-json\/wp\/v2\/types\/product"}],"replies":[{"embeddable":true,"href":"https:\/\/www.chancescook.com\/fr\/wp-json\/wp\/v2\/comments?post=3911"}],"wp:featuredmedia":[{"embeddable":true,"href":"https:\/\/www.chancescook.com\/fr\/wp-json\/wp\/v2\/media\/5747"}],"wp:attachment":[{"href":"https:\/\/www.chancescook.com\/fr\/wp-json\/wp\/v2\/media?parent=3911"}],"wp:term":[{"taxonomy":"product_brand","embeddable":true,"href":"https:\/\/www.chancescook.com\/fr\/wp-json\/wp\/v2\/product_brand?post=3911"},{"taxonomy":"product_cat","embeddable":true,"href":"https:\/\/www.chancescook.com\/fr\/wp-json\/wp\/v2\/product_cat?post=3911"},{"taxonomy":"product_tag","embeddable":true,"href":"https:\/\/www.chancescook.com\/fr\/wp-json\/wp\/v2\/product_tag?post=3911"}],"curies":[{"name":"wp","href":"https:\/\/api.w.org\/{rel}","templated":true}]}}