{"id":3914,"date":"2024-09-11T07:18:01","date_gmt":"2024-09-11T07:18:01","guid":{"rendered":"https:\/\/www.chancescook.com\/?post_type=product&#038;p=3914"},"modified":"2025-12-18T07:47:03","modified_gmt":"2025-12-18T07:47:03","slug":"best-stock-pot-stainless-steel-304","status":"publish","type":"product","link":"https:\/\/www.chancescook.com\/fr\/produit\/best-stock-pot-stainless-steel-304\/","title":{"rendered":"Fournisseur Best Stock Pot Stainless Steel 304 Drum Thickened Bottom Double Ear Handle With Lid"},"content":{"rendered":"<div class=\"wp-block-columns is-layout-flex wp-container-core-columns-is-layout-9d6595d7 wp-block-columns-is-layout-flex\">\n<div class=\"wp-block-column is-layout-flow wp-block-column-is-layout-flow\">\n<h3 class=\"wp-block-heading\">Caract\u00e9ristiques et avantages de la meilleure marmite en acier inoxydable<\/h3>\n\n\n\n<ul class=\"wp-block-list\">\n<li><strong>Mat\u00e9riau en acier inoxydable 304 de premi\u00e8re qualit\u00e9<\/strong>Les produits sont fabriqu\u00e9s en acier inoxydable 304 de qualit\u00e9 alimentaire, r\u00e9sistant \u00e0 la corrosion et \u00e0 la rouille, ce qui leur assure une longue dur\u00e9e de vie.<\/li>\n\n\n\n<li><strong>Conception \u00e0 fond \u00e9pais<\/strong>Le fond en acier inoxydable de la marmite est \u00e9paissi pour conduire la chaleur uniform\u00e9ment et rapidement, ce qui permet d'\u00e9viter les surchauffes localis\u00e9es, d'\u00e9conomiser de l'\u00e9nergie et d'am\u00e9liorer l'efficacit\u00e9 de la cuisson.<\/li>\n\n\n\n<li><strong>Conception d'une poign\u00e9e binaurale<\/strong>: La poign\u00e9e binaurale est ergonomique, solide et durable, facile \u00e0 d\u00e9placer et \u00e0 transporter, garantissant une utilisation s\u00fbre et des mains non br\u00fblantes.<\/li>\n\n\n\n<li><strong>Couvercle scell\u00e9 en verre tremp\u00e9<\/strong>: Un couvercle transparent en verre tremp\u00e9 avec des trous d'a\u00e9ration permet de conserver les nutriments et l'humidit\u00e9 des aliments tout en facilitant l'observation du processus de cuisson.<\/li>\n\n\n\n<li><strong>Polyvalent Applicable<\/strong>La meilleure marmite en acier inoxydable convient \u00e0 tous les types de cuisini\u00e8res, telles que les cuisini\u00e8res \u00e0 gaz, les cuisini\u00e8res \u00e0 induction, etc., id\u00e9ale pour la soupe, le rago\u00fbt, la cuisson \u00e0 la vapeur et d'autres styles de cuisson.<\/li>\n<\/ul>\n<\/div>\n\n\n\n<div class=\"wp-block-column is-layout-flow wp-block-column-is-layout-flow\">\n<figure class=\"wp-block-image size-full\"><img decoding=\"async\" width=\"2004\" height=\"1503\" src=\"https:\/\/www.chancescook.com\/wp-content\/uploads\/2024\/09\/Best-Stock-Pot-Stainless-Steel-304-Supplier-2.webp\" alt=\"Best Stock Pot Stainless Steel 304 Supplier (2)\" class=\"wp-image-3916\" srcset=\"https:\/\/www.chancescook.com\/wp-content\/uploads\/2024\/09\/Best-Stock-Pot-Stainless-Steel-304-Supplier-2.webp 2004w, https:\/\/www.chancescook.com\/wp-content\/uploads\/2024\/09\/Best-Stock-Pot-Stainless-Steel-304-Supplier-2-300x225.webp 300w, https:\/\/www.chancescook.com\/wp-content\/uploads\/2024\/09\/Best-Stock-Pot-Stainless-Steel-304-Supplier-2-768x576.webp 768w, https:\/\/www.chancescook.com\/wp-content\/uploads\/2024\/09\/Best-Stock-Pot-Stainless-Steel-304-Supplier-2-16x12.webp 16w, https:\/\/www.chancescook.com\/wp-content\/uploads\/2024\/09\/Best-Stock-Pot-Stainless-Steel-304-Supplier-2-285x214.webp 285w, https:\/\/www.chancescook.com\/wp-content\/uploads\/2024\/09\/Best-Stock-Pot-Stainless-Steel-304-Supplier-2-1600x1200.webp 1600w, https:\/\/www.chancescook.com\/wp-content\/uploads\/2024\/09\/Best-Stock-Pot-Stainless-Steel-304-Supplier-2-800x600.webp 800w, https:\/\/www.chancescook.com\/wp-content\/uploads\/2024\/09\/Best-Stock-Pot-Stainless-Steel-304-Supplier-2-660x495.webp 660w, https:\/\/www.chancescook.com\/wp-content\/uploads\/2024\/09\/Best-Stock-Pot-Stainless-Steel-304-Supplier-2-150x113.webp 150w\" sizes=\"(max-width: 2004px) 100vw, 2004px\" \/><\/figure>\n<\/div>\n<\/div>\n\n\n\n<p><\/p>","protected":false},"excerpt":{"rendered":"<p>Explorez le fond \u00e9paissi en acier inoxydable 304 avec des poign\u00e9es \u00e0 double oreille, la meilleure marmite, retient les nutriments, et convient \u00e0 une vari\u00e9t\u00e9 de besoins de cuisson, un excellent compagnon de cuisine. Contactez-nous pour des solutions plus personnalis\u00e9es.<\/p>\n<h3 class=\"wp-block-heading\">Sp\u00e9cification de la meilleure marmite en acier inoxydable<\/h3>\n<ul>\n<li>Fabricant : CHANCES<\/li>\n<li>Num\u00e9ro de mod\u00e8le:CY-GXG05<\/li>\n<li>Mat\u00e9riau : SS304<\/li>\n<li>Couvercle : Couvercle en verre<\/li>\n<li>\u00c9paisseur : 0,5 mm<\/li>\n<li>Poids : 1270g\/1510g<\/li>\n<li>Diam\u00e8tre\uff1a22cm\/24cm<\/li>\n<li>OEM&amp;ODM : Sur mesure, Bienvenue OEM&amp;ODM<\/li>\n<li>MOQ:1 x 40'HQ<\/li>\n<li>Emballage : Bo\u00eete couleur\/bo\u00eete en carton<\/li>\n<li>\u00c9chantillon : Gratuit<\/li>\n<\/ul>\n<p>Chancescook s'engage \u00e0 fournir des services personnalis\u00e9s efficaces et professionnels en s'appuyant sur le d\u00e9veloppement exclusif de moules, une forte capacit\u00e9 de production et un contr\u00f4le de qualit\u00e9 strict afin de garantir que chaque lot de la meilleure marmite de bouillon r\u00e9ponde \u00e0 vos besoins.<\/p>","protected":false},"featured_media":5726,"comment_status":"closed","ping_status":"closed","template":"","meta":{"_acf_changed":false},"product_brand":[],"product_cat":[52,62,63],"product_tag":[],"class_list":{"0":"post-3914","1":"product","2":"type-product","3":"status-publish","4":"has-post-thumbnail","6":"product_cat-cookware-wholesale","7":"product_cat-wholesale-soup-pot","8":"product_cat-stock-pot-wholesale","10":"first","11":"instock","12":"shipping-taxable","13":"product-type-simple"},"acf":[],"_links":{"self":[{"href":"https:\/\/www.chancescook.com\/fr\/wp-json\/wp\/v2\/product\/3914","targetHints":{"allow":["GET"]}}],"collection":[{"href":"https:\/\/www.chancescook.com\/fr\/wp-json\/wp\/v2\/product"}],"about":[{"href":"https:\/\/www.chancescook.com\/fr\/wp-json\/wp\/v2\/types\/product"}],"replies":[{"embeddable":true,"href":"https:\/\/www.chancescook.com\/fr\/wp-json\/wp\/v2\/comments?post=3914"}],"wp:featuredmedia":[{"embeddable":true,"href":"https:\/\/www.chancescook.com\/fr\/wp-json\/wp\/v2\/media\/5726"}],"wp:attachment":[{"href":"https:\/\/www.chancescook.com\/fr\/wp-json\/wp\/v2\/media?parent=3914"}],"wp:term":[{"taxonomy":"product_brand","embeddable":true,"href":"https:\/\/www.chancescook.com\/fr\/wp-json\/wp\/v2\/product_brand?post=3914"},{"taxonomy":"product_cat","embeddable":true,"href":"https:\/\/www.chancescook.com\/fr\/wp-json\/wp\/v2\/product_cat?post=3914"},{"taxonomy":"product_tag","embeddable":true,"href":"https:\/\/www.chancescook.com\/fr\/wp-json\/wp\/v2\/product_tag?post=3914"}],"curies":[{"name":"wp","href":"https:\/\/api.w.org\/{rel}","templated":true}]}}