{"id":3918,"date":"2024-09-11T07:51:06","date_gmt":"2024-09-11T07:51:06","guid":{"rendered":"https:\/\/www.chancescook.com\/?post_type=product&#038;p=3918"},"modified":"2025-12-20T09:43:07","modified_gmt":"2025-12-20T09:43:07","slug":"stainless-steel-milk-pan-wholesale","status":"publish","type":"product","link":"https:\/\/www.chancescook.com\/fr\/produit\/stainless-steel-milk-pan-wholesale\/","title":{"rendered":"Factory Stainless Steel Milk Pan Wholesale European Style Stock Pot 16cm with Steel Lid"},"content":{"rendered":"<div class=\"wp-block-columns is-layout-flex wp-container-core-columns-is-layout-9d6595d7 wp-block-columns-is-layout-flex\">\n<div class=\"wp-block-column is-layout-flow wp-block-column-is-layout-flow\" style=\"flex-basis:66.66%\">\n<h3 class=\"wp-block-heading\">Caract\u00e9ristiques et avantages du pot \u00e0 lait en acier inoxydable<\/h3>\n\n\n\n<ul class=\"wp-block-list\">\n<li><strong>Acier inoxydable 304 de qualit\u00e9 alimentaire<\/strong>Le syst\u00e8me est compos\u00e9 d'acier inoxydable 304 de qualit\u00e9 alimentaire, r\u00e9sistant \u00e0 la corrosion et \u00e0 la rouille, garantissant la s\u00e9curit\u00e9 des ingr\u00e9dients et convenant \u00e0 une utilisation \u00e0 long terme.<\/li>\n\n\n\n<li><strong>Un design europ\u00e9en exquis<\/strong>Le bac \u00e0 lait en acier inoxydable, de style europ\u00e9en simple et \u00e0 la mode, est pratique et rehausse le go\u00fbt de la cuisine. Il convient \u00e0 la maison et aux cuisines commerciales.<\/li>\n\n\n\n<li><strong>16cm Taille multifonctionnelle<\/strong>: Taille compacte de 16 cm, adapt\u00e9e au chauffage du lait, \u00e0 l'\u00e9bullition des nouilles, \u00e0 la soupe et \u00e0 d'autres besoins culinaires quotidiens, particuli\u00e8rement adapt\u00e9e \u00e0 la cuisson de petites portions.<\/li>\n\n\n\n<li><strong>Couvercle en acier \u00e9paissi<\/strong>: Le couvercle en acier de la casserole \u00e0 lait d\u00e9licate est con\u00e7u pour enfermer herm\u00e9tiquement la vapeur, ce qui permet de conserver la saveur originale des aliments, de maintenir la chaleur et de r\u00e9duire le temps de cuisson.<\/li>\n\n\n\n<li><strong>Facile \u00e0 nettoyer<\/strong>: La surface antiadh\u00e9sive en acier inoxydable facilite le nettoyage, passe au lave-vaisselle et permet d'\u00e9conomiser du temps et de l'\u00e9nergie.<\/li>\n<\/ul>\n<\/div>\n\n\n\n<div class=\"wp-block-column is-layout-flow wp-block-column-is-layout-flow\" style=\"flex-basis:33.33%\"><\/div>\n<\/div>\n\n\n\n<div class=\"wp-block-columns is-layout-flex wp-container-core-columns-is-layout-9d6595d7 wp-block-columns-is-layout-flex\">\n<div class=\"wp-block-column is-layout-flow wp-block-column-is-layout-flow\">\n<figure class=\"wp-block-image size-full\"><img decoding=\"async\" width=\"5184\" height=\"3456\" src=\"https:\/\/www.chancescook.com\/wp-content\/uploads\/2024\/09\/Factory-Stainless-Steel-Milk-Pan-Wholesale-5.webp\" alt=\"Fabrique de casseroles \u00e0 lait en acier inoxydable en gros (5)\" class=\"wp-image-3923\" srcset=\"https:\/\/www.chancescook.com\/wp-content\/uploads\/2024\/09\/Factory-Stainless-Steel-Milk-Pan-Wholesale-5.webp 5184w, https:\/\/www.chancescook.com\/wp-content\/uploads\/2024\/09\/Factory-Stainless-Steel-Milk-Pan-Wholesale-5-300x200.webp 300w, https:\/\/www.chancescook.com\/wp-content\/uploads\/2024\/09\/Factory-Stainless-Steel-Milk-Pan-Wholesale-5-768x512.webp 768w, https:\/\/www.chancescook.com\/wp-content\/uploads\/2024\/09\/Factory-Stainless-Steel-Milk-Pan-Wholesale-5-18x12.webp 18w, https:\/\/www.chancescook.com\/wp-content\/uploads\/2024\/09\/Factory-Stainless-Steel-Milk-Pan-Wholesale-5-285x190.webp 285w, https:\/\/www.chancescook.com\/wp-content\/uploads\/2024\/09\/Factory-Stainless-Steel-Milk-Pan-Wholesale-5-1600x1067.webp 1600w, https:\/\/www.chancescook.com\/wp-content\/uploads\/2024\/09\/Factory-Stainless-Steel-Milk-Pan-Wholesale-5-660x440.webp 660w, https:\/\/www.chancescook.com\/wp-content\/uploads\/2024\/09\/Factory-Stainless-Steel-Milk-Pan-Wholesale-5-150x100.webp 150w\" sizes=\"(max-width: 5184px) 100vw, 5184px\" \/><\/figure>\n<\/div>\n\n\n\n<div class=\"wp-block-column is-layout-flow wp-block-column-is-layout-flow\">\n<figure class=\"wp-block-image size-full\"><img decoding=\"async\" width=\"5184\" height=\"3456\" src=\"https:\/\/www.chancescook.com\/wp-content\/uploads\/2024\/09\/Factory-Stainless-Steel-Milk-Pan-Wholesale-4.webp\" alt=\"Fabrique de pots \u00e0 lait en acier inoxydable en gros (4)\" class=\"wp-image-3922\" srcset=\"https:\/\/www.chancescook.com\/wp-content\/uploads\/2024\/09\/Factory-Stainless-Steel-Milk-Pan-Wholesale-4.webp 5184w, https:\/\/www.chancescook.com\/wp-content\/uploads\/2024\/09\/Factory-Stainless-Steel-Milk-Pan-Wholesale-4-300x200.webp 300w, https:\/\/www.chancescook.com\/wp-content\/uploads\/2024\/09\/Factory-Stainless-Steel-Milk-Pan-Wholesale-4-768x512.webp 768w, https:\/\/www.chancescook.com\/wp-content\/uploads\/2024\/09\/Factory-Stainless-Steel-Milk-Pan-Wholesale-4-18x12.webp 18w, https:\/\/www.chancescook.com\/wp-content\/uploads\/2024\/09\/Factory-Stainless-Steel-Milk-Pan-Wholesale-4-285x190.webp 285w, https:\/\/www.chancescook.com\/wp-content\/uploads\/2024\/09\/Factory-Stainless-Steel-Milk-Pan-Wholesale-4-1600x1067.webp 1600w, https:\/\/www.chancescook.com\/wp-content\/uploads\/2024\/09\/Factory-Stainless-Steel-Milk-Pan-Wholesale-4-660x440.webp 660w, https:\/\/www.chancescook.com\/wp-content\/uploads\/2024\/09\/Factory-Stainless-Steel-Milk-Pan-Wholesale-4-150x100.webp 150w\" sizes=\"(max-width: 5184px) 100vw, 5184px\" \/><\/figure>\n<\/div>\n\n\n\n<div class=\"wp-block-column is-layout-flow wp-block-column-is-layout-flow\">\n<figure class=\"wp-block-image size-full\"><img decoding=\"async\" width=\"5184\" height=\"3456\" src=\"https:\/\/www.chancescook.com\/wp-content\/uploads\/2024\/09\/Factory-Stainless-Steel-Milk-Pan-Wholesale-3.webp\" alt=\"Fabrique de pots \u00e0 lait en acier inoxydable Wholesale (3)\" class=\"wp-image-3921\" srcset=\"https:\/\/www.chancescook.com\/wp-content\/uploads\/2024\/09\/Factory-Stainless-Steel-Milk-Pan-Wholesale-3.webp 5184w, https:\/\/www.chancescook.com\/wp-content\/uploads\/2024\/09\/Factory-Stainless-Steel-Milk-Pan-Wholesale-3-300x200.webp 300w, https:\/\/www.chancescook.com\/wp-content\/uploads\/2024\/09\/Factory-Stainless-Steel-Milk-Pan-Wholesale-3-768x512.webp 768w, https:\/\/www.chancescook.com\/wp-content\/uploads\/2024\/09\/Factory-Stainless-Steel-Milk-Pan-Wholesale-3-18x12.webp 18w, https:\/\/www.chancescook.com\/wp-content\/uploads\/2024\/09\/Factory-Stainless-Steel-Milk-Pan-Wholesale-3-285x190.webp 285w, https:\/\/www.chancescook.com\/wp-content\/uploads\/2024\/09\/Factory-Stainless-Steel-Milk-Pan-Wholesale-3-1600x1067.webp 1600w, https:\/\/www.chancescook.com\/wp-content\/uploads\/2024\/09\/Factory-Stainless-Steel-Milk-Pan-Wholesale-3-660x440.webp 660w, https:\/\/www.chancescook.com\/wp-content\/uploads\/2024\/09\/Factory-Stainless-Steel-Milk-Pan-Wholesale-3-150x100.webp 150w\" sizes=\"(max-width: 5184px) 100vw, 5184px\" \/><\/figure>\n<\/div>\n<\/div>\n\n\n\n<p><\/p>","protected":false},"excerpt":{"rendered":"<p>D\u00e9couvrez notre exquise casserole \u00e0 lait en acier inoxydable 304 de style europ\u00e9en, 16cm mini design, multifonctionnelle et pratique, parfaite pour les besoins de cuisson de petites portions. N'h\u00e9sitez pas \u00e0 nous contacter !<\/p>\n<h3 class=\"wp-block-heading\">Sp\u00e9cifications du pot \u00e0 lait en acier inoxydable<\/h3>\n<ul>\n<li>Fabricant : CHANCES<\/li>\n<li>Num\u00e9ro de mod\u00e8le:CY-OSG05<\/li>\n<li>Mat\u00e9riau : SS304<\/li>\n<li>Couvercle : Couvercle en acier<\/li>\n<li>\u00c9paisseur : 0,5 mm<\/li>\n<li>Poids : 760g<\/li>\n<li>Diam\u00e8tre\uff1a16cm<\/li>\n<li>OEM&#038;ODM: Custom, Welcome OEM&#038;ODM<\/li>\n<li>MOQ:1 x 40'HQ<\/li>\n<li>Emballage : Bo\u00eete couleur\/bo\u00eete en carton<\/li>\n<li>\u00c9chantillon : Gratuit<\/li>\n<\/ul>\n<p><a href=\"https:\/\/www.chancescook.com\/fr\/\"><strong>Chancescook<\/strong><\/a> s'engage \u00e0 fournir des services personnalis\u00e9s efficaces et professionnels en s'appuyant sur le d\u00e9veloppement exclusif de moules, une forte capacit\u00e9 de production et un contr\u00f4le de qualit\u00e9 rigoureux afin de garantir que chaque lot du meilleur stock pot r\u00e9ponde \u00e0 vos besoins.<\/p>","protected":false},"featured_media":5745,"comment_status":"closed","ping_status":"closed","template":"","meta":{"_acf_changed":false},"product_brand":[],"product_cat":[52,67],"product_tag":[],"class_list":{"0":"post-3918","1":"product","2":"type-product","3":"status-publish","4":"has-post-thumbnail","6":"product_cat-cookware-wholesale","7":"product_cat-saucepan-manufacturer","9":"first","10":"instock","11":"shipping-taxable","12":"product-type-simple"},"acf":[],"_links":{"self":[{"href":"https:\/\/www.chancescook.com\/fr\/wp-json\/wp\/v2\/product\/3918","targetHints":{"allow":["GET"]}}],"collection":[{"href":"https:\/\/www.chancescook.com\/fr\/wp-json\/wp\/v2\/product"}],"about":[{"href":"https:\/\/www.chancescook.com\/fr\/wp-json\/wp\/v2\/types\/product"}],"replies":[{"embeddable":true,"href":"https:\/\/www.chancescook.com\/fr\/wp-json\/wp\/v2\/comments?post=3918"}],"wp:featuredmedia":[{"embeddable":true,"href":"https:\/\/www.chancescook.com\/fr\/wp-json\/wp\/v2\/media\/5745"}],"wp:attachment":[{"href":"https:\/\/www.chancescook.com\/fr\/wp-json\/wp\/v2\/media?parent=3918"}],"wp:term":[{"taxonomy":"product_brand","embeddable":true,"href":"https:\/\/www.chancescook.com\/fr\/wp-json\/wp\/v2\/product_brand?post=3918"},{"taxonomy":"product_cat","embeddable":true,"href":"https:\/\/www.chancescook.com\/fr\/wp-json\/wp\/v2\/product_cat?post=3918"},{"taxonomy":"product_tag","embeddable":true,"href":"https:\/\/www.chancescook.com\/fr\/wp-json\/wp\/v2\/product_tag?post=3918"}],"curies":[{"name":"wp","href":"https:\/\/api.w.org\/{rel}","templated":true}]}}