{"id":3927,"date":"2024-09-11T08:46:45","date_gmt":"2024-09-11T08:46:45","guid":{"rendered":"https:\/\/www.chancescook.com\/?post_type=product&#038;p=3927"},"modified":"2025-12-23T10:16:11","modified_gmt":"2025-12-23T10:16:11","slug":"custom-stainless-steel-soup-pot","status":"publish","type":"product","link":"https:\/\/www.chancescook.com\/fr\/produit\/custom-stainless-steel-soup-pot\/","title":{"rendered":"Pot de soupe en acier inoxydable 304 \u00e0 double poign\u00e9e et dimensions multiples"},"content":{"rendered":"<div class=\"wp-block-columns is-layout-flex wp-container-core-columns-is-layout-9d6595d7 wp-block-columns-is-layout-flex\">\n<div class=\"wp-block-column is-layout-flow wp-block-column-is-layout-flow\" style=\"flex-basis:66.66%\">\n<h3 class=\"wp-block-heading\">Caract\u00e9ristiques et avantages de la marmite en acier inoxydable<\/h3>\n\n\n\n<ul class=\"wp-block-list\">\n<li><strong>Acier inoxydable 304 Mat\u00e9riau<\/strong>: fabriqu\u00e9 en acier inoxydable 304 de qualit\u00e9 alimentaire pour garantir la salubrit\u00e9 et la s\u00e9curit\u00e9 des aliments cuits, avec une r\u00e9sistance \u00e0 la corrosion et une durabilit\u00e9 \u00e0 long terme.<\/li>\n\n\n\n<li><strong>Design classique europ\u00e9en \u00e0 double poign\u00e9e<\/strong>: La conception \u00e0 double poign\u00e9e de la marmite en acier inoxydable permet une prise en main s\u00fbre et facile, am\u00e9liorant ainsi le confort et la stabilit\u00e9 lors de la cuisson. Elle pr\u00e9sente \u00e9galement un style europ\u00e9en simple et \u00e9l\u00e9gant, qui convient \u00e0 diverses occasions.<\/li>\n\n\n\n<li><strong>Plusieurs tailles disponibles<\/strong>: Les marmites en acier inoxydable sont disponibles dans diff\u00e9rentes tailles afin de r\u00e9pondre aux diff\u00e9rents besoins culinaires des familles ou du secteur de la restauration, des petits rago\u00fbts aux grands banquets.<\/li>\n\n\n\n<li><strong>Fond \u00e9pais pour un chauffage uniforme<\/strong>: La conception \u00e0 fond \u00e9pais assure un transfert de chaleur uniforme et r\u00e9duit le risque de br\u00fblure localis\u00e9e, offre une efficacit\u00e9 de cuisson \u00e9lev\u00e9e et permet d'\u00e9conomiser de l'\u00e9nergie. Convient \u00e0 tous les types de cuisini\u00e8res.<\/li>\n\n\n\n<li><strong>Facile \u00e0 nettoyer et \u00e0 entretenir<\/strong>: La surface lisse en acier inoxydable est antiadh\u00e9sive et durable, facile \u00e0 nettoyer, lavable au lave-vaisselle et facilite l'entretien quotidien.<\/li>\n<\/ul>\n<\/div>\n\n\n\n<div class=\"wp-block-column is-layout-flow wp-block-column-is-layout-flow\" style=\"flex-basis:33.33%\"><\/div>\n<\/div>\n\n\n\n<div class=\"wp-block-columns is-layout-flex wp-container-core-columns-is-layout-9d6595d7 wp-block-columns-is-layout-flex\">\n<div class=\"wp-block-column is-layout-flow wp-block-column-is-layout-flow\">\n<figure class=\"wp-block-image size-full\"><img decoding=\"async\" width=\"5184\" height=\"3456\" src=\"https:\/\/www.chancescook.com\/wp-content\/uploads\/2024\/09\/Custom-Stainless-Steel-Soup-Pot-1.webp\" alt=\"Marmite en acier inoxydable personnalis\u00e9e (1)\" class=\"wp-image-3928\" srcset=\"https:\/\/www.chancescook.com\/wp-content\/uploads\/2024\/09\/Custom-Stainless-Steel-Soup-Pot-1.webp 5184w, https:\/\/www.chancescook.com\/wp-content\/uploads\/2024\/09\/Custom-Stainless-Steel-Soup-Pot-1-300x200.webp 300w, https:\/\/www.chancescook.com\/wp-content\/uploads\/2024\/09\/Custom-Stainless-Steel-Soup-Pot-1-768x512.webp 768w, https:\/\/www.chancescook.com\/wp-content\/uploads\/2024\/09\/Custom-Stainless-Steel-Soup-Pot-1-18x12.webp 18w, https:\/\/www.chancescook.com\/wp-content\/uploads\/2024\/09\/Custom-Stainless-Steel-Soup-Pot-1-285x190.webp 285w, https:\/\/www.chancescook.com\/wp-content\/uploads\/2024\/09\/Custom-Stainless-Steel-Soup-Pot-1-1600x1067.webp 1600w, https:\/\/www.chancescook.com\/wp-content\/uploads\/2024\/09\/Custom-Stainless-Steel-Soup-Pot-1-660x440.webp 660w, https:\/\/www.chancescook.com\/wp-content\/uploads\/2024\/09\/Custom-Stainless-Steel-Soup-Pot-1-150x100.webp 150w\" sizes=\"(max-width: 5184px) 100vw, 5184px\" \/><\/figure>\n<\/div>\n\n\n\n<div class=\"wp-block-column is-layout-flow wp-block-column-is-layout-flow\">\n<figure class=\"wp-block-image size-full\"><img decoding=\"async\" width=\"5184\" height=\"3456\" src=\"https:\/\/www.chancescook.com\/wp-content\/uploads\/2024\/09\/Custom-Stainless-Steel-Soup-Pot-5.webp\" alt=\"Marmite en acier inoxydable personnalis\u00e9e (5)\" class=\"wp-image-3932\" srcset=\"https:\/\/www.chancescook.com\/wp-content\/uploads\/2024\/09\/Custom-Stainless-Steel-Soup-Pot-5.webp 5184w, https:\/\/www.chancescook.com\/wp-content\/uploads\/2024\/09\/Custom-Stainless-Steel-Soup-Pot-5-300x200.webp 300w, https:\/\/www.chancescook.com\/wp-content\/uploads\/2024\/09\/Custom-Stainless-Steel-Soup-Pot-5-768x512.webp 768w, https:\/\/www.chancescook.com\/wp-content\/uploads\/2024\/09\/Custom-Stainless-Steel-Soup-Pot-5-18x12.webp 18w, https:\/\/www.chancescook.com\/wp-content\/uploads\/2024\/09\/Custom-Stainless-Steel-Soup-Pot-5-285x190.webp 285w, https:\/\/www.chancescook.com\/wp-content\/uploads\/2024\/09\/Custom-Stainless-Steel-Soup-Pot-5-1600x1067.webp 1600w, https:\/\/www.chancescook.com\/wp-content\/uploads\/2024\/09\/Custom-Stainless-Steel-Soup-Pot-5-660x440.webp 660w, https:\/\/www.chancescook.com\/wp-content\/uploads\/2024\/09\/Custom-Stainless-Steel-Soup-Pot-5-150x100.webp 150w\" sizes=\"(max-width: 5184px) 100vw, 5184px\" \/><\/figure>\n<\/div>\n\n\n\n<div class=\"wp-block-column is-layout-flow wp-block-column-is-layout-flow\">\n<figure class=\"wp-block-image size-full\"><img decoding=\"async\" width=\"5184\" height=\"3456\" src=\"https:\/\/www.chancescook.com\/wp-content\/uploads\/2024\/09\/Custom-Stainless-Steel-Soup-Pot-7.webp\" alt=\"Marmite en acier inoxydable personnalis\u00e9e (7)\" class=\"wp-image-3934\" srcset=\"https:\/\/www.chancescook.com\/wp-content\/uploads\/2024\/09\/Custom-Stainless-Steel-Soup-Pot-7.webp 5184w, https:\/\/www.chancescook.com\/wp-content\/uploads\/2024\/09\/Custom-Stainless-Steel-Soup-Pot-7-300x200.webp 300w, https:\/\/www.chancescook.com\/wp-content\/uploads\/2024\/09\/Custom-Stainless-Steel-Soup-Pot-7-768x512.webp 768w, https:\/\/www.chancescook.com\/wp-content\/uploads\/2024\/09\/Custom-Stainless-Steel-Soup-Pot-7-18x12.webp 18w, https:\/\/www.chancescook.com\/wp-content\/uploads\/2024\/09\/Custom-Stainless-Steel-Soup-Pot-7-285x190.webp 285w, https:\/\/www.chancescook.com\/wp-content\/uploads\/2024\/09\/Custom-Stainless-Steel-Soup-Pot-7-1600x1067.webp 1600w, https:\/\/www.chancescook.com\/wp-content\/uploads\/2024\/09\/Custom-Stainless-Steel-Soup-Pot-7-660x440.webp 660w, https:\/\/www.chancescook.com\/wp-content\/uploads\/2024\/09\/Custom-Stainless-Steel-Soup-Pot-7-150x100.webp 150w\" sizes=\"(max-width: 5184px) 100vw, 5184px\" \/><\/figure>\n<\/div>\n<\/div>","protected":false},"excerpt":{"rendered":"<p>Marmites en acier inoxydable 304 de diff\u00e9rentes tailles pour usage commercial, les marmites de style europ\u00e9en sont durables et esth\u00e9tiques, adapt\u00e9es aux besoins culinaires multifonctionnels des cuisines domestiques et commerciales. Contactez-nous d\u00e8s aujourd'hui pour obtenir un devis !<\/p>\n<h3 class=\"wp-block-heading\">Sp\u00e9cifications de la marmite en acier inoxydable<\/h3>\n<ul>\n<li>Fabricant : CHANCES<\/li>\n<li>Num\u00e9ro de mod\u00e8le:CY-OSG05<\/li>\n<li>Mat\u00e9riau : SS304<\/li>\n<li>Couvercle : Couvercle en acier<\/li>\n<li>\u00c9paisseur : 0,5 mm<\/li>\n<li>Poids : 920 g\/1 120 g\/1 300 g<\/li>\n<li>Diam\u00e8tre : 18 cm\/20 cm\/22 cm<\/li>\n<li>OEM&amp;ODM : Sur mesure, Bienvenue OEM&amp;ODM<\/li>\n<li>MOQ:1 x 40'HQ<\/li>\n<li>Emballage : Bo\u00eete couleur\/bo\u00eete en carton<\/li>\n<li>\u00c9chantillon : Gratuit<\/li>\n<\/ul>\n<p><a href=\"https:\/\/www.chancescook.com\/fr\/\"><strong>Chancescook<\/strong><\/a> s'engage \u00e0 fournir des services personnalis\u00e9s efficaces et professionnels, soutenus par notre d\u00e9veloppement exclusif de moules, notre forte capacit\u00e9 de production et notre contr\u00f4le qualit\u00e9 rigoureux, afin de garantir que chaque lot de marmites en acier inoxydable r\u00e9ponde \u00e0 vos besoins.<\/p>","protected":false},"featured_media":5860,"comment_status":"closed","ping_status":"closed","template":"","meta":{"_acf_changed":false},"product_brand":[],"product_cat":[52,62],"product_tag":[],"class_list":{"0":"post-3927","1":"product","2":"type-product","3":"status-publish","4":"has-post-thumbnail","6":"product_cat-cookware-wholesale","7":"product_cat-wholesale-soup-pot","9":"first","10":"instock","11":"shipping-taxable","12":"product-type-simple"},"acf":[],"_links":{"self":[{"href":"https:\/\/www.chancescook.com\/fr\/wp-json\/wp\/v2\/product\/3927","targetHints":{"allow":["GET"]}}],"collection":[{"href":"https:\/\/www.chancescook.com\/fr\/wp-json\/wp\/v2\/product"}],"about":[{"href":"https:\/\/www.chancescook.com\/fr\/wp-json\/wp\/v2\/types\/product"}],"replies":[{"embeddable":true,"href":"https:\/\/www.chancescook.com\/fr\/wp-json\/wp\/v2\/comments?post=3927"}],"wp:featuredmedia":[{"embeddable":true,"href":"https:\/\/www.chancescook.com\/fr\/wp-json\/wp\/v2\/media\/5860"}],"wp:attachment":[{"href":"https:\/\/www.chancescook.com\/fr\/wp-json\/wp\/v2\/media?parent=3927"}],"wp:term":[{"taxonomy":"product_brand","embeddable":true,"href":"https:\/\/www.chancescook.com\/fr\/wp-json\/wp\/v2\/product_brand?post=3927"},{"taxonomy":"product_cat","embeddable":true,"href":"https:\/\/www.chancescook.com\/fr\/wp-json\/wp\/v2\/product_cat?post=3927"},{"taxonomy":"product_tag","embeddable":true,"href":"https:\/\/www.chancescook.com\/fr\/wp-json\/wp\/v2\/product_tag?post=3927"}],"curies":[{"name":"wp","href":"https:\/\/api.w.org\/{rel}","templated":true}]}}