{"id":3939,"date":"2024-09-11T10:00:30","date_gmt":"2024-09-11T10:00:30","guid":{"rendered":"https:\/\/www.chancescook.com\/?post_type=product&#038;p=3939"},"modified":"2025-12-20T09:29:49","modified_gmt":"2025-12-20T09:29:49","slug":"wholesale-milk-pot-italian-style","status":"publish","type":"product","link":"https:\/\/www.chancescook.com\/fr\/produit\/wholesale-milk-pot-italian-style\/","title":{"rendered":"Wholesale Milk Pot Italian Style 304 Stainless Steel Stockpan Single Handle 16cm with Glass Lid (Pot \u00e0 lait \u00e0 l'italienne en acier inoxydable 304 avec couvercle en verre)"},"content":{"rendered":"<div class=\"wp-block-columns is-layout-flex wp-container-core-columns-is-layout-9d6595d7 wp-block-columns-is-layout-flex\">\n<div class=\"wp-block-column is-layout-flow wp-block-column-is-layout-flow\" style=\"flex-basis:66.66%\">\n<h3 class=\"wp-block-heading\">Caract\u00e9ristiques et avantages du pot \u00e0 lait en acier inoxydable<\/h3>\n\n\n\n<ul class=\"wp-block-list\">\n<li><strong>Mat\u00e9riau en acier inoxydable 304 de premi\u00e8re qualit\u00e9<\/strong>Les produits sont fabriqu\u00e9s en acier inoxydable 304 de qualit\u00e9 alimentaire, r\u00e9sistant \u00e0 la corrosion et \u00e0 la rouille, garantissant la s\u00e9curit\u00e9 des aliments et convenant \u00e0 une utilisation \u00e0 long terme.<\/li>\n\n\n\n<li><strong>Design italien simple<\/strong>: Le bac \u00e0 lait en acier inoxydable est un mod\u00e8le de style italien, simple et \u00e9l\u00e9gant, qui met en valeur la beaut\u00e9 et la qualit\u00e9 de la cuisine.<\/li>\n\n\n\n<li><strong>Conception \u00e0 une seule poign\u00e9e<\/strong>La casserole \u00e0 lait est dot\u00e9e d'une poign\u00e9e unique ergonomique pour une prise en main confortable et une utilisation facile, particuli\u00e8rement adapt\u00e9e \u00e0 la cuisson de petites portions.<\/li>\n\n\n\n<li><strong>16cm Taille polyvalente<\/strong>: Taille compacte de 16 cm, adapt\u00e9e au chauffage du lait, de la sauce bouillante, des nouilles bouillantes, de la soupe chaude et d'autres besoins culinaires quotidiens, pratique.<\/li>\n\n\n\n<li><strong>Couvercle en verre tremp\u00e9<\/strong>: Le couvercle en verre tremp\u00e9 transparent vous permet de voir facilement le processus de cuisson, avec une excellente r\u00e9sistance \u00e0 la chaleur et une fonction anti-casse.<\/li>\n\n\n\n<li><strong>Facile \u00e0 nettoyer et \u00e0 entretenir<\/strong>: La surface lisse en acier inoxydable n'adh\u00e8re pas facilement aux taches, elle est facile \u00e0 nettoyer et peut \u00eatre lav\u00e9e au lave-vaisselle, ce qui permet d'\u00e9conomiser du temps et de l'\u00e9nergie.<\/li>\n<\/ul>\n<\/div>\n\n\n\n<div class=\"wp-block-column is-layout-flow wp-block-column-is-layout-flow\" style=\"flex-basis:33.33%\"><\/div>\n<\/div>\n\n\n\n<div class=\"wp-block-columns is-layout-flex wp-container-core-columns-is-layout-9d6595d7 wp-block-columns-is-layout-flex\">\n<div class=\"wp-block-column is-layout-flow wp-block-column-is-layout-flow\">\n<figure class=\"wp-block-image size-full\"><img decoding=\"async\" width=\"5184\" height=\"3456\" src=\"https:\/\/www.chancescook.com\/wp-content\/uploads\/2024\/09\/Wholesale-Milk-Pot-Italian-Style-3.webp\" alt=\"Pot de lait en gros \u00e0 l&#039;italienne (3)\" class=\"wp-image-3942\" srcset=\"https:\/\/www.chancescook.com\/wp-content\/uploads\/2024\/09\/Wholesale-Milk-Pot-Italian-Style-3.webp 5184w, https:\/\/www.chancescook.com\/wp-content\/uploads\/2024\/09\/Wholesale-Milk-Pot-Italian-Style-3-300x200.webp 300w, https:\/\/www.chancescook.com\/wp-content\/uploads\/2024\/09\/Wholesale-Milk-Pot-Italian-Style-3-768x512.webp 768w, https:\/\/www.chancescook.com\/wp-content\/uploads\/2024\/09\/Wholesale-Milk-Pot-Italian-Style-3-18x12.webp 18w, https:\/\/www.chancescook.com\/wp-content\/uploads\/2024\/09\/Wholesale-Milk-Pot-Italian-Style-3-285x190.webp 285w, https:\/\/www.chancescook.com\/wp-content\/uploads\/2024\/09\/Wholesale-Milk-Pot-Italian-Style-3-1600x1067.webp 1600w, https:\/\/www.chancescook.com\/wp-content\/uploads\/2024\/09\/Wholesale-Milk-Pot-Italian-Style-3-660x440.webp 660w, https:\/\/www.chancescook.com\/wp-content\/uploads\/2024\/09\/Wholesale-Milk-Pot-Italian-Style-3-150x100.webp 150w\" sizes=\"(max-width: 5184px) 100vw, 5184px\" \/><\/figure>\n<\/div>\n\n\n\n<div class=\"wp-block-column is-layout-flow wp-block-column-is-layout-flow\">\n<figure class=\"wp-block-image size-full\"><img decoding=\"async\" width=\"5184\" height=\"3456\" src=\"https:\/\/www.chancescook.com\/wp-content\/uploads\/2024\/09\/Wholesale-Milk-Pot-Italian-Style-2.webp\" alt=\"Pot de lait en gros \u00e0 l&#039;italienne (2)\" class=\"wp-image-3941\" srcset=\"https:\/\/www.chancescook.com\/wp-content\/uploads\/2024\/09\/Wholesale-Milk-Pot-Italian-Style-2.webp 5184w, https:\/\/www.chancescook.com\/wp-content\/uploads\/2024\/09\/Wholesale-Milk-Pot-Italian-Style-2-300x200.webp 300w, https:\/\/www.chancescook.com\/wp-content\/uploads\/2024\/09\/Wholesale-Milk-Pot-Italian-Style-2-768x512.webp 768w, https:\/\/www.chancescook.com\/wp-content\/uploads\/2024\/09\/Wholesale-Milk-Pot-Italian-Style-2-18x12.webp 18w, https:\/\/www.chancescook.com\/wp-content\/uploads\/2024\/09\/Wholesale-Milk-Pot-Italian-Style-2-285x190.webp 285w, https:\/\/www.chancescook.com\/wp-content\/uploads\/2024\/09\/Wholesale-Milk-Pot-Italian-Style-2-1600x1067.webp 1600w, https:\/\/www.chancescook.com\/wp-content\/uploads\/2024\/09\/Wholesale-Milk-Pot-Italian-Style-2-660x440.webp 660w, https:\/\/www.chancescook.com\/wp-content\/uploads\/2024\/09\/Wholesale-Milk-Pot-Italian-Style-2-150x100.webp 150w\" sizes=\"(max-width: 5184px) 100vw, 5184px\" \/><\/figure>\n<\/div>\n\n\n\n<div class=\"wp-block-column is-layout-flow wp-block-column-is-layout-flow\">\n<figure class=\"wp-block-image size-full\"><img decoding=\"async\" width=\"5184\" height=\"3456\" src=\"https:\/\/www.chancescook.com\/wp-content\/uploads\/2024\/09\/Wholesale-Milk-Pot-Italian-Style-8.webp\" alt=\"Pot de lait en gros \u00e0 l&#039;italienne (8)\" class=\"wp-image-3947\" srcset=\"https:\/\/www.chancescook.com\/wp-content\/uploads\/2024\/09\/Wholesale-Milk-Pot-Italian-Style-8.webp 5184w, https:\/\/www.chancescook.com\/wp-content\/uploads\/2024\/09\/Wholesale-Milk-Pot-Italian-Style-8-300x200.webp 300w, https:\/\/www.chancescook.com\/wp-content\/uploads\/2024\/09\/Wholesale-Milk-Pot-Italian-Style-8-768x512.webp 768w, https:\/\/www.chancescook.com\/wp-content\/uploads\/2024\/09\/Wholesale-Milk-Pot-Italian-Style-8-18x12.webp 18w, https:\/\/www.chancescook.com\/wp-content\/uploads\/2024\/09\/Wholesale-Milk-Pot-Italian-Style-8-285x190.webp 285w, https:\/\/www.chancescook.com\/wp-content\/uploads\/2024\/09\/Wholesale-Milk-Pot-Italian-Style-8-1600x1067.webp 1600w, https:\/\/www.chancescook.com\/wp-content\/uploads\/2024\/09\/Wholesale-Milk-Pot-Italian-Style-8-660x440.webp 660w, https:\/\/www.chancescook.com\/wp-content\/uploads\/2024\/09\/Wholesale-Milk-Pot-Italian-Style-8-150x100.webp 150w\" sizes=\"(max-width: 5184px) 100vw, 5184px\" \/><\/figure>\n<\/div>\n<\/div>","protected":false},"excerpt":{"rendered":"<p>D\u00e9couvrez notre pot \u00e0 lait de 16 cm en acier inoxydable 304 de style italien \u00e0 poign\u00e9e unique, un design \u00e0 la mode et une fonction pratique en m\u00eame temps, parfaitement adapt\u00e9 \u00e0 la cuisson de petites portions et \u00e0 l'utilisation quotidienne de la cuisine. Contactez-nous pour plus d'informations sur la gamme de casseroles et po\u00eales !<\/p>\n<h3 class=\"wp-block-heading\">Sp\u00e9cifications du pot \u00e0 lait en acier inoxydable<\/h3>\n<ul>\n<li>Fabricant : CHANCES<\/li>\n<li>Num\u00e9ro de mod\u00e8le:CY-YSG05<\/li>\n<li>Mat\u00e9riau : SS304<\/li>\n<li>Couvercle : Couvercle en acier<\/li>\n<li>\u00c9paisseur : 0,5 mm<\/li>\n<li>Poids : 700g<\/li>\n<li>Diam\u00e8tre\uff1a16cm<\/li>\n<li>OEM&amp;ODM : Sur mesure, Bienvenue OEM&amp;ODM<\/li>\n<li>MOQ:1 x 40'HQ<\/li>\n<li>Emballage : Bo\u00eete couleur\/bo\u00eete en carton<\/li>\n<li>\u00c9chantillon : Gratuit<\/li>\n<\/ul>\n<p><a href=\"https:\/\/www.chancescook.com\/fr\/\"><strong>Chancescook<\/strong><\/a> s'engage \u00e0 fournir des services personnalis\u00e9s efficaces et professionnels en s'appuyant sur le d\u00e9veloppement de moules exclusifs, une forte capacit\u00e9 de production et un contr\u00f4le de qualit\u00e9 strict afin de garantir que chaque lot de pot \u00e0 lait en acier inoxydable de 16 cm \u00e0 poign\u00e9e unique r\u00e9ponde \u00e0 vos besoins.<\/p>","protected":false},"featured_media":5744,"comment_status":"closed","ping_status":"closed","template":"","meta":{"_acf_changed":false},"product_brand":[],"product_cat":[52,67],"product_tag":[],"class_list":{"0":"post-3939","1":"product","2":"type-product","3":"status-publish","4":"has-post-thumbnail","6":"product_cat-cookware-wholesale","7":"product_cat-saucepan-manufacturer","9":"first","10":"instock","11":"shipping-taxable","12":"product-type-simple"},"acf":[],"_links":{"self":[{"href":"https:\/\/www.chancescook.com\/fr\/wp-json\/wp\/v2\/product\/3939","targetHints":{"allow":["GET"]}}],"collection":[{"href":"https:\/\/www.chancescook.com\/fr\/wp-json\/wp\/v2\/product"}],"about":[{"href":"https:\/\/www.chancescook.com\/fr\/wp-json\/wp\/v2\/types\/product"}],"replies":[{"embeddable":true,"href":"https:\/\/www.chancescook.com\/fr\/wp-json\/wp\/v2\/comments?post=3939"}],"wp:featuredmedia":[{"embeddable":true,"href":"https:\/\/www.chancescook.com\/fr\/wp-json\/wp\/v2\/media\/5744"}],"wp:attachment":[{"href":"https:\/\/www.chancescook.com\/fr\/wp-json\/wp\/v2\/media?parent=3939"}],"wp:term":[{"taxonomy":"product_brand","embeddable":true,"href":"https:\/\/www.chancescook.com\/fr\/wp-json\/wp\/v2\/product_brand?post=3939"},{"taxonomy":"product_cat","embeddable":true,"href":"https:\/\/www.chancescook.com\/fr\/wp-json\/wp\/v2\/product_cat?post=3939"},{"taxonomy":"product_tag","embeddable":true,"href":"https:\/\/www.chancescook.com\/fr\/wp-json\/wp\/v2\/product_tag?post=3939"}],"curies":[{"name":"wp","href":"https:\/\/api.w.org\/{rel}","templated":true}]}}