{"id":3948,"date":"2024-09-11T17:22:24","date_gmt":"2024-09-11T17:22:24","guid":{"rendered":"https:\/\/www.chancescook.com\/?post_type=product&#038;p=3948"},"modified":"2025-12-23T10:13:14","modified_gmt":"2025-12-23T10:13:14","slug":"supply-soup-pot-stainless-steel-304","status":"publish","type":"product","link":"https:\/\/www.chancescook.com\/fr\/produit\/supply-soup-pot-stainless-steel-304\/","title":{"rendered":"Supply Soup Pot Stainless Steel 304 Italian Style Double Handle Stockpot with Glass Lid 20cm\/22cm\/24cm"},"content":{"rendered":"<div class=\"wp-block-columns is-layout-flex wp-container-core-columns-is-layout-9d6595d7 wp-block-columns-is-layout-flex\">\n<div class=\"wp-block-column is-layout-flow wp-block-column-is-layout-flow\" style=\"flex-basis:66.66%\">\n<h3 class=\"wp-block-heading\">Caract\u00e9ristiques et avantages de la marmite \u00e0 soupe en acier inoxydable<\/h3>\n\n\n\n<ul class=\"wp-block-list\">\n<li><strong>Mat\u00e9riau en acier inoxydable 304 de haute qualit\u00e9<\/strong>La marmite \u00e0 l'italienne est fabriqu\u00e9e en acier inoxydable 304 de qualit\u00e9 alimentaire, qui pr\u00e9sente une excellente r\u00e9sistance \u00e0 la corrosion et une grande durabilit\u00e9, garantissant la sant\u00e9 et la s\u00e9curit\u00e9 des ingr\u00e9dients utilis\u00e9s pour la cuisson.<\/li>\n\n\n\n<li><strong>Mod\u00e8le \u00e0 double oreille de style italien<\/strong>: La double poign\u00e9e de style italien classique est confortable et stable. Elle est pratique pour cuisiner et embellit la cuisine en m\u00eame temps.<\/li>\n\n\n\n<li><strong>Couvercle en verre tremp\u00e9<\/strong>: La marmite \u00e0 soupe en acier inoxydable est \u00e9quip\u00e9e d'un couvercle en verre tremp\u00e9 transparent, qui permet de v\u00e9rifier facilement l'\u00e9tat de cuisson des aliments \u00e0 tout moment. Le couvercle est r\u00e9sistant \u00e0 la chaleur et \u00e0 la rupture, ce qui permet d'emprisonner la vapeur et les nutriments.<\/li>\n\n\n\n<li><strong>Options de tailles multiples<\/strong>: La marmite en acier inoxydable offre trois tailles : 20 cm, 22 cm et 24 cm, ce qui permet de r\u00e9pondre \u00e0 diff\u00e9rents besoins en mati\u00e8re de cuisine, du rago\u00fbt familial quotidien aux repas de f\u00eate.<\/li>\n\n\n\n<li><strong>Conception \u00e0 fond \u00e9pais<\/strong>: Le fond de la casserole est \u00e9paissi pour conduire la chaleur uniform\u00e9ment et rapidement, ce qui r\u00e9duit la consommation d'\u00e9nergie et permet de l'utiliser sur tous les types de cuisini\u00e8res, y compris les cuisini\u00e8res \u00e0 gaz et les cuisini\u00e8res \u00e0 induction.<\/li>\n\n\n\n<li><strong>Facile \u00e0 nettoyer et \u00e0 entretenir<\/strong>: La surface lisse en acier inoxydable r\u00e9siste aux taches collantes, est facile \u00e0 nettoyer, peut \u00eatre lav\u00e9e au lave-vaisselle et r\u00e9duit le temps de nettoyage quotidien.<\/li>\n<\/ul>\n<\/div>\n\n\n\n<div class=\"wp-block-column is-layout-flow wp-block-column-is-layout-flow\" style=\"flex-basis:33.33%\"><\/div>\n<\/div>\n\n\n\n<div class=\"wp-block-columns is-layout-flex wp-container-core-columns-is-layout-9d6595d7 wp-block-columns-is-layout-flex\">\n<div class=\"wp-block-column is-layout-flow wp-block-column-is-layout-flow\">\n<figure class=\"wp-block-image size-full\"><img decoding=\"async\" width=\"5184\" height=\"3456\" src=\"https:\/\/www.chancescook.com\/wp-content\/uploads\/2024\/09\/Supply-Soup-Pot-Stainless-Steel-8.webp\" alt=\"Approvisionnement Pot de soupe en acier inoxydable wholesale\" class=\"wp-image-3956\" srcset=\"https:\/\/www.chancescook.com\/wp-content\/uploads\/2024\/09\/Supply-Soup-Pot-Stainless-Steel-8.webp 5184w, https:\/\/www.chancescook.com\/wp-content\/uploads\/2024\/09\/Supply-Soup-Pot-Stainless-Steel-8-300x200.webp 300w, https:\/\/www.chancescook.com\/wp-content\/uploads\/2024\/09\/Supply-Soup-Pot-Stainless-Steel-8-768x512.webp 768w, https:\/\/www.chancescook.com\/wp-content\/uploads\/2024\/09\/Supply-Soup-Pot-Stainless-Steel-8-18x12.webp 18w, https:\/\/www.chancescook.com\/wp-content\/uploads\/2024\/09\/Supply-Soup-Pot-Stainless-Steel-8-285x190.webp 285w, https:\/\/www.chancescook.com\/wp-content\/uploads\/2024\/09\/Supply-Soup-Pot-Stainless-Steel-8-1600x1067.webp 1600w, https:\/\/www.chancescook.com\/wp-content\/uploads\/2024\/09\/Supply-Soup-Pot-Stainless-Steel-8-660x440.webp 660w, https:\/\/www.chancescook.com\/wp-content\/uploads\/2024\/09\/Supply-Soup-Pot-Stainless-Steel-8-150x100.webp 150w\" sizes=\"(max-width: 5184px) 100vw, 5184px\" \/><\/figure>\n<\/div>\n\n\n\n<div class=\"wp-block-column is-layout-flow wp-block-column-is-layout-flow\">\n<figure class=\"wp-block-image size-full\"><img decoding=\"async\" width=\"5184\" height=\"3456\" src=\"https:\/\/www.chancescook.com\/wp-content\/uploads\/2024\/09\/Supply-Soup-Pot-Stainless-Steel-5.webp\" alt=\"Approvisionnement Pot de soupe en acier inoxydable wholesale\" class=\"wp-image-3953\" srcset=\"https:\/\/www.chancescook.com\/wp-content\/uploads\/2024\/09\/Supply-Soup-Pot-Stainless-Steel-5.webp 5184w, https:\/\/www.chancescook.com\/wp-content\/uploads\/2024\/09\/Supply-Soup-Pot-Stainless-Steel-5-300x200.webp 300w, https:\/\/www.chancescook.com\/wp-content\/uploads\/2024\/09\/Supply-Soup-Pot-Stainless-Steel-5-768x512.webp 768w, https:\/\/www.chancescook.com\/wp-content\/uploads\/2024\/09\/Supply-Soup-Pot-Stainless-Steel-5-18x12.webp 18w, https:\/\/www.chancescook.com\/wp-content\/uploads\/2024\/09\/Supply-Soup-Pot-Stainless-Steel-5-285x190.webp 285w, https:\/\/www.chancescook.com\/wp-content\/uploads\/2024\/09\/Supply-Soup-Pot-Stainless-Steel-5-1600x1067.webp 1600w, https:\/\/www.chancescook.com\/wp-content\/uploads\/2024\/09\/Supply-Soup-Pot-Stainless-Steel-5-660x440.webp 660w, https:\/\/www.chancescook.com\/wp-content\/uploads\/2024\/09\/Supply-Soup-Pot-Stainless-Steel-5-150x100.webp 150w\" sizes=\"(max-width: 5184px) 100vw, 5184px\" \/><\/figure>\n<\/div>\n\n\n\n<div class=\"wp-block-column is-layout-flow wp-block-column-is-layout-flow\">\n<figure class=\"wp-block-image size-full\"><img decoding=\"async\" width=\"5184\" height=\"3456\" src=\"https:\/\/www.chancescook.com\/wp-content\/uploads\/2024\/09\/Supply-Soup-Pot-Stainless-Steel-1.webp\" alt=\"Approvisionnement Pot de soupe en acier inoxydable wholesale\" class=\"wp-image-3949\" srcset=\"https:\/\/www.chancescook.com\/wp-content\/uploads\/2024\/09\/Supply-Soup-Pot-Stainless-Steel-1.webp 5184w, https:\/\/www.chancescook.com\/wp-content\/uploads\/2024\/09\/Supply-Soup-Pot-Stainless-Steel-1-300x200.webp 300w, https:\/\/www.chancescook.com\/wp-content\/uploads\/2024\/09\/Supply-Soup-Pot-Stainless-Steel-1-768x512.webp 768w, https:\/\/www.chancescook.com\/wp-content\/uploads\/2024\/09\/Supply-Soup-Pot-Stainless-Steel-1-18x12.webp 18w, https:\/\/www.chancescook.com\/wp-content\/uploads\/2024\/09\/Supply-Soup-Pot-Stainless-Steel-1-285x190.webp 285w, https:\/\/www.chancescook.com\/wp-content\/uploads\/2024\/09\/Supply-Soup-Pot-Stainless-Steel-1-1600x1067.webp 1600w, https:\/\/www.chancescook.com\/wp-content\/uploads\/2024\/09\/Supply-Soup-Pot-Stainless-Steel-1-660x440.webp 660w, https:\/\/www.chancescook.com\/wp-content\/uploads\/2024\/09\/Supply-Soup-Pot-Stainless-Steel-1-150x100.webp 150w\" sizes=\"(max-width: 5184px) 100vw, 5184px\" \/><\/figure>\n<\/div>\n<\/div>","protected":false},"excerpt":{"rendered":"<p>Double marmite italienne classique et durable en acier inoxydable 304, plusieurs tailles possibles pour une utilisation \u00e0 domicile ou en restauration, retient les nutriments et am\u00e9liore l'efficacit\u00e9 de la cuisson.Bienvenue \u00e0 nous contacter pour plus de services personnalis\u00e9s !<\/p>\n<h3 class=\"wp-block-heading\">Sp\u00e9cifications de la marmite \u00e0 soupe en acier inoxydable<\/h3>\n<ul>\n<li>Fabricant : CHANCES<\/li>\n<li>Num\u00e9ro de mod\u00e8le:CY-YSG05<\/li>\n<li>Mat\u00e9riau : SS304<\/li>\n<li>Couvercle : Couvercle en verre<\/li>\n<li>\u00c9paisseur : 0,5 mm<\/li>\n<li>Weight:850g\/1000g\/1150g<\/li>\n<li>Diam\u00e8tre\uff1a20cm\/22cm\/24cm<\/li>\n<li>OEM&amp;ODM : Sur mesure, Bienvenue OEM&amp;ODM<\/li>\n<li>MOQ:1 x 40'HQ<\/li>\n<li>Emballage : Bo\u00eete couleur\/bo\u00eete en carton<\/li>\n<li>\u00c9chantillon : Gratuit<\/li>\n<\/ul>\n<p><a href=\"https:\/\/www.chancescook.com\/fr\/\"><strong>Chancescook<\/strong><\/a> s'engage \u00e0 fournir des services personnalis\u00e9s efficaces et professionnels, soutenus par notre d\u00e9veloppement exclusif de moules, notre forte capacit\u00e9 de production et un contr\u00f4le de qualit\u00e9 strict, afin de garantir que chaque lot de marmites \u00e0 soupe en acier inoxydable 304 r\u00e9ponde \u00e0 vos besoins.<\/p>","protected":false},"featured_media":5857,"comment_status":"closed","ping_status":"closed","template":"","meta":{"_acf_changed":false},"product_brand":[],"product_cat":[52,62],"product_tag":[],"class_list":{"0":"post-3948","1":"product","2":"type-product","3":"status-publish","4":"has-post-thumbnail","6":"product_cat-cookware-wholesale","7":"product_cat-wholesale-soup-pot","9":"first","10":"instock","11":"shipping-taxable","12":"product-type-simple"},"acf":[],"_links":{"self":[{"href":"https:\/\/www.chancescook.com\/fr\/wp-json\/wp\/v2\/product\/3948","targetHints":{"allow":["GET"]}}],"collection":[{"href":"https:\/\/www.chancescook.com\/fr\/wp-json\/wp\/v2\/product"}],"about":[{"href":"https:\/\/www.chancescook.com\/fr\/wp-json\/wp\/v2\/types\/product"}],"replies":[{"embeddable":true,"href":"https:\/\/www.chancescook.com\/fr\/wp-json\/wp\/v2\/comments?post=3948"}],"wp:featuredmedia":[{"embeddable":true,"href":"https:\/\/www.chancescook.com\/fr\/wp-json\/wp\/v2\/media\/5857"}],"wp:attachment":[{"href":"https:\/\/www.chancescook.com\/fr\/wp-json\/wp\/v2\/media?parent=3948"}],"wp:term":[{"taxonomy":"product_brand","embeddable":true,"href":"https:\/\/www.chancescook.com\/fr\/wp-json\/wp\/v2\/product_brand?post=3948"},{"taxonomy":"product_cat","embeddable":true,"href":"https:\/\/www.chancescook.com\/fr\/wp-json\/wp\/v2\/product_cat?post=3948"},{"taxonomy":"product_tag","embeddable":true,"href":"https:\/\/www.chancescook.com\/fr\/wp-json\/wp\/v2\/product_tag?post=3948"}],"curies":[{"name":"wp","href":"https:\/\/api.w.org\/{rel}","templated":true}]}}