{"id":3980,"date":"2024-09-25T10:15:00","date_gmt":"2024-09-25T10:15:00","guid":{"rendered":"https:\/\/www.chancescook.com\/?post_type=product&#038;p=3980"},"modified":"2024-11-08T02:30:27","modified_gmt":"2024-11-08T02:30:27","slug":"stainless-steel-steamer-wholesale","status":"publish","type":"product","link":"https:\/\/www.chancescook.com\/fr\/produit\/stainless-steel-steamer-wholesale\/","title":{"rendered":"Wholesale Stainless Steel Multi-layer Steamer Original with Silicone Handle (cuiseur \u00e0 vapeur multicouche en acier inoxydable avec poign\u00e9e en silicone)"},"content":{"rendered":"<div class=\"wp-block-columns is-layout-flex wp-container-core-columns-is-layout-9d6595d7 wp-block-columns-is-layout-flex\">\n<div class=\"wp-block-column is-layout-flow wp-block-column-is-layout-flow\" style=\"flex-basis:50%\">\n<h3 class=\"wp-block-heading\">Caract\u00e9ristiques et avantages du cuiseur vapeur en acier inoxydable<\/h3>\n\n\n\n<ul class=\"wp-block-list\">\n<li><strong>Facile \u00e0 nettoyer et \u00e0 entretenir<\/strong>: La surface lisse en acier inoxydable r\u00e9siste aux taches collantes, est facile \u00e0 nettoyer, peut \u00eatre lav\u00e9e au lave-vaisselle et r\u00e9duit le temps de nettoyage quotidien.<\/li>\n\n\n\n<li><strong>Mat\u00e9riau durable :<\/strong> L'acier inoxydable de haute qualit\u00e9 pr\u00e9vient la rouille et la corrosion, garantit une utilisation durable et est rentable.<\/li>\n\n\n\n<li><strong>Peu encombrant :<\/strong> La conception multicouche permet d'\u00e9conomiser de l'espace dans la cuisine et de cuire plusieurs ingr\u00e9dients en m\u00eame temps.<\/li>\n\n\n\n<li><strong>Conception multicouche :<\/strong> Un cuiseur vapeur multicouche peut cuire \u00e0 la vapeur diff\u00e9rents ingr\u00e9dients en m\u00eame temps. Par exemple, des l\u00e9gumes, des snacks, des fruits de mer et bien d'autres ingr\u00e9dients.<\/li>\n\n\n\n<li><strong>Economies d'\u00e9nergie et efficacit\u00e9 :<\/strong> La conduction uniforme de la chaleur raccourcit le temps de cuisson et permet d'\u00e9conomiser de l'\u00e9nergie. Conserve les \u00e9l\u00e9ments nutritifs et la saveur d'origine.<\/li>\n\n\n\n<li><strong>Poign\u00e9e en silicone :<\/strong> r\u00e9sistant aux temp\u00e9ratures \u00e9lev\u00e9es, antid\u00e9rapant, prise en main plus stable, utilisation s\u00fbre et pratique.<\/li>\n<\/ul>\n<\/div>\n\n\n\n<div class=\"wp-block-column is-layout-flow wp-block-column-is-layout-flow\" style=\"flex-basis:50%\">\n<h3 class=\"wp-block-heading\">Sp\u00e9cifications du cuiseur vapeur en acier inoxydable<\/h3>\n\n\n\n<ul class=\"wp-block-list\">\n<li>Fabricant : CHANCES<\/li>\n\n\n\n<li>Num\u00e9ro de mod\u00e8le : CY-YWZG01C\/CT-YWZG03C\/CY-YWZG03<\/li>\n\n\n\n<li>Mat\u00e9riau : SS201<\/li>\n\n\n\n<li>\u00c9paisseur : 0,5 mm<\/li>\n\n\n\n<li>Fond : 2,5 mm<\/li>\n\n\n\n<li>OEM&amp;ODM : Sur mesure, Bienvenue OEM&amp;ODM<\/li>\n\n\n\n<li>MOQ:1 x 40'HQ<\/li>\n\n\n\n<li>Emballage : Bo\u00eete couleur\/bo\u00eete en carton<\/li>\n\n\n\n<li>\u00c9chantillon : Gratuit<\/li>\n<\/ul>\n<\/div>\n<\/div>\n\n\n\n<div class=\"wp-block-columns is-layout-flex wp-container-core-columns-is-layout-9d6595d7 wp-block-columns-is-layout-flex\">\n<div class=\"wp-block-column is-layout-flow wp-block-column-is-layout-flow\" style=\"flex-basis:25%\"><\/div>\n\n\n\n<div class=\"wp-block-column is-layout-flow wp-block-column-is-layout-flow\" style=\"flex-basis:50%\">\n<figure class=\"wp-block-image size-full\"><img decoding=\"async\" width=\"2268\" height=\"2551\" src=\"https:\/\/www.chancescook.com\/wp-content\/uploads\/2024\/09\/Stainless-Steel-Steamer-box-1.webp\" alt=\"Bo\u00eete d&#039;\u00e9tamine en acier inoxydable-1\" class=\"wp-image-4172\" srcset=\"https:\/\/www.chancescook.com\/wp-content\/uploads\/2024\/09\/Stainless-Steel-Steamer-box-1.webp 2268w, https:\/\/www.chancescook.com\/wp-content\/uploads\/2024\/09\/Stainless-Steel-Steamer-box-1-267x300.webp 267w, https:\/\/www.chancescook.com\/wp-content\/uploads\/2024\/09\/Stainless-Steel-Steamer-box-1-768x864.webp 768w, https:\/\/www.chancescook.com\/wp-content\/uploads\/2024\/09\/Stainless-Steel-Steamer-box-1-11x12.webp 11w, https:\/\/www.chancescook.com\/wp-content\/uploads\/2024\/09\/Stainless-Steel-Steamer-box-1-285x321.webp 285w, https:\/\/www.chancescook.com\/wp-content\/uploads\/2024\/09\/Stainless-Steel-Steamer-box-1-1600x1800.webp 1600w, https:\/\/www.chancescook.com\/wp-content\/uploads\/2024\/09\/Stainless-Steel-Steamer-box-1-587x660.webp 587w, https:\/\/www.chancescook.com\/wp-content\/uploads\/2024\/09\/Stainless-Steel-Steamer-box-1-133x150.webp 133w\" sizes=\"(max-width: 2268px) 100vw, 2268px\" \/><\/figure>\n<\/div>\n\n\n\n<div class=\"wp-block-column is-layout-flow wp-block-column-is-layout-flow\" style=\"flex-basis:25%\"><\/div>\n<\/div>","protected":false},"excerpt":{"rendered":"<p>Ce cuiseur vapeur pratique en acier inoxydable multicouche pr\u00e9sente un design de haute qualit\u00e9 avec des poign\u00e9es en silicone qui r\u00e9sistent \u00e0 la chaleur et permettent de cuire diff\u00e9rents aliments \u00e0 la vapeur en toute s\u00e9curit\u00e9. Parfait pour les cuisines commerciales ou l'usage domestique pour une vari\u00e9t\u00e9 de besoins de cuisson \u00e0 la vapeur. Si vous souhaitez remplacer la poign\u00e9e en silicone par une poign\u00e9e en bak\u00e9lite, le prix de la personnalisation sera moins \u00e9lev\u00e9. N'h\u00e9sitez pas \u00e0 nous contacter pour plus de services personnalis\u00e9s !<\/p>\n<h3 class=\"wp-block-heading\">Cuit-vapeur en acier inoxydable Comprend :<\/h3>\n<table width=\"798\">\n<tbody>\n<tr>\n<td width=\"154\">Num\u00e9ro de mod\u00e8le<\/td>\n<td width=\"230\">Variantes de produits<\/td>\n<td width=\"413\">Configuration<\/td>\n<\/tr>\n<tr>\n<td width=\"154\">CY-YWZG01C<\/td>\n<td rowspan=\"2\" width=\"230\">Cuit-vapeur original en acier inoxydable multicouche avec poign\u00e9e en silicone<\/td>\n<td width=\"413\">21.5 x 5cm Couche peu profonde avec creux x 2pcs<br \/>21.5 x 6cm Couche profonde avec creux x 1pcs<br \/>24 x 12cm Pot avec poign\u00e9e en silicone x 1pcs<br \/>Outils x 1pcs<\/td>\n<\/tr>\n<tr>\n<td width=\"154\">CT-YWZG03C<\/td>\n<td width=\"413\">28 x 7.7cm Couche peu profonde avec creux x 2pcs<br \/>28 x 9.2cm Couche profonde avec creux x 1pcs<br \/>28 x 15.9cm Pot avec poign\u00e9e en silicone x 1pcs<br \/>Outils x 1pcs\u00a0<\/td>\n<\/tr>\n<tr>\n<td>CY-YWZG03<\/td>\n<td width=\"230\">Cuit-vapeur Multi-Ply Original avec poign\u00e9e en silicone avec 3 compartiments \u00e0 vapeur<\/td>\n<td width=\"413\">28 x 7,7cm Vapeur x 2pcs<br \/>28 x 9,2cm Vapeur x 1pcs<br \/>28 x 15.9cm Pot avec poign\u00e9e en silicone x 1Pcs<br \/>Couvercle en acier inoxydable de 28 cm<\/td>\n<\/tr>\n<\/tbody>\n<\/table>\n<ul>\n<li><a href=\"https:\/\/www.chancescook.com\/fr\/\"><strong>Chancescook<\/strong><\/a> s'engage \u00e0 fournir des services personnalis\u00e9s efficaces et professionnels en s'appuyant sur le d\u00e9veloppement exclusif de moules, une forte capacit\u00e9 de production et un contr\u00f4le de qualit\u00e9 strict afin de garantir que chaque lot de cuiseurs \u00e0 vapeur en acier inoxydable r\u00e9ponde \u00e0 vos besoins.<\/li>\n<\/ul>","protected":false},"featured_media":4377,"comment_status":"closed","ping_status":"closed","template":"","meta":{"_acf_changed":false},"product_brand":[],"product_cat":[52,64],"product_tag":[],"class_list":{"0":"post-3980","1":"product","2":"type-product","3":"status-publish","4":"has-post-thumbnail","6":"product_cat-cookware-wholesale","7":"product_cat-chinese-steamer-pot-factory","9":"first","10":"instock","11":"shipping-taxable","12":"product-type-simple"},"acf":[],"_links":{"self":[{"href":"https:\/\/www.chancescook.com\/fr\/wp-json\/wp\/v2\/product\/3980","targetHints":{"allow":["GET"]}}],"collection":[{"href":"https:\/\/www.chancescook.com\/fr\/wp-json\/wp\/v2\/product"}],"about":[{"href":"https:\/\/www.chancescook.com\/fr\/wp-json\/wp\/v2\/types\/product"}],"replies":[{"embeddable":true,"href":"https:\/\/www.chancescook.com\/fr\/wp-json\/wp\/v2\/comments?post=3980"}],"wp:featuredmedia":[{"embeddable":true,"href":"https:\/\/www.chancescook.com\/fr\/wp-json\/wp\/v2\/media\/4377"}],"wp:attachment":[{"href":"https:\/\/www.chancescook.com\/fr\/wp-json\/wp\/v2\/media?parent=3980"}],"wp:term":[{"taxonomy":"product_brand","embeddable":true,"href":"https:\/\/www.chancescook.com\/fr\/wp-json\/wp\/v2\/product_brand?post=3980"},{"taxonomy":"product_cat","embeddable":true,"href":"https:\/\/www.chancescook.com\/fr\/wp-json\/wp\/v2\/product_cat?post=3980"},{"taxonomy":"product_tag","embeddable":true,"href":"https:\/\/www.chancescook.com\/fr\/wp-json\/wp\/v2\/product_tag?post=3980"}],"curies":[{"name":"wp","href":"https:\/\/api.w.org\/{rel}","templated":true}]}}