{"id":3986,"date":"2024-10-06T08:42:31","date_gmt":"2024-10-06T08:42:31","guid":{"rendered":"https:\/\/www.chancescook.com\/?post_type=product&#038;p=3986"},"modified":"2025-01-21T09:20:42","modified_gmt":"2025-01-21T09:20:42","slug":"stainless-steel-steamer-pot-supplier","status":"publish","type":"product","link":"https:\/\/www.chancescook.com\/fr\/produit\/stainless-steel-steamer-pot-supplier\/","title":{"rendered":"Marmite \u00e0 vapeur en acier inoxydable Wholesale Multi-layer Extra High with Silicone Handle Supplier"},"content":{"rendered":"<div class=\"wp-block-columns is-layout-flex wp-container-core-columns-is-layout-9d6595d7 wp-block-columns-is-layout-flex\">\n<div class=\"wp-block-column is-layout-flow wp-block-column-is-layout-flow\">\n<h3 class=\"wp-block-heading\">Caract\u00e9ristiques et avantages de la marmite \u00e0 vapeur en acier inoxydable<\/h3>\n\n\n\n<ul class=\"wp-block-list\">\n<li><strong>R\u00e9sistance du mat\u00e9riau :<\/strong> Le mat\u00e9riau en acier inoxydable de haute qualit\u00e9 emp\u00eache la rouille et la corrosion et garantit une utilisation \u00e0 long terme, ce qui permet de r\u00e9duire les co\u00fbts \u00e0 long terme.<\/li>\n\n\n\n<li><strong>Utilisation de l'espace : <\/strong>La conception multicouche permet de cuisiner plusieurs types d'aliments \u00e0 la fois, d'utiliser efficacement l'espace et d'\u00e9conomiser l'espace de la cuisine.<\/li>\n\n\n\n<li><strong>Conception multicouche :<\/strong> La conception multicouche permet de cuire \u00e0 la vapeur diff\u00e9rents types d'aliments en m\u00eame temps. Il peut s'agir de fruits, de viande, de crustac\u00e9s et de bien d'autres ingr\u00e9dients. Ils peuvent \u00eatre cuits \u00e0 la vapeur ensemble sans probl\u00e8me.<\/li>\n\n\n\n<li><strong>\u00c9conomie d'\u00e9nergie :<\/strong> Le transfert uniforme de la chaleur permet de raccourcir le temps de cuisson et donc de consommer moins d'\u00e9nergie. Les aliments conservent leur saveur naturelle et leurs nutriments pendant le processus de cuisson.<\/li>\n\n\n\n<li><strong>Grande capacit\u00e9 :<\/strong> Notre marmite \u00e0 vapeur en acier inoxydable offre plus d'espace pour cuire plus d'aliments et m\u00eame pour pr\u00e9parer plusieurs lots \u00e0 la fois.<\/li>\n\n\n\n<li><strong>Conception LID : <\/strong>Il est herm\u00e9tique et emp\u00eache la vapeur et la chaleur de s'\u00e9chapper, ce qui acc\u00e9l\u00e8re le processus de cuisson.<\/li>\n<\/ul>\n<\/div>\n\n\n\n<div class=\"wp-block-column is-layout-flow wp-block-column-is-layout-flow\">\n<h3 class=\"wp-block-heading\">Sp\u00e9cifications de la marmite \u00e0 vapeur en acier inoxydable<\/h3>\n\n\n\n<ul class=\"wp-block-list\">\n<li>Fabricant : CHANCES<\/li>\n\n\n\n<li>Num\u00e9ro de mod\u00e8le : CY-YWZG05\/CY-YWZG05A<\/li>\n\n\n\n<li>Mat\u00e9riau : SS201<\/li>\n\n\n\n<li>\u00c9paisseur : 0,5 mm<\/li>\n\n\n\n<li>Fond : 3,0 mm<\/li>\n\n\n\n<li>OEM&amp;ODM : Sur mesure, Bienvenue OEM&amp;ODM<\/li>\n\n\n\n<li>MOQ:1 x 40'HQ<\/li>\n\n\n\n<li>Emballage : Bo\u00eete couleur\/bo\u00eete en carton<\/li>\n\n\n\n<li>\u00c9chantillon : Gratuit<\/li>\n<\/ul>\n<\/div>\n<\/div>\n\n\n\n<div class=\"wp-block-columns is-layout-flex wp-container-core-columns-is-layout-9d6595d7 wp-block-columns-is-layout-flex\">\n<div class=\"wp-block-column is-layout-flow wp-block-column-is-layout-flow\" style=\"flex-basis:20%\"><\/div>\n\n\n\n<div class=\"wp-block-column is-layout-flow wp-block-column-is-layout-flow\" style=\"flex-basis:20%\"><\/div>\n\n\n\n<div class=\"wp-block-column is-layout-flow wp-block-column-is-layout-flow\" style=\"flex-basis:42%\">\n<figure class=\"wp-block-image size-full\"><img decoding=\"async\" width=\"2268\" height=\"2551\" src=\"https:\/\/www.chancescook.com\/wp-content\/uploads\/2024\/09\/Steaming-Pot.webp\" alt=\"Pot \u00e0 vapeur\" class=\"wp-image-4171\" srcset=\"https:\/\/www.chancescook.com\/wp-content\/uploads\/2024\/09\/Steaming-Pot.webp 2268w, https:\/\/www.chancescook.com\/wp-content\/uploads\/2024\/09\/Steaming-Pot-267x300.webp 267w, https:\/\/www.chancescook.com\/wp-content\/uploads\/2024\/09\/Steaming-Pot-768x864.webp 768w, https:\/\/www.chancescook.com\/wp-content\/uploads\/2024\/09\/Steaming-Pot-11x12.webp 11w, https:\/\/www.chancescook.com\/wp-content\/uploads\/2024\/09\/Steaming-Pot-285x321.webp 285w, https:\/\/www.chancescook.com\/wp-content\/uploads\/2024\/09\/Steaming-Pot-1600x1800.webp 1600w, https:\/\/www.chancescook.com\/wp-content\/uploads\/2024\/09\/Steaming-Pot-587x660.webp 587w, https:\/\/www.chancescook.com\/wp-content\/uploads\/2024\/09\/Steaming-Pot-133x150.webp 133w\" sizes=\"(max-width: 2268px) 100vw, 2268px\" \/><\/figure>\n<\/div>\n\n\n\n<div class=\"wp-block-column is-layout-flow wp-block-column-is-layout-flow\" style=\"flex-basis:20%\"><\/div>\n\n\n\n<div class=\"wp-block-column is-layout-flow wp-block-column-is-layout-flow\" style=\"flex-basis:20%\"><\/div>\n<\/div>","protected":false},"excerpt":{"rendered":"<p>D\u00e9couvrez les marmites \u00e0 vapeur en gros en acier inoxydable con\u00e7ues pour une cuisson \u00e0 la vapeur efficace, s\u00fbres \u00e0 la chaleur et adapt\u00e9es aux cuisines commerciales ainsi qu'aux cuisines domestiques utilis\u00e9es pour cuire \u00e0 la vapeur de grandes quantit\u00e9s d'aliments. N'h\u00e9sitez pas \u00e0 nous contacter pour plus de services personnalis\u00e9s !<\/p>\n<h3 class=\"wp-block-heading\">Cuit-vapeur en acier inoxydable Comprend :<\/h3>\n<table width=\"798\">\n<tbody>\n<tr>\n<td width=\"154\">Num\u00e9ro de mod\u00e8le<\/td>\n<td width=\"230\">Variantes de produits<\/td>\n<td width=\"413\">Configuration<\/td>\n<\/tr>\n<tr>\n<td width=\"154\">CY-YWZG05<\/td>\n<td width=\"230\">Cuit-vapeur extra grand avec couvercle en acier et poign\u00e9e en silicone<\/td>\n<td rowspan=\"2\" width=\"413\">21.5 x 6cm Vapeur x 2pcs 24 x 19cm Soupe profonde 24cm Couvercle en acier inoxydable<\/td>\n<\/tr>\n<tr>\n<td width=\"154\">CY-YWZG05A<\/td>\n<td width=\"230\">Cuit-vapeur extra-haut multicouche avec poign\u00e9e en silicone et couvercle combin\u00e9<\/td>\n<\/tr>\n<\/tbody>\n<\/table>\n<p><a href=\"https:\/\/www.chancescook.com\/fr\/\"><strong>Chancescook<\/strong><\/a> s'engage \u00e0 fournir des services personnalis\u00e9s efficaces et professionnels en s'appuyant sur le d\u00e9veloppement exclusif de moules, une forte capacit\u00e9 de production et un contr\u00f4le de qualit\u00e9 rigoureux afin de garantir que chaque lot de marmites \u00e0 vapeur en acier inoxydable r\u00e9ponde \u00e0 vos besoins.<\/p>","protected":false},"featured_media":4169,"comment_status":"closed","ping_status":"closed","template":"","meta":{"_acf_changed":false},"product_brand":[],"product_cat":[52,64],"product_tag":[],"class_list":{"0":"post-3986","1":"product","2":"type-product","3":"status-publish","4":"has-post-thumbnail","6":"product_cat-cookware-wholesale","7":"product_cat-chinese-steamer-pot-factory","9":"first","10":"instock","11":"shipping-taxable","12":"product-type-simple"},"acf":[],"_links":{"self":[{"href":"https:\/\/www.chancescook.com\/fr\/wp-json\/wp\/v2\/product\/3986","targetHints":{"allow":["GET"]}}],"collection":[{"href":"https:\/\/www.chancescook.com\/fr\/wp-json\/wp\/v2\/product"}],"about":[{"href":"https:\/\/www.chancescook.com\/fr\/wp-json\/wp\/v2\/types\/product"}],"replies":[{"embeddable":true,"href":"https:\/\/www.chancescook.com\/fr\/wp-json\/wp\/v2\/comments?post=3986"}],"wp:featuredmedia":[{"embeddable":true,"href":"https:\/\/www.chancescook.com\/fr\/wp-json\/wp\/v2\/media\/4169"}],"wp:attachment":[{"href":"https:\/\/www.chancescook.com\/fr\/wp-json\/wp\/v2\/media?parent=3986"}],"wp:term":[{"taxonomy":"product_brand","embeddable":true,"href":"https:\/\/www.chancescook.com\/fr\/wp-json\/wp\/v2\/product_brand?post=3986"},{"taxonomy":"product_cat","embeddable":true,"href":"https:\/\/www.chancescook.com\/fr\/wp-json\/wp\/v2\/product_cat?post=3986"},{"taxonomy":"product_tag","embeddable":true,"href":"https:\/\/www.chancescook.com\/fr\/wp-json\/wp\/v2\/product_tag?post=3986"}],"curies":[{"name":"wp","href":"https:\/\/api.w.org\/{rel}","templated":true}]}}