{"id":3990,"date":"2024-09-20T19:09:27","date_gmt":"2024-09-20T19:09:27","guid":{"rendered":"https:\/\/www.chancescook.com\/?post_type=product&#038;p=3990"},"modified":"2024-11-01T08:33:17","modified_gmt":"2024-11-01T08:33:17","slug":"wholesale-kitchen-steamer-pot","status":"publish","type":"product","link":"https:\/\/www.chancescook.com\/fr\/produit\/wholesale-kitchen-steamer-pot\/","title":{"rendered":"Wholesale Kitchen Steamer Pot Combination Lid Original Steamer with 3 Steam Compartments (cuiseur vapeur \u00e0 3 compartiments)"},"content":{"rendered":"<div class=\"wp-block-columns is-layout-flex wp-container-core-columns-is-layout-9d6595d7 wp-block-columns-is-layout-flex\">\n<div class=\"wp-block-column is-layout-flow wp-block-column-is-layout-flow\">\n<h3 class=\"wp-block-heading\">Caract\u00e9ristiques et avantages de la marmite \u00e0 vapeur <\/h3>\n\n\n\n<ul class=\"wp-block-list\">\n<li><strong>Couvercle combin\u00e9 :<\/strong> Ce mod\u00e8le est utilis\u00e9 pour couvrir des objets afin d'emp\u00eacher la vapeur de s'\u00e9chapper ou de d\u00e9border.<\/li>\n\n\n\n<li><strong>D\u00e9froisseur \u00e0 triple couche : <\/strong>Le cuiseur \u00e0 vapeur comporte trois \u00e9tages et permet de cuire plusieurs ingr\u00e9dients \u00e0 la fois, ce qui am\u00e9liore la vitesse de cuisson en permettant de cuire ensemble diff\u00e9rents aliments \u00e0 la vapeur.<\/li>\n\n\n\n<li><strong>Utilisation multifonctionnelle :<\/strong> Cette marmite \u00e0 vapeur peut \u00eatre utilis\u00e9e pour de nombreux types d'aliments. Il convient non seulement aux repas quotidiens, mais peut \u00e9galement \u00eatre utilis\u00e9 lors de journ\u00e9es sp\u00e9ciales et d'\u00e9v\u00e9nements pour diff\u00e9rentes pr\u00e9parations culinaires.<\/li>\n\n\n\n<li><strong>Gagnez du temps :<\/strong> Le cuiseur vapeur multicouche peut traiter plusieurs plats \u00e0 la fois et permet de r\u00e9duire le temps de pr\u00e9paration des repas.<\/li>\n\n\n\n<li><strong>Convivialit\u00e9 :<\/strong> Il est facile \u00e0 nettoyer et \u00e0 entretenir, ce qui est utile pour les cuisines disposant de peu de temps.<\/li>\n\n\n\n<li><strong>Vapeur pour une alimentation saine :<\/strong> On dit que la cuisson \u00e0 la vapeur permet de conserver les nutriments dans les aliments et d'en pr\u00e9server la saveur, sans qu'il soit n\u00e9cessaire d'ajouter de la graisse ou des mati\u00e8res grasses pendant la cuisson.<\/li>\n<\/ul>\n<\/div>\n\n\n\n<div class=\"wp-block-column is-layout-flow wp-block-column-is-layout-flow\">\n<h3 class=\"wp-block-heading\">Sp\u00e9cifications de la marmite \u00e0 vapeur de cuisine <\/h3>\n\n\n\n<ul class=\"wp-block-list\">\n<li>Fabricant : CHANCES<\/li>\n\n\n\n<li>Num\u00e9ro de mod\u00e8le : CY-YWZG01B\/CY-YWZG03B<\/li>\n\n\n\n<li>Mat\u00e9riau : SS201<\/li>\n\n\n\n<li>Couvercle : Couvercle en acier inoxydable<\/li>\n\n\n\n<li>\u00c9paisseur : 0,5 mm<\/li>\n\n\n\n<li>Fond : 2,5 mm<\/li>\n\n\n\n<li><strong><a href=\"https:\/\/www.chancescook.com\/fr\/custom-cookware\/\">OEM&amp;ODM<\/a><\/strong>: Sur mesure, Bienvenue OEM&amp;ODM<\/li>\n\n\n\n<li>MOQ:1 x 40'HQ<\/li>\n\n\n\n<li>Emballage : Bo\u00eete couleur\/bo\u00eete en carton<\/li>\n\n\n\n<li>\u00c9chantillon : Gratuit<\/li>\n<\/ul>\n<\/div>\n<\/div>","protected":false},"excerpt":{"rendered":"<p>Cette marmite de qualit\u00e9 est dot\u00e9e de poign\u00e9es en bak\u00e9lite et d'un couvercle \u00e0 combinaison pour une utilisation plus facile. Elle est \u00e9quip\u00e9e d'un triple cuiseur vapeur qui vous permet de cuire \u00e0 la vapeur diff\u00e9rents ingr\u00e9dients en m\u00eame temps afin d'am\u00e9liorer l'efficacit\u00e9 de la cuisson et de gagner du temps. Convient aux cuisines domestiques et commerciales. Pour la vente en gros, veuillez nous contacter.<\/p>\n<h3>Cuit-vapeur de cuisine Include\uff1a<\/h3>\n<table width=\"798\">\n<tbody>\n<tr>\n<td width=\"154\">Num\u00e9ro de mod\u00e8le<\/td>\n<td width=\"230\">Variantes de produits<\/td>\n<td width=\"413\">Configuration<\/td>\n<\/tr>\n<tr>\n<td width=\"154\">CY-YWZG01B<\/td>\n<td rowspan=\"2\" width=\"230\">Poign\u00e9e en bak\u00e9lite Couvercle combin\u00e9 Cuit-vapeur original avec 3 compartiments \u00e0 vapeur<\/td>\n<td width=\"413\">\n<p>21.5 X 5cm Couche peu profonde avec creux x 2pcs<\/p>\n<p>21.5 x 6cm Couche profonde avec creux x 1pcs<\/p>\n<p>24 x 12cm Pot avec poign\u00e9e en bak\u00e9lite x 1pcs Outils x 1pcs<\/p>\n<\/td>\n<\/tr>\n<tr>\n<td width=\"154\">CY-YWZG03B<\/td>\n<td width=\"413\">\n<p>28 X 7.7cm Couche peu profonde avec creux x 2pcs<\/p>\n<p>28 x 9.2cm Couche profonde avec creux x 1pcs<\/p>\n<p>28 x 15.9cm Pot avec poign\u00e9e en bak\u00e9lite x 1pcs<\/p>\n<p>Outils x 1pcs<\/p>\n<\/td>\n<\/tr>\n<\/tbody>\n<\/table>\n<p>Chances s'engage \u00e0 fournir \u00e0 ses clients des services efficaces et professionnels.\u00a0<a href=\"https:\/\/www.chancescook.com\/fr\/custom-cookware\/\"><strong>services personnalis\u00e9s<\/strong><\/a>En s'appuyant sur sa forte capacit\u00e9 de production et sur un contr\u00f4le de qualit\u00e9 rigoureux, l'entreprise s'assure que chaque lot de <strong>pot \u00e0 vapeur de cuisine<\/strong>\u00a0r\u00e9pond \u00e0 vos besoins de haut niveau.<\/p>","protected":false},"featured_media":4153,"comment_status":"closed","ping_status":"closed","template":"","meta":{"_acf_changed":false},"product_brand":[],"product_cat":[52],"product_tag":[],"class_list":{"0":"post-3990","1":"product","2":"type-product","3":"status-publish","4":"has-post-thumbnail","6":"product_cat-cookware-wholesale","8":"first","9":"instock","10":"shipping-taxable","11":"product-type-simple"},"acf":[],"_links":{"self":[{"href":"https:\/\/www.chancescook.com\/fr\/wp-json\/wp\/v2\/product\/3990","targetHints":{"allow":["GET"]}}],"collection":[{"href":"https:\/\/www.chancescook.com\/fr\/wp-json\/wp\/v2\/product"}],"about":[{"href":"https:\/\/www.chancescook.com\/fr\/wp-json\/wp\/v2\/types\/product"}],"replies":[{"embeddable":true,"href":"https:\/\/www.chancescook.com\/fr\/wp-json\/wp\/v2\/comments?post=3990"}],"wp:featuredmedia":[{"embeddable":true,"href":"https:\/\/www.chancescook.com\/fr\/wp-json\/wp\/v2\/media\/4153"}],"wp:attachment":[{"href":"https:\/\/www.chancescook.com\/fr\/wp-json\/wp\/v2\/media?parent=3990"}],"wp:term":[{"taxonomy":"product_brand","embeddable":true,"href":"https:\/\/www.chancescook.com\/fr\/wp-json\/wp\/v2\/product_brand?post=3990"},{"taxonomy":"product_cat","embeddable":true,"href":"https:\/\/www.chancescook.com\/fr\/wp-json\/wp\/v2\/product_cat?post=3990"},{"taxonomy":"product_tag","embeddable":true,"href":"https:\/\/www.chancescook.com\/fr\/wp-json\/wp\/v2\/product_tag?post=3990"}],"curies":[{"name":"wp","href":"https:\/\/api.w.org\/{rel}","templated":true}]}}