{"id":4042,"date":"2024-09-21T09:00:51","date_gmt":"2024-09-21T09:00:51","guid":{"rendered":"https:\/\/www.chancescook.com\/?post_type=product&#038;p=4042"},"modified":"2024-09-23T08:22:01","modified_gmt":"2024-09-23T08:22:01","slug":"custom-pots-and-pans-set","status":"publish","type":"product","link":"https:\/\/www.chancescook.com\/fr\/produit\/custom-pots-and-pans-set\/","title":{"rendered":"Set de casseroles et po\u00eales personnalis\u00e9 Set de 8 pi\u00e8ces de la meilleure grande casserole am\u00e9ricaine avec poign\u00e9es"},"content":{"rendered":"<div class=\"wp-block-columns is-layout-flex wp-container-core-columns-is-layout-9d6595d7 wp-block-columns-is-layout-flex\">\n<div class=\"wp-block-column is-layout-flow wp-block-column-is-layout-flow\">\n<h3 class=\"wp-block-heading\">Caract\u00e9ristiques et avantages de l'ensemble de casseroles et po\u00eales en gros<\/h3>\n\n\n\n<ul class=\"wp-block-list\">\n<li><strong>Acier inoxydable de premi\u00e8re qualit\u00e9 :<\/strong> Cet ensemble de 8 casseroles et po\u00eales est fabriqu\u00e9 en acier inoxydable de premi\u00e8re qualit\u00e9, capable de durer et de r\u00e9sister \u00e0 la corrosion.<\/li>\n\n\n\n<li><strong>Peut \u00eatre mis au four :<\/strong> Ces casseroles et po\u00eales sont cens\u00e9es supporter des temp\u00e9ratures de four d'environ 350 \u00e0 450\u00b0F, ce qui permet de varier les modes de cuisson.<\/li>\n\n\n\n<li><strong>Technologie de diffusion de la chaleur :<\/strong> La chaleur se d\u00e9place uniform\u00e9ment sur la surface inf\u00e9rieure, ce qui permet de cuire les aliments de mani\u00e8re plus homog\u00e8ne et d'\u00e9viter les points de chaleur irr\u00e9guliers.<\/li>\n\n\n\n<li><strong>Choix de couvercles en vari\u00e9t\u00e9 :<\/strong> Des couvercles de diff\u00e9rents types, combinant le m\u00e9tal et le verre transparent, simplifient le choix en fonction de la situation, en conservant la chaleur \u00e0 l'int\u00e9rieur et en vous permettant de surveiller la cuisson.<\/li>\n\n\n\n<li><strong>Polyvalent et facile \u00e0 utiliser :<\/strong> Les sets de casseroles et po\u00eales en gros comprennent des ustensiles de cuisine de diff\u00e9rentes tailles qui peuvent \u00eatre utilis\u00e9s pour les t\u00e2ches de cuisine et qui sont inclus pour r\u00e9pondre \u00e0 de nombreux besoins en mati\u00e8re de cuisine.<\/li>\n\n\n\n<li><strong>Facile \u00e0 nettoyer :<\/strong> Les ustensiles de cuisine peuvent \u00eatre lav\u00e9s au lave-vaisselle, ce qui permet de les conserver en bon \u00e9tat et de leur donner l'aspect du neuf.<\/li>\n<\/ul>\n<\/div>\n\n\n\n<div class=\"wp-block-column is-layout-flow wp-block-column-is-layout-flow\">\n<h3 class=\"wp-block-heading\">Sp\u00e9cifications de l'ensemble de casseroles et po\u00eales<\/h3>\n\n\n\n<ul class=\"wp-block-list\">\n<li>Fabricant : CHANCES<\/li>\n\n\n\n<li>Num\u00e9ro de mod\u00e8le:CY-MSGGZHG0805\/CY-MSBG0804<\/li>\n\n\n\n<li>Mat\u00e9riau : SS410\/SS201<\/li>\n\n\n\n<li>Nombre de pi\u00e8ces : 8 pi\u00e8ces<\/li>\n\n\n\n<li>\u00c9paisseur : 0,5 mm\/0,4 mm<\/li>\n\n\n\n<li>Fond : 2,0 mm\/1,8 mm<\/li>\n\n\n\n<li>OEM&amp;ODM : Sur mesure, Bienvenue OEM&amp;ODM<\/li>\n\n\n\n<li>MOQ:1 x 40'HQ<\/li>\n\n\n\n<li>Emballage : Bo\u00eete de couleur, bo\u00eete en carton ou sur mesure<\/li>\n\n\n\n<li>\u00c9chantillon : Gratuit<\/li>\n<\/ul>\n<\/div>\n<\/div>","protected":false},"excerpt":{"rendered":"<p>La batterie de cuisine Wholesale Pots and Pans Set est une batterie de cuisine de qualit\u00e9 sup\u00e9rieure compos\u00e9e de 8 pi\u00e8ces, comprenant une combinaison de grandes casseroles am\u00e9ricaines avec des couvercles en m\u00e9tal et en verre. Chaque casserole est \u00e9quip\u00e9e de poign\u00e9es robustes pour une bonne prise en main et une bonne r\u00e9sistance \u00e0 la chaleur. Id\u00e9ale pour les cuisines professionnelles ou l'usage domestique, cette batterie polyvalente garantit durabilit\u00e9, style et fonctionnalit\u00e9. Peut \u00eatre achet\u00e9 en vrac selon vos besoins\uff01<\/p>\n<h3>L'ensemble de casseroles Cusom comprend\uff1a<\/h3>\n<table style=\"border-collapse: collapse; width: 478.82pt;\" border=\"0\" width=\"798\" cellspacing=\"0\" cellpadding=\"0\">\n<tbody>\n<tr style=\"height: 17.40pt;\">\n<td class=\"et3\" style=\"height: 17.40pt; width: 92.45pt;\" width=\"154\" height=\"29\">Num\u00e9ro de mod\u00e8le<\/td>\n<td class=\"et3\" style=\"width: 138.15pt;\" width=\"230\">Variantes de produits<\/td>\n<td class=\"et3\" style=\"width: 248.35pt;\" width=\"413\">Configuration<\/td>\n<\/tr>\n<tr style=\"height: 72.00pt;\">\n<td class=\"et4\" style=\"height: 72.00pt; width: 92.45pt;\" width=\"154\" height=\"120\">CY-MSGGZHG0805<\/td>\n<td class=\"et5\" style=\"width: 138.15pt;\" width=\"230\">Couvercle combin\u00e9 American High Pot<\/td>\n<td class=\"et6\" style=\"width: 248.35pt; border-bottom: 0.5pt solid #000000; text-align: left;\" rowspan=\"2\" width=\"413\">\n<p>Casserole de 18 cm avec couvercle<br \/>20cmCasserole avec couvercle<br \/>Casserole de 22 cm avec couvercle<br \/>Casserole de 24 cm avec couvercle<\/p>\n<\/td>\n<\/tr>\n<tr style=\"height: 72.00pt;\">\n<td class=\"et4\" style=\"height: 72.00pt; width: 92.45pt;\" width=\"154\" height=\"120\">CY-MSBG0804<\/td>\n<td class=\"et7\" style=\"width: 138.15pt;\" width=\"230\">Set de pots avec couvercle en verre am\u00e9ricain<\/td>\n<\/tr>\n<\/tbody>\n<\/table>","protected":false},"featured_media":4102,"comment_status":"closed","ping_status":"closed","template":"","meta":{"_acf_changed":false},"product_brand":[],"product_cat":[53],"product_tag":[],"class_list":{"0":"post-4042","1":"product","2":"type-product","3":"status-publish","4":"has-post-thumbnail","6":"product_cat-wholesale-cookware-sets","8":"first","9":"instock","10":"shipping-taxable","11":"product-type-simple"},"acf":[],"_links":{"self":[{"href":"https:\/\/www.chancescook.com\/fr\/wp-json\/wp\/v2\/product\/4042","targetHints":{"allow":["GET"]}}],"collection":[{"href":"https:\/\/www.chancescook.com\/fr\/wp-json\/wp\/v2\/product"}],"about":[{"href":"https:\/\/www.chancescook.com\/fr\/wp-json\/wp\/v2\/types\/product"}],"replies":[{"embeddable":true,"href":"https:\/\/www.chancescook.com\/fr\/wp-json\/wp\/v2\/comments?post=4042"}],"wp:featuredmedia":[{"embeddable":true,"href":"https:\/\/www.chancescook.com\/fr\/wp-json\/wp\/v2\/media\/4102"}],"wp:attachment":[{"href":"https:\/\/www.chancescook.com\/fr\/wp-json\/wp\/v2\/media?parent=4042"}],"wp:term":[{"taxonomy":"product_brand","embeddable":true,"href":"https:\/\/www.chancescook.com\/fr\/wp-json\/wp\/v2\/product_brand?post=4042"},{"taxonomy":"product_cat","embeddable":true,"href":"https:\/\/www.chancescook.com\/fr\/wp-json\/wp\/v2\/product_cat?post=4042"},{"taxonomy":"product_tag","embeddable":true,"href":"https:\/\/www.chancescook.com\/fr\/wp-json\/wp\/v2\/product_tag?post=4042"}],"curies":[{"name":"wp","href":"https:\/\/api.w.org\/{rel}","templated":true}]}}