{"id":4066,"date":"2024-09-28T16:49:53","date_gmt":"2024-09-28T16:49:53","guid":{"rendered":"https:\/\/www.chancescook.com\/?post_type=product&#038;p=4066"},"modified":"2024-09-28T16:49:55","modified_gmt":"2024-09-28T16:49:55","slug":"wholesale-camping-cookware-set","status":"publish","type":"product","link":"https:\/\/www.chancescook.com\/fr\/produit\/wholesale-camping-cookware-set\/","title":{"rendered":"Wholesale Camping Cookware Set 6 Piece Stainless Steel 410 Right Angle Style"},"content":{"rendered":"<div class=\"wp-block-columns is-layout-flex wp-container-core-columns-is-layout-9d6595d7 wp-block-columns-is-layout-flex\">\n<div class=\"wp-block-column is-layout-flow wp-block-column-is-layout-flow\">\n<h3 class=\"wp-block-heading\">Caract\u00e9ristiques et avantages de la batterie de cuisine de camping<\/h3>\n\n\n\n<ul class=\"wp-block-list\">\n<li><strong>Construction en acier inoxydable de premi\u00e8re qualit\u00e9<\/strong>Les batteries de cuisine de camping sont fabriqu\u00e9es en acier inoxydable et sont durables. Ils conduisent la chaleur et sont r\u00e9sistants \u00e0 la rouille. Ils r\u00e9sistent \u00e9galement \u00e0 la corrosion.<\/li>\n\n\n\n<li>V<strong>es diff\u00e9rentes tailles sont incluses :<\/strong> Il existe des mijoteuses de diff\u00e9rentes tailles, qui peuvent \u00eatre utilis\u00e9es pour diff\u00e9rents types de t\u00e2ches culinaires. La conception de chaque pi\u00e8ce vise \u00e0 rendre la cuisine plus efficace, bien que l'impact exact puisse varier.<\/li>\n\n\n\n<li><strong>Poign\u00e9es confortables<\/strong>: Les poign\u00e9es ergonomiques de ces batteries de cuisine permettent une prise en main confortable et s\u00fbre, m\u00eame lorsque la casserole est pleine d'aliments.<\/li>\n\n\n\n<li><strong>Couvercle en verre tremp\u00e9 :<\/strong> Chaque casserole est \u00e9quip\u00e9e d'un couvercle en verre tremp\u00e9. Ce couvercle en verre vous permet de v\u00e9rifier la progression de la cuisson, sans avoir \u00e0 soulever le couvercle. <\/li>\n\n\n\n<li><strong>Facile \u00e0 nettoyer<\/strong>: La surface en acier inoxydable est lisse et il est facile de la maintenir propre. Le nettoyage est facilit\u00e9 par le fait que l'ensemble peut \u00eatre plac\u00e9 dans le lave-vaisselle.<\/li>\n\n\n\n<li><strong>Rentable :<\/strong> l'ensemble de 6 pi\u00e8ces peut \u00eatre utilis\u00e9 plusieurs fois et, gr\u00e2ce \u00e0 sa combinaison, le besoin d'acheter des ustensiles de cuisine suppl\u00e9mentaires est r\u00e9duit, ce qui le rend rentable et pratique pour les achats en gros.<\/li>\n<\/ul>\n<\/div>\n\n\n\n<div class=\"wp-block-column is-layout-flow wp-block-column-is-layout-flow\">\n<h3 class=\"wp-block-heading\">Sp\u00e9cifications de la batterie de cuisine de camping<\/h3>\n\n\n\n<ul class=\"wp-block-list\">\n<li>Fabricant : CHANCES<\/li>\n\n\n\n<li>Model No.:CY-ZJBG0604\/CY-ZJ0604A<\/li>\n\n\n\n<li>Mat\u00e9riau : SS410\/SS201<\/li>\n\n\n\n<li>Nombre de pi\u00e8ces : 6 pi\u00e8ces<\/li>\n\n\n\n<li>Couvercle : Couvercle en acier inoxydable<\/li>\n\n\n\n<li>\u00c9paisseur : 0,4 mm\/0,5 mm<\/li>\n\n\n\n<li>Fond : 3,0 mm<\/li>\n\n\n\n<li>G.W.:23.8 KGS<\/li>\n\n\n\n<li>N.W.:22,7 KGS<\/li>\n\n\n\n<li>OEM&amp;ODM : Sur mesure, Bienvenue OEM&amp;ODM<\/li>\n\n\n\n<li>Emballage : Bo\u00eete couleur\/bo\u00eete en carton<\/li>\n\n\n\n<li>\u00c9chantillon : Gratuit<\/li>\n<\/ul>\n<\/div>\n<\/div>\n\n\n\n<div class=\"wp-block-columns is-layout-flex wp-container-core-columns-is-layout-9d6595d7 wp-block-columns-is-layout-flex\">\n<div class=\"wp-block-column is-layout-flow wp-block-column-is-layout-flow\" style=\"flex-basis:25%\"><\/div>\n\n\n\n<div class=\"wp-block-column is-layout-flow wp-block-column-is-layout-flow\" style=\"flex-basis:50%\">\n<figure class=\"wp-block-image size-full\"><img decoding=\"async\" width=\"3734\" height=\"2986\" src=\"https:\/\/www.chancescook.com\/wp-content\/uploads\/2024\/09\/Wholesale-cookware-sets-box.webp\" alt=\"Coffret d&#039;ustensiles de cuisine en gros\" class=\"wp-image-4069\" srcset=\"https:\/\/www.chancescook.com\/wp-content\/uploads\/2024\/09\/Wholesale-cookware-sets-box.webp 3734w, https:\/\/www.chancescook.com\/wp-content\/uploads\/2024\/09\/Wholesale-cookware-sets-box-300x240.webp 300w, https:\/\/www.chancescook.com\/wp-content\/uploads\/2024\/09\/Wholesale-cookware-sets-box-768x614.webp 768w, https:\/\/www.chancescook.com\/wp-content\/uploads\/2024\/09\/Wholesale-cookware-sets-box-15x12.webp 15w, https:\/\/www.chancescook.com\/wp-content\/uploads\/2024\/09\/Wholesale-cookware-sets-box-285x228.webp 285w, https:\/\/www.chancescook.com\/wp-content\/uploads\/2024\/09\/Wholesale-cookware-sets-box-1600x1279.webp 1600w, https:\/\/www.chancescook.com\/wp-content\/uploads\/2024\/09\/Wholesale-cookware-sets-box-660x528.webp 660w, https:\/\/www.chancescook.com\/wp-content\/uploads\/2024\/09\/Wholesale-cookware-sets-box-150x120.webp 150w\" sizes=\"(max-width: 3734px) 100vw, 3734px\" \/><\/figure>\n<\/div>\n\n\n\n<div class=\"wp-block-column is-layout-flow wp-block-column-is-layout-flow\" style=\"flex-basis:25%\"><\/div>\n<\/div>\n\n\n\n<p><\/p>","protected":false},"excerpt":{"rendered":"<p>Con\u00e7ue pour \u00eatre efficace et durable, cette batterie de cuisine de camping de 6 pi\u00e8ces contient des casseroles et des po\u00eales de diff\u00e9rentes tailles pour r\u00e9pondre \u00e0 une grande vari\u00e9t\u00e9 de besoins culinaires. Chaque ustensile est dot\u00e9 de poign\u00e9es \u00e0 angle droit pour une prise en main facile et s\u00fbre, et les couvercles en verre permettent de v\u00e9rifier facilement l'\u00e9tat de vos aliments pendant la cuisson et d'\u00e9viter les \u00e9claboussures. Que ce soit pour la cuisine de tous les jours ou pour une utilisation professionnelle, cet ensemble offre d'excellentes performances et une grande long\u00e9vit\u00e9, ce qui le rend id\u00e9al pour les achats en gros dans l'industrie de la restauration.<\/p>\n<h3>Les ensembles d'ustensiles de cuisine pour le camping comprennent :<\/h3>\n<table width=\"798\">\n<tbody>\n<tr>\n<td width=\"154\">Num\u00e9ro de mod\u00e8le<\/td>\n<td width=\"230\">Variantes de produits<\/td>\n<td width=\"413\">Configuration<\/td>\n<\/tr>\n<tr>\n<td width=\"154\">CY-ZJBG0604<\/td>\n<td width=\"230\">Batteries de cuisine \u00e0 couvercle en verre \u00e0 angle droit<\/td>\n<td width=\"413\">22cm x12.8cm Casserole avec couvercle<br \/>24cm x 13.8cm Casserole avec couvercle<br \/>26cm x 14.8cm Casserole avec couvercle<\/td>\n<\/tr>\n<tr>\n<td width=\"154\">CY-ZJ0604A<\/td>\n<td width=\"230\">Batteries de cuisine \u00e0 couvercle en verre \u00e0 angle droit<\/td>\n<td width=\"413\">Casserole de 16 cm avec couvercle<br \/>Casserole de 22 cm avec couvercle<br \/>Po\u00eale \u00e0 frire de 24 cm avec couvercle<\/td>\n<\/tr>\n<\/tbody>\n<\/table>\n<p>&nbsp;<\/p>","protected":false},"featured_media":4147,"comment_status":"closed","ping_status":"closed","template":"","meta":{"_acf_changed":false},"product_brand":[],"product_cat":[53],"product_tag":[],"class_list":{"0":"post-4066","1":"product","2":"type-product","3":"status-publish","4":"has-post-thumbnail","6":"product_cat-wholesale-cookware-sets","8":"first","9":"instock","10":"shipping-taxable","11":"product-type-simple"},"acf":[],"_links":{"self":[{"href":"https:\/\/www.chancescook.com\/fr\/wp-json\/wp\/v2\/product\/4066","targetHints":{"allow":["GET"]}}],"collection":[{"href":"https:\/\/www.chancescook.com\/fr\/wp-json\/wp\/v2\/product"}],"about":[{"href":"https:\/\/www.chancescook.com\/fr\/wp-json\/wp\/v2\/types\/product"}],"replies":[{"embeddable":true,"href":"https:\/\/www.chancescook.com\/fr\/wp-json\/wp\/v2\/comments?post=4066"}],"wp:featuredmedia":[{"embeddable":true,"href":"https:\/\/www.chancescook.com\/fr\/wp-json\/wp\/v2\/media\/4147"}],"wp:attachment":[{"href":"https:\/\/www.chancescook.com\/fr\/wp-json\/wp\/v2\/media?parent=4066"}],"wp:term":[{"taxonomy":"product_brand","embeddable":true,"href":"https:\/\/www.chancescook.com\/fr\/wp-json\/wp\/v2\/product_brand?post=4066"},{"taxonomy":"product_cat","embeddable":true,"href":"https:\/\/www.chancescook.com\/fr\/wp-json\/wp\/v2\/product_cat?post=4066"},{"taxonomy":"product_tag","embeddable":true,"href":"https:\/\/www.chancescook.com\/fr\/wp-json\/wp\/v2\/product_tag?post=4066"}],"curies":[{"name":"wp","href":"https:\/\/api.w.org\/{rel}","templated":true}]}}