{"id":4074,"date":"2024-09-21T07:52:06","date_gmt":"2024-09-21T07:52:06","guid":{"rendered":"https:\/\/www.chancescook.com\/?post_type=product&#038;p=4074"},"modified":"2024-09-23T08:39:19","modified_gmt":"2024-09-23T08:39:19","slug":"wholesale-frying-pan-set","status":"publish","type":"product","link":"https:\/\/www.chancescook.com\/fr\/produit\/wholesale-frying-pan-set\/","title":{"rendered":"Wholesale Po\u00eale \u00e0 frire 5 pi\u00e8ces en acier inoxydable avec manche en bak\u00e9lite ou manche en acier coul\u00e9"},"content":{"rendered":"<div class=\"wp-block-columns is-layout-flex wp-container-core-columns-is-layout-9d6595d7 wp-block-columns-is-layout-flex\">\n<div class=\"wp-block-column is-layout-flow wp-block-column-is-layout-flow\">\n<h3 class=\"wp-block-heading\">Caract\u00e9ristiques et avantages de l'ensemble de po\u00eales \u00e0 frire<\/h3>\n\n\n\n<ul class=\"wp-block-list\">\n<li><strong>Ensemble complet de 5 pi\u00e8ces :<\/strong> L'ensemble comprend des po\u00eales de diff\u00e9rentes tailles pour diff\u00e9rents types de cuisson.<\/li>\n\n\n\n<li><strong>Poign\u00e9es en option :<\/strong> Il permet de choisir entre les poign\u00e9es en bak\u00e9lite r\u00e9sistantes \u00e0 la chaleur et les poign\u00e9es en acier moul\u00e9 r\u00e9sistant, afin de d\u00e9cider ce qui convient le mieux en fonction de l'utilisation et des sc\u00e9narios d'utilisation.<\/li>\n\n\n\n<li><strong>Durable : <\/strong>L'acier inoxydable de haute qualit\u00e9 est utilis\u00e9 pour r\u00e9sister aux rayures et \u00e0 l'abrasion, ce qui rend l'ustensile de cuisine id\u00e9al pour un usage quotidien.<\/li>\n\n\n\n<li><strong>Nettoyer facilement : <\/strong>Une surface lisse facilite le nettoyage. Le nettoyage sera plus rapide et n\u00e9cessitera moins d'efforts.<\/li>\n\n\n\n<li><strong>Rev\u00eatement antiadh\u00e9sif :<\/strong> Le rev\u00eatement antiadh\u00e9sif de haute qualit\u00e9 de nombreuses po\u00eales facilite le processus de cuisson et le nettoyage des po\u00eales.<\/li>\n\n\n\n<li><strong>Compatible avec les sources de chauffage multiples :<\/strong> convient au gaz, \u00e0 l'induction, etc. ; tr\u00e8s flexible et facile \u00e0 adapter \u00e0 diff\u00e9rents environnements de cuisine.<\/li>\n<\/ul>\n<\/div>\n\n\n\n<div class=\"wp-block-column is-layout-flow wp-block-column-is-layout-flow\">\n<h3 class=\"wp-block-heading\">Sp\u00e9cifications de l'ensemble de po\u00eales \u00e0 frire<\/h3>\n\n\n\n<ul class=\"wp-block-list\">\n<li>Fabricant : CHANCES<\/li>\n\n\n\n<li>Model No.:CY-JGDMB0505\/CY-JGB0505<\/li>\n\n\n\n<li>Mat\u00e9riau : SS201<\/li>\n\n\n\n<li>Nombre de pi\u00e8ces : 5 pi\u00e8ces<\/li>\n\n\n\n<li>Couvercle : Couvercle en acier inoxydable<\/li>\n\n\n\n<li>\u00c9paisseur : 0,5 mm<\/li>\n\n\n\n<li>Fond : 3,0 mm<\/li>\n\n\n\n<li>OEM&amp;ODM : Sur mesure, Bienvenue OEM&amp;ODM<\/li>\n\n\n\n<li>Emballage : Bo\u00eete couleur\/bo\u00eete en carton<\/li>\n\n\n\n<li>\u00c9chantillon : Gratuit<\/li>\n<\/ul>\n<\/div>\n<\/div>\n\n\n\n<p><\/p>","protected":false},"excerpt":{"rendered":"<p>Cet ensemble de po\u00eales \u00e0 frire de 5 pi\u00e8ces pr\u00e9sente un choix de poign\u00e9es en bak\u00e9lite r\u00e9sistantes \u00e0 la chaleur ou de poign\u00e9es robustes en acier moul\u00e9. Que ce soit pour faire sauter des l\u00e9gumes, saisir des viandes ou mijoter des soupes, cet ensemble de po\u00eales offre d'excellentes performances de cuisson. Les mat\u00e9riaux de haute qualit\u00e9 sont synonymes de durabilit\u00e9 et de chaleur homog\u00e8ne, ce qui est parfait pour les cuisines domestiques et commerciales.<\/p>\n<h3>L'ensemble de po\u00eales \u00e0 frire personnalis\u00e9es comprend :<\/h3>\n<table width=\"798\">\n<tbody>\n<tr>\n<td width=\"154\">Num\u00e9ro de mod\u00e8le<\/td>\n<td width=\"230\">Variantes de produits<\/td>\n<td width=\"413\">Configuration<\/td>\n<\/tr>\n<tr>\n<td width=\"154\">CY-JGDMB0505<\/td>\n<td width=\"230\">Po\u00eale \u00e0 frire avec manche en bak\u00e9lite<\/td>\n<td rowspan=\"2\" width=\"413\">16cm x 4.8cm Po\u00eale \u00e0 frire<br \/>18cm x 4.8cm Po\u00eale \u00e0 frire<br \/>20cm x 5.2cm Po\u00eale \u00e0 frire<br \/>22cm x 5.2cm Po\u00eale \u00e0 frire<br \/>24cm x 5.7cm Po\u00eale \u00e0 frire<\/td>\n<\/tr>\n<tr>\n<td width=\"154\">CY-JGB0505<\/td>\n<td width=\"230\">Ensemble de po\u00eales \u00e0 frire avec manche en acier moul\u00e9<\/td>\n<\/tr>\n<\/tbody>\n<\/table>\n<p>&nbsp;<\/p>","protected":false},"featured_media":4120,"comment_status":"closed","ping_status":"closed","template":"","meta":{"_acf_changed":false},"product_brand":[],"product_cat":[53],"product_tag":[],"class_list":{"0":"post-4074","1":"product","2":"type-product","3":"status-publish","4":"has-post-thumbnail","6":"product_cat-wholesale-cookware-sets","8":"first","9":"instock","10":"shipping-taxable","11":"product-type-simple"},"acf":[],"_links":{"self":[{"href":"https:\/\/www.chancescook.com\/fr\/wp-json\/wp\/v2\/product\/4074","targetHints":{"allow":["GET"]}}],"collection":[{"href":"https:\/\/www.chancescook.com\/fr\/wp-json\/wp\/v2\/product"}],"about":[{"href":"https:\/\/www.chancescook.com\/fr\/wp-json\/wp\/v2\/types\/product"}],"replies":[{"embeddable":true,"href":"https:\/\/www.chancescook.com\/fr\/wp-json\/wp\/v2\/comments?post=4074"}],"wp:featuredmedia":[{"embeddable":true,"href":"https:\/\/www.chancescook.com\/fr\/wp-json\/wp\/v2\/media\/4120"}],"wp:attachment":[{"href":"https:\/\/www.chancescook.com\/fr\/wp-json\/wp\/v2\/media?parent=4074"}],"wp:term":[{"taxonomy":"product_brand","embeddable":true,"href":"https:\/\/www.chancescook.com\/fr\/wp-json\/wp\/v2\/product_brand?post=4074"},{"taxonomy":"product_cat","embeddable":true,"href":"https:\/\/www.chancescook.com\/fr\/wp-json\/wp\/v2\/product_cat?post=4074"},{"taxonomy":"product_tag","embeddable":true,"href":"https:\/\/www.chancescook.com\/fr\/wp-json\/wp\/v2\/product_tag?post=4074"}],"curies":[{"name":"wp","href":"https:\/\/api.w.org\/{rel}","templated":true}]}}