{"id":4085,"date":"2024-09-25T09:50:56","date_gmt":"2024-09-25T09:50:56","guid":{"rendered":"https:\/\/www.chancescook.com\/?post_type=product&#038;p=4085"},"modified":"2024-09-25T09:50:57","modified_gmt":"2024-09-25T09:50:57","slug":"wholesale-milk-pan-set","status":"publish","type":"product","link":"https:\/\/www.chancescook.com\/fr\/produit\/wholesale-milk-pan-set\/","title":{"rendered":"Wholesale Milk Pan Set Stainless Steel Single Bottom with Long Handle (Jeu de casseroles \u00e0 lait en acier inoxydable \u00e0 fond unique et \u00e0 long manche)"},"content":{"rendered":"<div class=\"wp-block-columns is-layout-flex wp-container-core-columns-is-layout-9d6595d7 wp-block-columns-is-layout-flex\">\n<div class=\"wp-block-column is-layout-flow wp-block-column-is-layout-flow\">\n<h3 class=\"wp-block-heading\">Caract\u00e9ristiques et avantages de la meilleure casserole \u00e0 lait<\/h3>\n\n\n\n<ul class=\"wp-block-list\">\n<li><strong>Acier inoxydable de haute qualit\u00e9 Mat\u00e9riau : <\/strong>R\u00e9sistant \u00e0 la corrosion et \u00e0 l'abrasion pour garantir une longue dur\u00e9e de vie.<\/li>\n\n\n\n<li><strong>Conception \u00e0 fond unique\uff1a<\/strong> Pour une r\u00e9partition uniforme de la chaleur, il convient \u00e0 plusieurs types de cuisson.<\/li>\n\n\n\n<li><strong>Poign\u00e9e longue :<\/strong> La poign\u00e9e ergonomique est con\u00e7ue pour une prise en main facile et confortable pendant le travail.<\/li>\n\n\n\n<li><strong>Nettoyer facilement :<\/strong> La surface lisse facilite le nettoyage du pot \u00e0 lait. Convient pour le lavage au lave-vaisselle.<\/li>\n\n\n\n<li><strong>Polyvalence :<\/strong> Cet ensemble de casseroles \u00e0 lait sert \u00e0 de multiples usages, tels que r\u00e9chauffer du lait, pr\u00e9parer des sauces et des petits plats pour r\u00e9pondre aux besoins diversifi\u00e9s de la famille.<\/li>\n\n\n\n<li><strong>S\u00e9curit\u00e9 \u00e9lev\u00e9e :<\/strong> pas de rev\u00eatement, ne lib\u00e8re pas de substances nocives. Sain et s\u00fbr.<\/li>\n\n\n\n<li><strong>Economisez de l'espace :<\/strong> Facile \u00e0 empiler, facile \u00e0 ranger, convient aux petites cuisines.<\/li>\n<\/ul>\n<\/div>\n\n\n\n<div class=\"wp-block-column is-layout-flow wp-block-column-is-layout-flow\">\n<h3 class=\"wp-block-heading\">Sp\u00e9cifications de la meilleure casserole \u00e0 lait<\/h3>\n\n\n\n<ul class=\"wp-block-list\">\n<li>Fabricant : CHANCES<\/li>\n\n\n\n<li>Num\u00e9ro de mod\u00e8le : CY-NGT03\/CY-NGT0503<\/li>\n\n\n\n<li>Mat\u00e9riau : SS410<\/li>\n\n\n\n<li>\u00c9paisseur : 0,3 mm<\/li>\n\n\n\n<li>OEM&amp;ODM : Sur mesure, Bienvenue OEM&amp;ODM<\/li>\n\n\n\n<li>MOQ:1 x 40'HQ<\/li>\n\n\n\n<li>Emballage : Bo\u00eete couleur\/bo\u00eete en carton<\/li>\n\n\n\n<li>\u00c9chantillon : Gratuit<\/li>\n<\/ul>\n<\/div>\n<\/div>\n\n\n\n<p><\/p>","protected":false},"excerpt":{"rendered":"<p>L'ensemble de casseroles \u00e0 lait en gros est fabriqu\u00e9 en acier inoxydable de haute qualit\u00e9, avec un fond unique et une poign\u00e9e ergonomique, con\u00e7ue pour durer et \u00eatre facile \u00e0 utiliser. Cet ensemble polyvalent de 3 casseroles est parfait pour chauffer le lait, pr\u00e9parer des sauces ou cuisiner de petits repas, assurant une distribution uniforme de la chaleur et un nettoyage facile pour les t\u00e2ches culinaires de tous les jours.<\/p>\n<h3>La meilleure casserole \u00e0 lait comprend\uff1a<\/h3>\n<table style=\"border-collapse: collapse; width: 411.40pt;\" border=\"0\" width=\"1097\" cellspacing=\"0\" cellpadding=\"0\">\n<tbody>\n<tr style=\"height: 16.10pt;\">\n<td class=\"et3\" style=\"height: 16.10pt; width: 79.90pt;\" width=\"213\" height=\"42\">Num\u00e9ro de mod\u00e8le<\/td>\n<td class=\"et3\" style=\"width: 150.05pt;\" width=\"400\">Nombre de pi\u00e8ces<\/td>\n<td class=\"et3\" style=\"width: 181.65pt;\" width=\"484\">Poids<\/td>\n<\/tr>\n<tr style=\"height: 96.75pt;\">\n<td class=\"et4\" style=\"height: 96.75pt;\" height=\"258\">CY-NGT03<\/td>\n<td class=\"et5\" style=\"width: 150.05pt;\" width=\"400\">Bac \u00e0 lait en acier inoxydable (3 pi\u00e8ces)<\/td>\n<td class=\"et5\" style=\"width: 181.65pt;\" width=\"484\">9,3cm x 8,7cm<br \/>11cm x 8.9cm<br \/>13,1cm x 9,1cm<\/td>\n<\/tr>\n<tr style=\"height: 96.75pt;\">\n<td class=\"et4\" style=\"height: 96.75pt;\" height=\"258\">CY-NGT0503<\/td>\n<td class=\"et5\" style=\"width: 150.05pt;\" width=\"400\">Bac \u00e0 lait en acier inoxydable (5 pi\u00e8ces)<\/td>\n<td class=\"et5\" style=\"width: 181.65pt;\" width=\"484\">9,3cm x 8,7cm <br \/>11cm x 8.9cm <br \/>13,1 x 9,1 cm <br \/>15cm x 8.9cm <br \/>16,8cm x 8,7cm<\/td>\n<\/tr>\n<\/tbody>\n<\/table>","protected":false},"featured_media":4143,"comment_status":"closed","ping_status":"closed","template":"","meta":{"_acf_changed":false},"product_brand":[],"product_cat":[53],"product_tag":[],"class_list":{"0":"post-4085","1":"product","2":"type-product","3":"status-publish","4":"has-post-thumbnail","6":"product_cat-wholesale-cookware-sets","8":"first","9":"instock","10":"shipping-taxable","11":"product-type-simple"},"acf":[],"_links":{"self":[{"href":"https:\/\/www.chancescook.com\/fr\/wp-json\/wp\/v2\/product\/4085","targetHints":{"allow":["GET"]}}],"collection":[{"href":"https:\/\/www.chancescook.com\/fr\/wp-json\/wp\/v2\/product"}],"about":[{"href":"https:\/\/www.chancescook.com\/fr\/wp-json\/wp\/v2\/types\/product"}],"replies":[{"embeddable":true,"href":"https:\/\/www.chancescook.com\/fr\/wp-json\/wp\/v2\/comments?post=4085"}],"wp:featuredmedia":[{"embeddable":true,"href":"https:\/\/www.chancescook.com\/fr\/wp-json\/wp\/v2\/media\/4143"}],"wp:attachment":[{"href":"https:\/\/www.chancescook.com\/fr\/wp-json\/wp\/v2\/media?parent=4085"}],"wp:term":[{"taxonomy":"product_brand","embeddable":true,"href":"https:\/\/www.chancescook.com\/fr\/wp-json\/wp\/v2\/product_brand?post=4085"},{"taxonomy":"product_cat","embeddable":true,"href":"https:\/\/www.chancescook.com\/fr\/wp-json\/wp\/v2\/product_cat?post=4085"},{"taxonomy":"product_tag","embeddable":true,"href":"https:\/\/www.chancescook.com\/fr\/wp-json\/wp\/v2\/product_tag?post=4085"}],"curies":[{"name":"wp","href":"https:\/\/api.w.org\/{rel}","templated":true}]}}