{"id":4246,"date":"2024-10-14T06:56:35","date_gmt":"2024-10-14T06:56:35","guid":{"rendered":"https:\/\/www.chancescook.com\/?post_type=product&#038;p=4246"},"modified":"2025-12-21T13:04:48","modified_gmt":"2025-12-21T13:04:48","slug":"wholesale-non-stick-frying-pan-set","status":"publish","type":"product","link":"https:\/\/www.chancescook.com\/fr\/produit\/wholesale-non-stick-frying-pan-set\/","title":{"rendered":"Wholesale Non Stick Frying Pan Set Honey Comb Tri-ply Stainless Steel Skillet Multiple Sizes"},"content":{"rendered":"<div class=\"wp-block-columns is-layout-flex wp-container-core-columns-is-layout-9d6595d7 wp-block-columns-is-layout-flex\">\n<div class=\"wp-block-column is-layout-flow wp-block-column-is-layout-flow\">\n<h3 class=\"wp-block-heading\">Avantages du jeu de po\u00eales \u00e0 frire antiadh\u00e9sives<\/h3>\n\n\n\n<ul class=\"wp-block-list\">\n<li><strong>Choix de plusieurs tailles<\/strong>: Cet ensemble de po\u00eales \u00e0 frire antiadh\u00e9sives comprend des po\u00eales de 12 pouces, 10 pouces, 8 pouces et 7 pouces pour diff\u00e9rents ingr\u00e9dients et besoins de cuisson, de la vie de famille quotidienne \u00e0 un grand d\u00eener.<\/li>\n\n\n\n<li><strong>Conception \u00e0 trois plis<\/strong>La technologie Tri-ply combine des noyaux en acier inoxydable et en aluminium pour assurer un transfert de chaleur de premi\u00e8re classe et une distribution uniforme, r\u00e9duisant les points chauds et optimisant l'efficacit\u00e9 de la cuisson.<\/li>\n\n\n\n<li><strong>Rev\u00eatement antiadh\u00e9sif en nid d'abeille<\/strong>:Ce nouveau rev\u00eatement antiadh\u00e9sif en nid d'abeille emp\u00eache les rayures et l'\u00e9caillage. L'effet antiadh\u00e9sif est renforc\u00e9 pour r\u00e9duire les graisses lors de la cuisson, ce qui permet de cuisiner plus sainement. Le nettoyage est \u00e9galement facile.<\/li>\n\n\n\n<li><strong>Robuste et durable<\/strong>:L'ensemble de po\u00eales \u00e0 frire antiadh\u00e9sives est fabriqu\u00e9 en acier inoxydable de qualit\u00e9 sup\u00e9rieure ; il est donc durable et r\u00e9sistant \u00e0 la corrosion. Ses performances ne changeront pas m\u00eame apr\u00e8s une longue utilisation ; il convient \u00e0 une cuisine \u00e0 haute fr\u00e9quence.<\/li>\n\n\n\n<li><strong>Cuisson multifonctionnelle<\/strong>Pour diff\u00e9rentes sources de chaleur : plaque \u00e0 induction, cuisini\u00e8re \u00e0 gaz, cuisini\u00e8re \u00e9lectrique en c\u00e9ramique ; il peut faire frire, sauter, mijoter, bouillir, etc. pour une cuisine diversifi\u00e9e.<\/li>\n\n\n\n<li><strong>Conception ergonomique<\/strong>La poign\u00e9e ergonomique en acier inoxydable isol\u00e9e de la chaleur permet de garder le produit au frais pour une utilisation s\u00fbre, un fonctionnement facile et une exp\u00e9rience culinaire am\u00e9lior\u00e9e.<\/li>\n<\/ul>\n<\/div>\n\n\n\n<div class=\"wp-block-column is-layout-flow wp-block-column-is-layout-flow\">\n<figure class=\"wp-block-image size-full\"><img decoding=\"async\" width=\"1600\" height=\"1600\" src=\"https:\/\/www.chancescook.com\/wp-content\/uploads\/2024\/10\/Wholesale-Non-Stick-Frying-Pan-Set-6.webp\" alt=\"Set de po\u00eales \u00e0 frire antiadh\u00e9sives en gros (6)\" class=\"wp-image-4251\" srcset=\"https:\/\/www.chancescook.com\/wp-content\/uploads\/2024\/10\/Wholesale-Non-Stick-Frying-Pan-Set-6.webp 1600w, https:\/\/www.chancescook.com\/wp-content\/uploads\/2024\/10\/Wholesale-Non-Stick-Frying-Pan-Set-6-300x300.webp 300w, https:\/\/www.chancescook.com\/wp-content\/uploads\/2024\/10\/Wholesale-Non-Stick-Frying-Pan-Set-6-150x150.webp 150w, https:\/\/www.chancescook.com\/wp-content\/uploads\/2024\/10\/Wholesale-Non-Stick-Frying-Pan-Set-6-768x768.webp 768w, https:\/\/www.chancescook.com\/wp-content\/uploads\/2024\/10\/Wholesale-Non-Stick-Frying-Pan-Set-6-12x12.webp 12w, https:\/\/www.chancescook.com\/wp-content\/uploads\/2024\/10\/Wholesale-Non-Stick-Frying-Pan-Set-6-285x285.webp 285w, https:\/\/www.chancescook.com\/wp-content\/uploads\/2024\/10\/Wholesale-Non-Stick-Frying-Pan-Set-6-270x270.webp 270w, https:\/\/www.chancescook.com\/wp-content\/uploads\/2024\/10\/Wholesale-Non-Stick-Frying-Pan-Set-6-540x540.webp 540w, https:\/\/www.chancescook.com\/wp-content\/uploads\/2024\/10\/Wholesale-Non-Stick-Frying-Pan-Set-6-660x660.webp 660w\" sizes=\"(max-width: 1600px) 100vw, 1600px\" \/><\/figure>\n<\/div>\n<\/div>\n\n\n\n<p><\/p>","protected":false},"excerpt":{"rendered":"<p>Cet ensemble de po\u00eales \u00e0 frire antiadh\u00e9sives en nid d'abeille en acier inoxydable contient des tailles de 12 pouces, 10 pouces, 8 pouces et 7 pouces. Choisissez l'ensemble de po\u00eales \u00e0 frire en acier inoxydable robuste et durable pour r\u00e9pondre \u00e0 diff\u00e9rents besoins de cuisson, c'est un excellent choix pour l'achat en gros. N'h\u00e9sitez pas \u00e0 nous contacter !<\/p>\n<h3 class=\"wp-block-heading\">Sp\u00e9cifications de l'ensemble de po\u00eales \u00e0 frire antiadh\u00e9sives<\/h3>\n<table border=\"0\" width=\"928\" cellspacing=\"0\" cellpadding=\"0\">\n<tbody>\n<tr>\n<td width=\"400\" height=\"42\">Fabricant<\/td>\n<td width=\"528\">CHANCES<\/td>\n<\/tr>\n<tr>\n<td height=\"42\">Mat\u00e9riau<\/td>\n<td>Acier inoxydable 3 couches<\/td>\n<\/tr>\n<tr>\n<td height=\"42\">Diam\u00e8tre<\/td>\n<td>7 pouces, 8 pouces, 10 pouces et 12 pouces\u00a0\u00a0<\/td>\n<\/tr>\n<tr>\n<td height=\"44\">\u00c9paisseur<\/td>\n<td>2,3 mm<\/td>\n<\/tr>\n<tr>\n<td height=\"42\">Type<\/td>\n<td>Non-autocollant<\/td>\n<\/tr>\n<tr>\n<td height=\"42\">Couvercle<\/td>\n<td>Sans couvercle<\/td>\n<\/tr>\n<tr>\n<td height=\"44\">Utilisation<\/td>\n<td>Friture et cuisson<\/td>\n<\/tr>\n<tr>\n<td height=\"44\">OEM&amp;ODM<\/td>\n<td>Sur mesure, Bienvenue OEM&amp;ODM<\/td>\n<\/tr>\n<tr>\n<td height=\"44\">Emballage :<\/td>\n<td>Couleur Bo\u00eete\/Carton Bo\u00eete<\/td>\n<\/tr>\n<tr>\n<td height=\"44\">MOQ<\/td>\n<td>1000PCS<\/td>\n<\/tr>\n<\/tbody>\n<\/table>\n<p><a href=\"https:\/\/www.chancescook.com\/fr\"><strong>Chancescook<\/strong><\/a> s'engage \u00e0 fournir des services personnalis\u00e9s efficaces et professionnels en s'appuyant sur le d\u00e9veloppement exclusif de moules, une forte capacit\u00e9 de production et un contr\u00f4le de qualit\u00e9 strict afin de garantir que chaque lot de po\u00eales \u00e0 frire antiadh\u00e9sives r\u00e9ponde \u00e0 vos besoins.<\/p>","protected":false},"featured_media":5761,"comment_status":"closed","ping_status":"closed","template":"","meta":{"_acf_changed":false},"product_brand":[],"product_cat":[66,53],"product_tag":[],"class_list":{"0":"post-4246","1":"product","2":"type-product","3":"status-publish","4":"has-post-thumbnail","6":"product_cat-frying-pan-wholesale","7":"product_cat-wholesale-cookware-sets","9":"first","10":"instock","11":"shipping-taxable","12":"product-type-simple"},"acf":[],"_links":{"self":[{"href":"https:\/\/www.chancescook.com\/fr\/wp-json\/wp\/v2\/product\/4246","targetHints":{"allow":["GET"]}}],"collection":[{"href":"https:\/\/www.chancescook.com\/fr\/wp-json\/wp\/v2\/product"}],"about":[{"href":"https:\/\/www.chancescook.com\/fr\/wp-json\/wp\/v2\/types\/product"}],"replies":[{"embeddable":true,"href":"https:\/\/www.chancescook.com\/fr\/wp-json\/wp\/v2\/comments?post=4246"}],"wp:featuredmedia":[{"embeddable":true,"href":"https:\/\/www.chancescook.com\/fr\/wp-json\/wp\/v2\/media\/5761"}],"wp:attachment":[{"href":"https:\/\/www.chancescook.com\/fr\/wp-json\/wp\/v2\/media?parent=4246"}],"wp:term":[{"taxonomy":"product_brand","embeddable":true,"href":"https:\/\/www.chancescook.com\/fr\/wp-json\/wp\/v2\/product_brand?post=4246"},{"taxonomy":"product_cat","embeddable":true,"href":"https:\/\/www.chancescook.com\/fr\/wp-json\/wp\/v2\/product_cat?post=4246"},{"taxonomy":"product_tag","embeddable":true,"href":"https:\/\/www.chancescook.com\/fr\/wp-json\/wp\/v2\/product_tag?post=4246"}],"curies":[{"name":"wp","href":"https:\/\/api.w.org\/{rel}","templated":true}]}}