{"id":4253,"date":"2024-10-14T08:43:20","date_gmt":"2024-10-14T08:43:20","guid":{"rendered":"https:\/\/www.chancescook.com\/?post_type=product&#038;p=4253"},"modified":"2025-12-21T12:59:32","modified_gmt":"2025-12-21T12:59:32","slug":"best-frying-pan-for-eggs","status":"publish","type":"product","link":"https:\/\/www.chancescook.com\/fr\/produit\/best-frying-pan-for-eggs\/","title":{"rendered":"Meilleure po\u00eale \u00e0 frire pour les oeufs Wholesale Tri Ply Stainless Steel Cookware Factory"},"content":{"rendered":"<div class=\"wp-block-columns is-layout-flex wp-container-core-columns-is-layout-9d6595d7 wp-block-columns-is-layout-flex\">\n<div class=\"wp-block-column is-layout-flow wp-block-column-is-layout-flow\">\n<h3 class=\"wp-block-heading\">Avantages de la meilleure po\u00eale \u00e0 frire pour les \u0153ufs<\/h3>\n\n\n\n<ul class=\"wp-block-list\">\n<li><strong>Conception d'une construction \u00e0 trois plis<\/strong>: Structure en acier inoxydable \u00e0 trois couches combin\u00e9e \u00e0 un c\u0153ur en aluminium pour une conduction uniforme de la chaleur et un chauffage rapide. Plus besoin de se pr\u00e9occuper des surchauffes localis\u00e9es lors de la friture des \u0153ufs, mais assure un r\u00e9sultat de cuisson r\u00e9p\u00e9t\u00e9 \u00e0 chaque fois. Cela en fait l'une des meilleures po\u00eales \u00e0 frire en gros pour des performances constantes.<\/li>\n\n\n\n<li><strong>Rev\u00eatement antiadh\u00e9sif de premi\u00e8re qualit\u00e9<\/strong>: Le rev\u00eatement antiadh\u00e9sif sp\u00e9cial est con\u00e7u pour les omelettes, ce qui, d'une part, r\u00e9duit la quantit\u00e9 de graisse utilis\u00e9e et, d'autre part, facilite le retournement sans coller \u00e0 la po\u00eale, ce qui rend le nettoyage apr\u00e8s la cuisson simple et facile. C'est un excellent choix d'ustensiles de cuisine en acier inoxydable personnalis\u00e9s, car il allie facilit\u00e9 d'utilisation et grande durabilit\u00e9.<\/li>\n\n\n\n<li><strong>Durable et robuste<\/strong>: La meilleure po\u00eale \u00e0 frire pour les \u0153ufs est fabriqu\u00e9e en acier inoxydable de qualit\u00e9 alimentaire, r\u00e9sistant aux rayures, anti-corrosion, sans d\u00e9formation ni dommage lors d'une utilisation \u00e0 long terme, et adapt\u00e9e \u00e0 une utilisation quotidienne intensive. Une option durable disponible sur le march\u00e9 de gros des meilleures po\u00eales \u00e0 frire.<\/li>\n\n\n\n<li><strong>Poign\u00e9e ergonomique Stay Cool<\/strong>: La meilleure po\u00eale \u00e0 frire pour les \u0153ufs est fabriqu\u00e9e \u00e0 partir d'une isolation en acier inoxydable, ce qui la rend confortable \u00e0 tenir et r\u00e9sistante aux br\u00fblures. Elle reste froide pendant la cuisson et am\u00e9liore la s\u00e9curit\u00e9 et la commodit\u00e9 d'utilisation, ce qui en fait un choix populaire pour les ustensiles de cuisine personnalis\u00e9s en acier inoxydable.<\/li>\n\n\n\n<li><strong>Application polyvalente<\/strong>: Dans les cuisini\u00e8res \u00e0 induction, les cuisini\u00e8res \u00e0 gaz et les fours, elle est \u00e9galement utilis\u00e9e pour les omelettes, les steaks frits et d'autres modes de cuisson. Elle est flexible et polyvalente, c'est pourquoi elle est incluse dans de nombreuses collections de meilleures po\u00eales \u00e0 frire en gros pour des besoins de cuisson diversifi\u00e9s.<\/li>\n\n\n\n<li><strong>Facile \u00e0 nettoyer<\/strong>: La surface antiadh\u00e9sive permet de fixer moins de r\u00e9sidus alimentaires, ce qui facilite et acc\u00e9l\u00e8re le nettoyage et permet de gagner du temps dans la cuisine. Cette caract\u00e9ristique est particuli\u00e8rement pr\u00e9cieuse dans les ustensiles de cuisine en acier inoxydable, offrant \u00e0 la fois praticit\u00e9 et commodit\u00e9.<\/li>\n<\/ul>\n<\/div>\n\n\n\n<div class=\"wp-block-column is-layout-flow wp-block-column-is-layout-flow\">\n<figure class=\"wp-block-image size-full\"><img decoding=\"async\" width=\"720\" height=\"720\" src=\"https:\/\/www.chancescook.com\/wp-content\/uploads\/2024\/10\/Wholesale-Best-Frying-Pan-for-Eggs-4.webp\" alt=\"Vente en gros de la meilleure po\u00eale \u00e0 frire pour les \u0153ufs (4)\" class=\"wp-image-4257\" srcset=\"https:\/\/www.chancescook.com\/wp-content\/uploads\/2024\/10\/Wholesale-Best-Frying-Pan-for-Eggs-4.webp 720w, https:\/\/www.chancescook.com\/wp-content\/uploads\/2024\/10\/Wholesale-Best-Frying-Pan-for-Eggs-4-300x300.webp 300w, https:\/\/www.chancescook.com\/wp-content\/uploads\/2024\/10\/Wholesale-Best-Frying-Pan-for-Eggs-4-150x150.webp 150w, https:\/\/www.chancescook.com\/wp-content\/uploads\/2024\/10\/Wholesale-Best-Frying-Pan-for-Eggs-4-12x12.webp 12w, https:\/\/www.chancescook.com\/wp-content\/uploads\/2024\/10\/Wholesale-Best-Frying-Pan-for-Eggs-4-285x285.webp 285w, https:\/\/www.chancescook.com\/wp-content\/uploads\/2024\/10\/Wholesale-Best-Frying-Pan-for-Eggs-4-270x270.webp 270w, https:\/\/www.chancescook.com\/wp-content\/uploads\/2024\/10\/Wholesale-Best-Frying-Pan-for-Eggs-4-540x540.webp 540w, https:\/\/www.chancescook.com\/wp-content\/uploads\/2024\/10\/Wholesale-Best-Frying-Pan-for-Eggs-4-660x660.webp 660w\" sizes=\"(max-width: 720px) 100vw, 720px\" \/><\/figure>\n<\/div>\n<\/div>\n\n\n\n<p><\/p>","protected":false},"excerpt":{"rendered":"<p>Cet ustensile de cuisine en acier inoxydable personnalis\u00e9 est la meilleure po\u00eale \u00e0 frire pour les \u0153ufs, offrant une distribution uniforme de la chaleur et une surface antiadh\u00e9sive qui garantit des \u0153ufs parfaitement cuits \u00e0 chaque fois, id\u00e9ale pour une cuisine quotidienne efficace. Contactez-nous pour plus d'informations sur les po\u00eales \u00e0 frire en acier inoxydable en gros !<\/p>\n<h3 class=\"wp-block-heading\">Sp\u00e9cifications de la meilleure po\u00eale \u00e0 frire pour les \u0153ufs<\/h3>\n<table border=\"0\" width=\"1088\" cellspacing=\"0\" cellpadding=\"0\">\n<tbody>\n<tr>\n<td width=\"400\" height=\"42\">Fabricant<\/td>\n<td width=\"688\">CHANCES<\/td>\n<\/tr>\n<tr>\n<td height=\"42\">Mat\u00e9riau<\/td>\n<td>Acier inoxydable 3 couches<\/td>\n<\/tr>\n<tr>\n<td height=\"42\">Taille<\/td>\n<td>8 pouces, 9 pouces, 10 pouces, 11 pouces et 12 pouces<\/td>\n<\/tr>\n<tr>\n<td height=\"42\">\u00c9paisseur<\/td>\n<td>2,3 mm<\/td>\n<\/tr>\n<tr>\n<td height=\"50\">Couleur<\/td>\n<td>Acier inoxydable Couleur<\/td>\n<\/tr>\n<tr>\n<td height=\"42\">Type<\/td>\n<td>Non-autocollant<\/td>\n<\/tr>\n<tr>\n<td height=\"42\">Poign\u00e9e<\/td>\n<td>Poign\u00e9e unique<\/td>\n<\/tr>\n<tr>\n<td height=\"42\">Utilisation<\/td>\n<td>Utilisation g\u00e9n\u00e9rale pour les cuisini\u00e8res \u00e0 gaz et \u00e0 induction<\/td>\n<\/tr>\n<tr>\n<td height=\"42\">OEM&amp;ODM<\/td>\n<td>Sur mesure, Bienvenue OEM&amp;ODM<\/td>\n<\/tr>\n<tr>\n<td height=\"42\">Emballage :<\/td>\n<td>Bo\u00eete \u00e0 couleurs + Master Carto<\/td>\n<\/tr>\n<tr>\n<td height=\"42\">MOQ<\/td>\n<td>1000PCS<\/td>\n<\/tr>\n<tr>\n<td height=\"42\">\u00c9chantillon<\/td>\n<td>Gratuit.<\/td>\n<\/tr>\n<\/tbody>\n<\/table>\n<p><a href=\"https:\/\/www.chancescook.com\/fr\"><strong>Chancescook<\/strong><\/a> se consacre \u00e0 fournir les services les plus professionnels pour r\u00e9pondre aux besoins des clients avec des moules exclusivement d\u00e9velopp\u00e9s, une puissante capacit\u00e9 de production et un contr\u00f4le de qualit\u00e9 rigide pour chaque lot d'ustensiles de cuisine antiadh\u00e9sifs en acier inoxydable \u00e0 trois couches.<\/p>","protected":false},"featured_media":5759,"comment_status":"closed","ping_status":"closed","template":"","meta":{"_acf_changed":false},"product_brand":[],"product_cat":[66,52],"product_tag":[],"class_list":{"0":"post-4253","1":"product","2":"type-product","3":"status-publish","4":"has-post-thumbnail","6":"product_cat-frying-pan-wholesale","7":"product_cat-cookware-wholesale","9":"first","10":"instock","11":"shipping-taxable","12":"product-type-simple"},"acf":[],"_links":{"self":[{"href":"https:\/\/www.chancescook.com\/fr\/wp-json\/wp\/v2\/product\/4253","targetHints":{"allow":["GET"]}}],"collection":[{"href":"https:\/\/www.chancescook.com\/fr\/wp-json\/wp\/v2\/product"}],"about":[{"href":"https:\/\/www.chancescook.com\/fr\/wp-json\/wp\/v2\/types\/product"}],"replies":[{"embeddable":true,"href":"https:\/\/www.chancescook.com\/fr\/wp-json\/wp\/v2\/comments?post=4253"}],"wp:featuredmedia":[{"embeddable":true,"href":"https:\/\/www.chancescook.com\/fr\/wp-json\/wp\/v2\/media\/5759"}],"wp:attachment":[{"href":"https:\/\/www.chancescook.com\/fr\/wp-json\/wp\/v2\/media?parent=4253"}],"wp:term":[{"taxonomy":"product_brand","embeddable":true,"href":"https:\/\/www.chancescook.com\/fr\/wp-json\/wp\/v2\/product_brand?post=4253"},{"taxonomy":"product_cat","embeddable":true,"href":"https:\/\/www.chancescook.com\/fr\/wp-json\/wp\/v2\/product_cat?post=4253"},{"taxonomy":"product_tag","embeddable":true,"href":"https:\/\/www.chancescook.com\/fr\/wp-json\/wp\/v2\/product_tag?post=4253"}],"curies":[{"name":"wp","href":"https:\/\/api.w.org\/{rel}","templated":true}]}}