{"id":4261,"date":"2024-10-14T09:45:44","date_gmt":"2024-10-14T09:45:44","guid":{"rendered":"https:\/\/www.chancescook.com\/?post_type=product&#038;p=4261"},"modified":"2025-06-20T01:00:02","modified_gmt":"2025-06-20T01:00:02","slug":"tri-ply-stainless-steel-cookware-set","status":"publish","type":"product","link":"https:\/\/www.chancescook.com\/fr\/produit\/tri-ply-stainless-steel-cookware-set\/","title":{"rendered":"Batterie de cuisine en acier inoxydable Tri Ply 10 pi\u00e8ces Meilleures casseroles et po\u00eales fabricant"},"content":{"rendered":"<div class=\"wp-block-columns is-layout-flex wp-container-core-columns-is-layout-9d6595d7 wp-block-columns-is-layout-flex\">\n<div class=\"wp-block-column is-layout-flow wp-block-column-is-layout-flow\">\n<h3 class=\"wp-block-heading\">Avantages de la batterie de cuisine en acier inoxydable Tri Ply<\/h3>\n\n\n\n<ul class=\"wp-block-list\">\n<li><strong>Structure composite \u00e0 trois couches, conductivit\u00e9 thermique uniforme et efficacit\u00e9 accrue<\/strong>: Cette batterie de cuisine personnalis\u00e9e en acier inoxydable tripl\u00e9 est con\u00e7ue avec une structure composite tripl\u00e9e, avec un noyau en aluminium dans la couche sandwich et de l'acier inoxydable 304 de qualit\u00e9 alimentaire dans les couches int\u00e9rieure et ext\u00e9rieure, ce qui permet d'obtenir une conductivit\u00e9 thermique rapide et uniforme, de r\u00e9duire les zones mortes de la cuisson et d'am\u00e9liorer l'efficacit\u00e9 de la chauffe, ce qui est id\u00e9al pour les ustensiles de cuisine de haute performance.<\/li>\n\n\n\n<li><strong>Design en 10 pi\u00e8ces, pour r\u00e9pondre aux besoins vari\u00e9s de la cuisine<\/strong>: L'ensemble des casseroles et po\u00eales comprend 10 casseroles et po\u00eales couramment utilis\u00e9es, telles que la po\u00eale \u00e0 frire, la po\u00eale \u00e0 rago\u00fbt, la marmite \u00e0 soupe, etc., qui conviennent \u00e0 la friture, \u00e0 l'\u00e9bullition, \u00e0 la cuisson \u00e0 l'\u00e9touff\u00e9e et \u00e0 d'autres m\u00e9thodes de cuisson, que ce soit pour la cuisine familiale quotidienne ou l'utilisation auxiliaire de la restauration, il peut tout \u00e0 fait \u00eatre capable de le faire.<\/li>\n\n\n\n<li><strong>Mat\u00e9riau en acier inoxydable de haute qualit\u00e9, durable et r\u00e9sistant \u00e0 la corrosion<\/strong>: En tant que fabricant professionnel d'ustensiles de cuisine en acier inoxydable \u00e0 trois couches, nous choisissons strictement de l'acier inoxydable 304 de haute qualit\u00e9, qui r\u00e9siste aux temp\u00e9ratures \u00e9lev\u00e9es, \u00e0 la corrosion, \u00e0 la d\u00e9formation et \u00e0 d'autres caract\u00e9ristiques, et qui conserve le m\u00eame \u00e9clat que l'\u00e9tat neuf pour une utilisation \u00e0 long terme.<\/li>\n\n\n\n<li><strong>Rev\u00eatement antiadh\u00e9sif, sain et facile \u00e0 nettoyer<\/strong>: La couche int\u00e9rieure de l'ustensile de cuisine peut \u00eatre \u00e9quip\u00e9e d'un rev\u00eatement antiadh\u00e9sif sain en option, qui r\u00e9duit l'utilisation d'huile lors de la cuisson, rend les aliments moins susceptibles de coller \u00e0 la po\u00eale et facilite le nettoyage, ce qui convient parfaitement aux utilisateurs qui souhaitent cuisiner sainement et utiliser la cuisine de mani\u00e8re efficace.<\/li>\n\n\n\n<li><strong>Poign\u00e9e ergonomique, isolation thermique et anti-br\u00fblure plus s\u00fbre<\/strong>: La poign\u00e9e est isol\u00e9e thermiquement et con\u00e7ue de mani\u00e8re ergonomique pour une prise en main confortable, ce qui permet un fonctionnement s\u00fbr m\u00eame dans des environnements \u00e0 haute temp\u00e9rature, am\u00e9liorant ainsi l'exp\u00e9rience de l'utilisateur et la s\u00e9curit\u00e9 op\u00e9rationnelle.<\/li>\n\n\n\n<li><strong>Compatible avec plusieurs sources de chaleur, s'adapte \u00e0 diff\u00e9rents environnements de cuisine<\/strong>: Cette batterie de cuisine en acier inoxydable triple \u00e9paisseur est compatible avec les tables de cuisson \u00e0 induction, les tables de cuisson \u00e0 gaz, les cuisini\u00e8res \u00e9lectriques en c\u00e9ramique, les fours et d'autres sources de chaleur, ce qui permet de r\u00e9pondre aux besoins de diff\u00e9rentes r\u00e9gions et de diff\u00e9rents \u00e9quipements de cuisine.<\/li>\n\n\n\n<li><strong>Couvercle en verre, \u00e9tat de cuisson clairement visible<\/strong>: Chaque batterie de cuisine est \u00e9quip\u00e9e d'un couvercle en verre r\u00e9sistant aux temp\u00e9ratures \u00e9lev\u00e9es, ce qui permet d'observer facilement le processus de cuisson en temps r\u00e9el, de r\u00e9duire la perte de chaleur et d'humidit\u00e9 caus\u00e9e par l'ouverture fr\u00e9quente du couvercle et d'am\u00e9liorer l'efficacit\u00e9 de la cuisson et le go\u00fbt.<\/li>\n\n\n\n<li><strong>Support OEM personnalis\u00e9, cr\u00e9ation d'une marque exclusive d'ustensiles de cuisine<\/strong>: En tant que fabricant fiable de batteries de cuisine en acier inoxydable \u00e0 trois couches, nous fournissons des services OEM\/ODM complets, une structure, une taille, un logo et un emballage personnalis\u00e9s selon les besoins des clients, ce qui aide les marques \u00e0 cr\u00e9er des produits diff\u00e9renci\u00e9s.<\/li>\n<\/ul>\n<\/div>\n\n\n\n<div class=\"wp-block-column is-layout-flow wp-block-column-is-layout-flow\">\n<figure class=\"wp-block-image size-full\"><img decoding=\"async\" width=\"720\" height=\"720\" src=\"https:\/\/www.chancescook.com\/wp-content\/uploads\/2024\/10\/Tri-Ply-Stainless-Steel-Cookware-Set-Wholesaler-1.webp\" alt=\"Tri Ply Stainless Steel Cookware Set Wholesaler (1)\" class=\"wp-image-4262\" srcset=\"https:\/\/www.chancescook.com\/wp-content\/uploads\/2024\/10\/Tri-Ply-Stainless-Steel-Cookware-Set-Wholesaler-1.webp 720w, https:\/\/www.chancescook.com\/wp-content\/uploads\/2024\/10\/Tri-Ply-Stainless-Steel-Cookware-Set-Wholesaler-1-300x300.webp 300w, https:\/\/www.chancescook.com\/wp-content\/uploads\/2024\/10\/Tri-Ply-Stainless-Steel-Cookware-Set-Wholesaler-1-150x150.webp 150w, https:\/\/www.chancescook.com\/wp-content\/uploads\/2024\/10\/Tri-Ply-Stainless-Steel-Cookware-Set-Wholesaler-1-12x12.webp 12w, https:\/\/www.chancescook.com\/wp-content\/uploads\/2024\/10\/Tri-Ply-Stainless-Steel-Cookware-Set-Wholesaler-1-285x285.webp 285w, https:\/\/www.chancescook.com\/wp-content\/uploads\/2024\/10\/Tri-Ply-Stainless-Steel-Cookware-Set-Wholesaler-1-270x270.webp 270w, https:\/\/www.chancescook.com\/wp-content\/uploads\/2024\/10\/Tri-Ply-Stainless-Steel-Cookware-Set-Wholesaler-1-540x540.webp 540w, https:\/\/www.chancescook.com\/wp-content\/uploads\/2024\/10\/Tri-Ply-Stainless-Steel-Cookware-Set-Wholesaler-1-660x660.webp 660w\" sizes=\"(max-width: 720px) 100vw, 720px\" \/><\/figure>\n<\/div>\n<\/div>\n\n\n\n<div class=\"wp-block-columns is-layout-flex wp-container-core-columns-is-layout-9d6595d7 wp-block-columns-is-layout-flex\">\n<div class=\"wp-block-column is-layout-flow wp-block-column-is-layout-flow\">\n<figure class=\"wp-block-image size-full\"><img decoding=\"async\" width=\"720\" height=\"720\" src=\"https:\/\/www.chancescook.com\/wp-content\/uploads\/2024\/10\/Tri-Ply-Stainless-Steel-Cookware-Set-Wholesaler-4.webp\" alt=\"Les batteries de cuisine en acier inoxydable sont-elles meilleures que celles en c\u00e9ramique ?\" class=\"wp-image-4265\" srcset=\"https:\/\/www.chancescook.com\/wp-content\/uploads\/2024\/10\/Tri-Ply-Stainless-Steel-Cookware-Set-Wholesaler-4.webp 720w, https:\/\/www.chancescook.com\/wp-content\/uploads\/2024\/10\/Tri-Ply-Stainless-Steel-Cookware-Set-Wholesaler-4-300x300.webp 300w, https:\/\/www.chancescook.com\/wp-content\/uploads\/2024\/10\/Tri-Ply-Stainless-Steel-Cookware-Set-Wholesaler-4-150x150.webp 150w, https:\/\/www.chancescook.com\/wp-content\/uploads\/2024\/10\/Tri-Ply-Stainless-Steel-Cookware-Set-Wholesaler-4-12x12.webp 12w, https:\/\/www.chancescook.com\/wp-content\/uploads\/2024\/10\/Tri-Ply-Stainless-Steel-Cookware-Set-Wholesaler-4-285x285.webp 285w, https:\/\/www.chancescook.com\/wp-content\/uploads\/2024\/10\/Tri-Ply-Stainless-Steel-Cookware-Set-Wholesaler-4-270x270.webp 270w, https:\/\/www.chancescook.com\/wp-content\/uploads\/2024\/10\/Tri-Ply-Stainless-Steel-Cookware-Set-Wholesaler-4-540x540.webp 540w, https:\/\/www.chancescook.com\/wp-content\/uploads\/2024\/10\/Tri-Ply-Stainless-Steel-Cookware-Set-Wholesaler-4-660x660.webp 660w\" sizes=\"(max-width: 720px) 100vw, 720px\" \/><\/figure>\n<\/div>\n\n\n\n<div class=\"wp-block-column is-layout-flow wp-block-column-is-layout-flow\">\n<figure class=\"wp-block-image size-full\"><img decoding=\"async\" width=\"720\" height=\"695\" src=\"https:\/\/www.chancescook.com\/wp-content\/uploads\/2024\/10\/Tri-Ply-Stainless-Steel-Cookware-Set-Wholesaler-2.webp\" alt=\"Batteries de cuisine en aluminium ou en acier inoxydable - 18\/8\" class=\"wp-image-4263\" srcset=\"https:\/\/www.chancescook.com\/wp-content\/uploads\/2024\/10\/Tri-Ply-Stainless-Steel-Cookware-Set-Wholesaler-2.webp 720w, https:\/\/www.chancescook.com\/wp-content\/uploads\/2024\/10\/Tri-Ply-Stainless-Steel-Cookware-Set-Wholesaler-2-300x290.webp 300w, https:\/\/www.chancescook.com\/wp-content\/uploads\/2024\/10\/Tri-Ply-Stainless-Steel-Cookware-Set-Wholesaler-2-12x12.webp 12w, https:\/\/www.chancescook.com\/wp-content\/uploads\/2024\/10\/Tri-Ply-Stainless-Steel-Cookware-Set-Wholesaler-2-285x275.webp 285w, https:\/\/www.chancescook.com\/wp-content\/uploads\/2024\/10\/Tri-Ply-Stainless-Steel-Cookware-Set-Wholesaler-2-660x637.webp 660w, https:\/\/www.chancescook.com\/wp-content\/uploads\/2024\/10\/Tri-Ply-Stainless-Steel-Cookware-Set-Wholesaler-2-150x145.webp 150w\" sizes=\"(max-width: 720px) 100vw, 720px\" \/><\/figure>\n<\/div>\n<\/div>\n\n\n\n<p><\/p>","protected":false},"excerpt":{"rendered":"<p>Cette batterie de cuisine personnalis\u00e9e en acier inoxydable \u00e0 trois couches comprend 10 casseroles et po\u00eales antiadh\u00e9sives durables avec une excellente r\u00e9partition de la chaleur pour une cuisson efficace et polyvalente. Id\u00e9ale pour les cuisines domestiques et professionnelles, elle est fabriqu\u00e9e par un fabricant d'ustensiles de cuisine de confiance. Contactez-nous d\u00e8s aujourd'hui pour une personnalisation OEM !<\/p>\n<h3 class=\"wp-block-heading\">Sp\u00e9cifications de la batterie de cuisine en acier inoxydable Tri Ply<\/h3>\n<table border=\"0\" width=\"1088\" cellspacing=\"0\" cellpadding=\"0\">\n<tbody>\n<tr>\n<td width=\"400\" height=\"42\">Fabricant<\/td>\n<td width=\"688\">CHANCES<\/td>\n<\/tr>\n<tr>\n<td height=\"42\">Mat\u00e9riau<\/td>\n<td>Acier inoxydable 3 couches<\/td>\n<\/tr>\n<tr>\n<td height=\"42\">\u00c9paisseur<\/td>\n<td>2,3 mm<\/td>\n<\/tr>\n<tr>\n<td height=\"72\">Combinaison<\/td>\n<td width=\"688\">2*po\u00eales \u00e0 frire\/2*po\u00eales \u00e0 sauce\/1*sauteuse profonde\/1*casserole<\/td>\n<\/tr>\n<tr>\n<td height=\"42\">Utilisation<\/td>\n<td>Friture et cuisson<\/td>\n<\/tr>\n<tr>\n<td height=\"42\">OEM&amp;ODM<\/td>\n<td>Sur mesure, Bienvenue OEM&amp;ODM<\/td>\n<\/tr>\n<tr>\n<td height=\"42\">Emballage :<\/td>\n<td>Couleur Bo\u00eete\/Carton Bo\u00eete<\/td>\n<\/tr>\n<tr>\n<td height=\"42\">\u00c9chantillon<\/td>\n<td>Gratuit.<\/td>\n<\/tr>\n<\/tbody>\n<\/table>\n<p><a href=\"https:\/\/www.chancescook.com\/fr\/\"><strong>Chancescook<\/strong><\/a> s'engage \u00e0 fournir des services personnalis\u00e9s efficaces et professionnels en s'appuyant sur le d\u00e9veloppement exclusif de moules, une forte capacit\u00e9 de production et un contr\u00f4le de qualit\u00e9 rigoureux afin de garantir que chaque lot de batteries de cuisine en acier inoxydable \u00e0 trois couches r\u00e9ponde \u00e0 vos besoins. \u00a0 \u00a0<\/p>","protected":false},"featured_media":4365,"comment_status":"closed","ping_status":"closed","template":"","meta":{"_acf_changed":false},"product_brand":[],"product_cat":[53],"product_tag":[],"class_list":{"0":"post-4261","1":"product","2":"type-product","3":"status-publish","4":"has-post-thumbnail","6":"product_cat-wholesale-cookware-sets","8":"first","9":"instock","10":"shipping-taxable","11":"product-type-simple"},"acf":[],"_links":{"self":[{"href":"https:\/\/www.chancescook.com\/fr\/wp-json\/wp\/v2\/product\/4261","targetHints":{"allow":["GET"]}}],"collection":[{"href":"https:\/\/www.chancescook.com\/fr\/wp-json\/wp\/v2\/product"}],"about":[{"href":"https:\/\/www.chancescook.com\/fr\/wp-json\/wp\/v2\/types\/product"}],"replies":[{"embeddable":true,"href":"https:\/\/www.chancescook.com\/fr\/wp-json\/wp\/v2\/comments?post=4261"}],"wp:featuredmedia":[{"embeddable":true,"href":"https:\/\/www.chancescook.com\/fr\/wp-json\/wp\/v2\/media\/4365"}],"wp:attachment":[{"href":"https:\/\/www.chancescook.com\/fr\/wp-json\/wp\/v2\/media?parent=4261"}],"wp:term":[{"taxonomy":"product_brand","embeddable":true,"href":"https:\/\/www.chancescook.com\/fr\/wp-json\/wp\/v2\/product_brand?post=4261"},{"taxonomy":"product_cat","embeddable":true,"href":"https:\/\/www.chancescook.com\/fr\/wp-json\/wp\/v2\/product_cat?post=4261"},{"taxonomy":"product_tag","embeddable":true,"href":"https:\/\/www.chancescook.com\/fr\/wp-json\/wp\/v2\/product_tag?post=4261"}],"curies":[{"name":"wp","href":"https:\/\/api.w.org\/{rel}","templated":true}]}}