{"id":4268,"date":"2024-10-14T10:42:40","date_gmt":"2024-10-14T10:42:40","guid":{"rendered":"https:\/\/www.chancescook.com\/?post_type=product&#038;p=4268"},"modified":"2024-10-14T10:42:42","modified_gmt":"2024-10-14T10:42:42","slug":"wholesale-7-piece-cookware-set","status":"publish","type":"product","link":"https:\/\/www.chancescook.com\/fr\/produit\/wholesale-7-piece-cookware-set\/","title":{"rendered":"Batterie de cuisine 7 pi\u00e8ces en acier inoxydable triple \u00e9paisseur pour la vente en gros de casseroles et po\u00eales de qualit\u00e9 alimentaire"},"content":{"rendered":"<div class=\"wp-block-columns is-layout-flex wp-container-core-columns-is-layout-9d6595d7 wp-block-columns-is-layout-flex\">\n<div class=\"wp-block-column is-layout-flow wp-block-column-is-layout-flow\">\n<h3 class=\"wp-block-heading\">Avantages de la batterie de cuisine 7 pi\u00e8ces sur mesure<\/h3>\n\n\n\n<ul class=\"wp-block-list\">\n<li><strong>Conception de la construction en trois couches<\/strong>\uff1a Construction en acier inoxydable triple, avec ajout d'un c\u0153ur en aluminium pour un chauffage uniforme, un chauffage rapide sans points chauds, et pour obtenir d'excellents r\u00e9sultats de cuisson.<\/li>\n\n\n\n<li><strong>Combinaison de 7 pi\u00e8ces<\/strong>: Cet ensemble de casseroles et de po\u00eales de diff\u00e9rentes tailles peut \u00eatre utilis\u00e9 pour faire bouillir, mijoter et sauter rapidement, entre autres m\u00e9thodes de cuisson, ce qui en fait votre partenaire id\u00e9al pour une utilisation diversifi\u00e9e \u00e0 la maison ou dans les cuisines professionnelles.<\/li>\n\n\n\n<li><strong>Acier inoxydable de qualit\u00e9 alimentaire<\/strong>: La batterie de cuisine 7 pi\u00e8ces est fabriqu\u00e9e en acier inoxydable de qualit\u00e9 alimentaire, s\u00fbr et non toxique, r\u00e9sistant \u00e0 la corrosion, pour une conservation plus saine des aliments et une plus grande s\u00e9curit\u00e9 pendant le processus de cuisson.<\/li>\n\n\n\n<li><strong>Solide et durable<\/strong>: La construction en acier inoxydable de haute qualit\u00e9 est r\u00e9sistante aux rayures et \u00e0 la d\u00e9formation, ce qui garantit une durabilit\u00e9 \u00e0 long terme et convient aux besoins quotidiens de cuisson \u00e0 haute fr\u00e9quence.<\/li>\n\n\n\n<li><strong>Poign\u00e9e ergonomique<\/strong>: Poign\u00e9e ergonomique pour un confort de prise en main et de man\u0153uvre pendant la cuisson ; elle est \u00e9galement isol\u00e9e thermiquement pour plus de s\u00e9curit\u00e9.<\/li>\n\n\n\n<li><strong>Gagner du temps et de l'\u00e9nergie<\/strong>: Gr\u00e2ce \u00e0 sa structure \u00e0 trois couches, la casserole est chauff\u00e9e rapidement et uniform\u00e9ment, ce qui permet de r\u00e9duire le temps de cuisson, d'\u00e9conomiser de l'\u00e9nergie et d'am\u00e9liorer l'efficacit\u00e9 dans la cuisine.<\/li>\n\n\n\n<li><strong>Passe au lave-vaisselle et au four<\/strong>: La batterie de cuisine 7 pi\u00e8ces est lavable au lave-vaisselle, pratique, ce qui permet de gagner beaucoup de temps, va au four pour la cuisson \u00e0 haute temp\u00e9rature avec une excellente r\u00e9sistance \u00e0 la chaleur, et permet de cuisiner avec une grande flexibilit\u00e9.<\/li>\n<\/ul>\n<\/div>\n\n\n\n<div class=\"wp-block-column is-layout-flow wp-block-column-is-layout-flow\">\n<figure class=\"wp-block-image size-full\"><img decoding=\"async\" width=\"720\" height=\"720\" src=\"https:\/\/www.chancescook.com\/wp-content\/uploads\/2024\/10\/Custom-7-Piece-Cookware-Set-Wholesale-4.webp\" alt=\"Batterie de cuisine 7 pi\u00e8ces personnalis\u00e9e Wholesale (4)\" class=\"wp-image-4272\" srcset=\"https:\/\/www.chancescook.com\/wp-content\/uploads\/2024\/10\/Custom-7-Piece-Cookware-Set-Wholesale-4.webp 720w, https:\/\/www.chancescook.com\/wp-content\/uploads\/2024\/10\/Custom-7-Piece-Cookware-Set-Wholesale-4-300x300.webp 300w, https:\/\/www.chancescook.com\/wp-content\/uploads\/2024\/10\/Custom-7-Piece-Cookware-Set-Wholesale-4-150x150.webp 150w, https:\/\/www.chancescook.com\/wp-content\/uploads\/2024\/10\/Custom-7-Piece-Cookware-Set-Wholesale-4-12x12.webp 12w, https:\/\/www.chancescook.com\/wp-content\/uploads\/2024\/10\/Custom-7-Piece-Cookware-Set-Wholesale-4-285x285.webp 285w, https:\/\/www.chancescook.com\/wp-content\/uploads\/2024\/10\/Custom-7-Piece-Cookware-Set-Wholesale-4-270x270.webp 270w, https:\/\/www.chancescook.com\/wp-content\/uploads\/2024\/10\/Custom-7-Piece-Cookware-Set-Wholesale-4-540x540.webp 540w, https:\/\/www.chancescook.com\/wp-content\/uploads\/2024\/10\/Custom-7-Piece-Cookware-Set-Wholesale-4-660x660.webp 660w\" sizes=\"(max-width: 720px) 100vw, 720px\" \/><\/figure>\n<\/div>\n<\/div>\n\n\n\n<div class=\"wp-block-columns is-layout-flex wp-container-core-columns-is-layout-9d6595d7 wp-block-columns-is-layout-flex\">\n<div class=\"wp-block-column is-layout-flow wp-block-column-is-layout-flow\"><\/div>\n\n\n\n<div class=\"wp-block-column is-layout-flow wp-block-column-is-layout-flow\"><\/div>\n<\/div>\n\n\n\n<p><\/p>","protected":false},"excerpt":{"rendered":"<p>Cette batterie de cuisine de gros 7 pi\u00e8ces est fabriqu\u00e9e en acier inoxydable triple \u00e9paisseur de qualit\u00e9 alimentaire, ce qui permet de gagner du temps et d'\u00e9conomiser de l'\u00e9nergie. Passant au lave-vaisselle et au four, c'est la solution parfaite pour les cuisines polyvalentes. Contactez-nous d\u00e8s aujourd'hui pour passer votre commande en gros !<\/p>\n<h3 class=\"wp-block-heading\">Sp\u00e9cifications de la batterie de cuisine 7 pi\u00e8ces<\/h3>\n<table border=\"0\" width=\"1088\" cellspacing=\"0\" cellpadding=\"0\">\n<tbody>\n<tr>\n<td width=\"400\" height=\"42\">Fabricant<\/td>\n<td width=\"688\">CHANCES<\/td>\n<\/tr>\n<tr>\n<td height=\"42\">Mat\u00e9riau<\/td>\n<td>Acier inoxydable 3 couches<\/td>\n<\/tr>\n<tr>\n<td height=\"42\">\u00c9paisseur<\/td>\n<td>2,3 mm<\/td>\n<\/tr>\n<tr>\n<td height=\"42\">Taille<\/td>\n<td width=\"688\">3QT\/2.0QT\/100Z\/10INCH<\/td>\n<\/tr>\n<tr>\n<td height=\"42\">Utilisation<\/td>\n<td>Cuisiner votre d\u00eener<\/td>\n<\/tr>\n<tr>\n<td height=\"42\">OEM&amp;ODM<\/td>\n<td>Sur mesure, Bienvenue OEM&amp;ODM<\/td>\n<\/tr>\n<tr>\n<td height=\"42\">Emballage :<\/td>\n<td>7pcs en set dans la bo\u00eete int\u00e9rieure<\/td>\n<\/tr>\n<tr>\n<td height=\"42\">\u00c9chantillon<\/td>\n<td>Gratuit.<\/td>\n<\/tr>\n<\/tbody>\n<\/table>","protected":false},"featured_media":4270,"comment_status":"closed","ping_status":"closed","template":"","meta":{"_acf_changed":false},"product_brand":[],"product_cat":[53],"product_tag":[],"class_list":{"0":"post-4268","1":"product","2":"type-product","3":"status-publish","4":"has-post-thumbnail","6":"product_cat-wholesale-cookware-sets","8":"first","9":"instock","10":"shipping-taxable","11":"product-type-simple"},"acf":[],"_links":{"self":[{"href":"https:\/\/www.chancescook.com\/fr\/wp-json\/wp\/v2\/product\/4268","targetHints":{"allow":["GET"]}}],"collection":[{"href":"https:\/\/www.chancescook.com\/fr\/wp-json\/wp\/v2\/product"}],"about":[{"href":"https:\/\/www.chancescook.com\/fr\/wp-json\/wp\/v2\/types\/product"}],"replies":[{"embeddable":true,"href":"https:\/\/www.chancescook.com\/fr\/wp-json\/wp\/v2\/comments?post=4268"}],"wp:featuredmedia":[{"embeddable":true,"href":"https:\/\/www.chancescook.com\/fr\/wp-json\/wp\/v2\/media\/4270"}],"wp:attachment":[{"href":"https:\/\/www.chancescook.com\/fr\/wp-json\/wp\/v2\/media?parent=4268"}],"wp:term":[{"taxonomy":"product_brand","embeddable":true,"href":"https:\/\/www.chancescook.com\/fr\/wp-json\/wp\/v2\/product_brand?post=4268"},{"taxonomy":"product_cat","embeddable":true,"href":"https:\/\/www.chancescook.com\/fr\/wp-json\/wp\/v2\/product_cat?post=4268"},{"taxonomy":"product_tag","embeddable":true,"href":"https:\/\/www.chancescook.com\/fr\/wp-json\/wp\/v2\/product_tag?post=4268"}],"curies":[{"name":"wp","href":"https:\/\/api.w.org\/{rel}","templated":true}]}}