{"id":4275,"date":"2024-10-14T18:27:52","date_gmt":"2024-10-14T18:27:52","guid":{"rendered":"https:\/\/www.chancescook.com\/?post_type=product&#038;p=4275"},"modified":"2025-12-21T14:23:37","modified_gmt":"2025-12-21T14:23:37","slug":"wholesale-gastronorm-pans","status":"publish","type":"product","link":"https:\/\/www.chancescook.com\/fr\/produit\/wholesale-gastronorm-pans\/","title":{"rendered":"Wholesale Gastronorm Pans Stainless Steel 304 GN Pans Multi-Size Containers with Lids (bacs GN en acier inoxydable 304 avec couvercles)"},"content":{"rendered":"<div class=\"wp-block-columns is-layout-flex wp-container-core-columns-is-layout-9d6595d7 wp-block-columns-is-layout-flex\">\n<div class=\"wp-block-column is-layout-flow wp-block-column-is-layout-flow\">\n<h3 class=\"wp-block-heading\">Avantages des bacs gastronormes en acier inoxydable<\/h3>\n\n\n\n<ul class=\"wp-block-list\">\n<li><strong>Mat\u00e9riau en acier inoxydable 304 de qualit\u00e9 alimentaire pour une excellente<\/strong>R\u00e9sistance \u00e0 la corrosion et \u00e0 l'oxydation, garantissant la s\u00e9curit\u00e9 pour une utilisation \u00e0 long terme et la conformit\u00e9 aux normes relatives au contact alimentaire.<\/li>\n\n\n\n<li><strong>Choix de plusieurs tailles<\/strong>: Proposer des plateaux GN Gastronorm de diff\u00e9rentes tailles pour r\u00e9pondre aux diff\u00e9rents besoins des services de restauration, des petits conteneurs aux grands entrep\u00f4ts, avec divers types de stockage d'ingr\u00e9dients et de cuisson.<\/li>\n\n\n\n<li><strong>Couvercle scell\u00e9<\/strong>: \u00c9quip\u00e9e d'un couvercle herm\u00e9tique en acier inoxydable, chaque barquette GN garantit la fra\u00eecheur des aliments et l'absence de fuite, tout en pr\u00e9servant la saveur et la qualit\u00e9 des ingr\u00e9dients, ce qui convient particuli\u00e8rement aux services de restauration et aux grandes cuisines.<\/li>\n\n\n\n<li><strong>Robuste et durable<\/strong>: La construction en acier inoxydable \u00e9pais est r\u00e9sistante aux rayures et durable. Il peut r\u00e9sister \u00e0 une utilisation fr\u00e9quente et \u00e0 une manipulation \u00e0 haute temp\u00e9rature ; il convient donc aux conditions d'activit\u00e9 intense dans les services de restauration.<\/li>\n\n\n\n<li><strong>Conception peu encombrante pour l'empilage<\/strong>: Les bacs GN sont con\u00e7us pour \u00eatre empil\u00e9s, ce qui permet de gagner de la place lors du stockage. Ainsi, il est facile de g\u00e9rer le nombre de pi\u00e8ces pour s'organiser efficacement dans la cuisine.<\/li>\n\n\n\n<li><strong>Nettoyage facile<\/strong>: La douceur de l'acier inoxydable emp\u00eache la formation de r\u00e9sidus alimentaires et il est facile \u00e0 nettoyer ; il permet donc de gagner du temps dans l'arri\u00e8re-cuisine car il peut \u00eatre lav\u00e9 au lave-vaisselle.<\/li>\n\n\n\n<li><strong>Il peut \u00eatre appliqu\u00e9 \u00e0 toutes sortes d'environnements culinaires<\/strong>Les produits peuvent \u00eatre congel\u00e9s, r\u00e9frig\u00e9r\u00e9s, cuits \u00e0 la vapeur, etc. Il a une large gamme d'utilisation et une application flexible dans les cuisines commerciales.<\/li>\n<\/ul>\n<\/div>\n\n\n\n<div class=\"wp-block-column is-layout-flow wp-block-column-is-layout-flow\">\n<figure class=\"wp-block-image size-full\"><img decoding=\"async\" width=\"720\" height=\"720\" src=\"https:\/\/www.chancescook.com\/wp-content\/uploads\/2024\/10\/Wholesale-Gastronorm-PansGN-Pans-6.webp\" alt=\"Grossiste Bacs Gastronorm,Bacs GN (6)\" class=\"wp-image-4281\" srcset=\"https:\/\/www.chancescook.com\/wp-content\/uploads\/2024\/10\/Wholesale-Gastronorm-PansGN-Pans-6.webp 720w, https:\/\/www.chancescook.com\/wp-content\/uploads\/2024\/10\/Wholesale-Gastronorm-PansGN-Pans-6-300x300.webp 300w, https:\/\/www.chancescook.com\/wp-content\/uploads\/2024\/10\/Wholesale-Gastronorm-PansGN-Pans-6-150x150.webp 150w, https:\/\/www.chancescook.com\/wp-content\/uploads\/2024\/10\/Wholesale-Gastronorm-PansGN-Pans-6-12x12.webp 12w, https:\/\/www.chancescook.com\/wp-content\/uploads\/2024\/10\/Wholesale-Gastronorm-PansGN-Pans-6-285x285.webp 285w, https:\/\/www.chancescook.com\/wp-content\/uploads\/2024\/10\/Wholesale-Gastronorm-PansGN-Pans-6-270x270.webp 270w, https:\/\/www.chancescook.com\/wp-content\/uploads\/2024\/10\/Wholesale-Gastronorm-PansGN-Pans-6-540x540.webp 540w, https:\/\/www.chancescook.com\/wp-content\/uploads\/2024\/10\/Wholesale-Gastronorm-PansGN-Pans-6-660x660.webp 660w\" sizes=\"(max-width: 720px) 100vw, 720px\" \/><\/figure>\n<\/div>\n<\/div>\n\n\n\n<p><\/p>","protected":false},"excerpt":{"rendered":"<p>Nos bacs gastronormes en acier inoxydable, ou bacs gn, sont durables et polyvalents pour les cuisines commerciales et les services de restauration. Elles sont id\u00e9ales pour les acheteurs B2B qui recherchent des solutions fiables et durables pour le stockage et la pr\u00e9paration des aliments.<\/p>\n<h3 class=\"wp-block-heading\">Sp\u00e9cifications des bacs gastronormes en acier inoxydable<\/h3>\n<table border=\"0\" width=\"1088\" cellspacing=\"0\" cellpadding=\"0\">\n<tbody>\n<tr>\n<td width=\"400\" height=\"42\">Fabricant<\/td>\n<td width=\"688\">CHANCES<\/td>\n<\/tr>\n<tr>\n<td height=\"42\">Mat\u00e9riau<\/td>\n<td>Acier inoxydable 304<\/td>\n<\/tr>\n<tr>\n<td height=\"42\">\u00c9paisseur<\/td>\n<td>1,0 mm<\/td>\n<\/tr>\n<tr>\n<td height=\"42\">Taille<\/td>\n<td width=\"688\">1\/1,1\/2, 1\/3, 1\/4, 1\/6, 1\/9 R\u00e9cipient gastronorme<\/td>\n<\/tr>\n<tr>\n<td height=\"42\">Hauteur<\/td>\n<td>2,4,6,5,10,15,20cm<\/td>\n<\/tr>\n<tr>\n<td height=\"42\">Couleur<\/td>\n<td>Acier inoxydable Couleur<\/td>\n<\/tr>\n<tr>\n<td height=\"42\">OEM&amp;ODM<\/td>\n<td>Sur mesure, Bienvenue OEM&amp;ODM<\/td>\n<\/tr>\n<tr>\n<td height=\"42\">Emballage :<\/td>\n<td>Couleur Bo\u00eete\/Carton Bo\u00eete<\/td>\n<\/tr>\n<tr>\n<td height=\"42\">\u00c9chantillon<\/td>\n<td>Gratuit.<\/td>\n<\/tr>\n<\/tbody>\n<\/table>","protected":false},"featured_media":4280,"comment_status":"closed","ping_status":"closed","template":"","meta":{"_acf_changed":false},"product_brand":[],"product_cat":[56],"product_tag":[],"class_list":{"0":"post-4275","1":"product","2":"type-product","3":"status-publish","4":"has-post-thumbnail","6":"product_cat-wholesale-kitchen-utensils","8":"first","9":"instock","10":"shipping-taxable","11":"product-type-simple"},"acf":[],"_links":{"self":[{"href":"https:\/\/www.chancescook.com\/fr\/wp-json\/wp\/v2\/product\/4275","targetHints":{"allow":["GET"]}}],"collection":[{"href":"https:\/\/www.chancescook.com\/fr\/wp-json\/wp\/v2\/product"}],"about":[{"href":"https:\/\/www.chancescook.com\/fr\/wp-json\/wp\/v2\/types\/product"}],"replies":[{"embeddable":true,"href":"https:\/\/www.chancescook.com\/fr\/wp-json\/wp\/v2\/comments?post=4275"}],"wp:featuredmedia":[{"embeddable":true,"href":"https:\/\/www.chancescook.com\/fr\/wp-json\/wp\/v2\/media\/4280"}],"wp:attachment":[{"href":"https:\/\/www.chancescook.com\/fr\/wp-json\/wp\/v2\/media?parent=4275"}],"wp:term":[{"taxonomy":"product_brand","embeddable":true,"href":"https:\/\/www.chancescook.com\/fr\/wp-json\/wp\/v2\/product_brand?post=4275"},{"taxonomy":"product_cat","embeddable":true,"href":"https:\/\/www.chancescook.com\/fr\/wp-json\/wp\/v2\/product_cat?post=4275"},{"taxonomy":"product_tag","embeddable":true,"href":"https:\/\/www.chancescook.com\/fr\/wp-json\/wp\/v2\/product_tag?post=4275"}],"curies":[{"name":"wp","href":"https:\/\/api.w.org\/{rel}","templated":true}]}}